{"id":17342,"date":"2024-07-31T18:37:09","date_gmt":"2024-07-31T15:37:09","guid":{"rendered":"https:\/\/elavtuli.ee\/?page_id=17342"},"modified":"2024-07-31T18:38:49","modified_gmt":"2024-07-31T15:38:49","slug":"meedia","status":"publish","type":"page","link":"https:\/\/elavtuli.ee\/en\/meedia\/","title":{"rendered":"Media"},"content":{"rendered":"\n<div class=\"flex flex-grow flex-col max-w-full\">\r\n<div class=\"min-h-[20px] text-message flex w-full flex-col items-end gap-2 whitespace-pre-wrap break-words [.text-message+&amp;]:mt-5 overflow-x-auto\" dir=\"auto\" data-message-author-role=\"assistant\" data-message-id=\"e71e89f8-e906-43c7-80fe-5dcc4a8f8cdf\">\r\n<div class=\"flex w-full flex-col gap-1 empty:hidden first:pt-[3px]\">\r\n<div class=\"markdown prose w-full break-words dark:prose-invert dark\">\r\n<h1>Media Coverage<\/h1>\r\n&nbsp;\r\n\r\n<\/div>\r\n<\/div>\r\n<\/div>\r\n<\/div>\r\n<strong><a title=\"Kus on soojust, seal ei ole alati suitsu\" href=\"https:\/\/interjoor.net.ee\/2023\/01\/05\/elav-tuli\/\" target=\"_blank\" rel=\"noopener noreferrer\">Interj\u00f6\u00f6r &#8211; Elav Tuli<\/a> 05.01.2023<\/strong>\r\n\r\n<strong><a title=\"Kus on soojust, seal ei ole alati suitsu\" href=\"https:\/\/moodnekodu.delfi.ee\/news\/sisustusjadisain\/kus-on-soojust-seal-ei-ole-alati-suitsu?id=84023996\" target=\"_blank\" rel=\"noopener noreferrer\">\u00d5htuleht &#8211; Kas teadsid, et igasse koju saab lihtsa vaevaga tuua elava tule maagia?<\/a> 08.12.2022<\/strong>\r\n\r\n<strong><a title=\"Kus on soojust, seal ei ole alati suitsu\" href=\"https:\/\/moodnekodu.delfi.ee\/news\/sisustusjadisain\/kus-on-soojust-seal-ei-ole-alati-suitsu?id=84023996\" target=\"_blank\" rel=\"noopener noreferrer\">Moodne Kodu &#8211;\u00a0Kus on soojust, seal ei ole alati suitsu<\/a>\u00a018.10.2017<\/strong>\r\n\r\n<strong><a title=\"Hinnatuim sisustusblogi Eestis - Miramii - J\u00f5ulusoojus\" href=\"https:\/\/miramii.com\/sisustus\/joulusoojus\/\" target=\"_blank\" rel=\"noopener noreferrer\">Hinnatuim sisustusblogi Eestis &#8211; Miramii &#8211; J\u00f5ulusoojus<\/a>\u00a020.12.2017<\/strong>\r\n\r\n<strong><a title=\"\u00c4rip\u00e4ev - Biokaminad koguvad populaarsust\" href=\"https:\/\/www.aripaev.ee\/erilehed-st\/2018\/07\/24\/biokaminad-koguvad-populaarsust\" target=\"_blank\" rel=\"noopener noreferrer\">\u00c4rip\u00e4ev &#8211;\u00a0Biokaminad koguvad populaarsust\u00a0<\/a>24.07.2018<\/strong>\r\n\r\n<strong><a title=\"Hinnatuim sisustusblogi Eestis - Miramii - J\u00f5ulutunne\" href=\"https:\/\/miramii.com\/lifestyle\/joulutunne\/\" target=\"_blank\" rel=\"noopener noreferrer\">Hinnatuim sisustusblogi Eestis &#8211; Miramii &#8211; J\u00f5ulutunne<\/a>\u00a007.12.2018<\/strong>\r\n<div class=\"flex flex-grow flex-col max-w-full\">\r\n<div class=\"min-h-[20px] text-message flex w-full flex-col items-end gap-2 whitespace-pre-wrap break-words [.text-message+&amp;]:mt-5 overflow-x-auto\" dir=\"auto\" data-message-author-role=\"assistant\" data-message-id=\"ff40e0b9-cd9f-4575-a8a4-9d855e3c962b\">\r\n<div class=\"flex w-full flex-col gap-1 empty:hidden first:pt-[3px]\">\r\n<div class=\"markdown prose w-full break-words dark:prose-invert dark\">\r\n\r\nThis page is continuously updated. For news, you can visit our Facebook and Instagram. If you want more information about Bio-Blaze\u00ae fireplaces, please send an email to <a rel=\"noreferrer\">info@elavtuli.ee<\/a><span style=\"font-size: revert; color: initial;\">\n<\/span>\r\n\r\n<\/div>\r\n<\/div>\r\n<\/div>\r\n<\/div>","protected":false},"excerpt":{"rendered":"<p>Media Coverage &nbsp; Interj\u00f6\u00f6r &#8211; Elav Tuli 05.01.2023 \u00d5htuleht &#8211; Kas teadsid, et igasse koju saab lihtsa vaevaga tuua elava tule maagia? 08.12.2022 Moodne Kodu &#8211;\u00a0Kus on soojust, seal ei ole alati suitsu\u00a018.10.2017 Hinnatuim sisustusblogi Eestis &#8211; Miramii &#8211; J\u00f5ulusoojus\u00a020.12.2017 \u00c4rip\u00e4ev &#8211;\u00a0Biokaminad koguvad populaarsust\u00a024.07.2018 Hinnatuim sisustusblogi Eestis &#8211; Miramii &#8211; J\u00f5ulutunne\u00a007.12.2018 This page is continuously [&hellip;]<\/p>\n","protected":false},"author":2,"featured_media":0,"parent":0,"menu_order":0,"comment_status":"closed","ping_status":"closed","template":"","meta":{"_acf_changed":false,"om_disable_all_campaigns":false,"_uf_show_specific_survey":0,"_uf_disable_surveys":false,"footnotes":""},"class_list":["post-17342","page","type-page","status-publish","hentry"],"acf":[],"yoast_head":"<!-- This site is optimized with the Yoast SEO plugin v27.2 - https:\/\/yoast.com\/product\/yoast-seo-wordpress\/ -->\n<title>Media \u2013 Elav Tuli<\/title>\n<meta name=\"robots\" content=\"index, follow, max-snippet:-1, max-image-preview:large, max-video-preview:-1\" \/>\n<link rel=\"canonical\" href=\"https:\/\/elavtuli.ee\/en\/meedia\/\" \/>\n<meta property=\"og:locale\" content=\"en_US\" \/>\n<meta property=\"og:type\" content=\"article\" \/>\n<meta property=\"og:title\" content=\"Media \u2013 Elav Tuli\" \/>\n<meta property=\"og:description\" content=\"Media Coverage &nbsp; Interj\u00f6\u00f6r &#8211; Elav Tuli 05.01.2023 \u00d5htuleht &#8211; Kas teadsid, et igasse koju saab lihtsa vaevaga tuua elava tule maagia? 08.12.2022 Moodne Kodu &#8211;\u00a0Kus on soojust, seal ei ole alati suitsu\u00a018.10.2017 Hinnatuim sisustusblogi Eestis &#8211; Miramii &#8211; J\u00f5ulusoojus\u00a020.12.2017 \u00c4rip\u00e4ev &#8211;\u00a0Biokaminad koguvad populaarsust\u00a024.07.2018 Hinnatuim sisustusblogi Eestis &#8211; Miramii &#8211; J\u00f5ulutunne\u00a007.12.2018 This page is continuously [&hellip;]\" \/>\n<meta property=\"og:url\" content=\"https:\/\/elavtuli.ee\/en\/meedia\/\" \/>\n<meta property=\"og:site_name\" content=\"Elav Tuli\" \/>\n<meta property=\"article:publisher\" content=\"https:\/\/www.facebook.com\/elavtuli\/\" \/>\n<meta property=\"article:modified_time\" content=\"2024-07-31T15:38:49+00:00\" \/>\n<meta property=\"og:image\" content=\"https:\/\/elavtuli.ee\/wp-content\/uploads\/2024\/05\/606536-DG-ASMUND-VALI-602381G2-GR-ASMUND-BIRK-G2-606563-DG-EJA-SILL-605923-DG-RIKVI-pic-2.jpg\" \/>\n\t<meta property=\"og:image:width\" content=\"1920\" \/>\n\t<meta property=\"og:image:height\" content=\"1280\" \/>\n\t<meta property=\"og:image:type\" content=\"image\/jpeg\" \/>\n<meta name=\"twitter:card\" content=\"summary_large_image\" \/>\n<script type=\"application\/ld+json\" class=\"yoast-schema-graph\">{\"@context\":\"https:\/\/schema.org\",\"@graph\":[{\"@type\":\"WebPage\",\"@id\":\"https:\/\/elavtuli.ee\/en\/meedia\/\",\"url\":\"https:\/\/elavtuli.ee\/en\/meedia\/\",\"name\":\"Media \u2013 Elav Tuli\",\"isPartOf\":{\"@id\":\"https:\/\/elavtuli.ee\/en\/#website\"},\"datePublished\":\"2024-07-31T15:37:09+00:00\",\"dateModified\":\"2024-07-31T15:38:49+00:00\",\"breadcrumb\":{\"@id\":\"https:\/\/elavtuli.ee\/en\/meedia\/#breadcrumb\"},\"inLanguage\":\"en-US\",\"potentialAction\":[{\"@type\":\"ReadAction\",\"target\":[\"https:\/\/elavtuli.ee\/en\/meedia\/\"]}]},{\"@type\":\"BreadcrumbList\",\"@id\":\"https:\/\/elavtuli.ee\/en\/meedia\/#breadcrumb\",\"itemListElement\":[{\"@type\":\"ListItem\",\"position\":1,\"name\":\"Avaleht\",\"item\":\"https:\/\/elavtuli.ee\/en\/\"},{\"@type\":\"ListItem\",\"position\":2,\"name\":\"Media\"}]},{\"@type\":\"WebSite\",\"@id\":\"https:\/\/elavtuli.ee\/en\/#website\",\"url\":\"https:\/\/elavtuli.ee\/en\/\",\"name\":\"Elav Tuli\",\"description\":\"Kvaliteetsed biokaminad Belgiast\",\"publisher\":{\"@id\":\"https:\/\/elavtuli.ee\/en\/#organization\"},\"alternateName\":\"elavtuli\",\"potentialAction\":[{\"@type\":\"SearchAction\",\"target\":{\"@type\":\"EntryPoint\",\"urlTemplate\":\"https:\/\/elavtuli.ee\/en\/?s={search_term_string}\"},\"query-input\":{\"@type\":\"PropertyValueSpecification\",\"valueRequired\":true,\"valueName\":\"search_term_string\"}}],\"inLanguage\":\"en-US\"},{\"@type\":\"Organization\",\"@id\":\"https:\/\/elavtuli.ee\/en\/#organization\",\"name\":\"Elav Tuli\",\"url\":\"https:\/\/elavtuli.ee\/en\/\",\"logo\":{\"@type\":\"ImageObject\",\"inLanguage\":\"en-US\",\"@id\":\"https:\/\/elavtuli.ee\/en\/#\/schema\/logo\/image\/\",\"url\":\"https:\/\/elavtuli.ee\/wp-content\/uploads\/2021\/03\/must_logo.png\",\"contentUrl\":\"https:\/\/elavtuli.ee\/wp-content\/uploads\/2021\/03\/must_logo.png\",\"width\":700,\"height\":700,\"caption\":\"Elav Tuli\"},\"image\":{\"@id\":\"https:\/\/elavtuli.ee\/en\/#\/schema\/logo\/image\/\"},\"sameAs\":[\"https:\/\/www.facebook.com\/elavtuli\/\",\"https:\/\/www.instagram.com\/elavtuli\/\"]}]}<\/script>\n<!-- \/ Yoast SEO plugin. -->","yoast_head_json":{"title":"Media \u2013 Elav Tuli","robots":{"index":"index","follow":"follow","max-snippet":"max-snippet:-1","max-image-preview":"max-image-preview:large","max-video-preview":"max-video-preview:-1"},"canonical":"https:\/\/elavtuli.ee\/en\/meedia\/","og_locale":"en_US","og_type":"article","og_title":"Media \u2013 Elav Tuli","og_description":"Media Coverage &nbsp; Interj\u00f6\u00f6r &#8211; Elav Tuli 05.01.2023 \u00d5htuleht &#8211; Kas teadsid, et igasse koju saab lihtsa vaevaga tuua elava tule maagia? 08.12.2022 Moodne Kodu &#8211;\u00a0Kus on soojust, seal ei ole alati suitsu\u00a018.10.2017 Hinnatuim sisustusblogi Eestis &#8211; Miramii &#8211; J\u00f5ulusoojus\u00a020.12.2017 \u00c4rip\u00e4ev &#8211;\u00a0Biokaminad koguvad populaarsust\u00a024.07.2018 Hinnatuim sisustusblogi Eestis &#8211; Miramii &#8211; J\u00f5ulutunne\u00a007.12.2018 This page is continuously [&hellip;]","og_url":"https:\/\/elavtuli.ee\/en\/meedia\/","og_site_name":"Elav Tuli","article_publisher":"https:\/\/www.facebook.com\/elavtuli\/","article_modified_time":"2024-07-31T15:38:49+00:00","og_image":[{"width":1920,"height":1280,"url":"https:\/\/elavtuli.ee\/wp-content\/uploads\/2024\/05\/606536-DG-ASMUND-VALI-602381G2-GR-ASMUND-BIRK-G2-606563-DG-EJA-SILL-605923-DG-RIKVI-pic-2.jpg","type":"image\/jpeg"}],"twitter_card":"summary_large_image","schema":{"@context":"https:\/\/schema.org","@graph":[{"@type":"WebPage","@id":"https:\/\/elavtuli.ee\/en\/meedia\/","url":"https:\/\/elavtuli.ee\/en\/meedia\/","name":"Media \u2013 Elav Tuli","isPartOf":{"@id":"https:\/\/elavtuli.ee\/en\/#website"},"datePublished":"2024-07-31T15:37:09+00:00","dateModified":"2024-07-31T15:38:49+00:00","breadcrumb":{"@id":"https:\/\/elavtuli.ee\/en\/meedia\/#breadcrumb"},"inLanguage":"en-US","potentialAction":[{"@type":"ReadAction","target":["https:\/\/elavtuli.ee\/en\/meedia\/"]}]},{"@type":"BreadcrumbList","@id":"https:\/\/elavtuli.ee\/en\/meedia\/#breadcrumb","itemListElement":[{"@type":"ListItem","position":1,"name":"Avaleht","item":"https:\/\/elavtuli.ee\/en\/"},{"@type":"ListItem","position":2,"name":"Media"}]},{"@type":"WebSite","@id":"https:\/\/elavtuli.ee\/en\/#website","url":"https:\/\/elavtuli.ee\/en\/","name":"Elav Tuli","description":"Kvaliteetsed biokaminad Belgiast","publisher":{"@id":"https:\/\/elavtuli.ee\/en\/#organization"},"alternateName":"elavtuli","potentialAction":[{"@type":"SearchAction","target":{"@type":"EntryPoint","urlTemplate":"https:\/\/elavtuli.ee\/en\/?s={search_term_string}"},"query-input":{"@type":"PropertyValueSpecification","valueRequired":true,"valueName":"search_term_string"}}],"inLanguage":"en-US"},{"@type":"Organization","@id":"https:\/\/elavtuli.ee\/en\/#organization","name":"Elav Tuli","url":"https:\/\/elavtuli.ee\/en\/","logo":{"@type":"ImageObject","inLanguage":"en-US","@id":"https:\/\/elavtuli.ee\/en\/#\/schema\/logo\/image\/","url":"https:\/\/elavtuli.ee\/wp-content\/uploads\/2021\/03\/must_logo.png","contentUrl":"https:\/\/elavtuli.ee\/wp-content\/uploads\/2021\/03\/must_logo.png","width":700,"height":700,"caption":"Elav Tuli"},"image":{"@id":"https:\/\/elavtuli.ee\/en\/#\/schema\/logo\/image\/"},"sameAs":["https:\/\/www.facebook.com\/elavtuli\/","https:\/\/www.instagram.com\/elavtuli\/"]}]}},"_links":{"self":[{"href":"https:\/\/elavtuli.ee\/en\/wp-json\/wp\/v2\/pages\/17342","targetHints":{"allow":["GET"]}}],"collection":[{"href":"https:\/\/elavtuli.ee\/en\/wp-json\/wp\/v2\/pages"}],"about":[{"href":"https:\/\/elavtuli.ee\/en\/wp-json\/wp\/v2\/types\/page"}],"author":[{"embeddable":true,"href":"https:\/\/elavtuli.ee\/en\/wp-json\/wp\/v2\/users\/2"}],"replies":[{"embeddable":true,"href":"https:\/\/elavtuli.ee\/en\/wp-json\/wp\/v2\/comments?post=17342"}],"version-history":[{"count":0,"href":"https:\/\/elavtuli.ee\/en\/wp-json\/wp\/v2\/pages\/17342\/revisions"}],"wp:attachment":[{"href":"https:\/\/elavtuli.ee\/en\/wp-json\/wp\/v2\/media?parent=17342"}],"curies":[{"name":"wp","href":"https:\/\/api.w.org\/{rel}","templated":true}]}}