{"id":17529,"date":"2024-05-17T19:12:08","date_gmt":"2024-05-17T16:12:08","guid":{"rendered":"https:\/\/elavtuli.ee\/shop\/uncategorized\/hunting-trousers-northern-hunting-hakan-halden\/"},"modified":"2024-08-05T13:12:17","modified_gmt":"2024-08-05T10:12:17","slug":"hunting-trousers-northern-hunting-hakan-halden","status":"publish","type":"product","link":"https:\/\/elavtuli.ee\/en\/shop\/hunting-hiking-clothes\/men\/trousers\/hunting-trousers-northern-hunting-hakan-halden\/","title":{"rendered":"Hunting Trousers Northern Hunting &#8220;Hakan Halden&#8221;"},"content":{"rendered":"<p>\u201cHakan Halden\u201d hunting pants for hiking, hunting, or other outdoor activities. Ideal for year-round hunting or hiking! The &#8220;Hakan Halden&#8221; hunting pants are made using the ADDVENTEX\u00ae ECO 10.20 membrane, which makes them water- and windproof. The pants are treated with RUDOLF BIONIC FINISH\u00ae ECO on the outside. \u201cHakan Halden\u201d pants are especially quiet, comfortable, and durable. Ideal pants for both hunting and other active activities in nature. The 9 pockets in the pants ensure that all necessary gear can be carried in an organized manner. In addition, the pants feature an elastic waistband, a zipper at the leg, a hanging loop for attaching equipment to the pants, two zippered ventilation openings, and an adjustable leg section. The OEKO-TEX\u00ae STANDARD 100 certification ensures that the product and its materials have been checked and tested for harmful substances, making the product completely safe for human health. The certificate is issued by the independent OEKO-TEX\u00ae institute. The ADDVENTEX\u2122 ECO 10.20 licensed membrane has a water resistance of 10,000 mm per square meter and a breathability of 20,000 g per square meter per day.            Especially the breathability excels which make the membrane highly functional under high intensity and extreme weather. ADDVENTEX makes the climate superuous. Minimum 75% recycled membrane, with minimal ecological footprint. All Northern Hunting hunting and hiking clothes come with a five-year manufacturer&#8217;s warranty! <strong>Materials:<\/strong><\/p>\n<ul>\n<li>45% Cotton<\/li>\n<li>35% Polyester<\/li>\n<li>20% Nylon W+PU<\/li>\n<\/ul>\n<p><strong>Functions:<\/strong><\/p>\n<ul>\n<li>Breathable<\/li>\n<li>Windproof<\/li>\n<li>Veekindel<\/li>\n<li>Ventilated<\/li>\n<li>Recycled material<\/li>\n<li>Oeko-Tex 100<\/li>\n<li>PFC-free DWR<\/li>\n<\/ul>\n<p>The keywords for <a href=\"http:\/\/www.northernhunting.com\">Northern Hunting&#8217;<\/a>s hunting and hiking clothes are: <\/p>\n<ul>\n<li><strong>Functionality. <\/strong> Northern Hunting focuses on continually improving the functional features of their product collection to meet the expectations and needs of hunters and hikers to the maximum extent.<\/li>\n<li><strong>Innovativeness<\/strong>. In the hunting and hiking clothing market, innovativeness primarily means creative design solutions and top-tier materials, which Northern Hunting skillfully combines to create a flawless whole.<\/li>\n<li><strong>Durabiliy<\/strong>. Both hikers and hunters often face extreme weather conditions and environments when stepping outside. Therefore, the company pays great attention to the durability of its functional and innovative hunting and camping clothes. To affirm this, Northern Hunting offers a <strong>5-year warranty <\/strong>on all its products.<\/li>\n<li><strong>Affordability<\/strong>. The creators of Northern Hunting&#8217;s hunting and hiking clothes design their products for the forest and trail, not for exclusive boutique displays. Therefore, they pay great attention to the price-quality ratio of materials to make their products accessible to every hiker and hunter.<\/li>\n<li><strong>Perfection pursuit.<\/strong> Northern Hunting has always strived to create uncompromisingly high-quality hunting and hiking clothes. To achieve this goal, they are very grateful for any feedback that helps improve their products. As the importer of Northern Hunting hunting and hiking clothing, ELAV TULI welcomes suggestions for product improvements with gratitude and pleasure at the phone number &#8230; and email address &#8230; . Call, <a href=\"https:\/\/elavtuli.ee\/kontakt\/\">write<\/a>, criticize, or pat on the back \u2013 no reasonable suggestion will go unnoticed.<\/li>\n<\/ul>\n","protected":false},"excerpt":{"rendered":"<p>\u201cHakan Halden\u201d hunting pants for hiking, hunting, or other outdoor activities. Ideal for year-round hunting or hiking! <\/p>\n","protected":false},"featured_media":12131,"comment_status":"closed","ping_status":"closed","template":"","meta":{"_acf_changed":false,"om_disable_all_campaigns":false,"_uf_show_specific_survey":0,"_uf_disable_surveys":false},"product_brand":[],"product_cat":[802,808],"product_tag":[847,848,844,849,856],"woo-feed-brand":[],"class_list":{"0":"post-17529","1":"product","2":"type-product","3":"status-publish","4":"has-post-thumbnail","6":"product_cat-hunting-hiking-clothes","7":"product_cat-trousers","8":"product_tag-jahipuksid","9":"product_tag-jahiriided","10":"product_tag-matkapuksid","11":"product_tag-matkariided","12":"product_tag-northern-hunting","14":"first","15":"onbackorder","16":"featured","17":"taxable","18":"shipping-taxable","19":"purchasable","20":"product-type-variable","21":"has-default-attributes"},"acf":[],"yoast_head":"<!-- This site is optimized with the Yoast SEO plugin v27.2 - https:\/\/yoast.com\/product\/yoast-seo-wordpress\/ -->\n<title>Hunting Trousers Northern Hunting &quot;Hakan Halden&quot; \u2013 Elav Tuli<\/title>\n<meta name=\"description\" content=\"\u201dHakan Halden\u201d jahip\u00fcksid matkamiseks, jahipidamiseks v\u00f5i muudeks v\u00e4litegevusteks.\u00a0Ideaalsed aastaringseks jahipidamiseks v\u00f5i matkamiseks!\" \/>\n<meta name=\"robots\" content=\"index, follow, max-snippet:-1, max-image-preview:large, max-video-preview:-1\" \/>\n<link rel=\"canonical\" href=\"https:\/\/elavtuli.ee\/en\/shop\/hunting-hiking-clothes\/men\/trousers\/hunting-trousers-northern-hunting-hakan-halden\/\" \/>\n<meta property=\"og:locale\" content=\"en_US\" \/>\n<meta property=\"og:type\" content=\"article\" \/>\n<meta property=\"og:title\" content=\"Hunting Trousers Northern Hunting &quot;Hakan Halden&quot; \u2013 Elav Tuli\" \/>\n<meta property=\"og:description\" content=\"\u201cHakan Halden\u201d hunting pants for hiking, hunting, or other outdoor activities. Ideal for year-round hunting or hiking!\" \/>\n<meta property=\"og:url\" content=\"https:\/\/elavtuli.ee\/en\/shop\/hunting-hiking-clothes\/men\/trousers\/hunting-trousers-northern-hunting-hakan-halden\/\" \/>\n<meta property=\"og:site_name\" content=\"Elav Tuli\" \/>\n<meta property=\"article:publisher\" content=\"https:\/\/www.facebook.com\/elavtuli\/\" \/>\n<meta property=\"article:modified_time\" content=\"2024-08-05T10:12:17+00:00\" \/>\n<meta property=\"og:image\" content=\"https:\/\/elavtuli.ee\/wp-content\/uploads\/2024\/05\/Hakan_halden_front.webp\" \/>\n\t<meta property=\"og:image:width\" content=\"1000\" \/>\n\t<meta property=\"og:image:height\" content=\"1000\" \/>\n\t<meta property=\"og:image:type\" content=\"image\/webp\" \/>\n<meta name=\"twitter:card\" content=\"summary_large_image\" \/>\n<meta name=\"twitter:label1\" content=\"Est. reading time\" \/>\n\t<meta name=\"twitter:data1\" content=\"2 minutes\" \/>\n<script type=\"application\/ld+json\" class=\"yoast-schema-graph\">{\"@context\":\"https:\/\/schema.org\",\"@graph\":[{\"@type\":\"WebPage\",\"@id\":\"https:\/\/elavtuli.ee\/en\/shop\/hunting-hiking-clothes\/men\/trousers\/hunting-trousers-northern-hunting-hakan-halden\/\",\"url\":\"https:\/\/elavtuli.ee\/en\/shop\/hunting-hiking-clothes\/men\/trousers\/hunting-trousers-northern-hunting-hakan-halden\/\",\"name\":\"Hunting Trousers Northern Hunting \\\"Hakan Halden\\\" \u2013 Elav Tuli\",\"isPartOf\":{\"@id\":\"https:\/\/elavtuli.ee\/en\/#website\"},\"primaryImageOfPage\":{\"@id\":\"https:\/\/elavtuli.ee\/en\/shop\/hunting-hiking-clothes\/men\/trousers\/hunting-trousers-northern-hunting-hakan-halden\/#primaryimage\"},\"image\":{\"@id\":\"https:\/\/elavtuli.ee\/en\/shop\/hunting-hiking-clothes\/men\/trousers\/hunting-trousers-northern-hunting-hakan-halden\/#primaryimage\"},\"thumbnailUrl\":\"https:\/\/elavtuli.ee\/wp-content\/uploads\/2024\/05\/Hakan_halden_front.webp\",\"datePublished\":\"2024-05-17T16:12:08+00:00\",\"dateModified\":\"2024-08-05T10:12:17+00:00\",\"description\":\"\u201cHakan Halden\u201d hunting pants for hiking, hunting, or other outdoor activities. Ideal for year-round hunting or hiking!\",\"breadcrumb\":{\"@id\":\"https:\/\/elavtuli.ee\/en\/shop\/hunting-hiking-clothes\/men\/trousers\/hunting-trousers-northern-hunting-hakan-halden\/#breadcrumb\"},\"inLanguage\":\"en-US\",\"potentialAction\":[{\"@type\":\"ReadAction\",\"target\":[\"https:\/\/elavtuli.ee\/en\/shop\/hunting-hiking-clothes\/men\/trousers\/hunting-trousers-northern-hunting-hakan-halden\/\"]}]},{\"@type\":\"ImageObject\",\"inLanguage\":\"en-US\",\"@id\":\"https:\/\/elavtuli.ee\/en\/shop\/hunting-hiking-clothes\/men\/trousers\/hunting-trousers-northern-hunting-hakan-halden\/#primaryimage\",\"url\":\"https:\/\/elavtuli.ee\/wp-content\/uploads\/2024\/05\/Hakan_halden_front.webp\",\"contentUrl\":\"https:\/\/elavtuli.ee\/wp-content\/uploads\/2024\/05\/Hakan_halden_front.webp\",\"width\":1000,\"height\":1000,\"caption\":\"Hakan halden front\"},{\"@type\":\"BreadcrumbList\",\"@id\":\"https:\/\/elavtuli.ee\/en\/shop\/hunting-hiking-clothes\/men\/trousers\/hunting-trousers-northern-hunting-hakan-halden\/#breadcrumb\",\"itemListElement\":[{\"@type\":\"ListItem\",\"position\":1,\"name\":\"Avaleht\",\"item\":\"https:\/\/elavtuli.ee\/en\/\"},{\"@type\":\"ListItem\",\"position\":2,\"name\":\"E-shop\",\"item\":\"https:\/\/elavtuli.ee\/en\/shop\/\"},{\"@type\":\"ListItem\",\"position\":3,\"name\":\"Hunting Trousers Northern Hunting &#8220;Hakan Halden&#8221;\"}]},{\"@type\":\"WebSite\",\"@id\":\"https:\/\/elavtuli.ee\/en\/#website\",\"url\":\"https:\/\/elavtuli.ee\/en\/\",\"name\":\"Elav Tuli\",\"description\":\"Kvaliteetsed biokaminad Belgiast\",\"publisher\":{\"@id\":\"https:\/\/elavtuli.ee\/en\/#organization\"},\"alternateName\":\"elavtuli\",\"potentialAction\":[{\"@type\":\"SearchAction\",\"target\":{\"@type\":\"EntryPoint\",\"urlTemplate\":\"https:\/\/elavtuli.ee\/en\/?s={search_term_string}\"},\"query-input\":{\"@type\":\"PropertyValueSpecification\",\"valueRequired\":true,\"valueName\":\"search_term_string\"}}],\"inLanguage\":\"en-US\"},{\"@type\":\"Organization\",\"@id\":\"https:\/\/elavtuli.ee\/en\/#organization\",\"name\":\"Elav Tuli\",\"url\":\"https:\/\/elavtuli.ee\/en\/\",\"logo\":{\"@type\":\"ImageObject\",\"inLanguage\":\"en-US\",\"@id\":\"https:\/\/elavtuli.ee\/en\/#\/schema\/logo\/image\/\",\"url\":\"https:\/\/elavtuli.ee\/wp-content\/uploads\/2021\/03\/must_logo.png\",\"contentUrl\":\"https:\/\/elavtuli.ee\/wp-content\/uploads\/2021\/03\/must_logo.png\",\"width\":700,\"height\":700,\"caption\":\"Elav Tuli\"},\"image\":{\"@id\":\"https:\/\/elavtuli.ee\/en\/#\/schema\/logo\/image\/\"},\"sameAs\":[\"https:\/\/www.facebook.com\/elavtuli\/\",\"https:\/\/www.instagram.com\/elavtuli\/\"]}]}<\/script>\n<!-- \/ Yoast SEO plugin. -->","yoast_head_json":{"title":"Hunting Trousers Northern Hunting \"Hakan Halden\" \u2013 Elav Tuli","description":"\u201dHakan Halden\u201d jahip\u00fcksid matkamiseks, jahipidamiseks v\u00f5i muudeks v\u00e4litegevusteks.\u00a0Ideaalsed aastaringseks jahipidamiseks v\u00f5i matkamiseks!","robots":{"index":"index","follow":"follow","max-snippet":"max-snippet:-1","max-image-preview":"max-image-preview:large","max-video-preview":"max-video-preview:-1"},"canonical":"https:\/\/elavtuli.ee\/en\/shop\/hunting-hiking-clothes\/men\/trousers\/hunting-trousers-northern-hunting-hakan-halden\/","og_locale":"en_US","og_type":"article","og_title":"Hunting Trousers Northern Hunting \"Hakan Halden\" \u2013 Elav Tuli","og_description":"\u201cHakan Halden\u201d hunting pants for hiking, hunting, or other outdoor activities. Ideal for year-round hunting or hiking!","og_url":"https:\/\/elavtuli.ee\/en\/shop\/hunting-hiking-clothes\/men\/trousers\/hunting-trousers-northern-hunting-hakan-halden\/","og_site_name":"Elav Tuli","article_publisher":"https:\/\/www.facebook.com\/elavtuli\/","article_modified_time":"2024-08-05T10:12:17+00:00","og_image":[{"width":1000,"height":1000,"url":"https:\/\/elavtuli.ee\/wp-content\/uploads\/2024\/05\/Hakan_halden_front.webp","type":"image\/webp"}],"twitter_card":"summary_large_image","twitter_misc":{"Est. reading time":"2 minutes"},"schema":{"@context":"https:\/\/schema.org","@graph":[{"@type":"WebPage","@id":"https:\/\/elavtuli.ee\/en\/shop\/hunting-hiking-clothes\/men\/trousers\/hunting-trousers-northern-hunting-hakan-halden\/","url":"https:\/\/elavtuli.ee\/en\/shop\/hunting-hiking-clothes\/men\/trousers\/hunting-trousers-northern-hunting-hakan-halden\/","name":"Hunting Trousers Northern Hunting \"Hakan Halden\" \u2013 Elav Tuli","isPartOf":{"@id":"https:\/\/elavtuli.ee\/en\/#website"},"primaryImageOfPage":{"@id":"https:\/\/elavtuli.ee\/en\/shop\/hunting-hiking-clothes\/men\/trousers\/hunting-trousers-northern-hunting-hakan-halden\/#primaryimage"},"image":{"@id":"https:\/\/elavtuli.ee\/en\/shop\/hunting-hiking-clothes\/men\/trousers\/hunting-trousers-northern-hunting-hakan-halden\/#primaryimage"},"thumbnailUrl":"https:\/\/elavtuli.ee\/wp-content\/uploads\/2024\/05\/Hakan_halden_front.webp","datePublished":"2024-05-17T16:12:08+00:00","dateModified":"2024-08-05T10:12:17+00:00","description":"\u201cHakan Halden\u201d hunting pants for hiking, hunting, or other outdoor activities. Ideal for year-round hunting or hiking!","breadcrumb":{"@id":"https:\/\/elavtuli.ee\/en\/shop\/hunting-hiking-clothes\/men\/trousers\/hunting-trousers-northern-hunting-hakan-halden\/#breadcrumb"},"inLanguage":"en-US","potentialAction":[{"@type":"ReadAction","target":["https:\/\/elavtuli.ee\/en\/shop\/hunting-hiking-clothes\/men\/trousers\/hunting-trousers-northern-hunting-hakan-halden\/"]}]},{"@type":"ImageObject","inLanguage":"en-US","@id":"https:\/\/elavtuli.ee\/en\/shop\/hunting-hiking-clothes\/men\/trousers\/hunting-trousers-northern-hunting-hakan-halden\/#primaryimage","url":"https:\/\/elavtuli.ee\/wp-content\/uploads\/2024\/05\/Hakan_halden_front.webp","contentUrl":"https:\/\/elavtuli.ee\/wp-content\/uploads\/2024\/05\/Hakan_halden_front.webp","width":1000,"height":1000,"caption":"Hakan halden front"},{"@type":"BreadcrumbList","@id":"https:\/\/elavtuli.ee\/en\/shop\/hunting-hiking-clothes\/men\/trousers\/hunting-trousers-northern-hunting-hakan-halden\/#breadcrumb","itemListElement":[{"@type":"ListItem","position":1,"name":"Avaleht","item":"https:\/\/elavtuli.ee\/en\/"},{"@type":"ListItem","position":2,"name":"E-shop","item":"https:\/\/elavtuli.ee\/en\/shop\/"},{"@type":"ListItem","position":3,"name":"Hunting Trousers Northern Hunting &#8220;Hakan Halden&#8221;"}]},{"@type":"WebSite","@id":"https:\/\/elavtuli.ee\/en\/#website","url":"https:\/\/elavtuli.ee\/en\/","name":"Elav Tuli","description":"Kvaliteetsed biokaminad Belgiast","publisher":{"@id":"https:\/\/elavtuli.ee\/en\/#organization"},"alternateName":"elavtuli","potentialAction":[{"@type":"SearchAction","target":{"@type":"EntryPoint","urlTemplate":"https:\/\/elavtuli.ee\/en\/?s={search_term_string}"},"query-input":{"@type":"PropertyValueSpecification","valueRequired":true,"valueName":"search_term_string"}}],"inLanguage":"en-US"},{"@type":"Organization","@id":"https:\/\/elavtuli.ee\/en\/#organization","name":"Elav Tuli","url":"https:\/\/elavtuli.ee\/en\/","logo":{"@type":"ImageObject","inLanguage":"en-US","@id":"https:\/\/elavtuli.ee\/en\/#\/schema\/logo\/image\/","url":"https:\/\/elavtuli.ee\/wp-content\/uploads\/2021\/03\/must_logo.png","contentUrl":"https:\/\/elavtuli.ee\/wp-content\/uploads\/2021\/03\/must_logo.png","width":700,"height":700,"caption":"Elav Tuli"},"image":{"@id":"https:\/\/elavtuli.ee\/en\/#\/schema\/logo\/image\/"},"sameAs":["https:\/\/www.facebook.com\/elavtuli\/","https:\/\/www.instagram.com\/elavtuli\/"]}]}},"_links":{"self":[{"href":"https:\/\/elavtuli.ee\/en\/wp-json\/wp\/v2\/product\/17529","targetHints":{"allow":["GET"]}}],"collection":[{"href":"https:\/\/elavtuli.ee\/en\/wp-json\/wp\/v2\/product"}],"about":[{"href":"https:\/\/elavtuli.ee\/en\/wp-json\/wp\/v2\/types\/product"}],"replies":[{"embeddable":true,"href":"https:\/\/elavtuli.ee\/en\/wp-json\/wp\/v2\/comments?post=17529"}],"wp:featuredmedia":[{"embeddable":true,"href":"https:\/\/elavtuli.ee\/en\/wp-json\/wp\/v2\/media\/12131"}],"wp:attachment":[{"href":"https:\/\/elavtuli.ee\/en\/wp-json\/wp\/v2\/media?parent=17529"}],"wp:term":[{"taxonomy":"product_brand","embeddable":true,"href":"https:\/\/elavtuli.ee\/en\/wp-json\/wp\/v2\/product_brand?post=17529"},{"taxonomy":"product_cat","embeddable":true,"href":"https:\/\/elavtuli.ee\/en\/wp-json\/wp\/v2\/product_cat?post=17529"},{"taxonomy":"product_tag","embeddable":true,"href":"https:\/\/elavtuli.ee\/en\/wp-json\/wp\/v2\/product_tag?post=17529"},{"taxonomy":"woo-feed-brand","embeddable":true,"href":"https:\/\/elavtuli.ee\/en\/wp-json\/wp\/v2\/woo-feed-brand?post=17529"}],"curies":[{"name":"wp","href":"https:\/\/api.w.org\/{rel}","templated":true}]}}