{"id":17582,"date":"2024-05-17T16:29:38","date_gmt":"2024-05-17T13:29:38","guid":{"rendered":"https:\/\/elavtuli.ee\/shop\/uncategorized\/hunting-pants-northern-hunting-torg-reifor-opt9\/"},"modified":"2024-08-05T13:44:56","modified_gmt":"2024-08-05T10:44:56","slug":"hunting-pants-northern-hunting-torg-reifor-opt9","status":"publish","type":"product","link":"https:\/\/elavtuli.ee\/en\/shop\/hunting-hiking-clothes\/men\/camoflage\/hunting-pants-northern-hunting-torg-reifor-opt9\/","title":{"rendered":"Hunting Pants Northern Hunting &#8220;Torg Reifor Opt9&#8221;"},"content":{"rendered":"<p>&#8220;Torg Reifor Opt9&#8221; hunting pants for hiking, hunting, or other outdoor activities. Ideal for stalking in spring and summer. The &#8220;Torg Reifor Opt9&#8221; hunting pants are made from a durable and lightweight material, allowing for comfortable and effortless use in nature. Some parts of the pants use the ADDVENTEX ECO 10.20\u2122 waterproof membrane, while other areas feature extremely quiet and breathable fabric without a membrane. Both materials are strategically placed in the pants to result in extremely functional and comfortable pants. The waterproof fabric is on the front of the pants from the bottom to above the knee and on the parts at the back that are in contact with surfaces when sitting. The pants have reinforced seams, zippered ventilation openings at the thighs, many pockets, and an adjustable leg section. The licensed ADDVENTEX\u2122 ECO 10.20 membrane has a water resistance of 10,000 mm per square meter and a breathability of 20,000 g per square meter per day.      Especially the breathability excels which make the membrane highly functional under high intensity and extreme weather. ADDVENTEX makes the climate superuous. Minimum 75% recycled membrane, with minimal ecological footprint. The licenced TECL-WOOD\u2122 OPTIMA 9 camouflage is developed to make you disappear in the Mid and North European forests and the arable land during the spring and summer. The digital pattern blurs the human silhouette to make you invisible towards the game as their vision is based on shadows. All Northern Hunting hunting and hiking clothes come with a five-year manufacturer&#8217;s warranty! <strong>Material:<\/strong><\/p>\n<ul>\n<li>100% Polyester<\/li>\n<\/ul>\n<p><strong>Functions:<\/strong><\/p>\n<ul>\n<li>Breathable<\/li>\n<li>Ventilated<\/li>\n<li>Partially water- and windproof<\/li>\n<li>Quiet<\/li>\n<\/ul>\n<p>The keywords for <a href=\"http:\/\/www.northernhunting.com\">Northern Hunting&#8217;<\/a>s hunting and hiking clothes are: <\/p>\n<ul>\n<li><strong>Functionality. <\/strong> Northern Hunting focuses on continually improving the functional features of their product collection to meet the expectations and needs of hunters and hikers to the maximum extent.<\/li>\n<li><strong>Innovativeness<\/strong>. In the hunting and hiking clothing market, innovativeness primarily means creative design solutions and top-tier materials, which Northern Hunting skillfully combines to create a flawless whole.<\/li>\n<li><strong>Durabiliy<\/strong>. Both hikers and hunters often face extreme weather conditions and environments when stepping outside. Therefore, the company pays great attention to the durability of its functional and innovative hunting and camping clothes. To affirm this, Northern Hunting offers a <strong>5-year warranty <\/strong>on all its products.<\/li>\n<li><strong>Affordability<\/strong>. The creators of Northern Hunting&#8217;s hunting and hiking clothes design their products for the forest and trail, not for exclusive boutique displays. Therefore, they pay great attention to the price-quality ratio of materials to make their products accessible to every hiker and hunter.<\/li>\n<li><strong>Perfection pursuit.<\/strong> Northern Hunting has always strived to create uncompromisingly high-quality hunting and hiking clothes. To achieve this goal, they are very grateful for any feedback that helps improve their products. As the importer of Northern Hunting hunting and hiking clothing, ELAV TULI welcomes suggestions for product improvements with gratitude and pleasure at the phone number &#8230; and email address &#8230; . Call, <a href=\"https:\/\/elavtuli.ee\/kontakt\/\">write<\/a>, criticize, or pat on the back \u2013 no reasonable suggestion will go unnoticed.<\/li>\n<\/ul>\n","protected":false},"excerpt":{"rendered":"<p>&#8220;Torg Reifor Opt9&#8221; hunting pants for hiking, hunting, or other outdoor activities. Ideal for stalking in spring and summer.<\/p>\n","protected":false},"featured_media":11967,"comment_status":"closed","ping_status":"closed","template":"","meta":{"_acf_changed":false,"om_disable_all_campaigns":false,"_uf_show_specific_survey":0,"_uf_disable_surveys":false},"product_brand":[],"product_cat":[803,802,808],"product_tag":[847,848,844,849,856],"woo-feed-brand":[],"class_list":{"0":"post-17582","1":"product","2":"type-product","3":"status-publish","4":"has-post-thumbnail","6":"product_cat-camoflage","7":"product_cat-hunting-hiking-clothes","8":"product_cat-trousers","9":"product_tag-jahipuksid","10":"product_tag-jahiriided","11":"product_tag-matkapuksid","12":"product_tag-matkariided","13":"product_tag-northern-hunting","15":"first","16":"onbackorder","17":"taxable","18":"shipping-taxable","19":"purchasable","20":"product-type-variable","21":"has-default-attributes"},"acf":[],"yoast_head":"<!-- This site is optimized with the Yoast SEO plugin v27.2 - https:\/\/yoast.com\/product\/yoast-seo-wordpress\/ -->\n<title>Hunting Pants Northern Hunting &quot;Torg Reifor Opt9&quot; \u2013 Elav Tuli<\/title>\n<meta name=\"description\" content=\"\u201cTorg Reifor Opt9\u201d jahip\u00fcksid matkamiseks, jahipidamiseks v\u00f5i muudeks v\u00e4litegevusteks.\u00a0Ideaalne hiilimiseks kevadel ja suvel.\" \/>\n<meta name=\"robots\" content=\"index, follow, max-snippet:-1, max-image-preview:large, max-video-preview:-1\" \/>\n<link rel=\"canonical\" href=\"https:\/\/elavtuli.ee\/en\/shop\/hunting-hiking-clothes\/men\/camoflage\/hunting-pants-northern-hunting-torg-reifor-opt9\/\" \/>\n<meta property=\"og:locale\" content=\"en_US\" \/>\n<meta property=\"og:type\" content=\"article\" \/>\n<meta property=\"og:title\" content=\"Hunting Pants Northern Hunting &quot;Torg Reifor Opt9&quot; \u2013 Elav Tuli\" \/>\n<meta property=\"og:description\" content=\"&quot;Torg Reifor Opt9&quot; hunting pants for hiking, hunting, or other outdoor activities. Ideal for stalking in spring and summer.\" \/>\n<meta property=\"og:url\" content=\"https:\/\/elavtuli.ee\/en\/shop\/hunting-hiking-clothes\/men\/camoflage\/hunting-pants-northern-hunting-torg-reifor-opt9\/\" \/>\n<meta property=\"og:site_name\" content=\"Elav Tuli\" \/>\n<meta property=\"article:publisher\" content=\"https:\/\/www.facebook.com\/elavtuli\/\" \/>\n<meta property=\"article:modified_time\" content=\"2024-08-05T10:44:56+00:00\" \/>\n<meta property=\"og:image\" content=\"https:\/\/elavtuli.ee\/wp-content\/uploads\/2024\/05\/TORG_REIFOR-OPT9_front.webp\" \/>\n\t<meta property=\"og:image:width\" content=\"1000\" \/>\n\t<meta property=\"og:image:height\" content=\"1000\" \/>\n\t<meta property=\"og:image:type\" content=\"image\/webp\" \/>\n<meta name=\"twitter:card\" content=\"summary_large_image\" \/>\n<meta name=\"twitter:label1\" content=\"Est. reading time\" \/>\n\t<meta name=\"twitter:data1\" content=\"2 minutes\" \/>\n<script type=\"application\/ld+json\" class=\"yoast-schema-graph\">{\"@context\":\"https:\/\/schema.org\",\"@graph\":[{\"@type\":\"WebPage\",\"@id\":\"https:\/\/elavtuli.ee\/en\/shop\/hunting-hiking-clothes\/men\/camoflage\/hunting-pants-northern-hunting-torg-reifor-opt9\/\",\"url\":\"https:\/\/elavtuli.ee\/en\/shop\/hunting-hiking-clothes\/men\/camoflage\/hunting-pants-northern-hunting-torg-reifor-opt9\/\",\"name\":\"Hunting Pants Northern Hunting \\\"Torg Reifor Opt9\\\" \u2013 Elav Tuli\",\"isPartOf\":{\"@id\":\"https:\/\/elavtuli.ee\/en\/#website\"},\"primaryImageOfPage\":{\"@id\":\"https:\/\/elavtuli.ee\/en\/shop\/hunting-hiking-clothes\/men\/camoflage\/hunting-pants-northern-hunting-torg-reifor-opt9\/#primaryimage\"},\"image\":{\"@id\":\"https:\/\/elavtuli.ee\/en\/shop\/hunting-hiking-clothes\/men\/camoflage\/hunting-pants-northern-hunting-torg-reifor-opt9\/#primaryimage\"},\"thumbnailUrl\":\"https:\/\/elavtuli.ee\/wp-content\/uploads\/2024\/05\/TORG_REIFOR-OPT9_front.webp\",\"datePublished\":\"2024-05-17T13:29:38+00:00\",\"dateModified\":\"2024-08-05T10:44:56+00:00\",\"description\":\"\\\"Torg Reifor Opt9\\\" hunting pants for hiking, hunting, or other outdoor activities. Ideal for stalking in spring and summer.\",\"breadcrumb\":{\"@id\":\"https:\/\/elavtuli.ee\/en\/shop\/hunting-hiking-clothes\/men\/camoflage\/hunting-pants-northern-hunting-torg-reifor-opt9\/#breadcrumb\"},\"inLanguage\":\"en-US\",\"potentialAction\":[{\"@type\":\"ReadAction\",\"target\":[\"https:\/\/elavtuli.ee\/en\/shop\/hunting-hiking-clothes\/men\/camoflage\/hunting-pants-northern-hunting-torg-reifor-opt9\/\"]}]},{\"@type\":\"ImageObject\",\"inLanguage\":\"en-US\",\"@id\":\"https:\/\/elavtuli.ee\/en\/shop\/hunting-hiking-clothes\/men\/camoflage\/hunting-pants-northern-hunting-torg-reifor-opt9\/#primaryimage\",\"url\":\"https:\/\/elavtuli.ee\/wp-content\/uploads\/2024\/05\/TORG_REIFOR-OPT9_front.webp\",\"contentUrl\":\"https:\/\/elavtuli.ee\/wp-content\/uploads\/2024\/05\/TORG_REIFOR-OPT9_front.webp\",\"width\":1000,\"height\":1000,\"caption\":\"TORG REIFOR OPT9 front\"},{\"@type\":\"BreadcrumbList\",\"@id\":\"https:\/\/elavtuli.ee\/en\/shop\/hunting-hiking-clothes\/men\/camoflage\/hunting-pants-northern-hunting-torg-reifor-opt9\/#breadcrumb\",\"itemListElement\":[{\"@type\":\"ListItem\",\"position\":1,\"name\":\"Avaleht\",\"item\":\"https:\/\/elavtuli.ee\/en\/\"},{\"@type\":\"ListItem\",\"position\":2,\"name\":\"E-shop\",\"item\":\"https:\/\/elavtuli.ee\/en\/shop\/\"},{\"@type\":\"ListItem\",\"position\":3,\"name\":\"Hunting Pants Northern Hunting &#8220;Torg Reifor Opt9&#8221;\"}]},{\"@type\":\"WebSite\",\"@id\":\"https:\/\/elavtuli.ee\/en\/#website\",\"url\":\"https:\/\/elavtuli.ee\/en\/\",\"name\":\"Elav Tuli\",\"description\":\"Kvaliteetsed biokaminad Belgiast\",\"publisher\":{\"@id\":\"https:\/\/elavtuli.ee\/en\/#organization\"},\"alternateName\":\"elavtuli\",\"potentialAction\":[{\"@type\":\"SearchAction\",\"target\":{\"@type\":\"EntryPoint\",\"urlTemplate\":\"https:\/\/elavtuli.ee\/en\/?s={search_term_string}\"},\"query-input\":{\"@type\":\"PropertyValueSpecification\",\"valueRequired\":true,\"valueName\":\"search_term_string\"}}],\"inLanguage\":\"en-US\"},{\"@type\":\"Organization\",\"@id\":\"https:\/\/elavtuli.ee\/en\/#organization\",\"name\":\"Elav Tuli\",\"url\":\"https:\/\/elavtuli.ee\/en\/\",\"logo\":{\"@type\":\"ImageObject\",\"inLanguage\":\"en-US\",\"@id\":\"https:\/\/elavtuli.ee\/en\/#\/schema\/logo\/image\/\",\"url\":\"https:\/\/elavtuli.ee\/wp-content\/uploads\/2021\/03\/must_logo.png\",\"contentUrl\":\"https:\/\/elavtuli.ee\/wp-content\/uploads\/2021\/03\/must_logo.png\",\"width\":700,\"height\":700,\"caption\":\"Elav Tuli\"},\"image\":{\"@id\":\"https:\/\/elavtuli.ee\/en\/#\/schema\/logo\/image\/\"},\"sameAs\":[\"https:\/\/www.facebook.com\/elavtuli\/\",\"https:\/\/www.instagram.com\/elavtuli\/\"]}]}<\/script>\n<!-- \/ Yoast SEO plugin. -->","yoast_head_json":{"title":"Hunting Pants Northern Hunting \"Torg Reifor Opt9\" \u2013 Elav Tuli","description":"\u201cTorg Reifor Opt9\u201d jahip\u00fcksid matkamiseks, jahipidamiseks v\u00f5i muudeks v\u00e4litegevusteks.\u00a0Ideaalne hiilimiseks kevadel ja suvel.","robots":{"index":"index","follow":"follow","max-snippet":"max-snippet:-1","max-image-preview":"max-image-preview:large","max-video-preview":"max-video-preview:-1"},"canonical":"https:\/\/elavtuli.ee\/en\/shop\/hunting-hiking-clothes\/men\/camoflage\/hunting-pants-northern-hunting-torg-reifor-opt9\/","og_locale":"en_US","og_type":"article","og_title":"Hunting Pants Northern Hunting \"Torg Reifor Opt9\" \u2013 Elav Tuli","og_description":"\"Torg Reifor Opt9\" hunting pants for hiking, hunting, or other outdoor activities. Ideal for stalking in spring and summer.","og_url":"https:\/\/elavtuli.ee\/en\/shop\/hunting-hiking-clothes\/men\/camoflage\/hunting-pants-northern-hunting-torg-reifor-opt9\/","og_site_name":"Elav Tuli","article_publisher":"https:\/\/www.facebook.com\/elavtuli\/","article_modified_time":"2024-08-05T10:44:56+00:00","og_image":[{"width":1000,"height":1000,"url":"https:\/\/elavtuli.ee\/wp-content\/uploads\/2024\/05\/TORG_REIFOR-OPT9_front.webp","type":"image\/webp"}],"twitter_card":"summary_large_image","twitter_misc":{"Est. reading time":"2 minutes"},"schema":{"@context":"https:\/\/schema.org","@graph":[{"@type":"WebPage","@id":"https:\/\/elavtuli.ee\/en\/shop\/hunting-hiking-clothes\/men\/camoflage\/hunting-pants-northern-hunting-torg-reifor-opt9\/","url":"https:\/\/elavtuli.ee\/en\/shop\/hunting-hiking-clothes\/men\/camoflage\/hunting-pants-northern-hunting-torg-reifor-opt9\/","name":"Hunting Pants Northern Hunting \"Torg Reifor Opt9\" \u2013 Elav Tuli","isPartOf":{"@id":"https:\/\/elavtuli.ee\/en\/#website"},"primaryImageOfPage":{"@id":"https:\/\/elavtuli.ee\/en\/shop\/hunting-hiking-clothes\/men\/camoflage\/hunting-pants-northern-hunting-torg-reifor-opt9\/#primaryimage"},"image":{"@id":"https:\/\/elavtuli.ee\/en\/shop\/hunting-hiking-clothes\/men\/camoflage\/hunting-pants-northern-hunting-torg-reifor-opt9\/#primaryimage"},"thumbnailUrl":"https:\/\/elavtuli.ee\/wp-content\/uploads\/2024\/05\/TORG_REIFOR-OPT9_front.webp","datePublished":"2024-05-17T13:29:38+00:00","dateModified":"2024-08-05T10:44:56+00:00","description":"\"Torg Reifor Opt9\" hunting pants for hiking, hunting, or other outdoor activities. Ideal for stalking in spring and summer.","breadcrumb":{"@id":"https:\/\/elavtuli.ee\/en\/shop\/hunting-hiking-clothes\/men\/camoflage\/hunting-pants-northern-hunting-torg-reifor-opt9\/#breadcrumb"},"inLanguage":"en-US","potentialAction":[{"@type":"ReadAction","target":["https:\/\/elavtuli.ee\/en\/shop\/hunting-hiking-clothes\/men\/camoflage\/hunting-pants-northern-hunting-torg-reifor-opt9\/"]}]},{"@type":"ImageObject","inLanguage":"en-US","@id":"https:\/\/elavtuli.ee\/en\/shop\/hunting-hiking-clothes\/men\/camoflage\/hunting-pants-northern-hunting-torg-reifor-opt9\/#primaryimage","url":"https:\/\/elavtuli.ee\/wp-content\/uploads\/2024\/05\/TORG_REIFOR-OPT9_front.webp","contentUrl":"https:\/\/elavtuli.ee\/wp-content\/uploads\/2024\/05\/TORG_REIFOR-OPT9_front.webp","width":1000,"height":1000,"caption":"TORG REIFOR OPT9 front"},{"@type":"BreadcrumbList","@id":"https:\/\/elavtuli.ee\/en\/shop\/hunting-hiking-clothes\/men\/camoflage\/hunting-pants-northern-hunting-torg-reifor-opt9\/#breadcrumb","itemListElement":[{"@type":"ListItem","position":1,"name":"Avaleht","item":"https:\/\/elavtuli.ee\/en\/"},{"@type":"ListItem","position":2,"name":"E-shop","item":"https:\/\/elavtuli.ee\/en\/shop\/"},{"@type":"ListItem","position":3,"name":"Hunting Pants Northern Hunting &#8220;Torg Reifor Opt9&#8221;"}]},{"@type":"WebSite","@id":"https:\/\/elavtuli.ee\/en\/#website","url":"https:\/\/elavtuli.ee\/en\/","name":"Elav Tuli","description":"Kvaliteetsed biokaminad Belgiast","publisher":{"@id":"https:\/\/elavtuli.ee\/en\/#organization"},"alternateName":"elavtuli","potentialAction":[{"@type":"SearchAction","target":{"@type":"EntryPoint","urlTemplate":"https:\/\/elavtuli.ee\/en\/?s={search_term_string}"},"query-input":{"@type":"PropertyValueSpecification","valueRequired":true,"valueName":"search_term_string"}}],"inLanguage":"en-US"},{"@type":"Organization","@id":"https:\/\/elavtuli.ee\/en\/#organization","name":"Elav Tuli","url":"https:\/\/elavtuli.ee\/en\/","logo":{"@type":"ImageObject","inLanguage":"en-US","@id":"https:\/\/elavtuli.ee\/en\/#\/schema\/logo\/image\/","url":"https:\/\/elavtuli.ee\/wp-content\/uploads\/2021\/03\/must_logo.png","contentUrl":"https:\/\/elavtuli.ee\/wp-content\/uploads\/2021\/03\/must_logo.png","width":700,"height":700,"caption":"Elav Tuli"},"image":{"@id":"https:\/\/elavtuli.ee\/en\/#\/schema\/logo\/image\/"},"sameAs":["https:\/\/www.facebook.com\/elavtuli\/","https:\/\/www.instagram.com\/elavtuli\/"]}]}},"_links":{"self":[{"href":"https:\/\/elavtuli.ee\/en\/wp-json\/wp\/v2\/product\/17582","targetHints":{"allow":["GET"]}}],"collection":[{"href":"https:\/\/elavtuli.ee\/en\/wp-json\/wp\/v2\/product"}],"about":[{"href":"https:\/\/elavtuli.ee\/en\/wp-json\/wp\/v2\/types\/product"}],"replies":[{"embeddable":true,"href":"https:\/\/elavtuli.ee\/en\/wp-json\/wp\/v2\/comments?post=17582"}],"wp:featuredmedia":[{"embeddable":true,"href":"https:\/\/elavtuli.ee\/en\/wp-json\/wp\/v2\/media\/11967"}],"wp:attachment":[{"href":"https:\/\/elavtuli.ee\/en\/wp-json\/wp\/v2\/media?parent=17582"}],"wp:term":[{"taxonomy":"product_brand","embeddable":true,"href":"https:\/\/elavtuli.ee\/en\/wp-json\/wp\/v2\/product_brand?post=17582"},{"taxonomy":"product_cat","embeddable":true,"href":"https:\/\/elavtuli.ee\/en\/wp-json\/wp\/v2\/product_cat?post=17582"},{"taxonomy":"product_tag","embeddable":true,"href":"https:\/\/elavtuli.ee\/en\/wp-json\/wp\/v2\/product_tag?post=17582"},{"taxonomy":"woo-feed-brand","embeddable":true,"href":"https:\/\/elavtuli.ee\/en\/wp-json\/wp\/v2\/woo-feed-brand?post=17582"}],"curies":[{"name":"wp","href":"https:\/\/api.w.org\/{rel}","templated":true}]}}