{"id":17610,"date":"2024-05-17T14:38:25","date_gmt":"2024-05-17T11:38:25","guid":{"rendered":"https:\/\/elavtuli.ee\/shop\/uncategorized\/hunting-pants-northern-hunting-asmund\/"},"modified":"2024-09-01T00:00:42","modified_gmt":"2024-08-31T21:00:42","slug":"hunting-pants-northern-hunting-asmund","status":"publish","type":"product","link":"https:\/\/elavtuli.ee\/en\/shop\/hunting-hiking-clothes\/men\/trousers\/hunting-pants-northern-hunting-asmund\/","title":{"rendered":"Hunting Pants Northern Hunting &#8220;Asmund&#8221;"},"content":{"rendered":"<p>ASMUND BIRK G2 HUNTING TROUSERS FOR HUNTING AND OUTDOOR FROM NORTHERN HUNTING<\/p>\n<p>Perfect for: All-round hunting<\/p>\n<p>The Asmund Birk G2 is an upgraded version with reinforced seams and updated functionality. The trousers are water repellent and highly breathable. The material is Northern Hunting&#8217;s signature quality which is highly durably and silent. The trousers are loaded with details such as foot-regulation, 7 pockets, D-ring, elastic waist and NH suspenders system-ready.<\/p>\n<p>Asmund Birk G2 is extremely breathable and silent hunting trousers.<\/p>\n<p>Extreme breathability<\/p>\n<p>The trousers fit perfectly for the dry days when high breathability is preferred. We recommend our trousers with ADDVENTEX ECO 10.12 membrane for rainy days.        <strong>Materials:<\/strong><\/p>\n<ul>\n<li>45% Cotton<\/li>\n<li>35% Polyester<\/li>\n<li>20% Nylon<\/li>\n<\/ul>\n<p><strong>Functions:<\/strong><\/p>\n<ul>\n<li>Breathable<\/li>\n<li>Quiet<\/li>\n<li>PFC-free DWR<\/li>\n<\/ul>\n<p>The keywords for <a href=\"http:\/\/www.northernhunting.com\">Northern Hunting&#8217;<\/a>s hunting and hiking clothes are: <\/p>\n<ul>\n<li><strong>Functionality. <\/strong> Northern Hunting focuses on continually improving the functional features of their product collection to meet the expectations and needs of hunters and hikers to the maximum extent.<\/li>\n<li><strong>Innovativeness<\/strong>. In the hunting and hiking clothing market, innovativeness primarily means creative design solutions and top-tier materials, which Northern Hunting skillfully combines to create a flawless whole.<\/li>\n<li><strong>Durabiliy<\/strong>. Both hikers and hunters often face extreme weather conditions and environments when stepping outside. Therefore, the company pays great attention to the durability of its functional and innovative hunting and camping clothes. To affirm this, Northern Hunting offers a <strong>5-year warranty <\/strong>on all its products.<\/li>\n<li><strong>Affordability<\/strong>. The creators of Northern Hunting&#8217;s hunting and hiking clothes design their products for the forest and trail, not for exclusive boutique displays. Therefore, they pay great attention to the price-quality ratio of materials to make their products accessible to every hiker and hunter.<\/li>\n<li><strong>Perfection pursuit.<\/strong> Northern Hunting has always strived to create uncompromisingly high-quality hunting and hiking clothes. To achieve this goal, they are very grateful for any feedback that helps improve their products. As the importer of Northern Hunting hunting and hiking clothing, ELAV TULI welcomes suggestions for product improvements with gratitude and pleasure at the phone number &#8230; and email address &#8230; . Call, <a href=\"https:\/\/elavtuli.ee\/kontakt\/\">write<\/a>, criticize, or pat on the back \u2013 no reasonable suggestion will go unnoticed.<\/li>\n<\/ul>\n","protected":false},"excerpt":{"rendered":"<p>&#8220;Asmund Birk G2&#8221; is an updated version of pants with reinforced seams and more functionality. The pants are water-repellent and highly breathable. The material used in the production of the pants is quiet and very durable.  <\/p>\n","protected":false},"featured_media":11883,"comment_status":"closed","ping_status":"closed","template":"","meta":{"_acf_changed":false,"om_disable_all_campaigns":false,"_uf_show_specific_survey":0,"_uf_disable_surveys":false},"product_brand":[],"product_cat":[802,898,2199,808],"product_tag":[847,848,844,849,856],"woo-feed-brand":[],"class_list":{"0":"post-17610","1":"product","2":"type-product","3":"status-publish","4":"has-post-thumbnail","6":"product_cat-hunting-hiking-clothes","7":"product_cat-men","8":"product_cat-sale","9":"product_cat-trousers","10":"product_tag-jahipuksid","11":"product_tag-jahiriided","12":"product_tag-matkapuksid","13":"product_tag-matkariided","14":"product_tag-northern-hunting","16":"first","17":"instock","18":"featured","19":"taxable","20":"shipping-taxable","21":"purchasable","22":"product-type-variable","23":"has-default-attributes"},"acf":[],"yoast_head":"<!-- This site is optimized with the Yoast SEO plugin v27.2 - https:\/\/yoast.com\/product\/yoast-seo-wordpress\/ -->\n<title>Hunting Pants Northern Hunting &quot;Asmund&quot; \u2013 Elav Tuli<\/title>\n<meta name=\"description\" content=\"\u201cAsmund Birk G2\u201d on p\u00fckste uuendatud versioon tugevdatud \u00f5mblustega ja rohkema funktsionaalsusega. P\u00fcksid on vetth\u00fclgavad ja v\u00e4ga hingavad. P\u00fckste ...\" \/>\n<meta name=\"robots\" content=\"index, follow, max-snippet:-1, max-image-preview:large, max-video-preview:-1\" \/>\n<link rel=\"canonical\" href=\"https:\/\/elavtuli.ee\/en\/shop\/hunting-hiking-clothes\/men\/trousers\/hunting-pants-northern-hunting-asmund\/\" \/>\n<meta property=\"og:locale\" content=\"en_US\" \/>\n<meta property=\"og:type\" content=\"article\" \/>\n<meta property=\"og:title\" content=\"Hunting Pants Northern Hunting &quot;Asmund&quot; \u2013 Elav Tuli\" \/>\n<meta property=\"og:description\" content=\"&quot;Asmund Birk G2&quot; is an updated version of pants with reinforced seams and more functionality. The pants are water-repellent and highly breathable. The material used in the production of the pants is quiet and very durable.\" \/>\n<meta property=\"og:url\" content=\"https:\/\/elavtuli.ee\/en\/shop\/hunting-hiking-clothes\/men\/trousers\/hunting-pants-northern-hunting-asmund\/\" \/>\n<meta property=\"og:site_name\" content=\"Elav Tuli\" \/>\n<meta property=\"article:publisher\" content=\"https:\/\/www.facebook.com\/elavtuli\/\" \/>\n<meta property=\"article:modified_time\" content=\"2024-08-31T21:00:42+00:00\" \/>\n<meta property=\"og:image\" content=\"https:\/\/elavtuli.ee\/wp-content\/uploads\/2024\/05\/ASMUND_BIRK-GR_front.webp\" \/>\n\t<meta property=\"og:image:width\" content=\"1000\" \/>\n\t<meta property=\"og:image:height\" content=\"1000\" \/>\n\t<meta property=\"og:image:type\" content=\"image\/webp\" \/>\n<meta name=\"twitter:card\" content=\"summary_large_image\" \/>\n<meta name=\"twitter:label1\" content=\"Est. reading time\" \/>\n\t<meta name=\"twitter:data1\" content=\"2 minutes\" \/>\n<script type=\"application\/ld+json\" class=\"yoast-schema-graph\">{\"@context\":\"https:\/\/schema.org\",\"@graph\":[{\"@type\":\"WebPage\",\"@id\":\"https:\/\/elavtuli.ee\/en\/shop\/hunting-hiking-clothes\/men\/trousers\/hunting-pants-northern-hunting-asmund\/\",\"url\":\"https:\/\/elavtuli.ee\/en\/shop\/hunting-hiking-clothes\/men\/trousers\/hunting-pants-northern-hunting-asmund\/\",\"name\":\"Hunting Pants Northern Hunting \\\"Asmund\\\" \u2013 Elav Tuli\",\"isPartOf\":{\"@id\":\"https:\/\/elavtuli.ee\/en\/#website\"},\"primaryImageOfPage\":{\"@id\":\"https:\/\/elavtuli.ee\/en\/shop\/hunting-hiking-clothes\/men\/trousers\/hunting-pants-northern-hunting-asmund\/#primaryimage\"},\"image\":{\"@id\":\"https:\/\/elavtuli.ee\/en\/shop\/hunting-hiking-clothes\/men\/trousers\/hunting-pants-northern-hunting-asmund\/#primaryimage\"},\"thumbnailUrl\":\"https:\/\/elavtuli.ee\/wp-content\/uploads\/2024\/05\/ASMUND_BIRK-GR_front.webp\",\"datePublished\":\"2024-05-17T11:38:25+00:00\",\"dateModified\":\"2024-08-31T21:00:42+00:00\",\"description\":\"\\\"Asmund Birk G2\\\" is an updated version of pants with reinforced seams and more functionality. The pants are water-repellent and highly breathable. The material used in the production of the pants is quiet and very durable.\",\"breadcrumb\":{\"@id\":\"https:\/\/elavtuli.ee\/en\/shop\/hunting-hiking-clothes\/men\/trousers\/hunting-pants-northern-hunting-asmund\/#breadcrumb\"},\"inLanguage\":\"en-US\",\"potentialAction\":[{\"@type\":\"ReadAction\",\"target\":[\"https:\/\/elavtuli.ee\/en\/shop\/hunting-hiking-clothes\/men\/trousers\/hunting-pants-northern-hunting-asmund\/\"]}]},{\"@type\":\"ImageObject\",\"inLanguage\":\"en-US\",\"@id\":\"https:\/\/elavtuli.ee\/en\/shop\/hunting-hiking-clothes\/men\/trousers\/hunting-pants-northern-hunting-asmund\/#primaryimage\",\"url\":\"https:\/\/elavtuli.ee\/wp-content\/uploads\/2024\/05\/ASMUND_BIRK-GR_front.webp\",\"contentUrl\":\"https:\/\/elavtuli.ee\/wp-content\/uploads\/2024\/05\/ASMUND_BIRK-GR_front.webp\",\"width\":1000,\"height\":1000,\"caption\":\"ASMUND BIRK GR front\"},{\"@type\":\"BreadcrumbList\",\"@id\":\"https:\/\/elavtuli.ee\/en\/shop\/hunting-hiking-clothes\/men\/trousers\/hunting-pants-northern-hunting-asmund\/#breadcrumb\",\"itemListElement\":[{\"@type\":\"ListItem\",\"position\":1,\"name\":\"Avaleht\",\"item\":\"https:\/\/elavtuli.ee\/en\/\"},{\"@type\":\"ListItem\",\"position\":2,\"name\":\"E-shop\",\"item\":\"https:\/\/elavtuli.ee\/en\/shop\/\"},{\"@type\":\"ListItem\",\"position\":3,\"name\":\"Hunting Pants Northern Hunting &#8220;Asmund&#8221;\"}]},{\"@type\":\"WebSite\",\"@id\":\"https:\/\/elavtuli.ee\/en\/#website\",\"url\":\"https:\/\/elavtuli.ee\/en\/\",\"name\":\"Elav Tuli\",\"description\":\"Kvaliteetsed biokaminad Belgiast\",\"publisher\":{\"@id\":\"https:\/\/elavtuli.ee\/en\/#organization\"},\"alternateName\":\"elavtuli\",\"potentialAction\":[{\"@type\":\"SearchAction\",\"target\":{\"@type\":\"EntryPoint\",\"urlTemplate\":\"https:\/\/elavtuli.ee\/en\/?s={search_term_string}\"},\"query-input\":{\"@type\":\"PropertyValueSpecification\",\"valueRequired\":true,\"valueName\":\"search_term_string\"}}],\"inLanguage\":\"en-US\"},{\"@type\":\"Organization\",\"@id\":\"https:\/\/elavtuli.ee\/en\/#organization\",\"name\":\"Elav Tuli\",\"url\":\"https:\/\/elavtuli.ee\/en\/\",\"logo\":{\"@type\":\"ImageObject\",\"inLanguage\":\"en-US\",\"@id\":\"https:\/\/elavtuli.ee\/en\/#\/schema\/logo\/image\/\",\"url\":\"https:\/\/elavtuli.ee\/wp-content\/uploads\/2021\/03\/must_logo.png\",\"contentUrl\":\"https:\/\/elavtuli.ee\/wp-content\/uploads\/2021\/03\/must_logo.png\",\"width\":700,\"height\":700,\"caption\":\"Elav Tuli\"},\"image\":{\"@id\":\"https:\/\/elavtuli.ee\/en\/#\/schema\/logo\/image\/\"},\"sameAs\":[\"https:\/\/www.facebook.com\/elavtuli\/\",\"https:\/\/www.instagram.com\/elavtuli\/\"]}]}<\/script>\n<!-- \/ Yoast SEO plugin. -->","yoast_head_json":{"title":"Hunting Pants Northern Hunting \"Asmund\" \u2013 Elav Tuli","description":"\u201cAsmund Birk G2\u201d on p\u00fckste uuendatud versioon tugevdatud \u00f5mblustega ja rohkema funktsionaalsusega. P\u00fcksid on vetth\u00fclgavad ja v\u00e4ga hingavad. P\u00fckste ...","robots":{"index":"index","follow":"follow","max-snippet":"max-snippet:-1","max-image-preview":"max-image-preview:large","max-video-preview":"max-video-preview:-1"},"canonical":"https:\/\/elavtuli.ee\/en\/shop\/hunting-hiking-clothes\/men\/trousers\/hunting-pants-northern-hunting-asmund\/","og_locale":"en_US","og_type":"article","og_title":"Hunting Pants Northern Hunting \"Asmund\" \u2013 Elav Tuli","og_description":"\"Asmund Birk G2\" is an updated version of pants with reinforced seams and more functionality. The pants are water-repellent and highly breathable. The material used in the production of the pants is quiet and very durable.","og_url":"https:\/\/elavtuli.ee\/en\/shop\/hunting-hiking-clothes\/men\/trousers\/hunting-pants-northern-hunting-asmund\/","og_site_name":"Elav Tuli","article_publisher":"https:\/\/www.facebook.com\/elavtuli\/","article_modified_time":"2024-08-31T21:00:42+00:00","og_image":[{"width":1000,"height":1000,"url":"https:\/\/elavtuli.ee\/wp-content\/uploads\/2024\/05\/ASMUND_BIRK-GR_front.webp","type":"image\/webp"}],"twitter_card":"summary_large_image","twitter_misc":{"Est. reading time":"2 minutes"},"schema":{"@context":"https:\/\/schema.org","@graph":[{"@type":"WebPage","@id":"https:\/\/elavtuli.ee\/en\/shop\/hunting-hiking-clothes\/men\/trousers\/hunting-pants-northern-hunting-asmund\/","url":"https:\/\/elavtuli.ee\/en\/shop\/hunting-hiking-clothes\/men\/trousers\/hunting-pants-northern-hunting-asmund\/","name":"Hunting Pants Northern Hunting \"Asmund\" \u2013 Elav Tuli","isPartOf":{"@id":"https:\/\/elavtuli.ee\/en\/#website"},"primaryImageOfPage":{"@id":"https:\/\/elavtuli.ee\/en\/shop\/hunting-hiking-clothes\/men\/trousers\/hunting-pants-northern-hunting-asmund\/#primaryimage"},"image":{"@id":"https:\/\/elavtuli.ee\/en\/shop\/hunting-hiking-clothes\/men\/trousers\/hunting-pants-northern-hunting-asmund\/#primaryimage"},"thumbnailUrl":"https:\/\/elavtuli.ee\/wp-content\/uploads\/2024\/05\/ASMUND_BIRK-GR_front.webp","datePublished":"2024-05-17T11:38:25+00:00","dateModified":"2024-08-31T21:00:42+00:00","description":"\"Asmund Birk G2\" is an updated version of pants with reinforced seams and more functionality. The pants are water-repellent and highly breathable. The material used in the production of the pants is quiet and very durable.","breadcrumb":{"@id":"https:\/\/elavtuli.ee\/en\/shop\/hunting-hiking-clothes\/men\/trousers\/hunting-pants-northern-hunting-asmund\/#breadcrumb"},"inLanguage":"en-US","potentialAction":[{"@type":"ReadAction","target":["https:\/\/elavtuli.ee\/en\/shop\/hunting-hiking-clothes\/men\/trousers\/hunting-pants-northern-hunting-asmund\/"]}]},{"@type":"ImageObject","inLanguage":"en-US","@id":"https:\/\/elavtuli.ee\/en\/shop\/hunting-hiking-clothes\/men\/trousers\/hunting-pants-northern-hunting-asmund\/#primaryimage","url":"https:\/\/elavtuli.ee\/wp-content\/uploads\/2024\/05\/ASMUND_BIRK-GR_front.webp","contentUrl":"https:\/\/elavtuli.ee\/wp-content\/uploads\/2024\/05\/ASMUND_BIRK-GR_front.webp","width":1000,"height":1000,"caption":"ASMUND BIRK GR front"},{"@type":"BreadcrumbList","@id":"https:\/\/elavtuli.ee\/en\/shop\/hunting-hiking-clothes\/men\/trousers\/hunting-pants-northern-hunting-asmund\/#breadcrumb","itemListElement":[{"@type":"ListItem","position":1,"name":"Avaleht","item":"https:\/\/elavtuli.ee\/en\/"},{"@type":"ListItem","position":2,"name":"E-shop","item":"https:\/\/elavtuli.ee\/en\/shop\/"},{"@type":"ListItem","position":3,"name":"Hunting Pants Northern Hunting &#8220;Asmund&#8221;"}]},{"@type":"WebSite","@id":"https:\/\/elavtuli.ee\/en\/#website","url":"https:\/\/elavtuli.ee\/en\/","name":"Elav Tuli","description":"Kvaliteetsed biokaminad Belgiast","publisher":{"@id":"https:\/\/elavtuli.ee\/en\/#organization"},"alternateName":"elavtuli","potentialAction":[{"@type":"SearchAction","target":{"@type":"EntryPoint","urlTemplate":"https:\/\/elavtuli.ee\/en\/?s={search_term_string}"},"query-input":{"@type":"PropertyValueSpecification","valueRequired":true,"valueName":"search_term_string"}}],"inLanguage":"en-US"},{"@type":"Organization","@id":"https:\/\/elavtuli.ee\/en\/#organization","name":"Elav Tuli","url":"https:\/\/elavtuli.ee\/en\/","logo":{"@type":"ImageObject","inLanguage":"en-US","@id":"https:\/\/elavtuli.ee\/en\/#\/schema\/logo\/image\/","url":"https:\/\/elavtuli.ee\/wp-content\/uploads\/2021\/03\/must_logo.png","contentUrl":"https:\/\/elavtuli.ee\/wp-content\/uploads\/2021\/03\/must_logo.png","width":700,"height":700,"caption":"Elav Tuli"},"image":{"@id":"https:\/\/elavtuli.ee\/en\/#\/schema\/logo\/image\/"},"sameAs":["https:\/\/www.facebook.com\/elavtuli\/","https:\/\/www.instagram.com\/elavtuli\/"]}]}},"_links":{"self":[{"href":"https:\/\/elavtuli.ee\/en\/wp-json\/wp\/v2\/product\/17610","targetHints":{"allow":["GET"]}}],"collection":[{"href":"https:\/\/elavtuli.ee\/en\/wp-json\/wp\/v2\/product"}],"about":[{"href":"https:\/\/elavtuli.ee\/en\/wp-json\/wp\/v2\/types\/product"}],"replies":[{"embeddable":true,"href":"https:\/\/elavtuli.ee\/en\/wp-json\/wp\/v2\/comments?post=17610"}],"wp:featuredmedia":[{"embeddable":true,"href":"https:\/\/elavtuli.ee\/en\/wp-json\/wp\/v2\/media\/11883"}],"wp:attachment":[{"href":"https:\/\/elavtuli.ee\/en\/wp-json\/wp\/v2\/media?parent=17610"}],"wp:term":[{"taxonomy":"product_brand","embeddable":true,"href":"https:\/\/elavtuli.ee\/en\/wp-json\/wp\/v2\/product_brand?post=17610"},{"taxonomy":"product_cat","embeddable":true,"href":"https:\/\/elavtuli.ee\/en\/wp-json\/wp\/v2\/product_cat?post=17610"},{"taxonomy":"product_tag","embeddable":true,"href":"https:\/\/elavtuli.ee\/en\/wp-json\/wp\/v2\/product_tag?post=17610"},{"taxonomy":"woo-feed-brand","embeddable":true,"href":"https:\/\/elavtuli.ee\/en\/wp-json\/wp\/v2\/woo-feed-brand?post=17610"}],"curies":[{"name":"wp","href":"https:\/\/api.w.org\/{rel}","templated":true}]}}