{"id":17648,"date":"2024-05-17T11:59:24","date_gmt":"2024-05-17T08:59:24","guid":{"rendered":"https:\/\/elavtuli.ee\/shop\/uncategorized\/hunting-pants-northern-hunting-thor-balder\/"},"modified":"2024-08-05T14:02:47","modified_gmt":"2024-08-05T11:02:47","slug":"hunting-pants-northern-hunting-thor-balder","status":"publish","type":"product","link":"https:\/\/elavtuli.ee\/en\/shop\/hunting-hiking-clothes\/men\/trousers\/hunting-pants-northern-hunting-thor-balder\/","title":{"rendered":"Hunting Pants Northern Hunting &#8220;Thor Balder&#8221;"},"content":{"rendered":"<p>&#8220;Thor Balder&#8221; hunting pants for hiking, hunting, or other outdoor activities. Ideal for spending time in nature during cooler weather. The &#8220;Thor Balder&#8221; hunting pants are designed in harmonious green tones to match the colors of nature itself. The waistband of the hunting pants is higher at the back to keep the body warmer. The &#8220;Thor Balder&#8221; pants are lightly lined. The fabric is quiet and extremely durable, making these hunting pants very versatile. The hunting pants have waterproof zippered ventilation openings on the sides. The licensed ADDVENTEX\u2122 ECO 10.20 membrane has a water resistance of 10,000 mm per square meter and a breathability of 20,000 g per square meter per day.       Especially the breathability excels which make the membrane highly functional under high intensity and extreme weather. ADDVENTEX makes the climate superuous. Minimum 75% recycled membrane, with minimal ecological footprint.<strong>                              <\/strong> All Northern Hunting hunting and hiking clothes come with a five-year manufacturer&#8217;s warranty! <strong> <\/strong><strong>Materials:<\/strong><\/p>\n<ul>\n<li>45% Cotton<\/li>\n<li>35% Polyester<\/li>\n<li>20% Nylon<\/li>\n<\/ul>\n<p><strong>Functions:<\/strong><\/p>\n<ul>\n<li>Breathable<\/li>\n<li>Quiet<\/li>\n<li>Veekindel<\/li>\n<li>Windproof<\/li>\n<li>Ventilated<\/li>\n<li>PFC-free DVR<\/li>\n<\/ul>\n<p> https:\/\/www.youtube.com\/watch?v=aF55EXxAZbMab_channel=NorthernHunting The keywords for <a href=\"http:\/\/www.northernhunting.com\">Northern Hunting<\/a> hunting and hiking clothing are: <\/p>\n<ul>\n<li><strong>Functionality. <\/strong> Northern Hunting focuses on continually improving the functional features of their product collection to meet the expectations and needs of hunters and hikers to the maximum extent.<\/li>\n<li><strong>Innovativeness<\/strong>. In the hunting and hiking clothing market, innovativeness primarily means creative design solutions and top-tier materials, which Northern Hunting skillfully combines to create a flawless whole.<\/li>\n<li><strong>Durabiliy<\/strong>. Both hikers and hunters often face extreme weather conditions and environments when stepping outside. Therefore, the company pays great attention to the durability of its functional and innovative hunting and camping clothes. To affirm this, Northern Hunting offers a <strong>5-year warranty <\/strong>on all its products.<\/li>\n<li><strong>Affordability<\/strong>. The creators of Northern Hunting&#8217;s hunting and hiking clothes design their products for the forest and trail, not for exclusive boutique displays. Therefore, they pay great attention to the price-quality ratio of materials to make their products accessible to every hiker and hunter.<\/li>\n<li><strong>Perfection pursuit.<\/strong> Northern Hunting has always strived to create uncompromisingly high-quality hunting and hiking clothes. To achieve this goal, they are very grateful for any feedback that helps improve their products. As the importer of Northern Hunting hunting and hiking clothing, ELAV TULI welcomes suggestions for product improvements with gratitude and pleasure at the phone number &#8230; and email address &#8230; . Call, <a href=\"https:\/\/elavtuli.ee\/kontakt\/\">write<\/a>, criticize, or pat on the back \u2013 no reasonable suggestion will go unnoticed.<\/li>\n<\/ul>\n","protected":false},"excerpt":{"rendered":"<p>\u201cThor Balder\u201d hunting pants are designed in harmonious green tones to blend with the natural colors of the environment. The waistband is higher at the back to keep the body warmer. The pants are lightly lined. The fabric is quiet and extremely durable, making these hunting pants highly versatile. The pants feature waterproof zippered ventilation openings on the sides.    <\/p>\n","protected":false},"featured_media":12146,"comment_status":"closed","ping_status":"closed","template":"","meta":{"_acf_changed":false,"om_disable_all_campaigns":false,"_uf_show_specific_survey":0,"_uf_disable_surveys":false},"product_brand":[],"product_cat":[802,808],"product_tag":[847,848,844,849,856],"woo-feed-brand":[],"class_list":{"0":"post-17648","1":"product","2":"type-product","3":"status-publish","4":"has-post-thumbnail","6":"product_cat-hunting-hiking-clothes","7":"product_cat-trousers","8":"product_tag-jahipuksid","9":"product_tag-jahiriided","10":"product_tag-matkapuksid","11":"product_tag-matkariided","12":"product_tag-northern-hunting","14":"first","15":"onbackorder","16":"taxable","17":"shipping-taxable","18":"purchasable","19":"product-type-variable","20":"has-default-attributes"},"acf":[],"yoast_head":"<!-- This site is optimized with the Yoast SEO plugin v27.2 - https:\/\/yoast.com\/product\/yoast-seo-wordpress\/ -->\n<title>Hunting Pants Northern Hunting &quot;Thor Balder&quot; \u2013 Elav Tuli<\/title>\n<meta name=\"description\" content=\"\u201cThor Balder\u201d jahip\u00fcksid on disainitud harmoonilistes rohelistes toonides sobitumaks looduse enda v\u00e4rvidega. Jahip\u00fckste v\u00f6\u00f6koht on tehtud taga pool ...\" \/>\n<meta name=\"robots\" content=\"index, follow, max-snippet:-1, max-image-preview:large, max-video-preview:-1\" \/>\n<link rel=\"canonical\" href=\"https:\/\/elavtuli.ee\/en\/shop\/hunting-hiking-clothes\/men\/trousers\/hunting-pants-northern-hunting-thor-balder\/\" \/>\n<meta property=\"og:locale\" content=\"en_US\" \/>\n<meta property=\"og:type\" content=\"article\" \/>\n<meta property=\"og:title\" content=\"Hunting Pants Northern Hunting &quot;Thor Balder&quot; \u2013 Elav Tuli\" \/>\n<meta property=\"og:description\" content=\"\u201cThor Balder\u201d hunting pants are designed in harmonious green tones to blend with the natural colors of the environment. The waistband is higher at the back to keep the body warmer. The pants are lightly lined. The fabric is quiet and extremely durable, making these hunting pants highly versatile. The pants feature waterproof zippered ventilation openings on the sides.\" \/>\n<meta property=\"og:url\" content=\"https:\/\/elavtuli.ee\/en\/shop\/hunting-hiking-clothes\/men\/trousers\/hunting-pants-northern-hunting-thor-balder\/\" \/>\n<meta property=\"og:site_name\" content=\"Elav Tuli\" \/>\n<meta property=\"article:publisher\" content=\"https:\/\/www.facebook.com\/elavtuli\/\" \/>\n<meta property=\"article:modified_time\" content=\"2024-08-05T11:02:47+00:00\" \/>\n<meta property=\"og:image\" content=\"https:\/\/elavtuli.ee\/wp-content\/uploads\/2024\/05\/Thor-Balder_front.webp\" \/>\n\t<meta property=\"og:image:width\" content=\"1000\" \/>\n\t<meta property=\"og:image:height\" content=\"1000\" \/>\n\t<meta property=\"og:image:type\" content=\"image\/webp\" \/>\n<meta name=\"twitter:card\" content=\"summary_large_image\" \/>\n<meta name=\"twitter:label1\" content=\"Est. reading time\" \/>\n\t<meta name=\"twitter:data1\" content=\"2 minutes\" \/>\n<script type=\"application\/ld+json\" class=\"yoast-schema-graph\">{\"@context\":\"https:\/\/schema.org\",\"@graph\":[{\"@type\":\"WebPage\",\"@id\":\"https:\/\/elavtuli.ee\/en\/shop\/hunting-hiking-clothes\/men\/trousers\/hunting-pants-northern-hunting-thor-balder\/\",\"url\":\"https:\/\/elavtuli.ee\/en\/shop\/hunting-hiking-clothes\/men\/trousers\/hunting-pants-northern-hunting-thor-balder\/\",\"name\":\"Hunting Pants Northern Hunting \\\"Thor Balder\\\" \u2013 Elav Tuli\",\"isPartOf\":{\"@id\":\"https:\/\/elavtuli.ee\/en\/#website\"},\"primaryImageOfPage\":{\"@id\":\"https:\/\/elavtuli.ee\/en\/shop\/hunting-hiking-clothes\/men\/trousers\/hunting-pants-northern-hunting-thor-balder\/#primaryimage\"},\"image\":{\"@id\":\"https:\/\/elavtuli.ee\/en\/shop\/hunting-hiking-clothes\/men\/trousers\/hunting-pants-northern-hunting-thor-balder\/#primaryimage\"},\"thumbnailUrl\":\"https:\/\/elavtuli.ee\/wp-content\/uploads\/2024\/05\/Thor-Balder_front.webp\",\"datePublished\":\"2024-05-17T08:59:24+00:00\",\"dateModified\":\"2024-08-05T11:02:47+00:00\",\"description\":\"\u201cThor Balder\u201d hunting pants are designed in harmonious green tones to blend with the natural colors of the environment. The waistband is higher at the back to keep the body warmer. The pants are lightly lined. The fabric is quiet and extremely durable, making these hunting pants highly versatile. The pants feature waterproof zippered ventilation openings on the sides.\",\"breadcrumb\":{\"@id\":\"https:\/\/elavtuli.ee\/en\/shop\/hunting-hiking-clothes\/men\/trousers\/hunting-pants-northern-hunting-thor-balder\/#breadcrumb\"},\"inLanguage\":\"en-US\",\"potentialAction\":[{\"@type\":\"ReadAction\",\"target\":[\"https:\/\/elavtuli.ee\/en\/shop\/hunting-hiking-clothes\/men\/trousers\/hunting-pants-northern-hunting-thor-balder\/\"]}]},{\"@type\":\"ImageObject\",\"inLanguage\":\"en-US\",\"@id\":\"https:\/\/elavtuli.ee\/en\/shop\/hunting-hiking-clothes\/men\/trousers\/hunting-pants-northern-hunting-thor-balder\/#primaryimage\",\"url\":\"https:\/\/elavtuli.ee\/wp-content\/uploads\/2024\/05\/Thor-Balder_front.webp\",\"contentUrl\":\"https:\/\/elavtuli.ee\/wp-content\/uploads\/2024\/05\/Thor-Balder_front.webp\",\"width\":1000,\"height\":1000,\"caption\":\"Thor Balder front\"},{\"@type\":\"BreadcrumbList\",\"@id\":\"https:\/\/elavtuli.ee\/en\/shop\/hunting-hiking-clothes\/men\/trousers\/hunting-pants-northern-hunting-thor-balder\/#breadcrumb\",\"itemListElement\":[{\"@type\":\"ListItem\",\"position\":1,\"name\":\"Avaleht\",\"item\":\"https:\/\/elavtuli.ee\/en\/\"},{\"@type\":\"ListItem\",\"position\":2,\"name\":\"E-shop\",\"item\":\"https:\/\/elavtuli.ee\/en\/shop\/\"},{\"@type\":\"ListItem\",\"position\":3,\"name\":\"Hunting Pants Northern Hunting &#8220;Thor Balder&#8221;\"}]},{\"@type\":\"WebSite\",\"@id\":\"https:\/\/elavtuli.ee\/en\/#website\",\"url\":\"https:\/\/elavtuli.ee\/en\/\",\"name\":\"Elav Tuli\",\"description\":\"Kvaliteetsed biokaminad Belgiast\",\"publisher\":{\"@id\":\"https:\/\/elavtuli.ee\/en\/#organization\"},\"alternateName\":\"elavtuli\",\"potentialAction\":[{\"@type\":\"SearchAction\",\"target\":{\"@type\":\"EntryPoint\",\"urlTemplate\":\"https:\/\/elavtuli.ee\/en\/?s={search_term_string}\"},\"query-input\":{\"@type\":\"PropertyValueSpecification\",\"valueRequired\":true,\"valueName\":\"search_term_string\"}}],\"inLanguage\":\"en-US\"},{\"@type\":\"Organization\",\"@id\":\"https:\/\/elavtuli.ee\/en\/#organization\",\"name\":\"Elav Tuli\",\"url\":\"https:\/\/elavtuli.ee\/en\/\",\"logo\":{\"@type\":\"ImageObject\",\"inLanguage\":\"en-US\",\"@id\":\"https:\/\/elavtuli.ee\/en\/#\/schema\/logo\/image\/\",\"url\":\"https:\/\/elavtuli.ee\/wp-content\/uploads\/2021\/03\/must_logo.png\",\"contentUrl\":\"https:\/\/elavtuli.ee\/wp-content\/uploads\/2021\/03\/must_logo.png\",\"width\":700,\"height\":700,\"caption\":\"Elav Tuli\"},\"image\":{\"@id\":\"https:\/\/elavtuli.ee\/en\/#\/schema\/logo\/image\/\"},\"sameAs\":[\"https:\/\/www.facebook.com\/elavtuli\/\",\"https:\/\/www.instagram.com\/elavtuli\/\"]}]}<\/script>\n<!-- \/ Yoast SEO plugin. -->","yoast_head_json":{"title":"Hunting Pants Northern Hunting \"Thor Balder\" \u2013 Elav Tuli","description":"\u201cThor Balder\u201d jahip\u00fcksid on disainitud harmoonilistes rohelistes toonides sobitumaks looduse enda v\u00e4rvidega. Jahip\u00fckste v\u00f6\u00f6koht on tehtud taga pool ...","robots":{"index":"index","follow":"follow","max-snippet":"max-snippet:-1","max-image-preview":"max-image-preview:large","max-video-preview":"max-video-preview:-1"},"canonical":"https:\/\/elavtuli.ee\/en\/shop\/hunting-hiking-clothes\/men\/trousers\/hunting-pants-northern-hunting-thor-balder\/","og_locale":"en_US","og_type":"article","og_title":"Hunting Pants Northern Hunting \"Thor Balder\" \u2013 Elav Tuli","og_description":"\u201cThor Balder\u201d hunting pants are designed in harmonious green tones to blend with the natural colors of the environment. The waistband is higher at the back to keep the body warmer. The pants are lightly lined. The fabric is quiet and extremely durable, making these hunting pants highly versatile. The pants feature waterproof zippered ventilation openings on the sides.","og_url":"https:\/\/elavtuli.ee\/en\/shop\/hunting-hiking-clothes\/men\/trousers\/hunting-pants-northern-hunting-thor-balder\/","og_site_name":"Elav Tuli","article_publisher":"https:\/\/www.facebook.com\/elavtuli\/","article_modified_time":"2024-08-05T11:02:47+00:00","og_image":[{"width":1000,"height":1000,"url":"https:\/\/elavtuli.ee\/wp-content\/uploads\/2024\/05\/Thor-Balder_front.webp","type":"image\/webp"}],"twitter_card":"summary_large_image","twitter_misc":{"Est. reading time":"2 minutes"},"schema":{"@context":"https:\/\/schema.org","@graph":[{"@type":"WebPage","@id":"https:\/\/elavtuli.ee\/en\/shop\/hunting-hiking-clothes\/men\/trousers\/hunting-pants-northern-hunting-thor-balder\/","url":"https:\/\/elavtuli.ee\/en\/shop\/hunting-hiking-clothes\/men\/trousers\/hunting-pants-northern-hunting-thor-balder\/","name":"Hunting Pants Northern Hunting \"Thor Balder\" \u2013 Elav Tuli","isPartOf":{"@id":"https:\/\/elavtuli.ee\/en\/#website"},"primaryImageOfPage":{"@id":"https:\/\/elavtuli.ee\/en\/shop\/hunting-hiking-clothes\/men\/trousers\/hunting-pants-northern-hunting-thor-balder\/#primaryimage"},"image":{"@id":"https:\/\/elavtuli.ee\/en\/shop\/hunting-hiking-clothes\/men\/trousers\/hunting-pants-northern-hunting-thor-balder\/#primaryimage"},"thumbnailUrl":"https:\/\/elavtuli.ee\/wp-content\/uploads\/2024\/05\/Thor-Balder_front.webp","datePublished":"2024-05-17T08:59:24+00:00","dateModified":"2024-08-05T11:02:47+00:00","description":"\u201cThor Balder\u201d hunting pants are designed in harmonious green tones to blend with the natural colors of the environment. The waistband is higher at the back to keep the body warmer. The pants are lightly lined. The fabric is quiet and extremely durable, making these hunting pants highly versatile. The pants feature waterproof zippered ventilation openings on the sides.","breadcrumb":{"@id":"https:\/\/elavtuli.ee\/en\/shop\/hunting-hiking-clothes\/men\/trousers\/hunting-pants-northern-hunting-thor-balder\/#breadcrumb"},"inLanguage":"en-US","potentialAction":[{"@type":"ReadAction","target":["https:\/\/elavtuli.ee\/en\/shop\/hunting-hiking-clothes\/men\/trousers\/hunting-pants-northern-hunting-thor-balder\/"]}]},{"@type":"ImageObject","inLanguage":"en-US","@id":"https:\/\/elavtuli.ee\/en\/shop\/hunting-hiking-clothes\/men\/trousers\/hunting-pants-northern-hunting-thor-balder\/#primaryimage","url":"https:\/\/elavtuli.ee\/wp-content\/uploads\/2024\/05\/Thor-Balder_front.webp","contentUrl":"https:\/\/elavtuli.ee\/wp-content\/uploads\/2024\/05\/Thor-Balder_front.webp","width":1000,"height":1000,"caption":"Thor Balder front"},{"@type":"BreadcrumbList","@id":"https:\/\/elavtuli.ee\/en\/shop\/hunting-hiking-clothes\/men\/trousers\/hunting-pants-northern-hunting-thor-balder\/#breadcrumb","itemListElement":[{"@type":"ListItem","position":1,"name":"Avaleht","item":"https:\/\/elavtuli.ee\/en\/"},{"@type":"ListItem","position":2,"name":"E-shop","item":"https:\/\/elavtuli.ee\/en\/shop\/"},{"@type":"ListItem","position":3,"name":"Hunting Pants Northern Hunting &#8220;Thor Balder&#8221;"}]},{"@type":"WebSite","@id":"https:\/\/elavtuli.ee\/en\/#website","url":"https:\/\/elavtuli.ee\/en\/","name":"Elav Tuli","description":"Kvaliteetsed biokaminad Belgiast","publisher":{"@id":"https:\/\/elavtuli.ee\/en\/#organization"},"alternateName":"elavtuli","potentialAction":[{"@type":"SearchAction","target":{"@type":"EntryPoint","urlTemplate":"https:\/\/elavtuli.ee\/en\/?s={search_term_string}"},"query-input":{"@type":"PropertyValueSpecification","valueRequired":true,"valueName":"search_term_string"}}],"inLanguage":"en-US"},{"@type":"Organization","@id":"https:\/\/elavtuli.ee\/en\/#organization","name":"Elav Tuli","url":"https:\/\/elavtuli.ee\/en\/","logo":{"@type":"ImageObject","inLanguage":"en-US","@id":"https:\/\/elavtuli.ee\/en\/#\/schema\/logo\/image\/","url":"https:\/\/elavtuli.ee\/wp-content\/uploads\/2021\/03\/must_logo.png","contentUrl":"https:\/\/elavtuli.ee\/wp-content\/uploads\/2021\/03\/must_logo.png","width":700,"height":700,"caption":"Elav Tuli"},"image":{"@id":"https:\/\/elavtuli.ee\/en\/#\/schema\/logo\/image\/"},"sameAs":["https:\/\/www.facebook.com\/elavtuli\/","https:\/\/www.instagram.com\/elavtuli\/"]}]}},"_links":{"self":[{"href":"https:\/\/elavtuli.ee\/en\/wp-json\/wp\/v2\/product\/17648","targetHints":{"allow":["GET"]}}],"collection":[{"href":"https:\/\/elavtuli.ee\/en\/wp-json\/wp\/v2\/product"}],"about":[{"href":"https:\/\/elavtuli.ee\/en\/wp-json\/wp\/v2\/types\/product"}],"replies":[{"embeddable":true,"href":"https:\/\/elavtuli.ee\/en\/wp-json\/wp\/v2\/comments?post=17648"}],"wp:featuredmedia":[{"embeddable":true,"href":"https:\/\/elavtuli.ee\/en\/wp-json\/wp\/v2\/media\/12146"}],"wp:attachment":[{"href":"https:\/\/elavtuli.ee\/en\/wp-json\/wp\/v2\/media?parent=17648"}],"wp:term":[{"taxonomy":"product_brand","embeddable":true,"href":"https:\/\/elavtuli.ee\/en\/wp-json\/wp\/v2\/product_brand?post=17648"},{"taxonomy":"product_cat","embeddable":true,"href":"https:\/\/elavtuli.ee\/en\/wp-json\/wp\/v2\/product_cat?post=17648"},{"taxonomy":"product_tag","embeddable":true,"href":"https:\/\/elavtuli.ee\/en\/wp-json\/wp\/v2\/product_tag?post=17648"},{"taxonomy":"woo-feed-brand","embeddable":true,"href":"https:\/\/elavtuli.ee\/en\/wp-json\/wp\/v2\/woo-feed-brand?post=17648"}],"curies":[{"name":"wp","href":"https:\/\/api.w.org\/{rel}","templated":true}]}}