{"id":17662,"date":"2024-05-07T14:48:22","date_gmt":"2024-05-07T11:48:22","guid":{"rendered":"https:\/\/elavtuli.ee\/shop\/uncategorized\/suspenders-northern-hunting-hjalm\/"},"modified":"2024-08-05T14:06:19","modified_gmt":"2024-08-05T11:06:19","slug":"suspenders-northern-hunting-hjalm","status":"publish","type":"product","link":"https:\/\/elavtuli.ee\/en\/shop\/hunting-hiking-clothes\/men\/trousers\/suspenders-northern-hunting-hjalm\/","title":{"rendered":"Suspenders Northern Hunting &#8220;Hjalm&#8221;"},"content":{"rendered":"<p>&#8220;<strong>Hjalm<\/strong>&#8221; Universal Suspenders for Hunting and Outdoor Activities<br \/>The &#8220;Hjalm&#8221; suspenders are perfect for all types of hunting and hiking pants. They feature leather details made from 100% genuine leather. The suspenders are highly elastic and can be attached to hunting pants using both universal clips suitable for all hunting and hiking trousers, as well as specialized quick-release fasteners for Northern Hunting pants (as shown in the pictures).  All Northern Hunting hunting and hiking clothes come with a five-year manufacturer&#8217;s warranty! <strong>Materials:<\/strong><\/p>\n<ul>\n<li>80% Polyester<\/li>\n<li>20% Elastane<\/li>\n<li>Leather details 100% leather<\/li>\n<\/ul>\n<p><strong>Functions:<\/strong><\/p>\n<ul>\n<li>Quick-Release Fastener for Northern Hunting Pants<\/li>\n<li>Leather details<\/li>\n<li>Stretch material<\/li>\n<li>Adjustable length<\/li>\n<li>Extremly durable<\/li>\n<\/ul>\n<p>The keywords for <a href=\"http:\/\/www.northernhunting.com\">Northern Hunting&#8217;<\/a>s hunting and hiking clothes are: <\/p>\n<ul>\n<li><strong>Functionality. <\/strong> Northern Hunting focuses on continually improving the functional features of their product collection to meet the expectations and needs of hunters and hikers to the maximum extent.<\/li>\n<li><strong>Innovativeness<\/strong>. In the hunting and hiking clothing market, innovativeness primarily means creative design solutions and top-tier materials, which Northern Hunting skillfully combines to create a flawless whole.<\/li>\n<li><strong>Durabiliy<\/strong>. Both hikers and hunters often face extreme weather conditions and environments when stepping outside. Therefore, the company pays great attention to the durability of its functional and innovative hunting and camping clothes. To affirm this, Northern Hunting offers a <strong>5-year warranty <\/strong>on all its products.<\/li>\n<li><strong>Affordability<\/strong>. The creators of Northern Hunting&#8217;s hunting and hiking clothes design their products for the forest and trail, not for exclusive boutique displays. Therefore, they pay great attention to the price-quality ratio of materials to make their products accessible to every hiker and hunter.<\/li>\n<li><strong>Perfection pursuit.<\/strong> Northern Hunting has always strived to create uncompromisingly high-quality hunting and hiking clothes. To achieve this goal, they are very grateful for any feedback that helps improve their products. As the importer of Northern Hunting hunting and hiking clothing, ELAV TULI welcomes suggestions for product improvements with gratitude and pleasure at the phone number &#8230; and email address &#8230; . Call, <a href=\"https:\/\/elavtuli.ee\/kontakt\/\">write<\/a>, criticize, or pat on the back \u2013 no reasonable suggestion will go unnoticed.<\/li>\n<\/ul>\n","protected":false},"excerpt":{"rendered":"<p>The leather details of the &#8220;Hjalm&#8221; suspenders are made from 100% genuine leather. These suspenders are highly elastic and can be attached to hunting pants using both universal clips, suitable for all hunting and hiking pants, and special quick-release fasteners designed for Northern Hunting pants (as shown in the images). <\/p>\n","protected":false},"featured_media":12152,"comment_status":"closed","ping_status":"closed","template":"","meta":{"_acf_changed":false,"om_disable_all_campaigns":false,"_uf_show_specific_survey":0,"_uf_disable_surveys":false},"product_brand":[],"product_cat":[802,808],"product_tag":[848,849,856],"woo-feed-brand":[],"class_list":{"0":"post-17662","1":"product","2":"type-product","3":"status-publish","4":"has-post-thumbnail","6":"product_cat-hunting-hiking-clothes","7":"product_cat-trousers","8":"product_tag-jahiriided","9":"product_tag-matkariided","10":"product_tag-northern-hunting","12":"first","13":"onbackorder","14":"featured","15":"taxable","16":"shipping-taxable","17":"purchasable","18":"product-type-simple"},"acf":[],"yoast_head":"<!-- This site is optimized with the Yoast SEO plugin v27.2 - https:\/\/yoast.com\/product\/yoast-seo-wordpress\/ -->\n<title>Suspenders Northern Hunting &quot;Hjalm&quot; \u2013 Elav Tuli<\/title>\n<meta name=\"description\" content=\"\u201eHjalm\u201c Trakside nahkdetailid on valmistatud 100% nahast. Traksid on \u00fclimalt venivad ja kinnitatavad jahip\u00fckstele nii universaalsete klambritega k\u00f5igi...\" \/>\n<meta name=\"robots\" content=\"index, follow, max-snippet:-1, max-image-preview:large, max-video-preview:-1\" \/>\n<link rel=\"canonical\" href=\"https:\/\/elavtuli.ee\/en\/shop\/hunting-hiking-clothes\/men\/trousers\/suspenders-northern-hunting-hjalm\/\" \/>\n<meta property=\"og:locale\" content=\"en_US\" \/>\n<meta property=\"og:type\" content=\"article\" \/>\n<meta property=\"og:title\" content=\"Suspenders Northern Hunting &quot;Hjalm&quot; \u2013 Elav Tuli\" \/>\n<meta property=\"og:description\" content=\"The leather details of the &quot;Hjalm&quot; suspenders are made from 100% genuine leather. These suspenders are highly elastic and can be attached to hunting pants using both universal clips, suitable for all hunting and hiking pants, and special quick-release fasteners designed for Northern Hunting pants (as shown in the images).\" \/>\n<meta property=\"og:url\" content=\"https:\/\/elavtuli.ee\/en\/shop\/hunting-hiking-clothes\/men\/trousers\/suspenders-northern-hunting-hjalm\/\" \/>\n<meta property=\"og:site_name\" content=\"Elav Tuli\" \/>\n<meta property=\"article:publisher\" content=\"https:\/\/www.facebook.com\/elavtuli\/\" \/>\n<meta property=\"article:modified_time\" content=\"2024-08-05T11:06:19+00:00\" \/>\n<meta property=\"og:image\" content=\"https:\/\/elavtuli.ee\/wp-content\/uploads\/2024\/05\/Hjalm_front.webp\" \/>\n\t<meta property=\"og:image:width\" content=\"1000\" \/>\n\t<meta property=\"og:image:height\" content=\"1000\" \/>\n\t<meta property=\"og:image:type\" content=\"image\/webp\" \/>\n<meta name=\"twitter:card\" content=\"summary_large_image\" \/>\n<meta name=\"twitter:label1\" content=\"Est. reading time\" \/>\n\t<meta name=\"twitter:data1\" content=\"2 minutes\" \/>\n<script type=\"application\/ld+json\" class=\"yoast-schema-graph\">{\"@context\":\"https:\/\/schema.org\",\"@graph\":[{\"@type\":\"WebPage\",\"@id\":\"https:\/\/elavtuli.ee\/en\/shop\/hunting-hiking-clothes\/men\/trousers\/suspenders-northern-hunting-hjalm\/\",\"url\":\"https:\/\/elavtuli.ee\/en\/shop\/hunting-hiking-clothes\/men\/trousers\/suspenders-northern-hunting-hjalm\/\",\"name\":\"Suspenders Northern Hunting \\\"Hjalm\\\" \u2013 Elav Tuli\",\"isPartOf\":{\"@id\":\"https:\/\/elavtuli.ee\/en\/#website\"},\"primaryImageOfPage\":{\"@id\":\"https:\/\/elavtuli.ee\/en\/shop\/hunting-hiking-clothes\/men\/trousers\/suspenders-northern-hunting-hjalm\/#primaryimage\"},\"image\":{\"@id\":\"https:\/\/elavtuli.ee\/en\/shop\/hunting-hiking-clothes\/men\/trousers\/suspenders-northern-hunting-hjalm\/#primaryimage\"},\"thumbnailUrl\":\"https:\/\/elavtuli.ee\/wp-content\/uploads\/2024\/05\/Hjalm_front.webp\",\"datePublished\":\"2024-05-07T11:48:22+00:00\",\"dateModified\":\"2024-08-05T11:06:19+00:00\",\"description\":\"The leather details of the \\\"Hjalm\\\" suspenders are made from 100% genuine leather. These suspenders are highly elastic and can be attached to hunting pants using both universal clips, suitable for all hunting and hiking pants, and special quick-release fasteners designed for Northern Hunting pants (as shown in the images).\",\"breadcrumb\":{\"@id\":\"https:\/\/elavtuli.ee\/en\/shop\/hunting-hiking-clothes\/men\/trousers\/suspenders-northern-hunting-hjalm\/#breadcrumb\"},\"inLanguage\":\"en-US\",\"potentialAction\":[{\"@type\":\"ReadAction\",\"target\":[\"https:\/\/elavtuli.ee\/en\/shop\/hunting-hiking-clothes\/men\/trousers\/suspenders-northern-hunting-hjalm\/\"]}]},{\"@type\":\"ImageObject\",\"inLanguage\":\"en-US\",\"@id\":\"https:\/\/elavtuli.ee\/en\/shop\/hunting-hiking-clothes\/men\/trousers\/suspenders-northern-hunting-hjalm\/#primaryimage\",\"url\":\"https:\/\/elavtuli.ee\/wp-content\/uploads\/2024\/05\/Hjalm_front.webp\",\"contentUrl\":\"https:\/\/elavtuli.ee\/wp-content\/uploads\/2024\/05\/Hjalm_front.webp\",\"width\":1000,\"height\":1000,\"caption\":\"Hjalm front\"},{\"@type\":\"BreadcrumbList\",\"@id\":\"https:\/\/elavtuli.ee\/en\/shop\/hunting-hiking-clothes\/men\/trousers\/suspenders-northern-hunting-hjalm\/#breadcrumb\",\"itemListElement\":[{\"@type\":\"ListItem\",\"position\":1,\"name\":\"Avaleht\",\"item\":\"https:\/\/elavtuli.ee\/en\/\"},{\"@type\":\"ListItem\",\"position\":2,\"name\":\"E-shop\",\"item\":\"https:\/\/elavtuli.ee\/en\/shop\/\"},{\"@type\":\"ListItem\",\"position\":3,\"name\":\"Suspenders Northern Hunting &#8220;Hjalm&#8221;\"}]},{\"@type\":\"WebSite\",\"@id\":\"https:\/\/elavtuli.ee\/en\/#website\",\"url\":\"https:\/\/elavtuli.ee\/en\/\",\"name\":\"Elav Tuli\",\"description\":\"Kvaliteetsed biokaminad Belgiast\",\"publisher\":{\"@id\":\"https:\/\/elavtuli.ee\/en\/#organization\"},\"alternateName\":\"elavtuli\",\"potentialAction\":[{\"@type\":\"SearchAction\",\"target\":{\"@type\":\"EntryPoint\",\"urlTemplate\":\"https:\/\/elavtuli.ee\/en\/?s={search_term_string}\"},\"query-input\":{\"@type\":\"PropertyValueSpecification\",\"valueRequired\":true,\"valueName\":\"search_term_string\"}}],\"inLanguage\":\"en-US\"},{\"@type\":\"Organization\",\"@id\":\"https:\/\/elavtuli.ee\/en\/#organization\",\"name\":\"Elav Tuli\",\"url\":\"https:\/\/elavtuli.ee\/en\/\",\"logo\":{\"@type\":\"ImageObject\",\"inLanguage\":\"en-US\",\"@id\":\"https:\/\/elavtuli.ee\/en\/#\/schema\/logo\/image\/\",\"url\":\"https:\/\/elavtuli.ee\/wp-content\/uploads\/2021\/03\/must_logo.png\",\"contentUrl\":\"https:\/\/elavtuli.ee\/wp-content\/uploads\/2021\/03\/must_logo.png\",\"width\":700,\"height\":700,\"caption\":\"Elav Tuli\"},\"image\":{\"@id\":\"https:\/\/elavtuli.ee\/en\/#\/schema\/logo\/image\/\"},\"sameAs\":[\"https:\/\/www.facebook.com\/elavtuli\/\",\"https:\/\/www.instagram.com\/elavtuli\/\"]}]}<\/script>\n<!-- \/ Yoast SEO plugin. -->","yoast_head_json":{"title":"Suspenders Northern Hunting \"Hjalm\" \u2013 Elav Tuli","description":"\u201eHjalm\u201c Trakside nahkdetailid on valmistatud 100% nahast. Traksid on \u00fclimalt venivad ja kinnitatavad jahip\u00fckstele nii universaalsete klambritega k\u00f5igi...","robots":{"index":"index","follow":"follow","max-snippet":"max-snippet:-1","max-image-preview":"max-image-preview:large","max-video-preview":"max-video-preview:-1"},"canonical":"https:\/\/elavtuli.ee\/en\/shop\/hunting-hiking-clothes\/men\/trousers\/suspenders-northern-hunting-hjalm\/","og_locale":"en_US","og_type":"article","og_title":"Suspenders Northern Hunting \"Hjalm\" \u2013 Elav Tuli","og_description":"The leather details of the \"Hjalm\" suspenders are made from 100% genuine leather. These suspenders are highly elastic and can be attached to hunting pants using both universal clips, suitable for all hunting and hiking pants, and special quick-release fasteners designed for Northern Hunting pants (as shown in the images).","og_url":"https:\/\/elavtuli.ee\/en\/shop\/hunting-hiking-clothes\/men\/trousers\/suspenders-northern-hunting-hjalm\/","og_site_name":"Elav Tuli","article_publisher":"https:\/\/www.facebook.com\/elavtuli\/","article_modified_time":"2024-08-05T11:06:19+00:00","og_image":[{"width":1000,"height":1000,"url":"https:\/\/elavtuli.ee\/wp-content\/uploads\/2024\/05\/Hjalm_front.webp","type":"image\/webp"}],"twitter_card":"summary_large_image","twitter_misc":{"Est. reading time":"2 minutes"},"schema":{"@context":"https:\/\/schema.org","@graph":[{"@type":"WebPage","@id":"https:\/\/elavtuli.ee\/en\/shop\/hunting-hiking-clothes\/men\/trousers\/suspenders-northern-hunting-hjalm\/","url":"https:\/\/elavtuli.ee\/en\/shop\/hunting-hiking-clothes\/men\/trousers\/suspenders-northern-hunting-hjalm\/","name":"Suspenders Northern Hunting \"Hjalm\" \u2013 Elav Tuli","isPartOf":{"@id":"https:\/\/elavtuli.ee\/en\/#website"},"primaryImageOfPage":{"@id":"https:\/\/elavtuli.ee\/en\/shop\/hunting-hiking-clothes\/men\/trousers\/suspenders-northern-hunting-hjalm\/#primaryimage"},"image":{"@id":"https:\/\/elavtuli.ee\/en\/shop\/hunting-hiking-clothes\/men\/trousers\/suspenders-northern-hunting-hjalm\/#primaryimage"},"thumbnailUrl":"https:\/\/elavtuli.ee\/wp-content\/uploads\/2024\/05\/Hjalm_front.webp","datePublished":"2024-05-07T11:48:22+00:00","dateModified":"2024-08-05T11:06:19+00:00","description":"The leather details of the \"Hjalm\" suspenders are made from 100% genuine leather. These suspenders are highly elastic and can be attached to hunting pants using both universal clips, suitable for all hunting and hiking pants, and special quick-release fasteners designed for Northern Hunting pants (as shown in the images).","breadcrumb":{"@id":"https:\/\/elavtuli.ee\/en\/shop\/hunting-hiking-clothes\/men\/trousers\/suspenders-northern-hunting-hjalm\/#breadcrumb"},"inLanguage":"en-US","potentialAction":[{"@type":"ReadAction","target":["https:\/\/elavtuli.ee\/en\/shop\/hunting-hiking-clothes\/men\/trousers\/suspenders-northern-hunting-hjalm\/"]}]},{"@type":"ImageObject","inLanguage":"en-US","@id":"https:\/\/elavtuli.ee\/en\/shop\/hunting-hiking-clothes\/men\/trousers\/suspenders-northern-hunting-hjalm\/#primaryimage","url":"https:\/\/elavtuli.ee\/wp-content\/uploads\/2024\/05\/Hjalm_front.webp","contentUrl":"https:\/\/elavtuli.ee\/wp-content\/uploads\/2024\/05\/Hjalm_front.webp","width":1000,"height":1000,"caption":"Hjalm front"},{"@type":"BreadcrumbList","@id":"https:\/\/elavtuli.ee\/en\/shop\/hunting-hiking-clothes\/men\/trousers\/suspenders-northern-hunting-hjalm\/#breadcrumb","itemListElement":[{"@type":"ListItem","position":1,"name":"Avaleht","item":"https:\/\/elavtuli.ee\/en\/"},{"@type":"ListItem","position":2,"name":"E-shop","item":"https:\/\/elavtuli.ee\/en\/shop\/"},{"@type":"ListItem","position":3,"name":"Suspenders Northern Hunting &#8220;Hjalm&#8221;"}]},{"@type":"WebSite","@id":"https:\/\/elavtuli.ee\/en\/#website","url":"https:\/\/elavtuli.ee\/en\/","name":"Elav Tuli","description":"Kvaliteetsed biokaminad Belgiast","publisher":{"@id":"https:\/\/elavtuli.ee\/en\/#organization"},"alternateName":"elavtuli","potentialAction":[{"@type":"SearchAction","target":{"@type":"EntryPoint","urlTemplate":"https:\/\/elavtuli.ee\/en\/?s={search_term_string}"},"query-input":{"@type":"PropertyValueSpecification","valueRequired":true,"valueName":"search_term_string"}}],"inLanguage":"en-US"},{"@type":"Organization","@id":"https:\/\/elavtuli.ee\/en\/#organization","name":"Elav Tuli","url":"https:\/\/elavtuli.ee\/en\/","logo":{"@type":"ImageObject","inLanguage":"en-US","@id":"https:\/\/elavtuli.ee\/en\/#\/schema\/logo\/image\/","url":"https:\/\/elavtuli.ee\/wp-content\/uploads\/2021\/03\/must_logo.png","contentUrl":"https:\/\/elavtuli.ee\/wp-content\/uploads\/2021\/03\/must_logo.png","width":700,"height":700,"caption":"Elav Tuli"},"image":{"@id":"https:\/\/elavtuli.ee\/en\/#\/schema\/logo\/image\/"},"sameAs":["https:\/\/www.facebook.com\/elavtuli\/","https:\/\/www.instagram.com\/elavtuli\/"]}]}},"_links":{"self":[{"href":"https:\/\/elavtuli.ee\/en\/wp-json\/wp\/v2\/product\/17662","targetHints":{"allow":["GET"]}}],"collection":[{"href":"https:\/\/elavtuli.ee\/en\/wp-json\/wp\/v2\/product"}],"about":[{"href":"https:\/\/elavtuli.ee\/en\/wp-json\/wp\/v2\/types\/product"}],"replies":[{"embeddable":true,"href":"https:\/\/elavtuli.ee\/en\/wp-json\/wp\/v2\/comments?post=17662"}],"wp:featuredmedia":[{"embeddable":true,"href":"https:\/\/elavtuli.ee\/en\/wp-json\/wp\/v2\/media\/12152"}],"wp:attachment":[{"href":"https:\/\/elavtuli.ee\/en\/wp-json\/wp\/v2\/media?parent=17662"}],"wp:term":[{"taxonomy":"product_brand","embeddable":true,"href":"https:\/\/elavtuli.ee\/en\/wp-json\/wp\/v2\/product_brand?post=17662"},{"taxonomy":"product_cat","embeddable":true,"href":"https:\/\/elavtuli.ee\/en\/wp-json\/wp\/v2\/product_cat?post=17662"},{"taxonomy":"product_tag","embeddable":true,"href":"https:\/\/elavtuli.ee\/en\/wp-json\/wp\/v2\/product_tag?post=17662"},{"taxonomy":"woo-feed-brand","embeddable":true,"href":"https:\/\/elavtuli.ee\/en\/wp-json\/wp\/v2\/woo-feed-brand?post=17662"}],"curies":[{"name":"wp","href":"https:\/\/api.w.org\/{rel}","templated":true}]}}