{"id":17678,"date":"2024-05-07T12:27:50","date_gmt":"2024-05-07T09:27:50","guid":{"rendered":"https:\/\/elavtuli.ee\/shop\/uncategorized\/shorts-northern-hunting-asger-pro\/"},"modified":"2024-08-05T14:18:11","modified_gmt":"2024-08-05T11:18:11","slug":"shorts-northern-hunting-asger-pro","status":"publish","type":"product","link":"https:\/\/elavtuli.ee\/en\/shop\/hunting-hiking-clothes\/men\/trousers\/shorts-northern-hunting-asger-pro\/","title":{"rendered":"Shorts Northern Hunting &#8220;Asger Pro&#8221;"},"content":{"rendered":"<p>The EXPLORER series includes the \u201cAsger Pro\u201d shorts, designed for hiking, hunting, and other outdoor activities. Perfect for active days in nature, the \u201cAsger Pro\u201d shorts are developed for adventurous nature lovers who embark on demanding treks and challenges. These shorts offer exceptional durability and stretch, ensuring maximum comfort without compromising on durability. They feature various attributes: attachment loops, an adjustable waistband, a phone pocket, four multifunctional pockets, and are prepared for use with the \u201cHjalm\u201d strap quick-release system. The shorts are fully OEKO-TEX\u00ae 100 certified. Designed for both hunting and outdoor movement during the summer, the \u201cAsger Pro\u201d shorts provide incredible freedom of movement due to their stretchable materials.<\/p>\n<p>        The OEKO-TEX\u00ae STANDARD 100 certification ensures that the product and its materials have been checked and tested for harmful substances. This makes the product completely safe for human health. The certificate is issued by the independent OEKO-TEX\u00ae institute.   In the development of the EXPLORER series of long and short hiking pants, special attention has been given to the product&#8217;s breathability, stretch, and durability to ensure comfort and longevity even in the most demanding conditions. All EXPLORER series products are fully OEKO-TEX\u00ae STANDARD 100 certified. The material is extremely durable. All Northern Hunting hunting and hiking apparel comes with a five-year manufacturer\u2019s warranty!<br \/><strong>Materials<\/strong>: Main Fabric:    <\/p>\n<ul>\n<li>65% Polyester<\/li>\n<li>35% Cotton<\/li>\n<\/ul>\n<p> Contrast Fabric <\/p>\n<ul>\n<li>90% Polyamide<\/li>\n<li>10% Elastane<\/li>\n<\/ul>\n<p> Functions: <\/p>\n<ul>\n<li>PFC-Free DWR<\/li>\n<li>Oeko-tex 100<\/li>\n<li>Breathable<\/li>\n<li>Water-repellent<\/li>\n<li>Stretchy<\/li>\n<li>Durable<\/li>\n<\/ul>\n<p>The keywords for <a href=\"http:\/\/www.northernhunting.com\">Northern Hunting&#8217;<\/a>s hunting and hiking clothes are: <\/p>\n<ul>\n<li><strong>Functionality. <\/strong> Northern Hunting focuses on continually improving the functional features of their product collection to meet the expectations and needs of hunters and hikers to the maximum extent.<\/li>\n<li><strong>Innovativeness<\/strong>. In the hunting and hiking clothing market, innovativeness primarily means creative design solutions and top-tier materials, which Northern Hunting skillfully combines to create a flawless whole.<\/li>\n<li><strong>Durabiliy<\/strong>. Both hikers and hunters often face extreme weather conditions and environments when stepping outside. Therefore, the company pays great attention to the durability of its functional and innovative hunting and camping clothes. To affirm this, Northern Hunting offers a <strong>5-year warranty <\/strong>on all its products.<\/li>\n<li><strong>Affordability<\/strong>. The creators of Northern Hunting&#8217;s hunting and hiking clothes design their products for the forest and trail, not for exclusive boutique displays. Therefore, they pay great attention to the price-quality ratio of materials to make their products accessible to every hiker and hunter.<\/li>\n<li><strong>Perfection pursuit.<\/strong> Northern Hunting has always strived to create uncompromisingly high-quality hunting and hiking clothes. To achieve this goal, they are very grateful for any feedback that helps improve their products. As the importer of Northern Hunting hunting and hiking clothing, ELAV TULI welcomes suggestions for product improvements with gratitude and pleasure at the phone number &#8230; and email address &#8230; . Call, <a href=\"https:\/\/elavtuli.ee\/kontakt\/\">write<\/a>, criticize, or pat on the back \u2013 no reasonable suggestion will go unnoticed.<\/li>\n<\/ul>\n<ul>\n<li style=\"list-style-type: none;\">\n<\/li>\n<\/ul>\n","protected":false},"excerpt":{"rendered":"<p>The \u201cAsger Pro\u201d shorts are designed for adventurous nature enthusiasts who take on demanding treks and challenges in the outdoors. The durability and stretch of the shorts have been optimized to ensure exceptional comfort without compromising on resilience. <\/p>\n","protected":false},"featured_media":11679,"comment_status":"closed","ping_status":"closed","template":"","meta":{"_acf_changed":false,"om_disable_all_campaigns":false,"_uf_show_specific_survey":0,"_uf_disable_surveys":false},"product_brand":[],"product_cat":[802,808],"product_tag":[847,848,844,849,856],"woo-feed-brand":[],"class_list":{"0":"post-17678","1":"product","2":"type-product","3":"status-publish","4":"has-post-thumbnail","6":"product_cat-hunting-hiking-clothes","7":"product_cat-trousers","8":"product_tag-jahipuksid","9":"product_tag-jahiriided","10":"product_tag-matkapuksid","11":"product_tag-matkariided","12":"product_tag-northern-hunting","14":"first","15":"instock","16":"taxable","17":"shipping-taxable","18":"purchasable","19":"product-type-variable","20":"has-default-attributes"},"acf":[],"yoast_head":"<!-- This site is optimized with the Yoast SEO plugin v27.2 - https:\/\/yoast.com\/product\/yoast-seo-wordpress\/ -->\n<title>Shorts Northern Hunting &quot;Asger Pro&quot; \u2013 Elav Tuli<\/title>\n<meta name=\"description\" content=\"\u201cAsger Pro\u201d l\u00fchikesed p\u00fcksid on v\u00e4lja arendatud seiklushimulisele loodusarmastajale, kes v\u00f5tab ette n\u00f5udlikke retki ja v\u00e4ljakutseid looduses. P\u00fcks...\" \/>\n<meta name=\"robots\" content=\"index, follow, max-snippet:-1, max-image-preview:large, max-video-preview:-1\" \/>\n<link rel=\"canonical\" href=\"https:\/\/elavtuli.ee\/en\/shop\/hunting-hiking-clothes\/men\/trousers\/shorts-northern-hunting-asger-pro\/\" \/>\n<meta property=\"og:locale\" content=\"en_US\" \/>\n<meta property=\"og:type\" content=\"article\" \/>\n<meta property=\"og:title\" content=\"Shorts Northern Hunting &quot;Asger Pro&quot; \u2013 Elav Tuli\" \/>\n<meta property=\"og:description\" content=\"The \u201cAsger Pro\u201d shorts are designed for adventurous nature enthusiasts who take on demanding treks and challenges in the outdoors. The durability and stretch of the shorts have been optimized to ensure exceptional comfort without compromising on resilience.\" \/>\n<meta property=\"og:url\" content=\"https:\/\/elavtuli.ee\/en\/shop\/hunting-hiking-clothes\/men\/trousers\/shorts-northern-hunting-asger-pro\/\" \/>\n<meta property=\"og:site_name\" content=\"Elav Tuli\" \/>\n<meta property=\"article:publisher\" content=\"https:\/\/www.facebook.com\/elavtuli\/\" \/>\n<meta property=\"article:modified_time\" content=\"2024-08-05T11:18:11+00:00\" \/>\n<meta property=\"og:image\" content=\"https:\/\/elavtuli.ee\/wp-content\/uploads\/2024\/05\/1_1080x1350_607299-DG_ASGER-PRO_DARK-GREEN_Front-1-1.webp\" \/>\n\t<meta property=\"og:image:width\" content=\"1350\" \/>\n\t<meta property=\"og:image:height\" content=\"1350\" \/>\n\t<meta property=\"og:image:type\" content=\"image\/webp\" \/>\n<meta name=\"twitter:card\" content=\"summary_large_image\" \/>\n<meta name=\"twitter:label1\" content=\"Est. reading time\" \/>\n\t<meta name=\"twitter:data1\" content=\"2 minutes\" \/>\n<script type=\"application\/ld+json\" class=\"yoast-schema-graph\">{\"@context\":\"https:\/\/schema.org\",\"@graph\":[{\"@type\":\"WebPage\",\"@id\":\"https:\/\/elavtuli.ee\/en\/shop\/hunting-hiking-clothes\/men\/trousers\/shorts-northern-hunting-asger-pro\/\",\"url\":\"https:\/\/elavtuli.ee\/en\/shop\/hunting-hiking-clothes\/men\/trousers\/shorts-northern-hunting-asger-pro\/\",\"name\":\"Shorts Northern Hunting \\\"Asger Pro\\\" \u2013 Elav Tuli\",\"isPartOf\":{\"@id\":\"https:\/\/elavtuli.ee\/en\/#website\"},\"primaryImageOfPage\":{\"@id\":\"https:\/\/elavtuli.ee\/en\/shop\/hunting-hiking-clothes\/men\/trousers\/shorts-northern-hunting-asger-pro\/#primaryimage\"},\"image\":{\"@id\":\"https:\/\/elavtuli.ee\/en\/shop\/hunting-hiking-clothes\/men\/trousers\/shorts-northern-hunting-asger-pro\/#primaryimage\"},\"thumbnailUrl\":\"https:\/\/elavtuli.ee\/wp-content\/uploads\/2024\/05\/1_1080x1350_607299-DG_ASGER-PRO_DARK-GREEN_Front-1-1.webp\",\"datePublished\":\"2024-05-07T09:27:50+00:00\",\"dateModified\":\"2024-08-05T11:18:11+00:00\",\"description\":\"The \u201cAsger Pro\u201d shorts are designed for adventurous nature enthusiasts who take on demanding treks and challenges in the outdoors. The durability and stretch of the shorts have been optimized to ensure exceptional comfort without compromising on resilience.\",\"breadcrumb\":{\"@id\":\"https:\/\/elavtuli.ee\/en\/shop\/hunting-hiking-clothes\/men\/trousers\/shorts-northern-hunting-asger-pro\/#breadcrumb\"},\"inLanguage\":\"en-US\",\"potentialAction\":[{\"@type\":\"ReadAction\",\"target\":[\"https:\/\/elavtuli.ee\/en\/shop\/hunting-hiking-clothes\/men\/trousers\/shorts-northern-hunting-asger-pro\/\"]}]},{\"@type\":\"ImageObject\",\"inLanguage\":\"en-US\",\"@id\":\"https:\/\/elavtuli.ee\/en\/shop\/hunting-hiking-clothes\/men\/trousers\/shorts-northern-hunting-asger-pro\/#primaryimage\",\"url\":\"https:\/\/elavtuli.ee\/wp-content\/uploads\/2024\/05\/1_1080x1350_607299-DG_ASGER-PRO_DARK-GREEN_Front-1-1.webp\",\"contentUrl\":\"https:\/\/elavtuli.ee\/wp-content\/uploads\/2024\/05\/1_1080x1350_607299-DG_ASGER-PRO_DARK-GREEN_Front-1-1.webp\",\"width\":1350,\"height\":1350,\"caption\":\"1 1080x1350 607299 DG ASGER PRO DARK GREEN Front 1 1\"},{\"@type\":\"BreadcrumbList\",\"@id\":\"https:\/\/elavtuli.ee\/en\/shop\/hunting-hiking-clothes\/men\/trousers\/shorts-northern-hunting-asger-pro\/#breadcrumb\",\"itemListElement\":[{\"@type\":\"ListItem\",\"position\":1,\"name\":\"Avaleht\",\"item\":\"https:\/\/elavtuli.ee\/en\/\"},{\"@type\":\"ListItem\",\"position\":2,\"name\":\"E-shop\",\"item\":\"https:\/\/elavtuli.ee\/en\/shop\/\"},{\"@type\":\"ListItem\",\"position\":3,\"name\":\"Shorts Northern Hunting &#8220;Asger Pro&#8221;\"}]},{\"@type\":\"WebSite\",\"@id\":\"https:\/\/elavtuli.ee\/en\/#website\",\"url\":\"https:\/\/elavtuli.ee\/en\/\",\"name\":\"Elav Tuli\",\"description\":\"Kvaliteetsed biokaminad Belgiast\",\"publisher\":{\"@id\":\"https:\/\/elavtuli.ee\/en\/#organization\"},\"alternateName\":\"elavtuli\",\"potentialAction\":[{\"@type\":\"SearchAction\",\"target\":{\"@type\":\"EntryPoint\",\"urlTemplate\":\"https:\/\/elavtuli.ee\/en\/?s={search_term_string}\"},\"query-input\":{\"@type\":\"PropertyValueSpecification\",\"valueRequired\":true,\"valueName\":\"search_term_string\"}}],\"inLanguage\":\"en-US\"},{\"@type\":\"Organization\",\"@id\":\"https:\/\/elavtuli.ee\/en\/#organization\",\"name\":\"Elav Tuli\",\"url\":\"https:\/\/elavtuli.ee\/en\/\",\"logo\":{\"@type\":\"ImageObject\",\"inLanguage\":\"en-US\",\"@id\":\"https:\/\/elavtuli.ee\/en\/#\/schema\/logo\/image\/\",\"url\":\"https:\/\/elavtuli.ee\/wp-content\/uploads\/2021\/03\/must_logo.png\",\"contentUrl\":\"https:\/\/elavtuli.ee\/wp-content\/uploads\/2021\/03\/must_logo.png\",\"width\":700,\"height\":700,\"caption\":\"Elav Tuli\"},\"image\":{\"@id\":\"https:\/\/elavtuli.ee\/en\/#\/schema\/logo\/image\/\"},\"sameAs\":[\"https:\/\/www.facebook.com\/elavtuli\/\",\"https:\/\/www.instagram.com\/elavtuli\/\"]}]}<\/script>\n<!-- \/ Yoast SEO plugin. -->","yoast_head_json":{"title":"Shorts Northern Hunting \"Asger Pro\" \u2013 Elav Tuli","description":"\u201cAsger Pro\u201d l\u00fchikesed p\u00fcksid on v\u00e4lja arendatud seiklushimulisele loodusarmastajale, kes v\u00f5tab ette n\u00f5udlikke retki ja v\u00e4ljakutseid looduses. P\u00fcks...","robots":{"index":"index","follow":"follow","max-snippet":"max-snippet:-1","max-image-preview":"max-image-preview:large","max-video-preview":"max-video-preview:-1"},"canonical":"https:\/\/elavtuli.ee\/en\/shop\/hunting-hiking-clothes\/men\/trousers\/shorts-northern-hunting-asger-pro\/","og_locale":"en_US","og_type":"article","og_title":"Shorts Northern Hunting \"Asger Pro\" \u2013 Elav Tuli","og_description":"The \u201cAsger Pro\u201d shorts are designed for adventurous nature enthusiasts who take on demanding treks and challenges in the outdoors. The durability and stretch of the shorts have been optimized to ensure exceptional comfort without compromising on resilience.","og_url":"https:\/\/elavtuli.ee\/en\/shop\/hunting-hiking-clothes\/men\/trousers\/shorts-northern-hunting-asger-pro\/","og_site_name":"Elav Tuli","article_publisher":"https:\/\/www.facebook.com\/elavtuli\/","article_modified_time":"2024-08-05T11:18:11+00:00","og_image":[{"width":1350,"height":1350,"url":"https:\/\/elavtuli.ee\/wp-content\/uploads\/2024\/05\/1_1080x1350_607299-DG_ASGER-PRO_DARK-GREEN_Front-1-1.webp","type":"image\/webp"}],"twitter_card":"summary_large_image","twitter_misc":{"Est. reading time":"2 minutes"},"schema":{"@context":"https:\/\/schema.org","@graph":[{"@type":"WebPage","@id":"https:\/\/elavtuli.ee\/en\/shop\/hunting-hiking-clothes\/men\/trousers\/shorts-northern-hunting-asger-pro\/","url":"https:\/\/elavtuli.ee\/en\/shop\/hunting-hiking-clothes\/men\/trousers\/shorts-northern-hunting-asger-pro\/","name":"Shorts Northern Hunting \"Asger Pro\" \u2013 Elav Tuli","isPartOf":{"@id":"https:\/\/elavtuli.ee\/en\/#website"},"primaryImageOfPage":{"@id":"https:\/\/elavtuli.ee\/en\/shop\/hunting-hiking-clothes\/men\/trousers\/shorts-northern-hunting-asger-pro\/#primaryimage"},"image":{"@id":"https:\/\/elavtuli.ee\/en\/shop\/hunting-hiking-clothes\/men\/trousers\/shorts-northern-hunting-asger-pro\/#primaryimage"},"thumbnailUrl":"https:\/\/elavtuli.ee\/wp-content\/uploads\/2024\/05\/1_1080x1350_607299-DG_ASGER-PRO_DARK-GREEN_Front-1-1.webp","datePublished":"2024-05-07T09:27:50+00:00","dateModified":"2024-08-05T11:18:11+00:00","description":"The \u201cAsger Pro\u201d shorts are designed for adventurous nature enthusiasts who take on demanding treks and challenges in the outdoors. The durability and stretch of the shorts have been optimized to ensure exceptional comfort without compromising on resilience.","breadcrumb":{"@id":"https:\/\/elavtuli.ee\/en\/shop\/hunting-hiking-clothes\/men\/trousers\/shorts-northern-hunting-asger-pro\/#breadcrumb"},"inLanguage":"en-US","potentialAction":[{"@type":"ReadAction","target":["https:\/\/elavtuli.ee\/en\/shop\/hunting-hiking-clothes\/men\/trousers\/shorts-northern-hunting-asger-pro\/"]}]},{"@type":"ImageObject","inLanguage":"en-US","@id":"https:\/\/elavtuli.ee\/en\/shop\/hunting-hiking-clothes\/men\/trousers\/shorts-northern-hunting-asger-pro\/#primaryimage","url":"https:\/\/elavtuli.ee\/wp-content\/uploads\/2024\/05\/1_1080x1350_607299-DG_ASGER-PRO_DARK-GREEN_Front-1-1.webp","contentUrl":"https:\/\/elavtuli.ee\/wp-content\/uploads\/2024\/05\/1_1080x1350_607299-DG_ASGER-PRO_DARK-GREEN_Front-1-1.webp","width":1350,"height":1350,"caption":"1 1080x1350 607299 DG ASGER PRO DARK GREEN Front 1 1"},{"@type":"BreadcrumbList","@id":"https:\/\/elavtuli.ee\/en\/shop\/hunting-hiking-clothes\/men\/trousers\/shorts-northern-hunting-asger-pro\/#breadcrumb","itemListElement":[{"@type":"ListItem","position":1,"name":"Avaleht","item":"https:\/\/elavtuli.ee\/en\/"},{"@type":"ListItem","position":2,"name":"E-shop","item":"https:\/\/elavtuli.ee\/en\/shop\/"},{"@type":"ListItem","position":3,"name":"Shorts Northern Hunting &#8220;Asger Pro&#8221;"}]},{"@type":"WebSite","@id":"https:\/\/elavtuli.ee\/en\/#website","url":"https:\/\/elavtuli.ee\/en\/","name":"Elav Tuli","description":"Kvaliteetsed biokaminad Belgiast","publisher":{"@id":"https:\/\/elavtuli.ee\/en\/#organization"},"alternateName":"elavtuli","potentialAction":[{"@type":"SearchAction","target":{"@type":"EntryPoint","urlTemplate":"https:\/\/elavtuli.ee\/en\/?s={search_term_string}"},"query-input":{"@type":"PropertyValueSpecification","valueRequired":true,"valueName":"search_term_string"}}],"inLanguage":"en-US"},{"@type":"Organization","@id":"https:\/\/elavtuli.ee\/en\/#organization","name":"Elav Tuli","url":"https:\/\/elavtuli.ee\/en\/","logo":{"@type":"ImageObject","inLanguage":"en-US","@id":"https:\/\/elavtuli.ee\/en\/#\/schema\/logo\/image\/","url":"https:\/\/elavtuli.ee\/wp-content\/uploads\/2021\/03\/must_logo.png","contentUrl":"https:\/\/elavtuli.ee\/wp-content\/uploads\/2021\/03\/must_logo.png","width":700,"height":700,"caption":"Elav Tuli"},"image":{"@id":"https:\/\/elavtuli.ee\/en\/#\/schema\/logo\/image\/"},"sameAs":["https:\/\/www.facebook.com\/elavtuli\/","https:\/\/www.instagram.com\/elavtuli\/"]}]}},"_links":{"self":[{"href":"https:\/\/elavtuli.ee\/en\/wp-json\/wp\/v2\/product\/17678","targetHints":{"allow":["GET"]}}],"collection":[{"href":"https:\/\/elavtuli.ee\/en\/wp-json\/wp\/v2\/product"}],"about":[{"href":"https:\/\/elavtuli.ee\/en\/wp-json\/wp\/v2\/types\/product"}],"replies":[{"embeddable":true,"href":"https:\/\/elavtuli.ee\/en\/wp-json\/wp\/v2\/comments?post=17678"}],"wp:featuredmedia":[{"embeddable":true,"href":"https:\/\/elavtuli.ee\/en\/wp-json\/wp\/v2\/media\/11679"}],"wp:attachment":[{"href":"https:\/\/elavtuli.ee\/en\/wp-json\/wp\/v2\/media?parent=17678"}],"wp:term":[{"taxonomy":"product_brand","embeddable":true,"href":"https:\/\/elavtuli.ee\/en\/wp-json\/wp\/v2\/product_brand?post=17678"},{"taxonomy":"product_cat","embeddable":true,"href":"https:\/\/elavtuli.ee\/en\/wp-json\/wp\/v2\/product_cat?post=17678"},{"taxonomy":"product_tag","embeddable":true,"href":"https:\/\/elavtuli.ee\/en\/wp-json\/wp\/v2\/product_tag?post=17678"},{"taxonomy":"woo-feed-brand","embeddable":true,"href":"https:\/\/elavtuli.ee\/en\/wp-json\/wp\/v2\/woo-feed-brand?post=17678"}],"curies":[{"name":"wp","href":"https:\/\/api.w.org\/{rel}","templated":true}]}}