{"id":17736,"date":"2024-06-10T17:51:27","date_gmt":"2024-06-10T14:51:27","guid":{"rendered":"https:\/\/elavtuli.ee\/shop\/uncategorized\/hunting-gloves-northern-hunting-sigvald-opt2\/"},"modified":"2024-08-05T16:56:44","modified_gmt":"2024-08-05T13:56:44","slug":"hunting-gloves-northern-hunting-sigvald-opt2","status":"publish","type":"product","link":"https:\/\/elavtuli.ee\/en\/shop\/hunting-hiking-clothes\/women\/gloves-hats-women\/hunting-gloves-northern-hunting-sigvald-opt2\/","title":{"rendered":"Hunting Gloves Northern Hunting &#8220;Sigvald Opt2&#8221;"},"content":{"rendered":"<p>&#8220;<strong>Sigvald Opt2<\/strong>&#8221; gloves are perfect for hiking, hunting, or other outdoor activities. Ideal for stalking in late autumn and winter, these thin gloves are made from a stretchy material and match the pattern of other Northern Hunting camouflage clothing. The gloves have a non-slip surface on the palm. The licensed TECL-WOOD\u2122 OPTIMA 2 camouflage is designed to make you hard to spot in Central and Northern European forests during the autumn and winter.    The digital pattern blurs the human silhouette to make you invisible towards the game as their vision is based on shadows. All Northern Hunting hunting and hiking clothes come with a five-year manufacturer&#8217;s warranty! <strong>Material:<\/strong><\/p>\n<ul>\n<li>93% Polyester<\/li>\n<li>7% Elastane<\/li>\n<\/ul>\n<p>The keywords for <a href=\"http:\/\/www.northernhunting.com\">Northern Hunting&#8217;<\/a>s hunting and hiking clothes are: <\/p>\n<ul>\n<li><strong>Functionality. <\/strong> Northern Hunting focuses on continually improving the functional features of their product collection to meet the expectations and needs of hunters and hikers to the maximum extent.<\/li>\n<li><strong>Innovativeness<\/strong>. In the hunting and hiking clothing market, innovativeness primarily means creative design solutions and top-tier materials, which Northern Hunting skillfully combines to create a flawless whole.<\/li>\n<li><strong>Durabiliy<\/strong>. Both hikers and hunters often face extreme weather conditions and environments when stepping outside. Therefore, the company pays great attention to the durability of its functional and innovative hunting and camping clothes. To affirm this, Northern Hunting offers a <strong>5-year warranty <\/strong>on all its products.<\/li>\n<li><strong>Affordability<\/strong>. The creators of Northern Hunting&#8217;s hunting and hiking clothes design their products for the forest and trail, not for exclusive boutique displays. Therefore, they pay great attention to the price-quality ratio of materials to make their products accessible to every hiker and hunter.<\/li>\n<li><strong>Perfection pursuit.<\/strong> Northern Hunting has always strived to create uncompromisingly high-quality hunting and hiking clothes. To achieve this goal, they are very grateful for any feedback that helps improve their products. As the importer of Northern Hunting hunting and hiking clothing, ELAV TULI welcomes suggestions for product improvements with gratitude and pleasure at the phone number &#8230; and email address &#8230; . Call, <a href=\"https:\/\/elavtuli.ee\/kontakt\/\">write<\/a>, criticize, or pat on the back \u2013 no reasonable suggestion will go unnoticed.<\/li>\n<\/ul>\n","protected":false},"excerpt":{"rendered":"<p>The &#8220;Sigvald Opt2&#8221; thin gloves are made from a stretchy material and match the pattern of other Northern Hunting camouflage clothing. The gloves have a non-slip surface on the palm. <\/p>\n","protected":false},"featured_media":13478,"comment_status":"closed","ping_status":"closed","template":"","meta":{"_acf_changed":false,"om_disable_all_campaigns":false,"_uf_show_specific_survey":0,"_uf_disable_surveys":false},"product_brand":[],"product_cat":[924,803,806,921,802,898,925],"product_tag":[848,850,849,856,861,862],"woo-feed-brand":[],"class_list":{"0":"post-17736","1":"product","2":"type-product","3":"status-publish","4":"has-post-thumbnail","6":"product_cat-camo-women","7":"product_cat-camoflage","8":"product_cat-gloves-hats","9":"product_cat-gloves-hats-women","10":"product_cat-hunting-hiking-clothes","11":"product_cat-men","12":"product_cat-women","13":"product_tag-jahiriided","14":"product_tag-kamuflaazriided","15":"product_tag-matkariided","16":"product_tag-northern-hunting","17":"product_tag-northern-hunting-jahikindad","18":"product_tag-matkakindad","20":"first","21":"instock","22":"taxable","23":"shipping-taxable","24":"purchasable","25":"product-type-variable","26":"has-default-attributes"},"acf":[],"yoast_head":"<!-- This site is optimized with the Yoast SEO plugin v27.2 - https:\/\/yoast.com\/product\/yoast-seo-wordpress\/ -->\n<title>Hunting Gloves Northern Hunting &quot;Sigvald Opt2&quot; \u2013 Elav Tuli<\/title>\n<meta name=\"description\" content=\"\u201eSigvald Opt2\u201c \u00f5hukesed kindad on tehtud venivast materjalist ja sobivad mustrilt kokku teiste Northern Huntingu kamuflaa\u017e r\u00f5ivastega. Kinnastel on pe...\" \/>\n<meta name=\"robots\" content=\"index, follow, max-snippet:-1, max-image-preview:large, max-video-preview:-1\" \/>\n<link rel=\"canonical\" href=\"https:\/\/elavtuli.ee\/en\/shop\/hunting-hiking-clothes\/women\/gloves-hats-women\/hunting-gloves-northern-hunting-sigvald-opt2\/\" \/>\n<meta property=\"og:locale\" content=\"en_US\" \/>\n<meta property=\"og:type\" content=\"article\" \/>\n<meta property=\"og:title\" content=\"Hunting Gloves Northern Hunting &quot;Sigvald Opt2&quot; \u2013 Elav Tuli\" \/>\n<meta property=\"og:description\" content=\"The &quot;Sigvald Opt2&quot; thin gloves are made from a stretchy material and match the pattern of other Northern Hunting camouflage clothing. The gloves have a non-slip surface on the palm.\" \/>\n<meta property=\"og:url\" content=\"https:\/\/elavtuli.ee\/en\/shop\/hunting-hiking-clothes\/women\/gloves-hats-women\/hunting-gloves-northern-hunting-sigvald-opt2\/\" \/>\n<meta property=\"og:site_name\" content=\"Elav Tuli\" \/>\n<meta property=\"article:publisher\" content=\"https:\/\/www.facebook.com\/elavtuli\/\" \/>\n<meta property=\"article:modified_time\" content=\"2024-08-05T13:56:44+00:00\" \/>\n<meta property=\"og:image\" content=\"https:\/\/elavtuli.ee\/wp-content\/uploads\/2024\/06\/Sigvald_opt2_front_back.webp\" \/>\n\t<meta property=\"og:image:width\" content=\"1000\" \/>\n\t<meta property=\"og:image:height\" content=\"1000\" \/>\n\t<meta property=\"og:image:type\" content=\"image\/webp\" \/>\n<meta name=\"twitter:card\" content=\"summary_large_image\" \/>\n<meta name=\"twitter:label1\" content=\"Est. reading time\" \/>\n\t<meta name=\"twitter:data1\" content=\"2 minutes\" \/>\n<script type=\"application\/ld+json\" class=\"yoast-schema-graph\">{\"@context\":\"https:\/\/schema.org\",\"@graph\":[{\"@type\":\"WebPage\",\"@id\":\"https:\/\/elavtuli.ee\/en\/shop\/hunting-hiking-clothes\/women\/gloves-hats-women\/hunting-gloves-northern-hunting-sigvald-opt2\/\",\"url\":\"https:\/\/elavtuli.ee\/en\/shop\/hunting-hiking-clothes\/women\/gloves-hats-women\/hunting-gloves-northern-hunting-sigvald-opt2\/\",\"name\":\"Hunting Gloves Northern Hunting \\\"Sigvald Opt2\\\" \u2013 Elav Tuli\",\"isPartOf\":{\"@id\":\"https:\/\/elavtuli.ee\/en\/#website\"},\"primaryImageOfPage\":{\"@id\":\"https:\/\/elavtuli.ee\/en\/shop\/hunting-hiking-clothes\/women\/gloves-hats-women\/hunting-gloves-northern-hunting-sigvald-opt2\/#primaryimage\"},\"image\":{\"@id\":\"https:\/\/elavtuli.ee\/en\/shop\/hunting-hiking-clothes\/women\/gloves-hats-women\/hunting-gloves-northern-hunting-sigvald-opt2\/#primaryimage\"},\"thumbnailUrl\":\"https:\/\/elavtuli.ee\/wp-content\/uploads\/2024\/06\/Sigvald_opt2_front_back.webp\",\"datePublished\":\"2024-06-10T14:51:27+00:00\",\"dateModified\":\"2024-08-05T13:56:44+00:00\",\"description\":\"The \\\"Sigvald Opt2\\\" thin gloves are made from a stretchy material and match the pattern of other Northern Hunting camouflage clothing. The gloves have a non-slip surface on the palm.\",\"breadcrumb\":{\"@id\":\"https:\/\/elavtuli.ee\/en\/shop\/hunting-hiking-clothes\/women\/gloves-hats-women\/hunting-gloves-northern-hunting-sigvald-opt2\/#breadcrumb\"},\"inLanguage\":\"en-US\",\"potentialAction\":[{\"@type\":\"ReadAction\",\"target\":[\"https:\/\/elavtuli.ee\/en\/shop\/hunting-hiking-clothes\/women\/gloves-hats-women\/hunting-gloves-northern-hunting-sigvald-opt2\/\"]}]},{\"@type\":\"ImageObject\",\"inLanguage\":\"en-US\",\"@id\":\"https:\/\/elavtuli.ee\/en\/shop\/hunting-hiking-clothes\/women\/gloves-hats-women\/hunting-gloves-northern-hunting-sigvald-opt2\/#primaryimage\",\"url\":\"https:\/\/elavtuli.ee\/wp-content\/uploads\/2024\/06\/Sigvald_opt2_front_back.webp\",\"contentUrl\":\"https:\/\/elavtuli.ee\/wp-content\/uploads\/2024\/06\/Sigvald_opt2_front_back.webp\",\"width\":1000,\"height\":1000,\"caption\":\"Sigvald opt2 front back\"},{\"@type\":\"BreadcrumbList\",\"@id\":\"https:\/\/elavtuli.ee\/en\/shop\/hunting-hiking-clothes\/women\/gloves-hats-women\/hunting-gloves-northern-hunting-sigvald-opt2\/#breadcrumb\",\"itemListElement\":[{\"@type\":\"ListItem\",\"position\":1,\"name\":\"Avaleht\",\"item\":\"https:\/\/elavtuli.ee\/en\/\"},{\"@type\":\"ListItem\",\"position\":2,\"name\":\"E-shop\",\"item\":\"https:\/\/elavtuli.ee\/en\/shop\/\"},{\"@type\":\"ListItem\",\"position\":3,\"name\":\"Hunting Gloves Northern Hunting &#8220;Sigvald Opt2&#8221;\"}]},{\"@type\":\"WebSite\",\"@id\":\"https:\/\/elavtuli.ee\/en\/#website\",\"url\":\"https:\/\/elavtuli.ee\/en\/\",\"name\":\"Elav Tuli\",\"description\":\"Kvaliteetsed biokaminad Belgiast\",\"publisher\":{\"@id\":\"https:\/\/elavtuli.ee\/en\/#organization\"},\"alternateName\":\"elavtuli\",\"potentialAction\":[{\"@type\":\"SearchAction\",\"target\":{\"@type\":\"EntryPoint\",\"urlTemplate\":\"https:\/\/elavtuli.ee\/en\/?s={search_term_string}\"},\"query-input\":{\"@type\":\"PropertyValueSpecification\",\"valueRequired\":true,\"valueName\":\"search_term_string\"}}],\"inLanguage\":\"en-US\"},{\"@type\":\"Organization\",\"@id\":\"https:\/\/elavtuli.ee\/en\/#organization\",\"name\":\"Elav Tuli\",\"url\":\"https:\/\/elavtuli.ee\/en\/\",\"logo\":{\"@type\":\"ImageObject\",\"inLanguage\":\"en-US\",\"@id\":\"https:\/\/elavtuli.ee\/en\/#\/schema\/logo\/image\/\",\"url\":\"https:\/\/elavtuli.ee\/wp-content\/uploads\/2021\/03\/must_logo.png\",\"contentUrl\":\"https:\/\/elavtuli.ee\/wp-content\/uploads\/2021\/03\/must_logo.png\",\"width\":700,\"height\":700,\"caption\":\"Elav Tuli\"},\"image\":{\"@id\":\"https:\/\/elavtuli.ee\/en\/#\/schema\/logo\/image\/\"},\"sameAs\":[\"https:\/\/www.facebook.com\/elavtuli\/\",\"https:\/\/www.instagram.com\/elavtuli\/\"]}]}<\/script>\n<!-- \/ Yoast SEO plugin. -->","yoast_head_json":{"title":"Hunting Gloves Northern Hunting \"Sigvald Opt2\" \u2013 Elav Tuli","description":"\u201eSigvald Opt2\u201c \u00f5hukesed kindad on tehtud venivast materjalist ja sobivad mustrilt kokku teiste Northern Huntingu kamuflaa\u017e r\u00f5ivastega. Kinnastel on pe...","robots":{"index":"index","follow":"follow","max-snippet":"max-snippet:-1","max-image-preview":"max-image-preview:large","max-video-preview":"max-video-preview:-1"},"canonical":"https:\/\/elavtuli.ee\/en\/shop\/hunting-hiking-clothes\/women\/gloves-hats-women\/hunting-gloves-northern-hunting-sigvald-opt2\/","og_locale":"en_US","og_type":"article","og_title":"Hunting Gloves Northern Hunting \"Sigvald Opt2\" \u2013 Elav Tuli","og_description":"The \"Sigvald Opt2\" thin gloves are made from a stretchy material and match the pattern of other Northern Hunting camouflage clothing. The gloves have a non-slip surface on the palm.","og_url":"https:\/\/elavtuli.ee\/en\/shop\/hunting-hiking-clothes\/women\/gloves-hats-women\/hunting-gloves-northern-hunting-sigvald-opt2\/","og_site_name":"Elav Tuli","article_publisher":"https:\/\/www.facebook.com\/elavtuli\/","article_modified_time":"2024-08-05T13:56:44+00:00","og_image":[{"width":1000,"height":1000,"url":"https:\/\/elavtuli.ee\/wp-content\/uploads\/2024\/06\/Sigvald_opt2_front_back.webp","type":"image\/webp"}],"twitter_card":"summary_large_image","twitter_misc":{"Est. reading time":"2 minutes"},"schema":{"@context":"https:\/\/schema.org","@graph":[{"@type":"WebPage","@id":"https:\/\/elavtuli.ee\/en\/shop\/hunting-hiking-clothes\/women\/gloves-hats-women\/hunting-gloves-northern-hunting-sigvald-opt2\/","url":"https:\/\/elavtuli.ee\/en\/shop\/hunting-hiking-clothes\/women\/gloves-hats-women\/hunting-gloves-northern-hunting-sigvald-opt2\/","name":"Hunting Gloves Northern Hunting \"Sigvald Opt2\" \u2013 Elav Tuli","isPartOf":{"@id":"https:\/\/elavtuli.ee\/en\/#website"},"primaryImageOfPage":{"@id":"https:\/\/elavtuli.ee\/en\/shop\/hunting-hiking-clothes\/women\/gloves-hats-women\/hunting-gloves-northern-hunting-sigvald-opt2\/#primaryimage"},"image":{"@id":"https:\/\/elavtuli.ee\/en\/shop\/hunting-hiking-clothes\/women\/gloves-hats-women\/hunting-gloves-northern-hunting-sigvald-opt2\/#primaryimage"},"thumbnailUrl":"https:\/\/elavtuli.ee\/wp-content\/uploads\/2024\/06\/Sigvald_opt2_front_back.webp","datePublished":"2024-06-10T14:51:27+00:00","dateModified":"2024-08-05T13:56:44+00:00","description":"The \"Sigvald Opt2\" thin gloves are made from a stretchy material and match the pattern of other Northern Hunting camouflage clothing. The gloves have a non-slip surface on the palm.","breadcrumb":{"@id":"https:\/\/elavtuli.ee\/en\/shop\/hunting-hiking-clothes\/women\/gloves-hats-women\/hunting-gloves-northern-hunting-sigvald-opt2\/#breadcrumb"},"inLanguage":"en-US","potentialAction":[{"@type":"ReadAction","target":["https:\/\/elavtuli.ee\/en\/shop\/hunting-hiking-clothes\/women\/gloves-hats-women\/hunting-gloves-northern-hunting-sigvald-opt2\/"]}]},{"@type":"ImageObject","inLanguage":"en-US","@id":"https:\/\/elavtuli.ee\/en\/shop\/hunting-hiking-clothes\/women\/gloves-hats-women\/hunting-gloves-northern-hunting-sigvald-opt2\/#primaryimage","url":"https:\/\/elavtuli.ee\/wp-content\/uploads\/2024\/06\/Sigvald_opt2_front_back.webp","contentUrl":"https:\/\/elavtuli.ee\/wp-content\/uploads\/2024\/06\/Sigvald_opt2_front_back.webp","width":1000,"height":1000,"caption":"Sigvald opt2 front back"},{"@type":"BreadcrumbList","@id":"https:\/\/elavtuli.ee\/en\/shop\/hunting-hiking-clothes\/women\/gloves-hats-women\/hunting-gloves-northern-hunting-sigvald-opt2\/#breadcrumb","itemListElement":[{"@type":"ListItem","position":1,"name":"Avaleht","item":"https:\/\/elavtuli.ee\/en\/"},{"@type":"ListItem","position":2,"name":"E-shop","item":"https:\/\/elavtuli.ee\/en\/shop\/"},{"@type":"ListItem","position":3,"name":"Hunting Gloves Northern Hunting &#8220;Sigvald Opt2&#8221;"}]},{"@type":"WebSite","@id":"https:\/\/elavtuli.ee\/en\/#website","url":"https:\/\/elavtuli.ee\/en\/","name":"Elav Tuli","description":"Kvaliteetsed biokaminad Belgiast","publisher":{"@id":"https:\/\/elavtuli.ee\/en\/#organization"},"alternateName":"elavtuli","potentialAction":[{"@type":"SearchAction","target":{"@type":"EntryPoint","urlTemplate":"https:\/\/elavtuli.ee\/en\/?s={search_term_string}"},"query-input":{"@type":"PropertyValueSpecification","valueRequired":true,"valueName":"search_term_string"}}],"inLanguage":"en-US"},{"@type":"Organization","@id":"https:\/\/elavtuli.ee\/en\/#organization","name":"Elav Tuli","url":"https:\/\/elavtuli.ee\/en\/","logo":{"@type":"ImageObject","inLanguage":"en-US","@id":"https:\/\/elavtuli.ee\/en\/#\/schema\/logo\/image\/","url":"https:\/\/elavtuli.ee\/wp-content\/uploads\/2021\/03\/must_logo.png","contentUrl":"https:\/\/elavtuli.ee\/wp-content\/uploads\/2021\/03\/must_logo.png","width":700,"height":700,"caption":"Elav Tuli"},"image":{"@id":"https:\/\/elavtuli.ee\/en\/#\/schema\/logo\/image\/"},"sameAs":["https:\/\/www.facebook.com\/elavtuli\/","https:\/\/www.instagram.com\/elavtuli\/"]}]}},"_links":{"self":[{"href":"https:\/\/elavtuli.ee\/en\/wp-json\/wp\/v2\/product\/17736","targetHints":{"allow":["GET"]}}],"collection":[{"href":"https:\/\/elavtuli.ee\/en\/wp-json\/wp\/v2\/product"}],"about":[{"href":"https:\/\/elavtuli.ee\/en\/wp-json\/wp\/v2\/types\/product"}],"replies":[{"embeddable":true,"href":"https:\/\/elavtuli.ee\/en\/wp-json\/wp\/v2\/comments?post=17736"}],"wp:featuredmedia":[{"embeddable":true,"href":"https:\/\/elavtuli.ee\/en\/wp-json\/wp\/v2\/media\/13478"}],"wp:attachment":[{"href":"https:\/\/elavtuli.ee\/en\/wp-json\/wp\/v2\/media?parent=17736"}],"wp:term":[{"taxonomy":"product_brand","embeddable":true,"href":"https:\/\/elavtuli.ee\/en\/wp-json\/wp\/v2\/product_brand?post=17736"},{"taxonomy":"product_cat","embeddable":true,"href":"https:\/\/elavtuli.ee\/en\/wp-json\/wp\/v2\/product_cat?post=17736"},{"taxonomy":"product_tag","embeddable":true,"href":"https:\/\/elavtuli.ee\/en\/wp-json\/wp\/v2\/product_tag?post=17736"},{"taxonomy":"woo-feed-brand","embeddable":true,"href":"https:\/\/elavtuli.ee\/en\/wp-json\/wp\/v2\/woo-feed-brand?post=17736"}],"curies":[{"name":"wp","href":"https:\/\/api.w.org\/{rel}","templated":true}]}}