{"id":18613,"date":"2024-05-22T10:50:19","date_gmt":"2024-05-22T07:50:19","guid":{"rendered":"https:\/\/elavtuli.ee\/shop\/uncategorized\/fleece-anorak-northern-hunting-hjort\/"},"modified":"2024-09-01T00:00:42","modified_gmt":"2024-08-31T21:00:42","slug":"fleece-anorak-northern-hunting-hjort","status":"publish","type":"product","link":"https:\/\/elavtuli.ee\/en\/shop\/hunting-hiking-clothes\/men\/fleeces\/fleece-anorak-northern-hunting-hjort\/","title":{"rendered":"Fleece Anorak Northern Hunting &#8220;Hjort&#8221;"},"content":{"rendered":"<p>The &#8220;Hjort&#8221; fleece anorak is designed for outdoor activities and hunting. Ideal for the colder months. The &#8220;Hjort&#8221; is the ideal choice if you want a quiet, exceptionally breathable, and extremely warm fleece anorak. This anorak is made from long-fiber, stretchy fleece material, which effectively absorbs sound. The &#8220;Hjort&#8221; is particularly suitable as a very warm mid-layer in clothing or as an outer layer in calm weather. The contrast fabric on the chest and shoulders uses Northern Hunting&#8217;s &#8220;Signature Quality&#8221; material, which is highly durable. The fleece has four pockets, two of which are zippered. The hem of the anorak is adjustable. All Northern Hunting hunting and hiking clothes come with a five-year manufacturer&#8217;s warranty! Material: <\/p>\n<ul>\n<li>Fleece:\n<ul>\n<li>100% Polyester<\/li>\n<\/ul>\n<\/li>\n<li>Contrast fabric:\n<ul>\n<li>42% Polyester<\/li>\n<li>13% Nylon<\/li>\n<li>45% Cotton<\/li>\n<\/ul>\n<\/li>\n<\/ul>\n<p> Functions: <\/p>\n<ul>\n<li>Breathable<\/li>\n<li>Quiet<\/li>\n<li>Warm<\/li>\n<\/ul>\n<p> https:\/\/www.youtube.com\/watch?v=oJwoZC-tnog The keywords for <a href=\"http:\/\/www.northernhunting.com\">Northern Hunting&#8217;s<\/a> hunting and hiking clothing are: <\/p>\n<ul>\n<li><strong>Functionality. <\/strong> Northern Hunting focuses on continually improving the functional features of their product collection to meet the expectations and needs of hunters and hikers to the maximum extent.<\/li>\n<li><strong>Innovativeness<\/strong>. In the hunting and hiking clothing market, innovativeness primarily means creative design solutions and top-tier materials, which Northern Hunting skillfully combines to create a flawless whole.<\/li>\n<li><strong>Durabiliy<\/strong>. Both hikers and hunters often face extreme weather conditions and environments when stepping outside. Therefore, the company pays great attention to the durability of its functional and innovative hunting and camping clothes. To affirm this, Northern Hunting offers a <strong>5-year warranty <\/strong>on all its products.<\/li>\n<li><strong>Affordability<\/strong>. The creators of Northern Hunting&#8217;s hunting and hiking clothes design their products for the forest and trail, not for exclusive boutique displays. Therefore, they pay great attention to the price-quality ratio of materials to make their products accessible to every hiker and hunter.<\/li>\n<li><strong>Perfection pursuit.<\/strong> Northern Hunting has always strived to create uncompromisingly high-quality hunting and hiking clothes. To achieve this goal, they are very grateful for any feedback that helps improve their products. As the importer of Northern Hunting hunting and hiking clothing, ELAV TULI welcomes suggestions for product improvements with gratitude and pleasure at the phone number &#8230; and email address &#8230; . Call, <a href=\"https:\/\/elavtuli.ee\/kontakt\/\">write<\/a>, criticize, or pat on the back \u2013 no reasonable suggestion will go unnoticed.<\/li>\n<\/ul>\n","protected":false},"excerpt":{"rendered":"<p>The Hjort is the ideal choice if you want a quiet, exceptionally breathable, and extremely warm fleece anorak. This anorak is made from long-fiber, stretchy fleece material that effectively absorbs sound. The &#8220;Hjort&#8221; is particularly suitable as a very warm mid-layer or as an outer layer in calm weather. The contrast fabric on the chest and shoulders is made from Northern Hunting&#8217;s &#8220;Signature Quality&#8221; material, which is highly durable. The fleece has four pockets, two of which are zippered. The hem of the anorak is adjustable.<\/p>\n","protected":false},"featured_media":12646,"comment_status":"closed","ping_status":"closed","template":"","meta":{"_acf_changed":false,"om_disable_all_campaigns":false,"_uf_show_specific_survey":0,"_uf_disable_surveys":false},"product_brand":[],"product_cat":[804,802,898],"product_tag":[857,848,849,856,846,845],"woo-feed-brand":[],"class_list":{"0":"post-18613","1":"product","2":"type-product","3":"status-publish","4":"has-post-thumbnail","6":"product_cat-fleeces","7":"product_cat-hunting-hiking-clothes","8":"product_cat-men","9":"product_tag-fliis","10":"product_tag-jahiriided","11":"product_tag-matkariided","12":"product_tag-northern-hunting","13":"product_tag-northern-hunting-jahijope","14":"product_tag-northern-hunting-matkajope","16":"first","17":"onbackorder","18":"taxable","19":"shipping-taxable","20":"purchasable","21":"product-type-variable","22":"has-default-attributes"},"acf":[],"yoast_head":"<!-- This site is optimized with the Yoast SEO plugin v27.2 - https:\/\/yoast.com\/product\/yoast-seo-wordpress\/ -->\n<title>Fleece Anorak Northern Hunting &quot;Hjort&quot; \u2013 Elav Tuli<\/title>\n<meta name=\"description\" content=\"Hjort on ideaalne valik, kui soovite vaikset, eriti h\u00e4sti hingavat ja \u00e4\u00e4rmiselt sooja fliisist anorakki. See anorak on tehtud pikakarvalisest venivast fli...\" \/>\n<meta name=\"robots\" content=\"index, follow, max-snippet:-1, max-image-preview:large, max-video-preview:-1\" \/>\n<link rel=\"canonical\" href=\"https:\/\/elavtuli.ee\/en\/shop\/hunting-hiking-clothes\/men\/fleeces\/fleece-anorak-northern-hunting-hjort\/\" \/>\n<meta property=\"og:locale\" content=\"en_US\" \/>\n<meta property=\"og:type\" content=\"article\" \/>\n<meta property=\"og:title\" content=\"Fleece Anorak Northern Hunting &quot;Hjort&quot; \u2013 Elav Tuli\" \/>\n<meta property=\"og:description\" content=\"The Hjort is the ideal choice if you want a quiet, exceptionally breathable, and extremely warm fleece anorak. This anorak is made from long-fiber, stretchy fleece material that effectively absorbs sound. The &quot;Hjort&quot; is particularly suitable as a very warm mid-layer or as an outer layer in calm weather. The contrast fabric on the chest and shoulders is made from Northern Hunting&#039;s &quot;Signature Quality&quot; material, which is highly durable. The fleece has four pockets, two of which are zippered. The hem of the anorak is adjustable.\" \/>\n<meta property=\"og:url\" content=\"https:\/\/elavtuli.ee\/en\/shop\/hunting-hiking-clothes\/men\/fleeces\/fleece-anorak-northern-hunting-hjort\/\" \/>\n<meta property=\"og:site_name\" content=\"Elav Tuli\" \/>\n<meta property=\"article:publisher\" content=\"https:\/\/www.facebook.com\/elavtuli\/\" \/>\n<meta property=\"article:modified_time\" content=\"2024-08-31T21:00:42+00:00\" \/>\n<meta property=\"og:image\" content=\"https:\/\/elavtuli.ee\/wp-content\/uploads\/2024\/05\/Hjort_front.webp\" \/>\n\t<meta property=\"og:image:width\" content=\"1000\" \/>\n\t<meta property=\"og:image:height\" content=\"1000\" \/>\n\t<meta property=\"og:image:type\" content=\"image\/webp\" \/>\n<meta name=\"twitter:card\" content=\"summary_large_image\" \/>\n<meta name=\"twitter:label1\" content=\"Est. reading time\" \/>\n\t<meta name=\"twitter:data1\" content=\"2 minutes\" \/>\n<script type=\"application\/ld+json\" class=\"yoast-schema-graph\">{\"@context\":\"https:\/\/schema.org\",\"@graph\":[{\"@type\":\"WebPage\",\"@id\":\"https:\/\/elavtuli.ee\/en\/shop\/hunting-hiking-clothes\/men\/fleeces\/fleece-anorak-northern-hunting-hjort\/\",\"url\":\"https:\/\/elavtuli.ee\/en\/shop\/hunting-hiking-clothes\/men\/fleeces\/fleece-anorak-northern-hunting-hjort\/\",\"name\":\"Fleece Anorak Northern Hunting \\\"Hjort\\\" \u2013 Elav Tuli\",\"isPartOf\":{\"@id\":\"https:\/\/elavtuli.ee\/en\/#website\"},\"primaryImageOfPage\":{\"@id\":\"https:\/\/elavtuli.ee\/en\/shop\/hunting-hiking-clothes\/men\/fleeces\/fleece-anorak-northern-hunting-hjort\/#primaryimage\"},\"image\":{\"@id\":\"https:\/\/elavtuli.ee\/en\/shop\/hunting-hiking-clothes\/men\/fleeces\/fleece-anorak-northern-hunting-hjort\/#primaryimage\"},\"thumbnailUrl\":\"https:\/\/elavtuli.ee\/wp-content\/uploads\/2024\/05\/Hjort_front.webp\",\"datePublished\":\"2024-05-22T07:50:19+00:00\",\"dateModified\":\"2024-08-31T21:00:42+00:00\",\"description\":\"The Hjort is the ideal choice if you want a quiet, exceptionally breathable, and extremely warm fleece anorak. This anorak is made from long-fiber, stretchy fleece material that effectively absorbs sound. The \\\"Hjort\\\" is particularly suitable as a very warm mid-layer or as an outer layer in calm weather. The contrast fabric on the chest and shoulders is made from Northern Hunting's \\\"Signature Quality\\\" material, which is highly durable. The fleece has four pockets, two of which are zippered. The hem of the anorak is adjustable.\",\"breadcrumb\":{\"@id\":\"https:\/\/elavtuli.ee\/en\/shop\/hunting-hiking-clothes\/men\/fleeces\/fleece-anorak-northern-hunting-hjort\/#breadcrumb\"},\"inLanguage\":\"en-US\",\"potentialAction\":[{\"@type\":\"ReadAction\",\"target\":[\"https:\/\/elavtuli.ee\/en\/shop\/hunting-hiking-clothes\/men\/fleeces\/fleece-anorak-northern-hunting-hjort\/\"]}]},{\"@type\":\"ImageObject\",\"inLanguage\":\"en-US\",\"@id\":\"https:\/\/elavtuli.ee\/en\/shop\/hunting-hiking-clothes\/men\/fleeces\/fleece-anorak-northern-hunting-hjort\/#primaryimage\",\"url\":\"https:\/\/elavtuli.ee\/wp-content\/uploads\/2024\/05\/Hjort_front.webp\",\"contentUrl\":\"https:\/\/elavtuli.ee\/wp-content\/uploads\/2024\/05\/Hjort_front.webp\",\"width\":1000,\"height\":1000,\"caption\":\"Hjort front\"},{\"@type\":\"BreadcrumbList\",\"@id\":\"https:\/\/elavtuli.ee\/en\/shop\/hunting-hiking-clothes\/men\/fleeces\/fleece-anorak-northern-hunting-hjort\/#breadcrumb\",\"itemListElement\":[{\"@type\":\"ListItem\",\"position\":1,\"name\":\"Avaleht\",\"item\":\"https:\/\/elavtuli.ee\/en\/\"},{\"@type\":\"ListItem\",\"position\":2,\"name\":\"E-shop\",\"item\":\"https:\/\/elavtuli.ee\/en\/shop\/\"},{\"@type\":\"ListItem\",\"position\":3,\"name\":\"Fleece Anorak Northern Hunting &#8220;Hjort&#8221;\"}]},{\"@type\":\"WebSite\",\"@id\":\"https:\/\/elavtuli.ee\/en\/#website\",\"url\":\"https:\/\/elavtuli.ee\/en\/\",\"name\":\"Elav Tuli\",\"description\":\"Kvaliteetsed biokaminad Belgiast\",\"publisher\":{\"@id\":\"https:\/\/elavtuli.ee\/en\/#organization\"},\"alternateName\":\"elavtuli\",\"potentialAction\":[{\"@type\":\"SearchAction\",\"target\":{\"@type\":\"EntryPoint\",\"urlTemplate\":\"https:\/\/elavtuli.ee\/en\/?s={search_term_string}\"},\"query-input\":{\"@type\":\"PropertyValueSpecification\",\"valueRequired\":true,\"valueName\":\"search_term_string\"}}],\"inLanguage\":\"en-US\"},{\"@type\":\"Organization\",\"@id\":\"https:\/\/elavtuli.ee\/en\/#organization\",\"name\":\"Elav Tuli\",\"url\":\"https:\/\/elavtuli.ee\/en\/\",\"logo\":{\"@type\":\"ImageObject\",\"inLanguage\":\"en-US\",\"@id\":\"https:\/\/elavtuli.ee\/en\/#\/schema\/logo\/image\/\",\"url\":\"https:\/\/elavtuli.ee\/wp-content\/uploads\/2021\/03\/must_logo.png\",\"contentUrl\":\"https:\/\/elavtuli.ee\/wp-content\/uploads\/2021\/03\/must_logo.png\",\"width\":700,\"height\":700,\"caption\":\"Elav Tuli\"},\"image\":{\"@id\":\"https:\/\/elavtuli.ee\/en\/#\/schema\/logo\/image\/\"},\"sameAs\":[\"https:\/\/www.facebook.com\/elavtuli\/\",\"https:\/\/www.instagram.com\/elavtuli\/\"]}]}<\/script>\n<!-- \/ Yoast SEO plugin. -->","yoast_head_json":{"title":"Fleece Anorak Northern Hunting \"Hjort\" \u2013 Elav Tuli","description":"Hjort on ideaalne valik, kui soovite vaikset, eriti h\u00e4sti hingavat ja \u00e4\u00e4rmiselt sooja fliisist anorakki. See anorak on tehtud pikakarvalisest venivast fli...","robots":{"index":"index","follow":"follow","max-snippet":"max-snippet:-1","max-image-preview":"max-image-preview:large","max-video-preview":"max-video-preview:-1"},"canonical":"https:\/\/elavtuli.ee\/en\/shop\/hunting-hiking-clothes\/men\/fleeces\/fleece-anorak-northern-hunting-hjort\/","og_locale":"en_US","og_type":"article","og_title":"Fleece Anorak Northern Hunting \"Hjort\" \u2013 Elav Tuli","og_description":"The Hjort is the ideal choice if you want a quiet, exceptionally breathable, and extremely warm fleece anorak. This anorak is made from long-fiber, stretchy fleece material that effectively absorbs sound. The \"Hjort\" is particularly suitable as a very warm mid-layer or as an outer layer in calm weather. The contrast fabric on the chest and shoulders is made from Northern Hunting's \"Signature Quality\" material, which is highly durable. The fleece has four pockets, two of which are zippered. The hem of the anorak is adjustable.","og_url":"https:\/\/elavtuli.ee\/en\/shop\/hunting-hiking-clothes\/men\/fleeces\/fleece-anorak-northern-hunting-hjort\/","og_site_name":"Elav Tuli","article_publisher":"https:\/\/www.facebook.com\/elavtuli\/","article_modified_time":"2024-08-31T21:00:42+00:00","og_image":[{"width":1000,"height":1000,"url":"https:\/\/elavtuli.ee\/wp-content\/uploads\/2024\/05\/Hjort_front.webp","type":"image\/webp"}],"twitter_card":"summary_large_image","twitter_misc":{"Est. reading time":"2 minutes"},"schema":{"@context":"https:\/\/schema.org","@graph":[{"@type":"WebPage","@id":"https:\/\/elavtuli.ee\/en\/shop\/hunting-hiking-clothes\/men\/fleeces\/fleece-anorak-northern-hunting-hjort\/","url":"https:\/\/elavtuli.ee\/en\/shop\/hunting-hiking-clothes\/men\/fleeces\/fleece-anorak-northern-hunting-hjort\/","name":"Fleece Anorak Northern Hunting \"Hjort\" \u2013 Elav Tuli","isPartOf":{"@id":"https:\/\/elavtuli.ee\/en\/#website"},"primaryImageOfPage":{"@id":"https:\/\/elavtuli.ee\/en\/shop\/hunting-hiking-clothes\/men\/fleeces\/fleece-anorak-northern-hunting-hjort\/#primaryimage"},"image":{"@id":"https:\/\/elavtuli.ee\/en\/shop\/hunting-hiking-clothes\/men\/fleeces\/fleece-anorak-northern-hunting-hjort\/#primaryimage"},"thumbnailUrl":"https:\/\/elavtuli.ee\/wp-content\/uploads\/2024\/05\/Hjort_front.webp","datePublished":"2024-05-22T07:50:19+00:00","dateModified":"2024-08-31T21:00:42+00:00","description":"The Hjort is the ideal choice if you want a quiet, exceptionally breathable, and extremely warm fleece anorak. This anorak is made from long-fiber, stretchy fleece material that effectively absorbs sound. The \"Hjort\" is particularly suitable as a very warm mid-layer or as an outer layer in calm weather. The contrast fabric on the chest and shoulders is made from Northern Hunting's \"Signature Quality\" material, which is highly durable. The fleece has four pockets, two of which are zippered. The hem of the anorak is adjustable.","breadcrumb":{"@id":"https:\/\/elavtuli.ee\/en\/shop\/hunting-hiking-clothes\/men\/fleeces\/fleece-anorak-northern-hunting-hjort\/#breadcrumb"},"inLanguage":"en-US","potentialAction":[{"@type":"ReadAction","target":["https:\/\/elavtuli.ee\/en\/shop\/hunting-hiking-clothes\/men\/fleeces\/fleece-anorak-northern-hunting-hjort\/"]}]},{"@type":"ImageObject","inLanguage":"en-US","@id":"https:\/\/elavtuli.ee\/en\/shop\/hunting-hiking-clothes\/men\/fleeces\/fleece-anorak-northern-hunting-hjort\/#primaryimage","url":"https:\/\/elavtuli.ee\/wp-content\/uploads\/2024\/05\/Hjort_front.webp","contentUrl":"https:\/\/elavtuli.ee\/wp-content\/uploads\/2024\/05\/Hjort_front.webp","width":1000,"height":1000,"caption":"Hjort front"},{"@type":"BreadcrumbList","@id":"https:\/\/elavtuli.ee\/en\/shop\/hunting-hiking-clothes\/men\/fleeces\/fleece-anorak-northern-hunting-hjort\/#breadcrumb","itemListElement":[{"@type":"ListItem","position":1,"name":"Avaleht","item":"https:\/\/elavtuli.ee\/en\/"},{"@type":"ListItem","position":2,"name":"E-shop","item":"https:\/\/elavtuli.ee\/en\/shop\/"},{"@type":"ListItem","position":3,"name":"Fleece Anorak Northern Hunting &#8220;Hjort&#8221;"}]},{"@type":"WebSite","@id":"https:\/\/elavtuli.ee\/en\/#website","url":"https:\/\/elavtuli.ee\/en\/","name":"Elav Tuli","description":"Kvaliteetsed biokaminad Belgiast","publisher":{"@id":"https:\/\/elavtuli.ee\/en\/#organization"},"alternateName":"elavtuli","potentialAction":[{"@type":"SearchAction","target":{"@type":"EntryPoint","urlTemplate":"https:\/\/elavtuli.ee\/en\/?s={search_term_string}"},"query-input":{"@type":"PropertyValueSpecification","valueRequired":true,"valueName":"search_term_string"}}],"inLanguage":"en-US"},{"@type":"Organization","@id":"https:\/\/elavtuli.ee\/en\/#organization","name":"Elav Tuli","url":"https:\/\/elavtuli.ee\/en\/","logo":{"@type":"ImageObject","inLanguage":"en-US","@id":"https:\/\/elavtuli.ee\/en\/#\/schema\/logo\/image\/","url":"https:\/\/elavtuli.ee\/wp-content\/uploads\/2021\/03\/must_logo.png","contentUrl":"https:\/\/elavtuli.ee\/wp-content\/uploads\/2021\/03\/must_logo.png","width":700,"height":700,"caption":"Elav Tuli"},"image":{"@id":"https:\/\/elavtuli.ee\/en\/#\/schema\/logo\/image\/"},"sameAs":["https:\/\/www.facebook.com\/elavtuli\/","https:\/\/www.instagram.com\/elavtuli\/"]}]}},"_links":{"self":[{"href":"https:\/\/elavtuli.ee\/en\/wp-json\/wp\/v2\/product\/18613","targetHints":{"allow":["GET"]}}],"collection":[{"href":"https:\/\/elavtuli.ee\/en\/wp-json\/wp\/v2\/product"}],"about":[{"href":"https:\/\/elavtuli.ee\/en\/wp-json\/wp\/v2\/types\/product"}],"replies":[{"embeddable":true,"href":"https:\/\/elavtuli.ee\/en\/wp-json\/wp\/v2\/comments?post=18613"}],"wp:featuredmedia":[{"embeddable":true,"href":"https:\/\/elavtuli.ee\/en\/wp-json\/wp\/v2\/media\/12646"}],"wp:attachment":[{"href":"https:\/\/elavtuli.ee\/en\/wp-json\/wp\/v2\/media?parent=18613"}],"wp:term":[{"taxonomy":"product_brand","embeddable":true,"href":"https:\/\/elavtuli.ee\/en\/wp-json\/wp\/v2\/product_brand?post=18613"},{"taxonomy":"product_cat","embeddable":true,"href":"https:\/\/elavtuli.ee\/en\/wp-json\/wp\/v2\/product_cat?post=18613"},{"taxonomy":"product_tag","embeddable":true,"href":"https:\/\/elavtuli.ee\/en\/wp-json\/wp\/v2\/product_tag?post=18613"},{"taxonomy":"woo-feed-brand","embeddable":true,"href":"https:\/\/elavtuli.ee\/en\/wp-json\/wp\/v2\/woo-feed-brand?post=18613"}],"curies":[{"name":"wp","href":"https:\/\/api.w.org\/{rel}","templated":true}]}}