{"id":18641,"date":"2024-05-07T14:07:08","date_gmt":"2024-05-07T11:07:08","guid":{"rendered":"https:\/\/elavtuli.ee\/shop\/uncategorized\/hunting-shirt-northern-hunting-ubbe\/"},"modified":"2024-08-06T19:38:52","modified_gmt":"2024-08-06T16:38:52","slug":"hunting-shirt-northern-hunting-ubbe","status":"publish","type":"product","link":"https:\/\/elavtuli.ee\/en\/shop\/sale\/sale-hunting-clothes\/hunting-shirt-northern-hunting-ubbe\/","title":{"rendered":"Hunting Shirt Northern Hunting &#8220;Ubbe&#8221;"},"content":{"rendered":"<p>&#8220;Ubbe&#8221; Shirt for Outdoor Activities and Hunting<br \/>The &#8220;Ubbe&#8221; shirt is perfect for spending time in nature and hunting. It&#8217;s ideal for everyday wear or as a mid-layer under a jacket. The &#8220;Ubbe&#8221; hunting shirt is designed with a balance of vibrant orange and more neutral natural colors, making it suitable for both hunting and everyday life. The shirt is made from a material that stretches slightly in all directions, providing extra freedom of movement during active use. This is a functional shirt designed for practical use in the outdoors.     All Northern Hunting hunting and hiking clothes come with a five-year manufacturer&#8217;s warranty! <strong>Material:<\/strong><\/p>\n<ul>\n<li>97% Cotton<\/li>\n<li>3% Elastane<\/li>\n<\/ul>\n<p><strong>Functions:<\/strong><\/p>\n<ul>\n<li>Adjustable sleeves<\/li>\n<li>Breathable<\/li>\n<li>Quiet<\/li>\n<li>Stretchy<\/li>\n<\/ul>\n<p>The keywords for <a href=\"http:\/\/www.northernhunting.com\">Northern Hunting&#8217;<\/a>s hunting and hiking clothes are: <\/p>\n<ul>\n<li><strong>Functionality. <\/strong> Northern Hunting focuses on continually improving the functional features of their product collection to meet the expectations and needs of hunters and hikers to the maximum extent.<\/li>\n<li><strong>Innovativeness<\/strong>. In the hunting and hiking clothing market, innovativeness primarily means creative design solutions and top-tier materials, which Northern Hunting skillfully combines to create a flawless whole.<\/li>\n<li><strong>Durabiliy<\/strong>. Both hikers and hunters often face extreme weather conditions and environments when stepping outside. Therefore, the company pays great attention to the durability of its functional and innovative hunting and camping clothes. To affirm this, Northern Hunting offers a <strong>5-year warranty <\/strong>on all its products.<\/li>\n<li><strong>Affordability<\/strong>. The creators of Northern Hunting&#8217;s hunting and hiking clothes design their products for the forest and trail, not for exclusive boutique displays. Therefore, they pay great attention to the price-quality ratio of materials to make their products accessible to every hiker and hunter.<\/li>\n<li><strong>Perfection pursuit.<\/strong> Northern Hunting has always strived to create uncompromisingly high-quality hunting and hiking clothes. To achieve this goal, they are very grateful for any feedback that helps improve their products. As the importer of Northern Hunting hunting and hiking clothing, ELAV TULI welcomes suggestions for product improvements with gratitude and pleasure at the phone number &#8230; and email address &#8230; . Call, <a href=\"https:\/\/elavtuli.ee\/kontakt\/\">write<\/a>, criticize, or pat on the back \u2013 no reasonable suggestion will go unnoticed.<\/li>\n<\/ul>\n","protected":false},"excerpt":{"rendered":"<p>The Ubbe hunting shirt is designed with a balance of fresh orange and more neutral natural colors, making it suitable for both hunting and everyday wear. The &#8220;Ubbe&#8221; hunting shirt is made from material that stretches slightly in all directions, providing extra freedom of movement during active use. This is a functional shirt designed for practical use in the outdoors.  <\/p>\n","protected":false},"featured_media":14443,"comment_status":"closed","ping_status":"closed","template":"","meta":{"_acf_changed":false,"om_disable_all_campaigns":false,"_uf_show_specific_survey":0,"_uf_disable_surveys":false},"product_brand":[],"product_cat":[802,2199,2200,807],"product_tag":[848,849,856],"woo-feed-brand":[],"class_list":{"0":"post-18641","1":"product","2":"type-product","3":"status-publish","4":"has-post-thumbnail","6":"product_cat-hunting-hiking-clothes","7":"product_cat-sale","8":"product_cat-sale-hunting-clothes","9":"product_cat-shirts","10":"product_tag-jahiriided","11":"product_tag-matkariided","12":"product_tag-northern-hunting","14":"first","15":"instock","16":"sale","17":"taxable","18":"shipping-taxable","19":"purchasable","20":"product-type-variable","21":"has-default-attributes"},"acf":[],"yoast_head":"<!-- This site is optimized with the Yoast SEO plugin v27.2 - https:\/\/yoast.com\/product\/yoast-seo-wordpress\/ -->\n<title>Hunting Shirt Northern Hunting &quot;Ubbe&quot; \u2013 Elav Tuli<\/title>\n<meta name=\"description\" content=\"Ubbe jahis\u00e4rk on disainitud balansseerides v\u00e4rskemat oran\u017ei ja neutraalsemaid naturaalseid v\u00e4rve, mis teevad selle s\u00e4rgi kasutatavaks nii jahil kui igap...\" \/>\n<meta name=\"robots\" content=\"index, follow, max-snippet:-1, max-image-preview:large, max-video-preview:-1\" \/>\n<link rel=\"canonical\" href=\"https:\/\/elavtuli.ee\/en\/shop\/sale\/sale-hunting-clothes\/hunting-shirt-northern-hunting-ubbe\/\" \/>\n<meta property=\"og:locale\" content=\"en_US\" \/>\n<meta property=\"og:type\" content=\"article\" \/>\n<meta property=\"og:title\" content=\"Hunting Shirt Northern Hunting &quot;Ubbe&quot; \u2013 Elav Tuli\" \/>\n<meta property=\"og:description\" content=\"The Ubbe hunting shirt is designed with a balance of fresh orange and more neutral natural colors, making it suitable for both hunting and everyday wear. The &quot;Ubbe&quot; hunting shirt is made from material that stretches slightly in all directions, providing extra freedom of movement during active use. This is a functional shirt designed for practical use in the outdoors.\" \/>\n<meta property=\"og:url\" content=\"https:\/\/elavtuli.ee\/en\/shop\/sale\/sale-hunting-clothes\/hunting-shirt-northern-hunting-ubbe\/\" \/>\n<meta property=\"og:site_name\" content=\"Elav Tuli\" \/>\n<meta property=\"article:publisher\" content=\"https:\/\/www.facebook.com\/elavtuli\/\" \/>\n<meta property=\"article:modified_time\" content=\"2024-08-06T16:38:52+00:00\" \/>\n<meta property=\"og:image\" content=\"https:\/\/elavtuli.ee\/wp-content\/uploads\/2024\/06\/606556-OR_UBBE_Front-scaled-1.jpg\" \/>\n\t<meta property=\"og:image:width\" content=\"1920\" \/>\n\t<meta property=\"og:image:height\" content=\"1920\" \/>\n\t<meta property=\"og:image:type\" content=\"image\/jpeg\" \/>\n<meta name=\"twitter:card\" content=\"summary_large_image\" \/>\n<meta name=\"twitter:label1\" content=\"Est. reading time\" \/>\n\t<meta name=\"twitter:data1\" content=\"2 minutes\" \/>\n<script type=\"application\/ld+json\" class=\"yoast-schema-graph\">{\"@context\":\"https:\/\/schema.org\",\"@graph\":[{\"@type\":\"WebPage\",\"@id\":\"https:\/\/elavtuli.ee\/en\/shop\/sale\/sale-hunting-clothes\/hunting-shirt-northern-hunting-ubbe\/\",\"url\":\"https:\/\/elavtuli.ee\/en\/shop\/sale\/sale-hunting-clothes\/hunting-shirt-northern-hunting-ubbe\/\",\"name\":\"Hunting Shirt Northern Hunting \\\"Ubbe\\\" \u2013 Elav Tuli\",\"isPartOf\":{\"@id\":\"https:\/\/elavtuli.ee\/en\/#website\"},\"primaryImageOfPage\":{\"@id\":\"https:\/\/elavtuli.ee\/en\/shop\/sale\/sale-hunting-clothes\/hunting-shirt-northern-hunting-ubbe\/#primaryimage\"},\"image\":{\"@id\":\"https:\/\/elavtuli.ee\/en\/shop\/sale\/sale-hunting-clothes\/hunting-shirt-northern-hunting-ubbe\/#primaryimage\"},\"thumbnailUrl\":\"https:\/\/elavtuli.ee\/wp-content\/uploads\/2024\/06\/606556-OR_UBBE_Front-scaled-1.jpg\",\"datePublished\":\"2024-05-07T11:07:08+00:00\",\"dateModified\":\"2024-08-06T16:38:52+00:00\",\"description\":\"The Ubbe hunting shirt is designed with a balance of fresh orange and more neutral natural colors, making it suitable for both hunting and everyday wear. The \\\"Ubbe\\\" hunting shirt is made from material that stretches slightly in all directions, providing extra freedom of movement during active use. This is a functional shirt designed for practical use in the outdoors.\",\"breadcrumb\":{\"@id\":\"https:\/\/elavtuli.ee\/en\/shop\/sale\/sale-hunting-clothes\/hunting-shirt-northern-hunting-ubbe\/#breadcrumb\"},\"inLanguage\":\"en-US\",\"potentialAction\":[{\"@type\":\"ReadAction\",\"target\":[\"https:\/\/elavtuli.ee\/en\/shop\/sale\/sale-hunting-clothes\/hunting-shirt-northern-hunting-ubbe\/\"]}]},{\"@type\":\"ImageObject\",\"inLanguage\":\"en-US\",\"@id\":\"https:\/\/elavtuli.ee\/en\/shop\/sale\/sale-hunting-clothes\/hunting-shirt-northern-hunting-ubbe\/#primaryimage\",\"url\":\"https:\/\/elavtuli.ee\/wp-content\/uploads\/2024\/06\/606556-OR_UBBE_Front-scaled-1.jpg\",\"contentUrl\":\"https:\/\/elavtuli.ee\/wp-content\/uploads\/2024\/06\/606556-OR_UBBE_Front-scaled-1.jpg\",\"width\":1920,\"height\":1920,\"caption\":\"606556 OR UBBE Front scaled 1\"},{\"@type\":\"BreadcrumbList\",\"@id\":\"https:\/\/elavtuli.ee\/en\/shop\/sale\/sale-hunting-clothes\/hunting-shirt-northern-hunting-ubbe\/#breadcrumb\",\"itemListElement\":[{\"@type\":\"ListItem\",\"position\":1,\"name\":\"Avaleht\",\"item\":\"https:\/\/elavtuli.ee\/en\/\"},{\"@type\":\"ListItem\",\"position\":2,\"name\":\"E-shop\",\"item\":\"https:\/\/elavtuli.ee\/en\/shop\/\"},{\"@type\":\"ListItem\",\"position\":3,\"name\":\"Hunting Shirt Northern Hunting &#8220;Ubbe&#8221;\"}]},{\"@type\":\"WebSite\",\"@id\":\"https:\/\/elavtuli.ee\/en\/#website\",\"url\":\"https:\/\/elavtuli.ee\/en\/\",\"name\":\"Elav Tuli\",\"description\":\"Kvaliteetsed biokaminad Belgiast\",\"publisher\":{\"@id\":\"https:\/\/elavtuli.ee\/en\/#organization\"},\"alternateName\":\"elavtuli\",\"potentialAction\":[{\"@type\":\"SearchAction\",\"target\":{\"@type\":\"EntryPoint\",\"urlTemplate\":\"https:\/\/elavtuli.ee\/en\/?s={search_term_string}\"},\"query-input\":{\"@type\":\"PropertyValueSpecification\",\"valueRequired\":true,\"valueName\":\"search_term_string\"}}],\"inLanguage\":\"en-US\"},{\"@type\":\"Organization\",\"@id\":\"https:\/\/elavtuli.ee\/en\/#organization\",\"name\":\"Elav Tuli\",\"url\":\"https:\/\/elavtuli.ee\/en\/\",\"logo\":{\"@type\":\"ImageObject\",\"inLanguage\":\"en-US\",\"@id\":\"https:\/\/elavtuli.ee\/en\/#\/schema\/logo\/image\/\",\"url\":\"https:\/\/elavtuli.ee\/wp-content\/uploads\/2021\/03\/must_logo.png\",\"contentUrl\":\"https:\/\/elavtuli.ee\/wp-content\/uploads\/2021\/03\/must_logo.png\",\"width\":700,\"height\":700,\"caption\":\"Elav Tuli\"},\"image\":{\"@id\":\"https:\/\/elavtuli.ee\/en\/#\/schema\/logo\/image\/\"},\"sameAs\":[\"https:\/\/www.facebook.com\/elavtuli\/\",\"https:\/\/www.instagram.com\/elavtuli\/\"]}]}<\/script>\n<!-- \/ Yoast SEO plugin. -->","yoast_head_json":{"title":"Hunting Shirt Northern Hunting \"Ubbe\" \u2013 Elav Tuli","description":"Ubbe jahis\u00e4rk on disainitud balansseerides v\u00e4rskemat oran\u017ei ja neutraalsemaid naturaalseid v\u00e4rve, mis teevad selle s\u00e4rgi kasutatavaks nii jahil kui igap...","robots":{"index":"index","follow":"follow","max-snippet":"max-snippet:-1","max-image-preview":"max-image-preview:large","max-video-preview":"max-video-preview:-1"},"canonical":"https:\/\/elavtuli.ee\/en\/shop\/sale\/sale-hunting-clothes\/hunting-shirt-northern-hunting-ubbe\/","og_locale":"en_US","og_type":"article","og_title":"Hunting Shirt Northern Hunting \"Ubbe\" \u2013 Elav Tuli","og_description":"The Ubbe hunting shirt is designed with a balance of fresh orange and more neutral natural colors, making it suitable for both hunting and everyday wear. The \"Ubbe\" hunting shirt is made from material that stretches slightly in all directions, providing extra freedom of movement during active use. This is a functional shirt designed for practical use in the outdoors.","og_url":"https:\/\/elavtuli.ee\/en\/shop\/sale\/sale-hunting-clothes\/hunting-shirt-northern-hunting-ubbe\/","og_site_name":"Elav Tuli","article_publisher":"https:\/\/www.facebook.com\/elavtuli\/","article_modified_time":"2024-08-06T16:38:52+00:00","og_image":[{"width":1920,"height":1920,"url":"https:\/\/elavtuli.ee\/wp-content\/uploads\/2024\/06\/606556-OR_UBBE_Front-scaled-1.jpg","type":"image\/jpeg"}],"twitter_card":"summary_large_image","twitter_misc":{"Est. reading time":"2 minutes"},"schema":{"@context":"https:\/\/schema.org","@graph":[{"@type":"WebPage","@id":"https:\/\/elavtuli.ee\/en\/shop\/sale\/sale-hunting-clothes\/hunting-shirt-northern-hunting-ubbe\/","url":"https:\/\/elavtuli.ee\/en\/shop\/sale\/sale-hunting-clothes\/hunting-shirt-northern-hunting-ubbe\/","name":"Hunting Shirt Northern Hunting \"Ubbe\" \u2013 Elav Tuli","isPartOf":{"@id":"https:\/\/elavtuli.ee\/en\/#website"},"primaryImageOfPage":{"@id":"https:\/\/elavtuli.ee\/en\/shop\/sale\/sale-hunting-clothes\/hunting-shirt-northern-hunting-ubbe\/#primaryimage"},"image":{"@id":"https:\/\/elavtuli.ee\/en\/shop\/sale\/sale-hunting-clothes\/hunting-shirt-northern-hunting-ubbe\/#primaryimage"},"thumbnailUrl":"https:\/\/elavtuli.ee\/wp-content\/uploads\/2024\/06\/606556-OR_UBBE_Front-scaled-1.jpg","datePublished":"2024-05-07T11:07:08+00:00","dateModified":"2024-08-06T16:38:52+00:00","description":"The Ubbe hunting shirt is designed with a balance of fresh orange and more neutral natural colors, making it suitable for both hunting and everyday wear. The \"Ubbe\" hunting shirt is made from material that stretches slightly in all directions, providing extra freedom of movement during active use. This is a functional shirt designed for practical use in the outdoors.","breadcrumb":{"@id":"https:\/\/elavtuli.ee\/en\/shop\/sale\/sale-hunting-clothes\/hunting-shirt-northern-hunting-ubbe\/#breadcrumb"},"inLanguage":"en-US","potentialAction":[{"@type":"ReadAction","target":["https:\/\/elavtuli.ee\/en\/shop\/sale\/sale-hunting-clothes\/hunting-shirt-northern-hunting-ubbe\/"]}]},{"@type":"ImageObject","inLanguage":"en-US","@id":"https:\/\/elavtuli.ee\/en\/shop\/sale\/sale-hunting-clothes\/hunting-shirt-northern-hunting-ubbe\/#primaryimage","url":"https:\/\/elavtuli.ee\/wp-content\/uploads\/2024\/06\/606556-OR_UBBE_Front-scaled-1.jpg","contentUrl":"https:\/\/elavtuli.ee\/wp-content\/uploads\/2024\/06\/606556-OR_UBBE_Front-scaled-1.jpg","width":1920,"height":1920,"caption":"606556 OR UBBE Front scaled 1"},{"@type":"BreadcrumbList","@id":"https:\/\/elavtuli.ee\/en\/shop\/sale\/sale-hunting-clothes\/hunting-shirt-northern-hunting-ubbe\/#breadcrumb","itemListElement":[{"@type":"ListItem","position":1,"name":"Avaleht","item":"https:\/\/elavtuli.ee\/en\/"},{"@type":"ListItem","position":2,"name":"E-shop","item":"https:\/\/elavtuli.ee\/en\/shop\/"},{"@type":"ListItem","position":3,"name":"Hunting Shirt Northern Hunting &#8220;Ubbe&#8221;"}]},{"@type":"WebSite","@id":"https:\/\/elavtuli.ee\/en\/#website","url":"https:\/\/elavtuli.ee\/en\/","name":"Elav Tuli","description":"Kvaliteetsed biokaminad Belgiast","publisher":{"@id":"https:\/\/elavtuli.ee\/en\/#organization"},"alternateName":"elavtuli","potentialAction":[{"@type":"SearchAction","target":{"@type":"EntryPoint","urlTemplate":"https:\/\/elavtuli.ee\/en\/?s={search_term_string}"},"query-input":{"@type":"PropertyValueSpecification","valueRequired":true,"valueName":"search_term_string"}}],"inLanguage":"en-US"},{"@type":"Organization","@id":"https:\/\/elavtuli.ee\/en\/#organization","name":"Elav Tuli","url":"https:\/\/elavtuli.ee\/en\/","logo":{"@type":"ImageObject","inLanguage":"en-US","@id":"https:\/\/elavtuli.ee\/en\/#\/schema\/logo\/image\/","url":"https:\/\/elavtuli.ee\/wp-content\/uploads\/2021\/03\/must_logo.png","contentUrl":"https:\/\/elavtuli.ee\/wp-content\/uploads\/2021\/03\/must_logo.png","width":700,"height":700,"caption":"Elav Tuli"},"image":{"@id":"https:\/\/elavtuli.ee\/en\/#\/schema\/logo\/image\/"},"sameAs":["https:\/\/www.facebook.com\/elavtuli\/","https:\/\/www.instagram.com\/elavtuli\/"]}]}},"_links":{"self":[{"href":"https:\/\/elavtuli.ee\/en\/wp-json\/wp\/v2\/product\/18641","targetHints":{"allow":["GET"]}}],"collection":[{"href":"https:\/\/elavtuli.ee\/en\/wp-json\/wp\/v2\/product"}],"about":[{"href":"https:\/\/elavtuli.ee\/en\/wp-json\/wp\/v2\/types\/product"}],"replies":[{"embeddable":true,"href":"https:\/\/elavtuli.ee\/en\/wp-json\/wp\/v2\/comments?post=18641"}],"wp:featuredmedia":[{"embeddable":true,"href":"https:\/\/elavtuli.ee\/en\/wp-json\/wp\/v2\/media\/14443"}],"wp:attachment":[{"href":"https:\/\/elavtuli.ee\/en\/wp-json\/wp\/v2\/media?parent=18641"}],"wp:term":[{"taxonomy":"product_brand","embeddable":true,"href":"https:\/\/elavtuli.ee\/en\/wp-json\/wp\/v2\/product_brand?post=18641"},{"taxonomy":"product_cat","embeddable":true,"href":"https:\/\/elavtuli.ee\/en\/wp-json\/wp\/v2\/product_cat?post=18641"},{"taxonomy":"product_tag","embeddable":true,"href":"https:\/\/elavtuli.ee\/en\/wp-json\/wp\/v2\/product_tag?post=18641"},{"taxonomy":"woo-feed-brand","embeddable":true,"href":"https:\/\/elavtuli.ee\/en\/wp-json\/wp\/v2\/woo-feed-brand?post=18641"}],"curies":[{"name":"wp","href":"https:\/\/api.w.org\/{rel}","templated":true}]}}