{"id":18764,"date":"2024-06-10T18:02:58","date_gmt":"2024-06-10T15:02:58","guid":{"rendered":"https:\/\/elavtuli.ee\/shop\/uncategorized\/gloves-northern-hunting-atli\/"},"modified":"2024-08-06T20:21:13","modified_gmt":"2024-08-06T17:21:13","slug":"gloves-northern-hunting-atli","status":"publish","type":"product","link":"https:\/\/elavtuli.ee\/en\/shop\/hunting-hiking-clothes\/women\/gloves-hats-women\/gloves-northern-hunting-atli\/","title":{"rendered":"Gloves Northern Hunting &#8220;Atli&#8221;"},"content":{"rendered":"<p>\u201c<strong>Atli<\/strong>\u201d gloves for hiking, hunting, or other outdoor activities. Ideal for use in wet and rainy conditions, \u201cAtli\u201d gloves are made from thick, warm fleece that keeps your fingers warm on cold winter days outdoors. The thumb and index finger of the gloves are designed to work with touchscreens, making it easier to use your smartphone. The gloves are lined with a membrane that makes them waterproof and suitable for use in wet weather.<br \/>    All Northern Hunting hunting and hiking clothes come with a five-year manufacturer&#8217;s warranty! <strong>Material:<\/strong><\/p>\n<ul>\n<li>Main fabric:\n<ul>\n<li>100% Polyester<\/li>\n<\/ul>\n<\/li>\n<li>Contrast Fabric:\n<ul>\n<li>92% Polyester<\/li>\n<li>8% Elastane<\/li>\n<\/ul>\n<\/li>\n<\/ul>\n<p>The keywords for <a href=\"http:\/\/www.northernhunting.com\">Northern Hunting&#8217;<\/a>s hunting and hiking clothes are: <\/p>\n<ul>\n<li><strong>Functionality. <\/strong> Northern Hunting focuses on continually improving the functional features of their product collection to meet the expectations and needs of hunters and hikers to the maximum extent.<\/li>\n<li><strong>Innovativeness<\/strong>. In the hunting and hiking clothing market, innovativeness primarily means creative design solutions and top-tier materials, which Northern Hunting skillfully combines to create a flawless whole.<\/li>\n<li><strong>Durabiliy<\/strong>. Both hikers and hunters often face extreme weather conditions and environments when stepping outside. Therefore, the company pays great attention to the durability of its functional and innovative hunting and camping clothes. To affirm this, Northern Hunting offers a <strong>5-year warranty <\/strong>on all its products.<\/li>\n<li><strong>Affordability<\/strong>. The creators of Northern Hunting&#8217;s hunting and hiking clothes design their products for the forest and trail, not for exclusive boutique displays. Therefore, they pay great attention to the price-quality ratio of materials to make their products accessible to every hiker and hunter.<\/li>\n<li><strong>Perfection pursuit.<\/strong> Northern Hunting has always strived to create uncompromisingly high-quality hunting and hiking clothes. To achieve this goal, they are very grateful for any feedback that helps improve their products. As the importer of Northern Hunting hunting and hiking clothing, ELAV TULI welcomes suggestions for product improvements with gratitude and pleasure at the phone number &#8230; and email address &#8230; . Call, <a href=\"https:\/\/elavtuli.ee\/kontakt\/\">write<\/a>, criticize, or pat on the back \u2013 no reasonable suggestion will go unnoticed.<\/li>\n<\/ul>\n","protected":false},"excerpt":{"rendered":"<p>Atli gloves are made from thick, warm fleece that keeps your fingers warm on cold winter days outdoors. The thumb and index finger are designed for use with touchscreens, making it easier to handle your smartphone. The gloves feature a membrane lining that makes them waterproof and suitable for use in wet conditions.  <\/p>\n","protected":false},"featured_media":13499,"comment_status":"closed","ping_status":"closed","template":"","meta":{"_acf_changed":false,"om_disable_all_campaigns":false,"_uf_show_specific_survey":0,"_uf_disable_surveys":false},"product_brand":[],"product_cat":[806,921,802,898,925],"product_tag":[848,849,856,861,862],"woo-feed-brand":[],"class_list":{"0":"post-18764","1":"product","2":"type-product","3":"status-publish","4":"has-post-thumbnail","6":"product_cat-gloves-hats","7":"product_cat-gloves-hats-women","8":"product_cat-hunting-hiking-clothes","9":"product_cat-men","10":"product_cat-women","11":"product_tag-jahiriided","12":"product_tag-matkariided","13":"product_tag-northern-hunting","14":"product_tag-northern-hunting-jahikindad","15":"product_tag-matkakindad","17":"first","18":"instock","19":"taxable","20":"shipping-taxable","21":"purchasable","22":"product-type-variable","23":"has-default-attributes"},"acf":[],"yoast_head":"<!-- This site is optimized with the Yoast SEO plugin v27.2 - https:\/\/yoast.com\/product\/yoast-seo-wordpress\/ -->\n<title>Gloves Northern Hunting &quot;Atli&quot; \u2013 Elav Tuli<\/title>\n<meta name=\"description\" content=\"Atli kindad on tehtud paksust ja soojast fliisist, mis hoiab s\u00f5rmed soojas k\u00fclmadel talvep\u00e4evadel looduses. P\u00f6ial ja nimetiss\u00f5rm kinnastel t\u00f6\u00f6tab ka p...\" \/>\n<meta name=\"robots\" content=\"index, follow, max-snippet:-1, max-image-preview:large, max-video-preview:-1\" \/>\n<link rel=\"canonical\" href=\"https:\/\/elavtuli.ee\/en\/shop\/hunting-hiking-clothes\/women\/gloves-hats-women\/gloves-northern-hunting-atli\/\" \/>\n<meta property=\"og:locale\" content=\"en_US\" \/>\n<meta property=\"og:type\" content=\"article\" \/>\n<meta property=\"og:title\" content=\"Gloves Northern Hunting &quot;Atli&quot; \u2013 Elav Tuli\" \/>\n<meta property=\"og:description\" content=\"Atli gloves are made from thick, warm fleece that keeps your fingers warm on cold winter days outdoors. The thumb and index finger are designed for use with touchscreens, making it easier to handle your smartphone. The gloves feature a membrane lining that makes them waterproof and suitable for use in wet conditions.\" \/>\n<meta property=\"og:url\" content=\"https:\/\/elavtuli.ee\/en\/shop\/hunting-hiking-clothes\/women\/gloves-hats-women\/gloves-northern-hunting-atli\/\" \/>\n<meta property=\"og:site_name\" content=\"Elav Tuli\" \/>\n<meta property=\"article:publisher\" content=\"https:\/\/www.facebook.com\/elavtuli\/\" \/>\n<meta property=\"article:modified_time\" content=\"2024-08-06T17:21:13+00:00\" \/>\n<meta property=\"og:image\" content=\"https:\/\/elavtuli.ee\/wp-content\/uploads\/2024\/06\/Atli_Back_front_51dc5dc3-8e7b-4930-8f55-e065aba99f77.webp\" \/>\n\t<meta property=\"og:image:width\" content=\"1000\" \/>\n\t<meta property=\"og:image:height\" content=\"1000\" \/>\n\t<meta property=\"og:image:type\" content=\"image\/webp\" \/>\n<meta name=\"twitter:card\" content=\"summary_large_image\" \/>\n<meta name=\"twitter:label1\" content=\"Est. reading time\" \/>\n\t<meta name=\"twitter:data1\" content=\"2 minutes\" \/>\n<script type=\"application\/ld+json\" class=\"yoast-schema-graph\">{\"@context\":\"https:\/\/schema.org\",\"@graph\":[{\"@type\":\"WebPage\",\"@id\":\"https:\/\/elavtuli.ee\/en\/shop\/hunting-hiking-clothes\/women\/gloves-hats-women\/gloves-northern-hunting-atli\/\",\"url\":\"https:\/\/elavtuli.ee\/en\/shop\/hunting-hiking-clothes\/women\/gloves-hats-women\/gloves-northern-hunting-atli\/\",\"name\":\"Gloves Northern Hunting \\\"Atli\\\" \u2013 Elav Tuli\",\"isPartOf\":{\"@id\":\"https:\/\/elavtuli.ee\/en\/#website\"},\"primaryImageOfPage\":{\"@id\":\"https:\/\/elavtuli.ee\/en\/shop\/hunting-hiking-clothes\/women\/gloves-hats-women\/gloves-northern-hunting-atli\/#primaryimage\"},\"image\":{\"@id\":\"https:\/\/elavtuli.ee\/en\/shop\/hunting-hiking-clothes\/women\/gloves-hats-women\/gloves-northern-hunting-atli\/#primaryimage\"},\"thumbnailUrl\":\"https:\/\/elavtuli.ee\/wp-content\/uploads\/2024\/06\/Atli_Back_front_51dc5dc3-8e7b-4930-8f55-e065aba99f77.webp\",\"datePublished\":\"2024-06-10T15:02:58+00:00\",\"dateModified\":\"2024-08-06T17:21:13+00:00\",\"description\":\"Atli gloves are made from thick, warm fleece that keeps your fingers warm on cold winter days outdoors. The thumb and index finger are designed for use with touchscreens, making it easier to handle your smartphone. The gloves feature a membrane lining that makes them waterproof and suitable for use in wet conditions.\",\"breadcrumb\":{\"@id\":\"https:\/\/elavtuli.ee\/en\/shop\/hunting-hiking-clothes\/women\/gloves-hats-women\/gloves-northern-hunting-atli\/#breadcrumb\"},\"inLanguage\":\"en-US\",\"potentialAction\":[{\"@type\":\"ReadAction\",\"target\":[\"https:\/\/elavtuli.ee\/en\/shop\/hunting-hiking-clothes\/women\/gloves-hats-women\/gloves-northern-hunting-atli\/\"]}]},{\"@type\":\"ImageObject\",\"inLanguage\":\"en-US\",\"@id\":\"https:\/\/elavtuli.ee\/en\/shop\/hunting-hiking-clothes\/women\/gloves-hats-women\/gloves-northern-hunting-atli\/#primaryimage\",\"url\":\"https:\/\/elavtuli.ee\/wp-content\/uploads\/2024\/06\/Atli_Back_front_51dc5dc3-8e7b-4930-8f55-e065aba99f77.webp\",\"contentUrl\":\"https:\/\/elavtuli.ee\/wp-content\/uploads\/2024\/06\/Atli_Back_front_51dc5dc3-8e7b-4930-8f55-e065aba99f77.webp\",\"width\":1000,\"height\":1000,\"caption\":\"Atli Back front 51dc5dc3 8e7b 4930 8f55 e065aba99f77\"},{\"@type\":\"BreadcrumbList\",\"@id\":\"https:\/\/elavtuli.ee\/en\/shop\/hunting-hiking-clothes\/women\/gloves-hats-women\/gloves-northern-hunting-atli\/#breadcrumb\",\"itemListElement\":[{\"@type\":\"ListItem\",\"position\":1,\"name\":\"Avaleht\",\"item\":\"https:\/\/elavtuli.ee\/en\/\"},{\"@type\":\"ListItem\",\"position\":2,\"name\":\"E-shop\",\"item\":\"https:\/\/elavtuli.ee\/en\/shop\/\"},{\"@type\":\"ListItem\",\"position\":3,\"name\":\"Gloves Northern Hunting &#8220;Atli&#8221;\"}]},{\"@type\":\"WebSite\",\"@id\":\"https:\/\/elavtuli.ee\/en\/#website\",\"url\":\"https:\/\/elavtuli.ee\/en\/\",\"name\":\"Elav Tuli\",\"description\":\"Kvaliteetsed biokaminad Belgiast\",\"publisher\":{\"@id\":\"https:\/\/elavtuli.ee\/en\/#organization\"},\"alternateName\":\"elavtuli\",\"potentialAction\":[{\"@type\":\"SearchAction\",\"target\":{\"@type\":\"EntryPoint\",\"urlTemplate\":\"https:\/\/elavtuli.ee\/en\/?s={search_term_string}\"},\"query-input\":{\"@type\":\"PropertyValueSpecification\",\"valueRequired\":true,\"valueName\":\"search_term_string\"}}],\"inLanguage\":\"en-US\"},{\"@type\":\"Organization\",\"@id\":\"https:\/\/elavtuli.ee\/en\/#organization\",\"name\":\"Elav Tuli\",\"url\":\"https:\/\/elavtuli.ee\/en\/\",\"logo\":{\"@type\":\"ImageObject\",\"inLanguage\":\"en-US\",\"@id\":\"https:\/\/elavtuli.ee\/en\/#\/schema\/logo\/image\/\",\"url\":\"https:\/\/elavtuli.ee\/wp-content\/uploads\/2021\/03\/must_logo.png\",\"contentUrl\":\"https:\/\/elavtuli.ee\/wp-content\/uploads\/2021\/03\/must_logo.png\",\"width\":700,\"height\":700,\"caption\":\"Elav Tuli\"},\"image\":{\"@id\":\"https:\/\/elavtuli.ee\/en\/#\/schema\/logo\/image\/\"},\"sameAs\":[\"https:\/\/www.facebook.com\/elavtuli\/\",\"https:\/\/www.instagram.com\/elavtuli\/\"]}]}<\/script>\n<!-- \/ Yoast SEO plugin. -->","yoast_head_json":{"title":"Gloves Northern Hunting \"Atli\" \u2013 Elav Tuli","description":"Atli kindad on tehtud paksust ja soojast fliisist, mis hoiab s\u00f5rmed soojas k\u00fclmadel talvep\u00e4evadel looduses. P\u00f6ial ja nimetiss\u00f5rm kinnastel t\u00f6\u00f6tab ka p...","robots":{"index":"index","follow":"follow","max-snippet":"max-snippet:-1","max-image-preview":"max-image-preview:large","max-video-preview":"max-video-preview:-1"},"canonical":"https:\/\/elavtuli.ee\/en\/shop\/hunting-hiking-clothes\/women\/gloves-hats-women\/gloves-northern-hunting-atli\/","og_locale":"en_US","og_type":"article","og_title":"Gloves Northern Hunting \"Atli\" \u2013 Elav Tuli","og_description":"Atli gloves are made from thick, warm fleece that keeps your fingers warm on cold winter days outdoors. The thumb and index finger are designed for use with touchscreens, making it easier to handle your smartphone. The gloves feature a membrane lining that makes them waterproof and suitable for use in wet conditions.","og_url":"https:\/\/elavtuli.ee\/en\/shop\/hunting-hiking-clothes\/women\/gloves-hats-women\/gloves-northern-hunting-atli\/","og_site_name":"Elav Tuli","article_publisher":"https:\/\/www.facebook.com\/elavtuli\/","article_modified_time":"2024-08-06T17:21:13+00:00","og_image":[{"width":1000,"height":1000,"url":"https:\/\/elavtuli.ee\/wp-content\/uploads\/2024\/06\/Atli_Back_front_51dc5dc3-8e7b-4930-8f55-e065aba99f77.webp","type":"image\/webp"}],"twitter_card":"summary_large_image","twitter_misc":{"Est. reading time":"2 minutes"},"schema":{"@context":"https:\/\/schema.org","@graph":[{"@type":"WebPage","@id":"https:\/\/elavtuli.ee\/en\/shop\/hunting-hiking-clothes\/women\/gloves-hats-women\/gloves-northern-hunting-atli\/","url":"https:\/\/elavtuli.ee\/en\/shop\/hunting-hiking-clothes\/women\/gloves-hats-women\/gloves-northern-hunting-atli\/","name":"Gloves Northern Hunting \"Atli\" \u2013 Elav Tuli","isPartOf":{"@id":"https:\/\/elavtuli.ee\/en\/#website"},"primaryImageOfPage":{"@id":"https:\/\/elavtuli.ee\/en\/shop\/hunting-hiking-clothes\/women\/gloves-hats-women\/gloves-northern-hunting-atli\/#primaryimage"},"image":{"@id":"https:\/\/elavtuli.ee\/en\/shop\/hunting-hiking-clothes\/women\/gloves-hats-women\/gloves-northern-hunting-atli\/#primaryimage"},"thumbnailUrl":"https:\/\/elavtuli.ee\/wp-content\/uploads\/2024\/06\/Atli_Back_front_51dc5dc3-8e7b-4930-8f55-e065aba99f77.webp","datePublished":"2024-06-10T15:02:58+00:00","dateModified":"2024-08-06T17:21:13+00:00","description":"Atli gloves are made from thick, warm fleece that keeps your fingers warm on cold winter days outdoors. The thumb and index finger are designed for use with touchscreens, making it easier to handle your smartphone. The gloves feature a membrane lining that makes them waterproof and suitable for use in wet conditions.","breadcrumb":{"@id":"https:\/\/elavtuli.ee\/en\/shop\/hunting-hiking-clothes\/women\/gloves-hats-women\/gloves-northern-hunting-atli\/#breadcrumb"},"inLanguage":"en-US","potentialAction":[{"@type":"ReadAction","target":["https:\/\/elavtuli.ee\/en\/shop\/hunting-hiking-clothes\/women\/gloves-hats-women\/gloves-northern-hunting-atli\/"]}]},{"@type":"ImageObject","inLanguage":"en-US","@id":"https:\/\/elavtuli.ee\/en\/shop\/hunting-hiking-clothes\/women\/gloves-hats-women\/gloves-northern-hunting-atli\/#primaryimage","url":"https:\/\/elavtuli.ee\/wp-content\/uploads\/2024\/06\/Atli_Back_front_51dc5dc3-8e7b-4930-8f55-e065aba99f77.webp","contentUrl":"https:\/\/elavtuli.ee\/wp-content\/uploads\/2024\/06\/Atli_Back_front_51dc5dc3-8e7b-4930-8f55-e065aba99f77.webp","width":1000,"height":1000,"caption":"Atli Back front 51dc5dc3 8e7b 4930 8f55 e065aba99f77"},{"@type":"BreadcrumbList","@id":"https:\/\/elavtuli.ee\/en\/shop\/hunting-hiking-clothes\/women\/gloves-hats-women\/gloves-northern-hunting-atli\/#breadcrumb","itemListElement":[{"@type":"ListItem","position":1,"name":"Avaleht","item":"https:\/\/elavtuli.ee\/en\/"},{"@type":"ListItem","position":2,"name":"E-shop","item":"https:\/\/elavtuli.ee\/en\/shop\/"},{"@type":"ListItem","position":3,"name":"Gloves Northern Hunting &#8220;Atli&#8221;"}]},{"@type":"WebSite","@id":"https:\/\/elavtuli.ee\/en\/#website","url":"https:\/\/elavtuli.ee\/en\/","name":"Elav Tuli","description":"Kvaliteetsed biokaminad Belgiast","publisher":{"@id":"https:\/\/elavtuli.ee\/en\/#organization"},"alternateName":"elavtuli","potentialAction":[{"@type":"SearchAction","target":{"@type":"EntryPoint","urlTemplate":"https:\/\/elavtuli.ee\/en\/?s={search_term_string}"},"query-input":{"@type":"PropertyValueSpecification","valueRequired":true,"valueName":"search_term_string"}}],"inLanguage":"en-US"},{"@type":"Organization","@id":"https:\/\/elavtuli.ee\/en\/#organization","name":"Elav Tuli","url":"https:\/\/elavtuli.ee\/en\/","logo":{"@type":"ImageObject","inLanguage":"en-US","@id":"https:\/\/elavtuli.ee\/en\/#\/schema\/logo\/image\/","url":"https:\/\/elavtuli.ee\/wp-content\/uploads\/2021\/03\/must_logo.png","contentUrl":"https:\/\/elavtuli.ee\/wp-content\/uploads\/2021\/03\/must_logo.png","width":700,"height":700,"caption":"Elav Tuli"},"image":{"@id":"https:\/\/elavtuli.ee\/en\/#\/schema\/logo\/image\/"},"sameAs":["https:\/\/www.facebook.com\/elavtuli\/","https:\/\/www.instagram.com\/elavtuli\/"]}]}},"_links":{"self":[{"href":"https:\/\/elavtuli.ee\/en\/wp-json\/wp\/v2\/product\/18764","targetHints":{"allow":["GET"]}}],"collection":[{"href":"https:\/\/elavtuli.ee\/en\/wp-json\/wp\/v2\/product"}],"about":[{"href":"https:\/\/elavtuli.ee\/en\/wp-json\/wp\/v2\/types\/product"}],"replies":[{"embeddable":true,"href":"https:\/\/elavtuli.ee\/en\/wp-json\/wp\/v2\/comments?post=18764"}],"wp:featuredmedia":[{"embeddable":true,"href":"https:\/\/elavtuli.ee\/en\/wp-json\/wp\/v2\/media\/13499"}],"wp:attachment":[{"href":"https:\/\/elavtuli.ee\/en\/wp-json\/wp\/v2\/media?parent=18764"}],"wp:term":[{"taxonomy":"product_brand","embeddable":true,"href":"https:\/\/elavtuli.ee\/en\/wp-json\/wp\/v2\/product_brand?post=18764"},{"taxonomy":"product_cat","embeddable":true,"href":"https:\/\/elavtuli.ee\/en\/wp-json\/wp\/v2\/product_cat?post=18764"},{"taxonomy":"product_tag","embeddable":true,"href":"https:\/\/elavtuli.ee\/en\/wp-json\/wp\/v2\/product_tag?post=18764"},{"taxonomy":"woo-feed-brand","embeddable":true,"href":"https:\/\/elavtuli.ee\/en\/wp-json\/wp\/v2\/woo-feed-brand?post=18764"}],"curies":[{"name":"wp","href":"https:\/\/api.w.org\/{rel}","templated":true}]}}