{"id":19373,"date":"2024-08-09T10:03:22","date_gmt":"2024-08-09T07:03:22","guid":{"rendered":"https:\/\/elavtuli.ee\/?post_type=product&p=19373"},"modified":"2024-08-09T10:03:23","modified_gmt":"2024-08-09T07:03:23","slug":"cap-northern-hunting-asle-opt2","status":"publish","type":"product","link":"https:\/\/elavtuli.ee\/en\/shop\/sale\/sale-hunting-clothes\/cap-northern-hunting-asle-opt2\/","title":{"rendered":"Cap Northern Hunting &#8220;Asle Opt2&#8221;"},"content":{"rendered":"<p><strong>iROALD<\/strong> cap in green from Northern HuntingPerfect for: All outdoor activitiesThe Roald cap is made of colors, that match the remaining collection from Northern Hunting. The fit and design follows the 5-panel principle &#8211; for cap connoisseurs. A great cap that becomes your best friend, not only on the hunt, but also Sunday morning on the way to the bakery! Modern hunting cap for hunting and outdoor The Roald cap keeps you warm and dry on the cold days. All our caps are designed with a focus on functionality and comfort. The licensed ADDVENTEX\u2122 WIND membrane rejects all wind from hitting and cooling down your body temp. The breathability is at the same time high, to prevent moisture from condensing. The perfect choice at cold, dry and windy days in nature.         <strong>Material:<\/strong><\/p>\n<ul>\n<li>45% Cotton<\/li>\n<li>35% Polyester<\/li>\n<li>20% Nylon<\/li>\n<li>Laminated<\/li>\n<\/ul>\n<p>The keywords for <a href=\"http:\/\/www.northernhunting.com\">Northern Hunting&#8217;<\/a>s hunting and hiking clothes are: <\/p>\n<ul>\n<li><strong>Functionality. <\/strong> Northern Hunting focuses on continually improving the functional features of their product collection to meet the expectations and needs of hunters and hikers to the maximum extent.<\/li>\n<li><strong>Innovativeness<\/strong>. In the hunting and hiking clothing market, innovativeness primarily means creative design solutions and top-tier materials, which Northern Hunting skillfully combines to create a flawless whole.<\/li>\n<li><strong>Durabiliy<\/strong>. Both hikers and hunters often face extreme weather conditions and environments when stepping outside. Therefore, the company pays great attention to the durability of its functional and innovative hunting and camping clothes. To affirm this, Northern Hunting offers a <strong>5-year warranty <\/strong>on all its products.<\/li>\n<li><strong>Affordability<\/strong>. The creators of Northern Hunting&#8217;s hunting and hiking clothes design their products for the forest and trail, not for exclusive boutique displays. Therefore, they pay great attention to the price-quality ratio of materials to make their products accessible to every hiker and hunter.<\/li>\n<li><strong>Perfection pursuit.<\/strong> Northern Hunting has always strived to create uncompromisingly high-quality hunting and hiking clothes. To achieve this goal, they are very grateful for any feedback that helps improve their products. As the importer of Northern Hunting hunting and hiking clothing, ELAV TULI welcomes suggestions for product improvements with gratitude and pleasure at the phone number &#8230; and email address &#8230; . Call, <a href=\"https:\/\/elavtuli.ee\/kontakt\/\">write<\/a>, criticize, or pat on the back \u2013 no reasonable suggestion will go unnoticed.<\/li>\n<\/ul>\n","protected":false},"excerpt":{"rendered":"<p>The Roald cap is made in colors that match the rest of the Northern Hunting collection. A good cap becomes your great friend not only for hunting or hiking, but also, for example, on a Sunday morning walk to the bakery! The \u201cRoald\u201d cap keeps you warm and dry in cooler weather.  <\/p>\n","protected":false},"featured_media":19384,"comment_status":"closed","ping_status":"closed","template":"","meta":{"_acf_changed":false,"om_disable_all_campaigns":false,"_uf_show_specific_survey":0,"_uf_disable_surveys":false},"product_brand":[],"product_cat":[806,921,802,898,2199,2200,925],"product_tag":[848,849,859,856,860],"woo-feed-brand":[],"class_list":{"0":"post-19373","1":"product","2":"type-product","3":"status-publish","4":"has-post-thumbnail","6":"product_cat-gloves-hats","7":"product_cat-gloves-hats-women","8":"product_cat-hunting-hiking-clothes","9":"product_cat-men","10":"product_cat-sale","11":"product_cat-sale-hunting-clothes","12":"product_cat-women","13":"product_tag-jahiriided","14":"product_tag-matkariided","15":"product_tag-nokamuts","16":"product_tag-northern-hunting","17":"product_tag-northern-hunting-jahimuts","19":"first","20":"instock","21":"sale","22":"featured","23":"taxable","24":"shipping-taxable","25":"purchasable","26":"product-type-variable","27":"has-default-attributes"},"acf":[],"yoast_head":"<!-- This site is optimized with the Yoast SEO plugin v27.2 - https:\/\/yoast.com\/product\/yoast-seo-wordpress\/ -->\n<title>Cap Northern Hunting &quot;Asle Opt2&quot; \u2013 Elav Tuli<\/title>\n<meta name=\"description\" content=\"\u201eAsle Opt2\u201c nokam\u00fcts on tehtud TECL-WOOD\u2122 Optima kamuflaa\u017e v\u00e4rvides, mis aitab metsloomade jaoks m\u00e4rkamatuks j\u00e4\u00e4da.\u00a0Heast nokam\u00fctsist saab su s...\" \/>\n<meta name=\"robots\" content=\"index, follow, max-snippet:-1, max-image-preview:large, max-video-preview:-1\" \/>\n<link rel=\"canonical\" href=\"https:\/\/elavtuli.ee\/en\/shop\/sale\/sale-hunting-clothes\/cap-northern-hunting-asle-opt2\/\" \/>\n<meta property=\"og:locale\" content=\"en_US\" \/>\n<meta property=\"og:type\" content=\"article\" \/>\n<meta property=\"og:title\" content=\"Cap Northern Hunting &quot;Asle Opt2&quot; \u2013 Elav Tuli\" \/>\n<meta property=\"og:description\" content=\"The Roald cap is made in colors that match the rest of the Northern Hunting collection. A good cap becomes your great friend not only for hunting or hiking, but also, for example, on a Sunday morning walk to the bakery! The \u201cRoald\u201d cap keeps you warm and dry in cooler weather.\" \/>\n<meta property=\"og:url\" content=\"https:\/\/elavtuli.ee\/en\/shop\/sale\/sale-hunting-clothes\/cap-northern-hunting-asle-opt2\/\" \/>\n<meta property=\"og:site_name\" content=\"Elav Tuli\" \/>\n<meta property=\"article:publisher\" content=\"https:\/\/www.facebook.com\/elavtuli\/\" \/>\n<meta property=\"article:modified_time\" content=\"2024-08-09T07:03:23+00:00\" \/>\n<meta property=\"og:image\" content=\"https:\/\/elavtuli.ee\/wp-content\/uploads\/2024\/08\/606270-OPT2_ASLE_Front.jpeg\" \/>\n\t<meta property=\"og:image:width\" content=\"1600\" \/>\n\t<meta property=\"og:image:height\" content=\"1425\" \/>\n\t<meta property=\"og:image:type\" content=\"image\/jpeg\" \/>\n<meta name=\"twitter:card\" content=\"summary_large_image\" \/>\n<meta name=\"twitter:label1\" content=\"Est. reading time\" \/>\n\t<meta name=\"twitter:data1\" content=\"2 minutes\" \/>\n<script type=\"application\/ld+json\" class=\"yoast-schema-graph\">{\"@context\":\"https:\/\/schema.org\",\"@graph\":[{\"@type\":\"WebPage\",\"@id\":\"https:\/\/elavtuli.ee\/en\/shop\/sale\/sale-hunting-clothes\/cap-northern-hunting-asle-opt2\/\",\"url\":\"https:\/\/elavtuli.ee\/en\/shop\/sale\/sale-hunting-clothes\/cap-northern-hunting-asle-opt2\/\",\"name\":\"Cap Northern Hunting \\\"Asle Opt2\\\" \u2013 Elav Tuli\",\"isPartOf\":{\"@id\":\"https:\/\/elavtuli.ee\/en\/#website\"},\"primaryImageOfPage\":{\"@id\":\"https:\/\/elavtuli.ee\/en\/shop\/sale\/sale-hunting-clothes\/cap-northern-hunting-asle-opt2\/#primaryimage\"},\"image\":{\"@id\":\"https:\/\/elavtuli.ee\/en\/shop\/sale\/sale-hunting-clothes\/cap-northern-hunting-asle-opt2\/#primaryimage\"},\"thumbnailUrl\":\"https:\/\/elavtuli.ee\/wp-content\/uploads\/2024\/08\/606270-OPT2_ASLE_Front.jpeg\",\"datePublished\":\"2024-08-09T07:03:22+00:00\",\"dateModified\":\"2024-08-09T07:03:23+00:00\",\"description\":\"The Roald cap is made in colors that match the rest of the Northern Hunting collection. A good cap becomes your great friend not only for hunting or hiking, but also, for example, on a Sunday morning walk to the bakery! The \u201cRoald\u201d cap keeps you warm and dry in cooler weather.\",\"breadcrumb\":{\"@id\":\"https:\/\/elavtuli.ee\/en\/shop\/sale\/sale-hunting-clothes\/cap-northern-hunting-asle-opt2\/#breadcrumb\"},\"inLanguage\":\"en-US\",\"potentialAction\":[{\"@type\":\"ReadAction\",\"target\":[\"https:\/\/elavtuli.ee\/en\/shop\/sale\/sale-hunting-clothes\/cap-northern-hunting-asle-opt2\/\"]}]},{\"@type\":\"ImageObject\",\"inLanguage\":\"en-US\",\"@id\":\"https:\/\/elavtuli.ee\/en\/shop\/sale\/sale-hunting-clothes\/cap-northern-hunting-asle-opt2\/#primaryimage\",\"url\":\"https:\/\/elavtuli.ee\/wp-content\/uploads\/2024\/08\/606270-OPT2_ASLE_Front.jpeg\",\"contentUrl\":\"https:\/\/elavtuli.ee\/wp-content\/uploads\/2024\/08\/606270-OPT2_ASLE_Front.jpeg\",\"width\":1600,\"height\":1425,\"caption\":\"Northern Hunting Asle Opt2 nokam\u00fcts\"},{\"@type\":\"BreadcrumbList\",\"@id\":\"https:\/\/elavtuli.ee\/en\/shop\/sale\/sale-hunting-clothes\/cap-northern-hunting-asle-opt2\/#breadcrumb\",\"itemListElement\":[{\"@type\":\"ListItem\",\"position\":1,\"name\":\"Avaleht\",\"item\":\"https:\/\/elavtuli.ee\/en\/\"},{\"@type\":\"ListItem\",\"position\":2,\"name\":\"E-shop\",\"item\":\"https:\/\/elavtuli.ee\/en\/shop\/\"},{\"@type\":\"ListItem\",\"position\":3,\"name\":\"Cap Northern Hunting &#8220;Roald&#8221; (kopeeri)\"}]},{\"@type\":\"WebSite\",\"@id\":\"https:\/\/elavtuli.ee\/en\/#website\",\"url\":\"https:\/\/elavtuli.ee\/en\/\",\"name\":\"Elav Tuli\",\"description\":\"Kvaliteetsed biokaminad Belgiast\",\"publisher\":{\"@id\":\"https:\/\/elavtuli.ee\/en\/#organization\"},\"alternateName\":\"elavtuli\",\"potentialAction\":[{\"@type\":\"SearchAction\",\"target\":{\"@type\":\"EntryPoint\",\"urlTemplate\":\"https:\/\/elavtuli.ee\/en\/?s={search_term_string}\"},\"query-input\":{\"@type\":\"PropertyValueSpecification\",\"valueRequired\":true,\"valueName\":\"search_term_string\"}}],\"inLanguage\":\"en-US\"},{\"@type\":\"Organization\",\"@id\":\"https:\/\/elavtuli.ee\/en\/#organization\",\"name\":\"Elav Tuli\",\"url\":\"https:\/\/elavtuli.ee\/en\/\",\"logo\":{\"@type\":\"ImageObject\",\"inLanguage\":\"en-US\",\"@id\":\"https:\/\/elavtuli.ee\/en\/#\/schema\/logo\/image\/\",\"url\":\"https:\/\/elavtuli.ee\/wp-content\/uploads\/2021\/03\/must_logo.png\",\"contentUrl\":\"https:\/\/elavtuli.ee\/wp-content\/uploads\/2021\/03\/must_logo.png\",\"width\":700,\"height\":700,\"caption\":\"Elav Tuli\"},\"image\":{\"@id\":\"https:\/\/elavtuli.ee\/en\/#\/schema\/logo\/image\/\"},\"sameAs\":[\"https:\/\/www.facebook.com\/elavtuli\/\",\"https:\/\/www.instagram.com\/elavtuli\/\"]}]}<\/script>\n<!-- \/ Yoast SEO plugin. -->","yoast_head_json":{"title":"Cap Northern Hunting \"Asle Opt2\" \u2013 Elav Tuli","description":"\u201eAsle Opt2\u201c nokam\u00fcts on tehtud TECL-WOOD\u2122 Optima kamuflaa\u017e v\u00e4rvides, mis aitab metsloomade jaoks m\u00e4rkamatuks j\u00e4\u00e4da.\u00a0Heast nokam\u00fctsist saab su s...","robots":{"index":"index","follow":"follow","max-snippet":"max-snippet:-1","max-image-preview":"max-image-preview:large","max-video-preview":"max-video-preview:-1"},"canonical":"https:\/\/elavtuli.ee\/en\/shop\/sale\/sale-hunting-clothes\/cap-northern-hunting-asle-opt2\/","og_locale":"en_US","og_type":"article","og_title":"Cap Northern Hunting \"Asle Opt2\" \u2013 Elav Tuli","og_description":"The Roald cap is made in colors that match the rest of the Northern Hunting collection. A good cap becomes your great friend not only for hunting or hiking, but also, for example, on a Sunday morning walk to the bakery! The \u201cRoald\u201d cap keeps you warm and dry in cooler weather.","og_url":"https:\/\/elavtuli.ee\/en\/shop\/sale\/sale-hunting-clothes\/cap-northern-hunting-asle-opt2\/","og_site_name":"Elav Tuli","article_publisher":"https:\/\/www.facebook.com\/elavtuli\/","article_modified_time":"2024-08-09T07:03:23+00:00","og_image":[{"width":1600,"height":1425,"url":"https:\/\/elavtuli.ee\/wp-content\/uploads\/2024\/08\/606270-OPT2_ASLE_Front.jpeg","type":"image\/jpeg"}],"twitter_card":"summary_large_image","twitter_misc":{"Est. reading time":"2 minutes"},"schema":{"@context":"https:\/\/schema.org","@graph":[{"@type":"WebPage","@id":"https:\/\/elavtuli.ee\/en\/shop\/sale\/sale-hunting-clothes\/cap-northern-hunting-asle-opt2\/","url":"https:\/\/elavtuli.ee\/en\/shop\/sale\/sale-hunting-clothes\/cap-northern-hunting-asle-opt2\/","name":"Cap Northern Hunting \"Asle Opt2\" \u2013 Elav Tuli","isPartOf":{"@id":"https:\/\/elavtuli.ee\/en\/#website"},"primaryImageOfPage":{"@id":"https:\/\/elavtuli.ee\/en\/shop\/sale\/sale-hunting-clothes\/cap-northern-hunting-asle-opt2\/#primaryimage"},"image":{"@id":"https:\/\/elavtuli.ee\/en\/shop\/sale\/sale-hunting-clothes\/cap-northern-hunting-asle-opt2\/#primaryimage"},"thumbnailUrl":"https:\/\/elavtuli.ee\/wp-content\/uploads\/2024\/08\/606270-OPT2_ASLE_Front.jpeg","datePublished":"2024-08-09T07:03:22+00:00","dateModified":"2024-08-09T07:03:23+00:00","description":"The Roald cap is made in colors that match the rest of the Northern Hunting collection. A good cap becomes your great friend not only for hunting or hiking, but also, for example, on a Sunday morning walk to the bakery! The \u201cRoald\u201d cap keeps you warm and dry in cooler weather.","breadcrumb":{"@id":"https:\/\/elavtuli.ee\/en\/shop\/sale\/sale-hunting-clothes\/cap-northern-hunting-asle-opt2\/#breadcrumb"},"inLanguage":"en-US","potentialAction":[{"@type":"ReadAction","target":["https:\/\/elavtuli.ee\/en\/shop\/sale\/sale-hunting-clothes\/cap-northern-hunting-asle-opt2\/"]}]},{"@type":"ImageObject","inLanguage":"en-US","@id":"https:\/\/elavtuli.ee\/en\/shop\/sale\/sale-hunting-clothes\/cap-northern-hunting-asle-opt2\/#primaryimage","url":"https:\/\/elavtuli.ee\/wp-content\/uploads\/2024\/08\/606270-OPT2_ASLE_Front.jpeg","contentUrl":"https:\/\/elavtuli.ee\/wp-content\/uploads\/2024\/08\/606270-OPT2_ASLE_Front.jpeg","width":1600,"height":1425,"caption":"Northern Hunting Asle Opt2 nokam\u00fcts"},{"@type":"BreadcrumbList","@id":"https:\/\/elavtuli.ee\/en\/shop\/sale\/sale-hunting-clothes\/cap-northern-hunting-asle-opt2\/#breadcrumb","itemListElement":[{"@type":"ListItem","position":1,"name":"Avaleht","item":"https:\/\/elavtuli.ee\/en\/"},{"@type":"ListItem","position":2,"name":"E-shop","item":"https:\/\/elavtuli.ee\/en\/shop\/"},{"@type":"ListItem","position":3,"name":"Cap Northern Hunting &#8220;Roald&#8221; (kopeeri)"}]},{"@type":"WebSite","@id":"https:\/\/elavtuli.ee\/en\/#website","url":"https:\/\/elavtuli.ee\/en\/","name":"Elav Tuli","description":"Kvaliteetsed biokaminad Belgiast","publisher":{"@id":"https:\/\/elavtuli.ee\/en\/#organization"},"alternateName":"elavtuli","potentialAction":[{"@type":"SearchAction","target":{"@type":"EntryPoint","urlTemplate":"https:\/\/elavtuli.ee\/en\/?s={search_term_string}"},"query-input":{"@type":"PropertyValueSpecification","valueRequired":true,"valueName":"search_term_string"}}],"inLanguage":"en-US"},{"@type":"Organization","@id":"https:\/\/elavtuli.ee\/en\/#organization","name":"Elav Tuli","url":"https:\/\/elavtuli.ee\/en\/","logo":{"@type":"ImageObject","inLanguage":"en-US","@id":"https:\/\/elavtuli.ee\/en\/#\/schema\/logo\/image\/","url":"https:\/\/elavtuli.ee\/wp-content\/uploads\/2021\/03\/must_logo.png","contentUrl":"https:\/\/elavtuli.ee\/wp-content\/uploads\/2021\/03\/must_logo.png","width":700,"height":700,"caption":"Elav Tuli"},"image":{"@id":"https:\/\/elavtuli.ee\/en\/#\/schema\/logo\/image\/"},"sameAs":["https:\/\/www.facebook.com\/elavtuli\/","https:\/\/www.instagram.com\/elavtuli\/"]}]}},"_links":{"self":[{"href":"https:\/\/elavtuli.ee\/en\/wp-json\/wp\/v2\/product\/19373","targetHints":{"allow":["GET"]}}],"collection":[{"href":"https:\/\/elavtuli.ee\/en\/wp-json\/wp\/v2\/product"}],"about":[{"href":"https:\/\/elavtuli.ee\/en\/wp-json\/wp\/v2\/types\/product"}],"replies":[{"embeddable":true,"href":"https:\/\/elavtuli.ee\/en\/wp-json\/wp\/v2\/comments?post=19373"}],"wp:featuredmedia":[{"embeddable":true,"href":"https:\/\/elavtuli.ee\/en\/wp-json\/wp\/v2\/media\/19384"}],"wp:attachment":[{"href":"https:\/\/elavtuli.ee\/en\/wp-json\/wp\/v2\/media?parent=19373"}],"wp:term":[{"taxonomy":"product_brand","embeddable":true,"href":"https:\/\/elavtuli.ee\/en\/wp-json\/wp\/v2\/product_brand?post=19373"},{"taxonomy":"product_cat","embeddable":true,"href":"https:\/\/elavtuli.ee\/en\/wp-json\/wp\/v2\/product_cat?post=19373"},{"taxonomy":"product_tag","embeddable":true,"href":"https:\/\/elavtuli.ee\/en\/wp-json\/wp\/v2\/product_tag?post=19373"},{"taxonomy":"woo-feed-brand","embeddable":true,"href":"https:\/\/elavtuli.ee\/en\/wp-json\/wp\/v2\/woo-feed-brand?post=19373"}],"curies":[{"name":"wp","href":"https:\/\/api.w.org\/{rel}","templated":true}]}}