{"id":20593,"date":"2025-03-24T12:19:24","date_gmt":"2025-03-24T10:19:24","guid":{"rendered":"https:\/\/elavtuli.ee\/?post_type=product&p=20593"},"modified":"2025-03-24T12:19:25","modified_gmt":"2025-03-24T10:19:25","slug":"sweatshirt-northern-hunting-arild-tanatex-opt9","status":"publish","type":"product","link":"https:\/\/elavtuli.ee\/en\/shop\/hunting-hiking-clothes\/men\/camoflage\/sweatshirt-northern-hunting-arild-tanatex-opt9\/","title":{"rendered":"Sweatshirt Northern Hunting &#8220;Arild&#8221; Tanatex Opt9"},"content":{"rendered":"<p><strong>&#8220;Arild&#8221;<\/strong> camouflage sweatshirt for hiking, hunting, or other outdoor activities.<\/p>\n<p>Ideal for moving stealthily in nature.<\/p>\n<p>The Arild Tanatex mid-layer is made from ultra-lightweight and quiet material, combining effective Tanatex treatment with the licensed TECL-WOOD\u2122 Optima 9 camouflage pattern. This mid-layer is ideal for summer hunting, being both breathable and lightweight \u2014 perfect for layering. The Tanatex treatment repels mosquitoes and ticks, providing extra protection, while the integrated face mask adds additional functionality.<\/p>\n<p>The licensed TECL-WOOD\u2122 OPTIMA 9 camouflage has been developed to make you difficult to spot in Central and Northern European forests during spring and summer. The digital pattern blurs the human silhouette, making you invisible to animals.<\/p>\n<p>All Northern Hunting hunting and outdoor garments come with a five-year manufacturer&#8217;s warranty!<\/p>\n<p><strong>Material:<\/strong><\/p>\n<ul>\n<li>100% Polyester<\/li>\n<\/ul>\n<p><strong>Features:<\/strong><\/p>\n<ul>\n<li>Thumb holes in sleeves<\/li>\n<li>Zip chest pocket<\/li>\n<li>Integrated face mask<\/li>\n<li>Tanatex insect-repellent treated fabric<\/li>\n<\/ul>\n<p><a href=\"http:\/\/www.northernhunting.com\">Northern Hunting&#8217;s<\/a> keywords for hunting and outdoor clothing are:<\/p>\n<ul>\n<li><strong>Functionality<\/strong>. When creating their hunting and outdoor clothing, Northern Hunting focuses above all on continuously improving the functional properties of their product collection to maximally meet the expectations and needs of hunters and hikers.<\/li>\n<li><strong>Innovation<\/strong>. In the hunting and outdoor clothing market, innovation means above all creative design solutions and top-quality materials, which Northern Hunting skilfully combines into a flawless whole.<\/li>\n<li><strong>Durability<\/strong>. Both hikers and hunters often face extreme weather conditions and environments when stepping outdoors. That is why the company pays great attention to the durability of their functional and innovative hunting and outdoor clothing. As confirmation of this, Northern Hunting offers a <strong>5-year warranty<\/strong> on all their products.<\/li>\n<li><strong>Affordability<\/strong>. The creators of Northern Hunting hunting and outdoor clothing have designed their products for the forest and the trail, not for the display windows of exclusive boutiques. That is why they pay great attention to the price-to-quality ratio of materials, making their products accessible to every hiker and hunter.<\/li>\n<li><strong>Pursuit of Excellence<\/strong>. Northern Hunting has always strived to create uncompromisingly high-quality hunting and outdoor clothing. To achieve this goal, they are very grateful for any feedback that helps them improve their products. As the importer of Northern Hunting hunting and outdoor clothing, ELAV TULI gladly forwards any suggestions for product improvements received by phone or email. Call, <a href=\"https:\/\/elavtuli.ee\/kontakt\/\">write<\/a>, criticise, pat us on the back \u2013 no reasonable suggestion will go unnoticed.<\/li>\n<\/ul>\n","protected":false},"excerpt":{"rendered":"<p>The Arild Tanatex mid-layer is made from ultra-lightweight and quiet material, combining effective Tanatex treatment with the licensed TECL-WOOD Optima 9 camouflage pattern. This mid-layer is ideal for summer hunting, being both breathable and lightweight \u2014 perfect for layering. The Tanatex treatment repels mosquitoes and ticks, providing extra protection, while the integrated face mask adds additional functionality.<\/p>\n","protected":false},"featured_media":20611,"comment_status":"closed","ping_status":"closed","template":"","meta":{"_acf_changed":false,"om_disable_all_campaigns":false,"_uf_show_specific_survey":0,"_uf_disable_surveys":false},"product_brand":[],"product_cat":[803,802,805,2195],"product_tag":[857,848,849,856,846,845],"woo-feed-brand":[],"class_list":{"0":"post-20593","1":"product","2":"type-product","3":"status-publish","4":"has-post-thumbnail","6":"product_cat-camoflage","7":"product_cat-hunting-hiking-clothes","8":"product_cat-jackets","9":"product_cat-tanatex-hunting-clothes-men","10":"product_tag-fliis","11":"product_tag-jahiriided","12":"product_tag-matkariided","13":"product_tag-northern-hunting","14":"product_tag-northern-hunting-jahijope","15":"product_tag-northern-hunting-matkajope","17":"first","18":"instock","19":"taxable","20":"shipping-taxable","21":"purchasable","22":"product-type-variable","23":"has-default-attributes"},"acf":[],"yoast_head":"<!-- This site is optimized with the Yoast SEO plugin v27.2 - https:\/\/yoast.com\/product\/yoast-seo-wordpress\/ -->\n<title>Sweatshirt Northern Hunting &quot;Arild&quot; Tanatex Opt9 \u2013 Elav Tuli<\/title>\n<meta name=\"description\" content=\"Arild Tanatex vahekiht on valmistatud \u00fclikergest ja vaiksest materjalist, mis \u00fchendab t\u00f5husa Tanatex t\u00f6\u00f6tlemise ja litsentseeritud TECL-WOOD\u2122 Optima 9...\" \/>\n<meta name=\"robots\" content=\"index, follow, max-snippet:-1, max-image-preview:large, max-video-preview:-1\" \/>\n<link rel=\"canonical\" href=\"https:\/\/elavtuli.ee\/en\/shop\/hunting-hiking-clothes\/men\/camoflage\/sweatshirt-northern-hunting-arild-tanatex-opt9\/\" \/>\n<meta property=\"og:locale\" content=\"en_US\" \/>\n<meta property=\"og:type\" content=\"article\" \/>\n<meta property=\"og:title\" content=\"Sweatshirt Northern Hunting &quot;Arild&quot; Tanatex Opt9 \u2013 Elav Tuli\" \/>\n<meta property=\"og:description\" content=\"The Arild Tanatex mid-layer is made from ultra-lightweight and quiet material, combining effective Tanatex treatment with the licensed TECL-WOOD Optima 9 camouflage pattern. This mid-layer is ideal for summer hunting, being both breathable and lightweight \u2014 perfect for layering. The Tanatex treatment repels mosquitoes and ticks, providing extra protection, while the integrated face mask adds additional functionality.\" \/>\n<meta property=\"og:url\" content=\"https:\/\/elavtuli.ee\/en\/shop\/hunting-hiking-clothes\/men\/camoflage\/sweatshirt-northern-hunting-arild-tanatex-opt9\/\" \/>\n<meta property=\"og:site_name\" content=\"Elav Tuli\" \/>\n<meta property=\"article:publisher\" content=\"https:\/\/www.facebook.com\/elavtuli\/\" \/>\n<meta property=\"article:modified_time\" content=\"2025-03-24T10:19:25+00:00\" \/>\n<meta property=\"og:image\" content=\"https:\/\/elavtuli.ee\/wp-content\/uploads\/2025\/03\/603657-OPT9_ARILD-TANATEX_Front.jpg\" \/>\n\t<meta property=\"og:image:width\" content=\"1920\" \/>\n\t<meta property=\"og:image:height\" content=\"1920\" \/>\n\t<meta property=\"og:image:type\" content=\"image\/jpeg\" \/>\n<meta name=\"twitter:card\" content=\"summary_large_image\" \/>\n<meta name=\"twitter:label1\" content=\"Est. reading time\" \/>\n\t<meta name=\"twitter:data1\" content=\"2 minutes\" \/>\n<script type=\"application\/ld+json\" class=\"yoast-schema-graph\">{\"@context\":\"https:\/\/schema.org\",\"@graph\":[{\"@type\":\"WebPage\",\"@id\":\"https:\/\/elavtuli.ee\/en\/shop\/hunting-hiking-clothes\/men\/camoflage\/sweatshirt-northern-hunting-arild-tanatex-opt9\/\",\"url\":\"https:\/\/elavtuli.ee\/en\/shop\/hunting-hiking-clothes\/men\/camoflage\/sweatshirt-northern-hunting-arild-tanatex-opt9\/\",\"name\":\"Sweatshirt Northern Hunting \\\"Arild\\\" Tanatex Opt9 \u2013 Elav Tuli\",\"isPartOf\":{\"@id\":\"https:\/\/elavtuli.ee\/en\/#website\"},\"primaryImageOfPage\":{\"@id\":\"https:\/\/elavtuli.ee\/en\/shop\/hunting-hiking-clothes\/men\/camoflage\/sweatshirt-northern-hunting-arild-tanatex-opt9\/#primaryimage\"},\"image\":{\"@id\":\"https:\/\/elavtuli.ee\/en\/shop\/hunting-hiking-clothes\/men\/camoflage\/sweatshirt-northern-hunting-arild-tanatex-opt9\/#primaryimage\"},\"thumbnailUrl\":\"https:\/\/elavtuli.ee\/wp-content\/uploads\/2025\/03\/603657-OPT9_ARILD-TANATEX_Front.jpg\",\"datePublished\":\"2025-03-24T10:19:24+00:00\",\"dateModified\":\"2025-03-24T10:19:25+00:00\",\"description\":\"The Arild Tanatex mid-layer is made from ultra-lightweight and quiet material, combining effective Tanatex treatment with the licensed TECL-WOOD Optima 9 camouflage pattern. This mid-layer is ideal for summer hunting, being both breathable and lightweight \u2014 perfect for layering. The Tanatex treatment repels mosquitoes and ticks, providing extra protection, while the integrated face mask adds additional functionality.\",\"breadcrumb\":{\"@id\":\"https:\/\/elavtuli.ee\/en\/shop\/hunting-hiking-clothes\/men\/camoflage\/sweatshirt-northern-hunting-arild-tanatex-opt9\/#breadcrumb\"},\"inLanguage\":\"en-US\",\"potentialAction\":[{\"@type\":\"ReadAction\",\"target\":[\"https:\/\/elavtuli.ee\/en\/shop\/hunting-hiking-clothes\/men\/camoflage\/sweatshirt-northern-hunting-arild-tanatex-opt9\/\"]}]},{\"@type\":\"ImageObject\",\"inLanguage\":\"en-US\",\"@id\":\"https:\/\/elavtuli.ee\/en\/shop\/hunting-hiking-clothes\/men\/camoflage\/sweatshirt-northern-hunting-arild-tanatex-opt9\/#primaryimage\",\"url\":\"https:\/\/elavtuli.ee\/wp-content\/uploads\/2025\/03\/603657-OPT9_ARILD-TANATEX_Front.jpg\",\"contentUrl\":\"https:\/\/elavtuli.ee\/wp-content\/uploads\/2025\/03\/603657-OPT9_ARILD-TANATEX_Front.jpg\",\"width\":1920,\"height\":1920,\"caption\":\"Northern Hunting Arild Tanatex dressipluus\"},{\"@type\":\"BreadcrumbList\",\"@id\":\"https:\/\/elavtuli.ee\/en\/shop\/hunting-hiking-clothes\/men\/camoflage\/sweatshirt-northern-hunting-arild-tanatex-opt9\/#breadcrumb\",\"itemListElement\":[{\"@type\":\"ListItem\",\"position\":1,\"name\":\"Avaleht\",\"item\":\"https:\/\/elavtuli.ee\/en\/\"},{\"@type\":\"ListItem\",\"position\":2,\"name\":\"E-shop\",\"item\":\"https:\/\/elavtuli.ee\/en\/shop\/\"},{\"@type\":\"ListItem\",\"position\":3,\"name\":\"Sweatshirt Northern Hunting &#8220;Alvar&#8221; (kopeeri)\"}]},{\"@type\":\"WebSite\",\"@id\":\"https:\/\/elavtuli.ee\/en\/#website\",\"url\":\"https:\/\/elavtuli.ee\/en\/\",\"name\":\"Elav Tuli\",\"description\":\"Kvaliteetsed biokaminad Belgiast\",\"publisher\":{\"@id\":\"https:\/\/elavtuli.ee\/en\/#organization\"},\"alternateName\":\"elavtuli\",\"potentialAction\":[{\"@type\":\"SearchAction\",\"target\":{\"@type\":\"EntryPoint\",\"urlTemplate\":\"https:\/\/elavtuli.ee\/en\/?s={search_term_string}\"},\"query-input\":{\"@type\":\"PropertyValueSpecification\",\"valueRequired\":true,\"valueName\":\"search_term_string\"}}],\"inLanguage\":\"en-US\"},{\"@type\":\"Organization\",\"@id\":\"https:\/\/elavtuli.ee\/en\/#organization\",\"name\":\"Elav Tuli\",\"url\":\"https:\/\/elavtuli.ee\/en\/\",\"logo\":{\"@type\":\"ImageObject\",\"inLanguage\":\"en-US\",\"@id\":\"https:\/\/elavtuli.ee\/en\/#\/schema\/logo\/image\/\",\"url\":\"https:\/\/elavtuli.ee\/wp-content\/uploads\/2021\/03\/must_logo.png\",\"contentUrl\":\"https:\/\/elavtuli.ee\/wp-content\/uploads\/2021\/03\/must_logo.png\",\"width\":700,\"height\":700,\"caption\":\"Elav Tuli\"},\"image\":{\"@id\":\"https:\/\/elavtuli.ee\/en\/#\/schema\/logo\/image\/\"},\"sameAs\":[\"https:\/\/www.facebook.com\/elavtuli\/\",\"https:\/\/www.instagram.com\/elavtuli\/\"]}]}<\/script>\n<!-- \/ Yoast SEO plugin. -->","yoast_head_json":{"title":"Sweatshirt Northern Hunting \"Arild\" Tanatex Opt9 \u2013 Elav Tuli","description":"Arild Tanatex vahekiht on valmistatud \u00fclikergest ja vaiksest materjalist, mis \u00fchendab t\u00f5husa Tanatex t\u00f6\u00f6tlemise ja litsentseeritud TECL-WOOD\u2122 Optima 9...","robots":{"index":"index","follow":"follow","max-snippet":"max-snippet:-1","max-image-preview":"max-image-preview:large","max-video-preview":"max-video-preview:-1"},"canonical":"https:\/\/elavtuli.ee\/en\/shop\/hunting-hiking-clothes\/men\/camoflage\/sweatshirt-northern-hunting-arild-tanatex-opt9\/","og_locale":"en_US","og_type":"article","og_title":"Sweatshirt Northern Hunting \"Arild\" Tanatex Opt9 \u2013 Elav Tuli","og_description":"The Arild Tanatex mid-layer is made from ultra-lightweight and quiet material, combining effective Tanatex treatment with the licensed TECL-WOOD Optima 9 camouflage pattern. This mid-layer is ideal for summer hunting, being both breathable and lightweight \u2014 perfect for layering. The Tanatex treatment repels mosquitoes and ticks, providing extra protection, while the integrated face mask adds additional functionality.","og_url":"https:\/\/elavtuli.ee\/en\/shop\/hunting-hiking-clothes\/men\/camoflage\/sweatshirt-northern-hunting-arild-tanatex-opt9\/","og_site_name":"Elav Tuli","article_publisher":"https:\/\/www.facebook.com\/elavtuli\/","article_modified_time":"2025-03-24T10:19:25+00:00","og_image":[{"width":1920,"height":1920,"url":"https:\/\/elavtuli.ee\/wp-content\/uploads\/2025\/03\/603657-OPT9_ARILD-TANATEX_Front.jpg","type":"image\/jpeg"}],"twitter_card":"summary_large_image","twitter_misc":{"Est. reading time":"2 minutes"},"schema":{"@context":"https:\/\/schema.org","@graph":[{"@type":"WebPage","@id":"https:\/\/elavtuli.ee\/en\/shop\/hunting-hiking-clothes\/men\/camoflage\/sweatshirt-northern-hunting-arild-tanatex-opt9\/","url":"https:\/\/elavtuli.ee\/en\/shop\/hunting-hiking-clothes\/men\/camoflage\/sweatshirt-northern-hunting-arild-tanatex-opt9\/","name":"Sweatshirt Northern Hunting \"Arild\" Tanatex Opt9 \u2013 Elav Tuli","isPartOf":{"@id":"https:\/\/elavtuli.ee\/en\/#website"},"primaryImageOfPage":{"@id":"https:\/\/elavtuli.ee\/en\/shop\/hunting-hiking-clothes\/men\/camoflage\/sweatshirt-northern-hunting-arild-tanatex-opt9\/#primaryimage"},"image":{"@id":"https:\/\/elavtuli.ee\/en\/shop\/hunting-hiking-clothes\/men\/camoflage\/sweatshirt-northern-hunting-arild-tanatex-opt9\/#primaryimage"},"thumbnailUrl":"https:\/\/elavtuli.ee\/wp-content\/uploads\/2025\/03\/603657-OPT9_ARILD-TANATEX_Front.jpg","datePublished":"2025-03-24T10:19:24+00:00","dateModified":"2025-03-24T10:19:25+00:00","description":"The Arild Tanatex mid-layer is made from ultra-lightweight and quiet material, combining effective Tanatex treatment with the licensed TECL-WOOD Optima 9 camouflage pattern. This mid-layer is ideal for summer hunting, being both breathable and lightweight \u2014 perfect for layering. The Tanatex treatment repels mosquitoes and ticks, providing extra protection, while the integrated face mask adds additional functionality.","breadcrumb":{"@id":"https:\/\/elavtuli.ee\/en\/shop\/hunting-hiking-clothes\/men\/camoflage\/sweatshirt-northern-hunting-arild-tanatex-opt9\/#breadcrumb"},"inLanguage":"en-US","potentialAction":[{"@type":"ReadAction","target":["https:\/\/elavtuli.ee\/en\/shop\/hunting-hiking-clothes\/men\/camoflage\/sweatshirt-northern-hunting-arild-tanatex-opt9\/"]}]},{"@type":"ImageObject","inLanguage":"en-US","@id":"https:\/\/elavtuli.ee\/en\/shop\/hunting-hiking-clothes\/men\/camoflage\/sweatshirt-northern-hunting-arild-tanatex-opt9\/#primaryimage","url":"https:\/\/elavtuli.ee\/wp-content\/uploads\/2025\/03\/603657-OPT9_ARILD-TANATEX_Front.jpg","contentUrl":"https:\/\/elavtuli.ee\/wp-content\/uploads\/2025\/03\/603657-OPT9_ARILD-TANATEX_Front.jpg","width":1920,"height":1920,"caption":"Northern Hunting Arild Tanatex dressipluus"},{"@type":"BreadcrumbList","@id":"https:\/\/elavtuli.ee\/en\/shop\/hunting-hiking-clothes\/men\/camoflage\/sweatshirt-northern-hunting-arild-tanatex-opt9\/#breadcrumb","itemListElement":[{"@type":"ListItem","position":1,"name":"Avaleht","item":"https:\/\/elavtuli.ee\/en\/"},{"@type":"ListItem","position":2,"name":"E-shop","item":"https:\/\/elavtuli.ee\/en\/shop\/"},{"@type":"ListItem","position":3,"name":"Sweatshirt Northern Hunting &#8220;Alvar&#8221; (kopeeri)"}]},{"@type":"WebSite","@id":"https:\/\/elavtuli.ee\/en\/#website","url":"https:\/\/elavtuli.ee\/en\/","name":"Elav Tuli","description":"Kvaliteetsed biokaminad Belgiast","publisher":{"@id":"https:\/\/elavtuli.ee\/en\/#organization"},"alternateName":"elavtuli","potentialAction":[{"@type":"SearchAction","target":{"@type":"EntryPoint","urlTemplate":"https:\/\/elavtuli.ee\/en\/?s={search_term_string}"},"query-input":{"@type":"PropertyValueSpecification","valueRequired":true,"valueName":"search_term_string"}}],"inLanguage":"en-US"},{"@type":"Organization","@id":"https:\/\/elavtuli.ee\/en\/#organization","name":"Elav Tuli","url":"https:\/\/elavtuli.ee\/en\/","logo":{"@type":"ImageObject","inLanguage":"en-US","@id":"https:\/\/elavtuli.ee\/en\/#\/schema\/logo\/image\/","url":"https:\/\/elavtuli.ee\/wp-content\/uploads\/2021\/03\/must_logo.png","contentUrl":"https:\/\/elavtuli.ee\/wp-content\/uploads\/2021\/03\/must_logo.png","width":700,"height":700,"caption":"Elav Tuli"},"image":{"@id":"https:\/\/elavtuli.ee\/en\/#\/schema\/logo\/image\/"},"sameAs":["https:\/\/www.facebook.com\/elavtuli\/","https:\/\/www.instagram.com\/elavtuli\/"]}]}},"_links":{"self":[{"href":"https:\/\/elavtuli.ee\/en\/wp-json\/wp\/v2\/product\/20593","targetHints":{"allow":["GET"]}}],"collection":[{"href":"https:\/\/elavtuli.ee\/en\/wp-json\/wp\/v2\/product"}],"about":[{"href":"https:\/\/elavtuli.ee\/en\/wp-json\/wp\/v2\/types\/product"}],"replies":[{"embeddable":true,"href":"https:\/\/elavtuli.ee\/en\/wp-json\/wp\/v2\/comments?post=20593"}],"wp:featuredmedia":[{"embeddable":true,"href":"https:\/\/elavtuli.ee\/en\/wp-json\/wp\/v2\/media\/20611"}],"wp:attachment":[{"href":"https:\/\/elavtuli.ee\/en\/wp-json\/wp\/v2\/media?parent=20593"}],"wp:term":[{"taxonomy":"product_brand","embeddable":true,"href":"https:\/\/elavtuli.ee\/en\/wp-json\/wp\/v2\/product_brand?post=20593"},{"taxonomy":"product_cat","embeddable":true,"href":"https:\/\/elavtuli.ee\/en\/wp-json\/wp\/v2\/product_cat?post=20593"},{"taxonomy":"product_tag","embeddable":true,"href":"https:\/\/elavtuli.ee\/en\/wp-json\/wp\/v2\/product_tag?post=20593"},{"taxonomy":"woo-feed-brand","embeddable":true,"href":"https:\/\/elavtuli.ee\/en\/wp-json\/wp\/v2\/woo-feed-brand?post=20593"}],"curies":[{"name":"wp","href":"https:\/\/api.w.org\/{rel}","templated":true}]}}