{"id":23058,"date":"2026-03-26T12:25:15","date_gmt":"2026-03-26T12:25:15","guid":{"rendered":""},"modified":"-0001-11-30T00:00:00","modified_gmt":"-0001-11-29T21:00:00","slug":"fire-bowl-cookking-polo-60-100-cm","status":"publish","type":"product","link":"https:\/\/elavtuli.ee\/en\/shop\/fire-bowls\/fire-bowl-cookking-polo-60-100-cm\/","title":{"rendered":"Fire Bowl CookKing \u201cPolo\u201d, 60-100 cm"},"content":{"rendered":"<h2>Fire Bowl CookKing &#8220;Polo&#8221;, 60-100 cm<\/h2>\n<p>This handcrafted European fire bowl is characterised by its detailed finish. Every element of the heavy-gauge steel construction has been carefully welded together, ensuring stability on the ground and long-lasting durability.<\/p>\n<p><strong>The fire bowl<\/strong> is the ideal choice for those who value a safe fire pit. The fire pit can be used for a variety of purposes \u2014 from practical fire lighting to a portable grill, heat source, and stylish light source. The unique shape of the fire bowl prevents burning logs from scattering, especially in strong wind.<\/p>\n<p>The handles of the fire bowl are welded to the bowl itself, making the entire construction easy to move.<\/p>\n<p>The fire bowl is made from raw steel, so the colour tone may vary from the product colour shown in the photos. This is a natural property of steel and does not affect the functionality of the product.<br \/>\n<strong>Made in Europe!<\/strong><\/p>\n<p>If you have any questions, call, <a href=\"https:\/\/elavtuli.ee\/en\/contact\/\">write<\/a>, criticise, pat us on the back \u2013 no reasonable suggestion will go unnoticed.<\/p>\n<p><a href=\"https:\/\/cookking.com\/\">Manufacturer&#8217;s website!<\/a><\/p>\n<h3>CookKing Fire Bowl \u2013 delicacies seasoned with fire and wind<\/h3>\n<p>CookKing has a magical ability to bring family and good friends together around a living fire to share exciting stories, enjoy each other&#8217;s company, and savour delicacies seasoned with fire and wind.<\/p>\n<h3>CookKing Fire Bowl \u2013 Craftsmanship quality<\/h3>\n<p>The secret behind the uncompromising quality of CookKing products lies in the perfect fit of flawlessly designed components, joined together using the most modern welding and forging techniques.<br \/>\nThis is how CookKing succeeds in creating fire bowls, garden ovens, grills, fire baskets, and many other interesting products with a uniform structure and stable construction \u2014 offering cosy moments in the company of loved ones, a living fire, and delicious food for many years to come.<br \/>\nMade in Europe (as a stamp)<\/p>\n<h3>CookKing Fire Bowl \u2013 Distinctive design<\/h3>\n<p>All CookKing products are designed by a single person whose passion, dedication, and years of experience in developing metal products have given the brand&#8217;s items a unique personality and character, recognised in many corners of the world.<br \/>\nThought through to the smallest detail, CookKing products bear influences from various cultures around the world that the designer tirelessly encounters while travelling. Whether it is a garden oven, grill, fire basket, or fire bowl, the work on developing a product does not end until questions such as the following have been answered:<br \/>\nHow will this product look in the garden?<br \/>\nHow could it be made even stronger, more stable, and safer?<br \/>\nIs it easy to use for cooking and to clean afterwards?<\/p>\n<p><strong>This is how CookKing products are born \u2014 quality grilling tools that allow customers around the world to enjoy delicacies seasoned with fire and wind.<\/strong><\/p>\n","protected":false},"excerpt":{"rendered":"<p>Fire Bowl CookKing Polo 60-100 cm. The fire bowl is an ideal choice for those who value a safe fire pit. It can be used for various purposes \u2014 from practical fire lighting to a portable grill, heat source, and stylish light source. The unique shape of the fire bowl prevents burning logs from scattering, especially in strong wind.<\/p>\n","protected":false},"featured_media":9158,"comment_status":"open","ping_status":"open","template":"","meta":{"_acf_changed":false,"om_disable_all_campaigns":false,"_uf_show_specific_survey":0,"_uf_disable_surveys":false},"product_brand":[],"product_cat":[810],"product_tag":[854,866,851,868,867],"woo-feed-brand":[],"class_list":{"0":"post-23058","1":"product","2":"type-product","3":"status-publish","4":"has-post-thumbnail","6":"product_cat-fire-bowls","7":"product_tag-cookking","8":"product_tag-grill","9":"product_tag-lokkealus","10":"product_tag-tulease","11":"product_tag-tulekauss","13":"first","14":"onbackorder","15":"taxable","16":"shipping-taxable","17":"purchasable","18":"product-type-variable","19":"has-default-attributes"},"acf":[],"yoast_head":"<!-- This site is optimized with the Yoast SEO plugin v27.2 - https:\/\/yoast.com\/product\/yoast-seo-wordpress\/ -->\n<title>Fire Bowl CookKing \u201cPolo\u201d, 60-100 cm \u2013 Elav Tuli<\/title>\n<meta name=\"description\" content=\"L\u00f5kkealus CookKing Polo 60-100 cm. L\u00f5kkealus on ideaalne valik neile, kes hindavad turvalist tuleaset. Tuleaset on v\u00f5imalik kasutada mitmesugustel eesm\u00e4r...\" \/>\n<meta name=\"robots\" content=\"index, follow, max-snippet:-1, max-image-preview:large, max-video-preview:-1\" \/>\n<link rel=\"canonical\" href=\"https:\/\/elavtuli.ee\/en\/shop\/fire-bowls\/fire-bowl-cookking-polo-60-100-cm\/\" \/>\n<meta property=\"og:locale\" content=\"en_US\" \/>\n<meta property=\"og:type\" content=\"article\" \/>\n<meta property=\"og:title\" content=\"Fire Bowl CookKing \u201cPolo\u201d, 60-100 cm \u2013 Elav Tuli\" \/>\n<meta property=\"og:description\" content=\"L\u00f5kkealus CookKing Polo 60-100 cm. L\u00f5kkealus on ideaalne valik neile, kes hindavad turvalist tuleaset. Tuleaset on v\u00f5imalik kasutada mitmesugustel eesm\u00e4r...\" \/>\n<meta property=\"og:url\" content=\"https:\/\/elavtuli.ee\/en\/shop\/fire-bowls\/fire-bowl-cookking-polo-60-100-cm\/\" \/>\n<meta property=\"og:site_name\" content=\"Elav Tuli\" \/>\n<meta property=\"article:publisher\" content=\"https:\/\/www.facebook.com\/elavtuli\/\" \/>\n<meta property=\"og:image\" content=\"https:\/\/elavtuli.ee\/wp-content\/uploads\/2024\/04\/white_polo_fire.jpg\" \/>\n\t<meta property=\"og:image:width\" content=\"2000\" \/>\n\t<meta property=\"og:image:height\" content=\"1834\" \/>\n\t<meta property=\"og:image:type\" content=\"image\/jpeg\" \/>\n<meta name=\"twitter:card\" content=\"summary_large_image\" \/>\n<meta name=\"twitter:label1\" content=\"Est. reading time\" \/>\n\t<meta name=\"twitter:data1\" content=\"2 minutes\" \/>\n<script type=\"application\/ld+json\" class=\"yoast-schema-graph\">{\"@context\":\"https:\/\/schema.org\",\"@graph\":[{\"@type\":\"WebPage\",\"@id\":\"https:\/\/elavtuli.ee\/en\/shop\/fire-bowls\/fire-bowl-cookking-polo-60-100-cm\/\",\"url\":\"https:\/\/elavtuli.ee\/en\/shop\/fire-bowls\/fire-bowl-cookking-polo-60-100-cm\/\",\"name\":\"Fire Bowl CookKing \u201cPolo\u201d, 60-100 cm \u2013 Elav Tuli\",\"isPartOf\":{\"@id\":\"https:\/\/elavtuli.ee\/en\/#website\"},\"primaryImageOfPage\":{\"@id\":\"https:\/\/elavtuli.ee\/en\/shop\/fire-bowls\/fire-bowl-cookking-polo-60-100-cm\/#primaryimage\"},\"image\":{\"@id\":\"https:\/\/elavtuli.ee\/en\/shop\/fire-bowls\/fire-bowl-cookking-polo-60-100-cm\/#primaryimage\"},\"thumbnailUrl\":\"https:\/\/elavtuli.ee\/wp-content\/uploads\/2024\/04\/white_polo_fire.jpg\",\"datePublished\":\"2026-03-26T12:25:15+00:00\",\"description\":\"L\u00f5kkealus CookKing Polo 60-100 cm. L\u00f5kkealus on ideaalne valik neile, kes hindavad turvalist tuleaset. Tuleaset on v\u00f5imalik kasutada mitmesugustel eesm\u00e4r...\",\"breadcrumb\":{\"@id\":\"https:\/\/elavtuli.ee\/en\/shop\/fire-bowls\/fire-bowl-cookking-polo-60-100-cm\/#breadcrumb\"},\"inLanguage\":\"en-US\",\"potentialAction\":[{\"@type\":\"ReadAction\",\"target\":[\"https:\/\/elavtuli.ee\/en\/shop\/fire-bowls\/fire-bowl-cookking-polo-60-100-cm\/\"]}]},{\"@type\":\"ImageObject\",\"inLanguage\":\"en-US\",\"@id\":\"https:\/\/elavtuli.ee\/en\/shop\/fire-bowls\/fire-bowl-cookking-polo-60-100-cm\/#primaryimage\",\"url\":\"https:\/\/elavtuli.ee\/wp-content\/uploads\/2024\/04\/white_polo_fire.jpg\",\"contentUrl\":\"https:\/\/elavtuli.ee\/wp-content\/uploads\/2024\/04\/white_polo_fire.jpg\",\"width\":2000,\"height\":1834,\"caption\":\"white polo fire\"},{\"@type\":\"BreadcrumbList\",\"@id\":\"https:\/\/elavtuli.ee\/en\/shop\/fire-bowls\/fire-bowl-cookking-polo-60-100-cm\/#breadcrumb\",\"itemListElement\":[{\"@type\":\"ListItem\",\"position\":1,\"name\":\"Avaleht\",\"item\":\"https:\/\/elavtuli.ee\/en\/\"},{\"@type\":\"ListItem\",\"position\":2,\"name\":\"E-shop\",\"item\":\"https:\/\/elavtuli.ee\/en\/shop\/\"},{\"@type\":\"ListItem\",\"position\":3,\"name\":\"Fire Bowl CookKing \u201cPolo\u201d, 60-100 cm\"}]},{\"@type\":\"WebSite\",\"@id\":\"https:\/\/elavtuli.ee\/en\/#website\",\"url\":\"https:\/\/elavtuli.ee\/en\/\",\"name\":\"Elav Tuli\",\"description\":\"Kvaliteetsed biokaminad Belgiast\",\"publisher\":{\"@id\":\"https:\/\/elavtuli.ee\/en\/#organization\"},\"alternateName\":\"elavtuli\",\"potentialAction\":[{\"@type\":\"SearchAction\",\"target\":{\"@type\":\"EntryPoint\",\"urlTemplate\":\"https:\/\/elavtuli.ee\/en\/?s={search_term_string}\"},\"query-input\":{\"@type\":\"PropertyValueSpecification\",\"valueRequired\":true,\"valueName\":\"search_term_string\"}}],\"inLanguage\":\"en-US\"},{\"@type\":\"Organization\",\"@id\":\"https:\/\/elavtuli.ee\/en\/#organization\",\"name\":\"Elav Tuli\",\"url\":\"https:\/\/elavtuli.ee\/en\/\",\"logo\":{\"@type\":\"ImageObject\",\"inLanguage\":\"en-US\",\"@id\":\"https:\/\/elavtuli.ee\/en\/#\/schema\/logo\/image\/\",\"url\":\"https:\/\/elavtuli.ee\/wp-content\/uploads\/2021\/03\/must_logo.png\",\"contentUrl\":\"https:\/\/elavtuli.ee\/wp-content\/uploads\/2021\/03\/must_logo.png\",\"width\":700,\"height\":700,\"caption\":\"Elav Tuli\"},\"image\":{\"@id\":\"https:\/\/elavtuli.ee\/en\/#\/schema\/logo\/image\/\"},\"sameAs\":[\"https:\/\/www.facebook.com\/elavtuli\/\",\"https:\/\/www.instagram.com\/elavtuli\/\"]}]}<\/script>\n<!-- \/ Yoast SEO plugin. -->","yoast_head_json":{"title":"Fire Bowl CookKing \u201cPolo\u201d, 60-100 cm \u2013 Elav Tuli","description":"L\u00f5kkealus CookKing Polo 60-100 cm. L\u00f5kkealus on ideaalne valik neile, kes hindavad turvalist tuleaset. Tuleaset on v\u00f5imalik kasutada mitmesugustel eesm\u00e4r...","robots":{"index":"index","follow":"follow","max-snippet":"max-snippet:-1","max-image-preview":"max-image-preview:large","max-video-preview":"max-video-preview:-1"},"canonical":"https:\/\/elavtuli.ee\/en\/shop\/fire-bowls\/fire-bowl-cookking-polo-60-100-cm\/","og_locale":"en_US","og_type":"article","og_title":"Fire Bowl CookKing \u201cPolo\u201d, 60-100 cm \u2013 Elav Tuli","og_description":"L\u00f5kkealus CookKing Polo 60-100 cm. L\u00f5kkealus on ideaalne valik neile, kes hindavad turvalist tuleaset. Tuleaset on v\u00f5imalik kasutada mitmesugustel eesm\u00e4r...","og_url":"https:\/\/elavtuli.ee\/en\/shop\/fire-bowls\/fire-bowl-cookking-polo-60-100-cm\/","og_site_name":"Elav Tuli","article_publisher":"https:\/\/www.facebook.com\/elavtuli\/","og_image":[{"width":2000,"height":1834,"url":"https:\/\/elavtuli.ee\/wp-content\/uploads\/2024\/04\/white_polo_fire.jpg","type":"image\/jpeg"}],"twitter_card":"summary_large_image","twitter_misc":{"Est. reading time":"2 minutes"},"schema":{"@context":"https:\/\/schema.org","@graph":[{"@type":"WebPage","@id":"https:\/\/elavtuli.ee\/en\/shop\/fire-bowls\/fire-bowl-cookking-polo-60-100-cm\/","url":"https:\/\/elavtuli.ee\/en\/shop\/fire-bowls\/fire-bowl-cookking-polo-60-100-cm\/","name":"Fire Bowl CookKing \u201cPolo\u201d, 60-100 cm \u2013 Elav Tuli","isPartOf":{"@id":"https:\/\/elavtuli.ee\/en\/#website"},"primaryImageOfPage":{"@id":"https:\/\/elavtuli.ee\/en\/shop\/fire-bowls\/fire-bowl-cookking-polo-60-100-cm\/#primaryimage"},"image":{"@id":"https:\/\/elavtuli.ee\/en\/shop\/fire-bowls\/fire-bowl-cookking-polo-60-100-cm\/#primaryimage"},"thumbnailUrl":"https:\/\/elavtuli.ee\/wp-content\/uploads\/2024\/04\/white_polo_fire.jpg","datePublished":"2026-03-26T12:25:15+00:00","description":"L\u00f5kkealus CookKing Polo 60-100 cm. L\u00f5kkealus on ideaalne valik neile, kes hindavad turvalist tuleaset. Tuleaset on v\u00f5imalik kasutada mitmesugustel eesm\u00e4r...","breadcrumb":{"@id":"https:\/\/elavtuli.ee\/en\/shop\/fire-bowls\/fire-bowl-cookking-polo-60-100-cm\/#breadcrumb"},"inLanguage":"en-US","potentialAction":[{"@type":"ReadAction","target":["https:\/\/elavtuli.ee\/en\/shop\/fire-bowls\/fire-bowl-cookking-polo-60-100-cm\/"]}]},{"@type":"ImageObject","inLanguage":"en-US","@id":"https:\/\/elavtuli.ee\/en\/shop\/fire-bowls\/fire-bowl-cookking-polo-60-100-cm\/#primaryimage","url":"https:\/\/elavtuli.ee\/wp-content\/uploads\/2024\/04\/white_polo_fire.jpg","contentUrl":"https:\/\/elavtuli.ee\/wp-content\/uploads\/2024\/04\/white_polo_fire.jpg","width":2000,"height":1834,"caption":"white polo fire"},{"@type":"BreadcrumbList","@id":"https:\/\/elavtuli.ee\/en\/shop\/fire-bowls\/fire-bowl-cookking-polo-60-100-cm\/#breadcrumb","itemListElement":[{"@type":"ListItem","position":1,"name":"Avaleht","item":"https:\/\/elavtuli.ee\/en\/"},{"@type":"ListItem","position":2,"name":"E-shop","item":"https:\/\/elavtuli.ee\/en\/shop\/"},{"@type":"ListItem","position":3,"name":"Fire Bowl CookKing \u201cPolo\u201d, 60-100 cm"}]},{"@type":"WebSite","@id":"https:\/\/elavtuli.ee\/en\/#website","url":"https:\/\/elavtuli.ee\/en\/","name":"Elav Tuli","description":"Kvaliteetsed biokaminad Belgiast","publisher":{"@id":"https:\/\/elavtuli.ee\/en\/#organization"},"alternateName":"elavtuli","potentialAction":[{"@type":"SearchAction","target":{"@type":"EntryPoint","urlTemplate":"https:\/\/elavtuli.ee\/en\/?s={search_term_string}"},"query-input":{"@type":"PropertyValueSpecification","valueRequired":true,"valueName":"search_term_string"}}],"inLanguage":"en-US"},{"@type":"Organization","@id":"https:\/\/elavtuli.ee\/en\/#organization","name":"Elav Tuli","url":"https:\/\/elavtuli.ee\/en\/","logo":{"@type":"ImageObject","inLanguage":"en-US","@id":"https:\/\/elavtuli.ee\/en\/#\/schema\/logo\/image\/","url":"https:\/\/elavtuli.ee\/wp-content\/uploads\/2021\/03\/must_logo.png","contentUrl":"https:\/\/elavtuli.ee\/wp-content\/uploads\/2021\/03\/must_logo.png","width":700,"height":700,"caption":"Elav Tuli"},"image":{"@id":"https:\/\/elavtuli.ee\/en\/#\/schema\/logo\/image\/"},"sameAs":["https:\/\/www.facebook.com\/elavtuli\/","https:\/\/www.instagram.com\/elavtuli\/"]}]}},"_links":{"self":[{"href":"https:\/\/elavtuli.ee\/en\/wp-json\/wp\/v2\/product\/23058","targetHints":{"allow":["GET"]}}],"collection":[{"href":"https:\/\/elavtuli.ee\/en\/wp-json\/wp\/v2\/product"}],"about":[{"href":"https:\/\/elavtuli.ee\/en\/wp-json\/wp\/v2\/types\/product"}],"replies":[{"embeddable":true,"href":"https:\/\/elavtuli.ee\/en\/wp-json\/wp\/v2\/comments?post=23058"}],"wp:featuredmedia":[{"embeddable":true,"href":"https:\/\/elavtuli.ee\/en\/wp-json\/wp\/v2\/media\/9158"}],"wp:attachment":[{"href":"https:\/\/elavtuli.ee\/en\/wp-json\/wp\/v2\/media?parent=23058"}],"wp:term":[{"taxonomy":"product_brand","embeddable":true,"href":"https:\/\/elavtuli.ee\/en\/wp-json\/wp\/v2\/product_brand?post=23058"},{"taxonomy":"product_cat","embeddable":true,"href":"https:\/\/elavtuli.ee\/en\/wp-json\/wp\/v2\/product_cat?post=23058"},{"taxonomy":"product_tag","embeddable":true,"href":"https:\/\/elavtuli.ee\/en\/wp-json\/wp\/v2\/product_tag?post=23058"},{"taxonomy":"woo-feed-brand","embeddable":true,"href":"https:\/\/elavtuli.ee\/en\/wp-json\/wp\/v2\/woo-feed-brand?post=23058"}],"curies":[{"name":"wp","href":"https:\/\/api.w.org\/{rel}","templated":true}]}}