{"id":23077,"date":"2026-03-26T12:25:15","date_gmt":"2026-03-26T12:25:15","guid":{"rendered":""},"modified":"-0001-11-30T00:00:00","modified_gmt":"-0001-11-29T21:00:00","slug":"premium-grill-and-fire-bowl-cookking-santos","status":"publish","type":"product","link":"https:\/\/elavtuli.ee\/en\/shop\/grills\/plate-grills\/premium-grill-and-fire-bowl-cookking-santos\/","title":{"rendered":"Premium Grill and Fire Bowl CookKing &#8220;Santos&#8221;"},"content":{"rendered":"<h2>Premium Grill and Fire Bowl CookKing &#8220;Santos&#8221;<\/h2>\n<p>The &#8220;SANTOS&#8221; <strong>grill\/fire bowl<\/strong> is designed not only for versatile grilling but also for creating a cosy atmosphere for enjoying late evenings, while also serving as a wood-burning fireplace. All components are joined by welded connections, ensuring an extremely stable product. This wonderful fire bowl grill gives your garden, patio, or deck a modern and stylish appearance.<\/p>\n<p>The product comes with a grill grate, and the round fire bowl regulates airflow, so heat spreads evenly and allows food to be cooked perfectly.<\/p>\n<p>The fire bowl is made from raw steel, so the colour tone may vary from the product colour shown in the photos. This is a natural property of steel and does not affect the functionality of the product.<\/p>\n<p><strong>Made in Europe!<\/strong><\/p>\n<p>If you have any questions, call, <a href=\"https:\/\/elavtuli.ee\/en\/contact\/\">write<\/a>, criticise, pat us on the back \u2013 no reasonable suggestion will go unnoticed.<\/p>\n<p><a href=\"https:\/\/cookking.com\/\">Manufacturer&#8217;s website!<\/a><\/p>\n","protected":false},"excerpt":{"rendered":"<p>Premium grill and fire bowl in one \u2014 CookKing &#8220;Santos&#8221;. Designed not only for versatile grilling but also for creating a cosy atmosphere for late evening enjoyment, while also serving as a wood-burning fireplace.<\/p>\n","protected":false},"featured_media":10182,"comment_status":"open","ping_status":"open","template":"","meta":{"_acf_changed":false,"om_disable_all_campaigns":false,"_uf_show_specific_survey":0,"_uf_disable_surveys":false},"product_brand":[],"product_cat":[810,798,801],"product_tag":[854,866,851,868,867],"woo-feed-brand":[],"class_list":{"0":"post-23077","1":"product","2":"type-product","3":"status-publish","4":"has-post-thumbnail","6":"product_cat-fire-bowls","7":"product_cat-grills","8":"product_cat-plate-grills","9":"product_tag-cookking","10":"product_tag-grill","11":"product_tag-lokkealus","12":"product_tag-tulease","13":"product_tag-tulekauss","15":"first","16":"onbackorder","17":"taxable","18":"shipping-taxable","19":"purchasable","20":"product-type-simple"},"acf":[],"yoast_head":"<!-- This site is optimized with the Yoast SEO plugin v27.2 - https:\/\/yoast.com\/product\/yoast-seo-wordpress\/ -->\n<title>Premium Grill and Fire Bowl CookKing &quot;Santos&quot; \u2013 Elav Tuli<\/title>\n<meta name=\"description\" content=\"Premium grill ja l\u00f5kkealus \u00fches, CookKing &quot;Santos&quot;. &quot;Santos&quot;\u00a0on loodud mitte ainult mitmek\u00fclgseks grillimiseks, vaid ka \u00f5dusa \u00f5hkkonna loomiseks hilist...\" \/>\n<meta name=\"robots\" content=\"index, follow, max-snippet:-1, max-image-preview:large, max-video-preview:-1\" \/>\n<link rel=\"canonical\" href=\"https:\/\/elavtuli.ee\/en\/shop\/grills\/plate-grills\/premium-grill-and-fire-bowl-cookking-santos\/\" \/>\n<meta property=\"og:locale\" content=\"en_US\" \/>\n<meta property=\"og:type\" content=\"article\" \/>\n<meta property=\"og:title\" content=\"Premium Grill and Fire Bowl CookKing &quot;Santos&quot; \u2013 Elav Tuli\" \/>\n<meta property=\"og:description\" content=\"Premium grill ja l\u00f5kkealus \u00fches, CookKing &quot;Santos&quot;. &quot;Santos&quot;\u00a0on loodud mitte ainult mitmek\u00fclgseks grillimiseks, vaid ka \u00f5dusa \u00f5hkkonna loomiseks hilist...\" \/>\n<meta property=\"og:url\" content=\"https:\/\/elavtuli.ee\/en\/shop\/grills\/plate-grills\/premium-grill-and-fire-bowl-cookking-santos\/\" \/>\n<meta property=\"og:site_name\" content=\"Elav Tuli\" \/>\n<meta property=\"article:publisher\" content=\"https:\/\/www.facebook.com\/elavtuli\/\" \/>\n<meta property=\"og:image\" content=\"https:\/\/elavtuli.ee\/wp-content\/uploads\/2024\/04\/white_santos.jpg\" \/>\n\t<meta property=\"og:image:width\" content=\"1717\" \/>\n\t<meta property=\"og:image:height\" content=\"2000\" \/>\n\t<meta property=\"og:image:type\" content=\"image\/jpeg\" \/>\n<meta name=\"twitter:card\" content=\"summary_large_image\" \/>\n<meta name=\"twitter:label1\" content=\"Est. reading time\" \/>\n\t<meta name=\"twitter:data1\" content=\"1 minute\" \/>\n<script type=\"application\/ld+json\" class=\"yoast-schema-graph\">{\"@context\":\"https:\/\/schema.org\",\"@graph\":[{\"@type\":\"WebPage\",\"@id\":\"https:\/\/elavtuli.ee\/en\/shop\/grills\/plate-grills\/premium-grill-and-fire-bowl-cookking-santos\/\",\"url\":\"https:\/\/elavtuli.ee\/en\/shop\/grills\/plate-grills\/premium-grill-and-fire-bowl-cookking-santos\/\",\"name\":\"Premium Grill and Fire Bowl CookKing \\\"Santos\\\" \u2013 Elav Tuli\",\"isPartOf\":{\"@id\":\"https:\/\/elavtuli.ee\/en\/#website\"},\"primaryImageOfPage\":{\"@id\":\"https:\/\/elavtuli.ee\/en\/shop\/grills\/plate-grills\/premium-grill-and-fire-bowl-cookking-santos\/#primaryimage\"},\"image\":{\"@id\":\"https:\/\/elavtuli.ee\/en\/shop\/grills\/plate-grills\/premium-grill-and-fire-bowl-cookking-santos\/#primaryimage\"},\"thumbnailUrl\":\"https:\/\/elavtuli.ee\/wp-content\/uploads\/2024\/04\/white_santos.jpg\",\"datePublished\":\"2026-03-26T12:25:15+00:00\",\"description\":\"Premium grill ja l\u00f5kkealus \u00fches, CookKing \\\"Santos\\\". \\\"Santos\\\"\u00a0on loodud mitte ainult mitmek\u00fclgseks grillimiseks, vaid ka \u00f5dusa \u00f5hkkonna loomiseks hilist...\",\"breadcrumb\":{\"@id\":\"https:\/\/elavtuli.ee\/en\/shop\/grills\/plate-grills\/premium-grill-and-fire-bowl-cookking-santos\/#breadcrumb\"},\"inLanguage\":\"en-US\",\"potentialAction\":[{\"@type\":\"ReadAction\",\"target\":[\"https:\/\/elavtuli.ee\/en\/shop\/grills\/plate-grills\/premium-grill-and-fire-bowl-cookking-santos\/\"]}]},{\"@type\":\"ImageObject\",\"inLanguage\":\"en-US\",\"@id\":\"https:\/\/elavtuli.ee\/en\/shop\/grills\/plate-grills\/premium-grill-and-fire-bowl-cookking-santos\/#primaryimage\",\"url\":\"https:\/\/elavtuli.ee\/wp-content\/uploads\/2024\/04\/white_santos.jpg\",\"contentUrl\":\"https:\/\/elavtuli.ee\/wp-content\/uploads\/2024\/04\/white_santos.jpg\",\"width\":1717,\"height\":2000,\"caption\":\"white santos\"},{\"@type\":\"BreadcrumbList\",\"@id\":\"https:\/\/elavtuli.ee\/en\/shop\/grills\/plate-grills\/premium-grill-and-fire-bowl-cookking-santos\/#breadcrumb\",\"itemListElement\":[{\"@type\":\"ListItem\",\"position\":1,\"name\":\"Avaleht\",\"item\":\"https:\/\/elavtuli.ee\/en\/\"},{\"@type\":\"ListItem\",\"position\":2,\"name\":\"E-shop\",\"item\":\"https:\/\/elavtuli.ee\/en\/shop\/\"},{\"@type\":\"ListItem\",\"position\":3,\"name\":\"Premium Grill and Fire Bowl CookKing \u201cSantos\u201d\"}]},{\"@type\":\"WebSite\",\"@id\":\"https:\/\/elavtuli.ee\/en\/#website\",\"url\":\"https:\/\/elavtuli.ee\/en\/\",\"name\":\"Elav Tuli\",\"description\":\"Kvaliteetsed biokaminad Belgiast\",\"publisher\":{\"@id\":\"https:\/\/elavtuli.ee\/en\/#organization\"},\"alternateName\":\"elavtuli\",\"potentialAction\":[{\"@type\":\"SearchAction\",\"target\":{\"@type\":\"EntryPoint\",\"urlTemplate\":\"https:\/\/elavtuli.ee\/en\/?s={search_term_string}\"},\"query-input\":{\"@type\":\"PropertyValueSpecification\",\"valueRequired\":true,\"valueName\":\"search_term_string\"}}],\"inLanguage\":\"en-US\"},{\"@type\":\"Organization\",\"@id\":\"https:\/\/elavtuli.ee\/en\/#organization\",\"name\":\"Elav Tuli\",\"url\":\"https:\/\/elavtuli.ee\/en\/\",\"logo\":{\"@type\":\"ImageObject\",\"inLanguage\":\"en-US\",\"@id\":\"https:\/\/elavtuli.ee\/en\/#\/schema\/logo\/image\/\",\"url\":\"https:\/\/elavtuli.ee\/wp-content\/uploads\/2021\/03\/must_logo.png\",\"contentUrl\":\"https:\/\/elavtuli.ee\/wp-content\/uploads\/2021\/03\/must_logo.png\",\"width\":700,\"height\":700,\"caption\":\"Elav Tuli\"},\"image\":{\"@id\":\"https:\/\/elavtuli.ee\/en\/#\/schema\/logo\/image\/\"},\"sameAs\":[\"https:\/\/www.facebook.com\/elavtuli\/\",\"https:\/\/www.instagram.com\/elavtuli\/\"]}]}<\/script>\n<!-- \/ Yoast SEO plugin. -->","yoast_head_json":{"title":"Premium Grill and Fire Bowl CookKing \"Santos\" \u2013 Elav Tuli","description":"Premium grill ja l\u00f5kkealus \u00fches, CookKing \"Santos\". \"Santos\"\u00a0on loodud mitte ainult mitmek\u00fclgseks grillimiseks, vaid ka \u00f5dusa \u00f5hkkonna loomiseks hilist...","robots":{"index":"index","follow":"follow","max-snippet":"max-snippet:-1","max-image-preview":"max-image-preview:large","max-video-preview":"max-video-preview:-1"},"canonical":"https:\/\/elavtuli.ee\/en\/shop\/grills\/plate-grills\/premium-grill-and-fire-bowl-cookking-santos\/","og_locale":"en_US","og_type":"article","og_title":"Premium Grill and Fire Bowl CookKing \"Santos\" \u2013 Elav Tuli","og_description":"Premium grill ja l\u00f5kkealus \u00fches, CookKing \"Santos\". \"Santos\"\u00a0on loodud mitte ainult mitmek\u00fclgseks grillimiseks, vaid ka \u00f5dusa \u00f5hkkonna loomiseks hilist...","og_url":"https:\/\/elavtuli.ee\/en\/shop\/grills\/plate-grills\/premium-grill-and-fire-bowl-cookking-santos\/","og_site_name":"Elav Tuli","article_publisher":"https:\/\/www.facebook.com\/elavtuli\/","og_image":[{"width":1717,"height":2000,"url":"https:\/\/elavtuli.ee\/wp-content\/uploads\/2024\/04\/white_santos.jpg","type":"image\/jpeg"}],"twitter_card":"summary_large_image","twitter_misc":{"Est. reading time":"1 minute"},"schema":{"@context":"https:\/\/schema.org","@graph":[{"@type":"WebPage","@id":"https:\/\/elavtuli.ee\/en\/shop\/grills\/plate-grills\/premium-grill-and-fire-bowl-cookking-santos\/","url":"https:\/\/elavtuli.ee\/en\/shop\/grills\/plate-grills\/premium-grill-and-fire-bowl-cookking-santos\/","name":"Premium Grill and Fire Bowl CookKing \"Santos\" \u2013 Elav Tuli","isPartOf":{"@id":"https:\/\/elavtuli.ee\/en\/#website"},"primaryImageOfPage":{"@id":"https:\/\/elavtuli.ee\/en\/shop\/grills\/plate-grills\/premium-grill-and-fire-bowl-cookking-santos\/#primaryimage"},"image":{"@id":"https:\/\/elavtuli.ee\/en\/shop\/grills\/plate-grills\/premium-grill-and-fire-bowl-cookking-santos\/#primaryimage"},"thumbnailUrl":"https:\/\/elavtuli.ee\/wp-content\/uploads\/2024\/04\/white_santos.jpg","datePublished":"2026-03-26T12:25:15+00:00","description":"Premium grill ja l\u00f5kkealus \u00fches, CookKing \"Santos\". \"Santos\"\u00a0on loodud mitte ainult mitmek\u00fclgseks grillimiseks, vaid ka \u00f5dusa \u00f5hkkonna loomiseks hilist...","breadcrumb":{"@id":"https:\/\/elavtuli.ee\/en\/shop\/grills\/plate-grills\/premium-grill-and-fire-bowl-cookking-santos\/#breadcrumb"},"inLanguage":"en-US","potentialAction":[{"@type":"ReadAction","target":["https:\/\/elavtuli.ee\/en\/shop\/grills\/plate-grills\/premium-grill-and-fire-bowl-cookking-santos\/"]}]},{"@type":"ImageObject","inLanguage":"en-US","@id":"https:\/\/elavtuli.ee\/en\/shop\/grills\/plate-grills\/premium-grill-and-fire-bowl-cookking-santos\/#primaryimage","url":"https:\/\/elavtuli.ee\/wp-content\/uploads\/2024\/04\/white_santos.jpg","contentUrl":"https:\/\/elavtuli.ee\/wp-content\/uploads\/2024\/04\/white_santos.jpg","width":1717,"height":2000,"caption":"white santos"},{"@type":"BreadcrumbList","@id":"https:\/\/elavtuli.ee\/en\/shop\/grills\/plate-grills\/premium-grill-and-fire-bowl-cookking-santos\/#breadcrumb","itemListElement":[{"@type":"ListItem","position":1,"name":"Avaleht","item":"https:\/\/elavtuli.ee\/en\/"},{"@type":"ListItem","position":2,"name":"E-shop","item":"https:\/\/elavtuli.ee\/en\/shop\/"},{"@type":"ListItem","position":3,"name":"Premium Grill and Fire Bowl CookKing \u201cSantos\u201d"}]},{"@type":"WebSite","@id":"https:\/\/elavtuli.ee\/en\/#website","url":"https:\/\/elavtuli.ee\/en\/","name":"Elav Tuli","description":"Kvaliteetsed biokaminad Belgiast","publisher":{"@id":"https:\/\/elavtuli.ee\/en\/#organization"},"alternateName":"elavtuli","potentialAction":[{"@type":"SearchAction","target":{"@type":"EntryPoint","urlTemplate":"https:\/\/elavtuli.ee\/en\/?s={search_term_string}"},"query-input":{"@type":"PropertyValueSpecification","valueRequired":true,"valueName":"search_term_string"}}],"inLanguage":"en-US"},{"@type":"Organization","@id":"https:\/\/elavtuli.ee\/en\/#organization","name":"Elav Tuli","url":"https:\/\/elavtuli.ee\/en\/","logo":{"@type":"ImageObject","inLanguage":"en-US","@id":"https:\/\/elavtuli.ee\/en\/#\/schema\/logo\/image\/","url":"https:\/\/elavtuli.ee\/wp-content\/uploads\/2021\/03\/must_logo.png","contentUrl":"https:\/\/elavtuli.ee\/wp-content\/uploads\/2021\/03\/must_logo.png","width":700,"height":700,"caption":"Elav Tuli"},"image":{"@id":"https:\/\/elavtuli.ee\/en\/#\/schema\/logo\/image\/"},"sameAs":["https:\/\/www.facebook.com\/elavtuli\/","https:\/\/www.instagram.com\/elavtuli\/"]}]}},"_links":{"self":[{"href":"https:\/\/elavtuli.ee\/en\/wp-json\/wp\/v2\/product\/23077","targetHints":{"allow":["GET"]}}],"collection":[{"href":"https:\/\/elavtuli.ee\/en\/wp-json\/wp\/v2\/product"}],"about":[{"href":"https:\/\/elavtuli.ee\/en\/wp-json\/wp\/v2\/types\/product"}],"replies":[{"embeddable":true,"href":"https:\/\/elavtuli.ee\/en\/wp-json\/wp\/v2\/comments?post=23077"}],"wp:featuredmedia":[{"embeddable":true,"href":"https:\/\/elavtuli.ee\/en\/wp-json\/wp\/v2\/media\/10182"}],"wp:attachment":[{"href":"https:\/\/elavtuli.ee\/en\/wp-json\/wp\/v2\/media?parent=23077"}],"wp:term":[{"taxonomy":"product_brand","embeddable":true,"href":"https:\/\/elavtuli.ee\/en\/wp-json\/wp\/v2\/product_brand?post=23077"},{"taxonomy":"product_cat","embeddable":true,"href":"https:\/\/elavtuli.ee\/en\/wp-json\/wp\/v2\/product_cat?post=23077"},{"taxonomy":"product_tag","embeddable":true,"href":"https:\/\/elavtuli.ee\/en\/wp-json\/wp\/v2\/product_tag?post=23077"},{"taxonomy":"woo-feed-brand","embeddable":true,"href":"https:\/\/elavtuli.ee\/en\/wp-json\/wp\/v2\/woo-feed-brand?post=23077"}],"curies":[{"name":"wp","href":"https:\/\/api.w.org\/{rel}","templated":true}]}}