{"id":23083,"date":"2026-03-26T12:25:15","date_gmt":"2026-03-26T12:25:15","guid":{"rendered":""},"modified":"-0001-11-30T00:00:00","modified_gmt":"-0001-11-29T21:00:00","slug":"high-skewer-holder-78-102-cm-for-grilling-surface","status":"publish","type":"product","link":"https:\/\/elavtuli.ee\/en\/shop\/grills\/grill-accessories\/high-skewer-holder-78-102-cm-for-grilling-surface\/","title":{"rendered":"High Skewer Holder 78-102 cm for grilling surface"},"content":{"rendered":"<p><strong>High Skewer Holder<\/strong> is designed for grilling meat skewers on a <strong>CookKing<\/strong> fire bowl using a grilling surface. It can also be used as a support for a wok, pan, or pot. The skewer holder sits above the grilling surface, allowing for comfortable cooking and adding wood to the fire without removing it from the heat. The skewer holder is designed to be placed on a grilling surface, which can be set on any CookKing fire bowl.<\/p>\n<p>The product is made from natural steel, so the colour tone may vary from the product colour shown in the photos. This is a natural property of steel and does not affect the functionality of the product.<\/p>\n<p><strong>Made in Europe!<\/strong><\/p>\n<p>If you have any questions, call, <a href=\"https:\/\/elavtuli.ee\/en\/contact\/\">write<\/a>, criticise, pat us on the back \u2013 no reasonable suggestion will go unnoticed.<\/p>\n<p><a href=\"https:\/\/cookking.com\/\">Manufacturer&#8217;s website!<\/a><\/p>\n","protected":false},"excerpt":{"rendered":"<p>High skewer holder designed for grilling meat skewers on a CookKing fire bowl with a grilling surface. Can also be used as a support for a wok, pan, or pot.<\/p>\n","protected":false},"featured_media":20540,"comment_status":"open","ping_status":"open","template":"","meta":{"_acf_changed":false,"om_disable_all_campaigns":false,"_uf_show_specific_survey":0,"_uf_disable_surveys":false},"product_brand":[],"product_cat":[809,800],"product_tag":[],"woo-feed-brand":[],"class_list":{"0":"post-23083","1":"product","2":"type-product","3":"status-publish","4":"has-post-thumbnail","6":"product_cat-accessories","7":"product_cat-grill-accessories","9":"first","10":"onbackorder","11":"taxable","12":"shipping-taxable","13":"purchasable","14":"product-type-variable","15":"has-default-attributes"},"acf":[],"yoast_head":"<!-- This site is optimized with the Yoast SEO plugin v27.2 - https:\/\/yoast.com\/product\/yoast-seo-wordpress\/ -->\n<title>High Skewer Holder 78-102 cm for grilling surface \u2013 Elav Tuli<\/title>\n<meta name=\"description\" content=\"K\u00f5rge grillvarraste hoidja on m\u00f5eldud lihavarraste grillimiseks CookKing l\u00f5kkealusel grillpinna peal. Lisaks on v\u00f5imalik seda kasutada woki, panni v\u00f5i p...\" \/>\n<meta name=\"robots\" content=\"index, follow, max-snippet:-1, max-image-preview:large, max-video-preview:-1\" \/>\n<link rel=\"canonical\" href=\"https:\/\/elavtuli.ee\/en\/shop\/grills\/grill-accessories\/high-skewer-holder-78-102-cm-for-grilling-surface\/\" \/>\n<meta property=\"og:locale\" content=\"en_US\" \/>\n<meta property=\"og:type\" content=\"article\" \/>\n<meta property=\"og:title\" content=\"High Skewer Holder 78-102 cm for grilling surface \u2013 Elav Tuli\" \/>\n<meta property=\"og:description\" content=\"K\u00f5rge grillvarraste hoidja on m\u00f5eldud lihavarraste grillimiseks CookKing l\u00f5kkealusel grillpinna peal. Lisaks on v\u00f5imalik seda kasutada woki, panni v\u00f5i p...\" \/>\n<meta property=\"og:url\" content=\"https:\/\/elavtuli.ee\/en\/shop\/grills\/grill-accessories\/high-skewer-holder-78-102-cm-for-grilling-surface\/\" \/>\n<meta property=\"og:site_name\" content=\"Elav Tuli\" \/>\n<meta property=\"article:publisher\" content=\"https:\/\/www.facebook.com\/elavtuli\/\" \/>\n<meta property=\"og:image\" content=\"https:\/\/elavtuli.ee\/wp-content\/uploads\/2024\/04\/High-rim-on-a-skewer-for-a-grill-plate-1.jpg\" \/>\n\t<meta property=\"og:image:width\" content=\"2000\" \/>\n\t<meta property=\"og:image:height\" content=\"1400\" \/>\n\t<meta property=\"og:image:type\" content=\"image\/jpeg\" \/>\n<meta name=\"twitter:card\" content=\"summary_large_image\" \/>\n<meta name=\"twitter:label1\" content=\"Est. reading time\" \/>\n\t<meta name=\"twitter:data1\" content=\"1 minute\" \/>\n<script type=\"application\/ld+json\" class=\"yoast-schema-graph\">{\"@context\":\"https:\/\/schema.org\",\"@graph\":[{\"@type\":\"WebPage\",\"@id\":\"https:\/\/elavtuli.ee\/en\/shop\/grills\/grill-accessories\/high-skewer-holder-78-102-cm-for-grilling-surface\/\",\"url\":\"https:\/\/elavtuli.ee\/en\/shop\/grills\/grill-accessories\/high-skewer-holder-78-102-cm-for-grilling-surface\/\",\"name\":\"High Skewer Holder 78-102 cm for grilling surface \u2013 Elav Tuli\",\"isPartOf\":{\"@id\":\"https:\/\/elavtuli.ee\/en\/#website\"},\"primaryImageOfPage\":{\"@id\":\"https:\/\/elavtuli.ee\/en\/shop\/grills\/grill-accessories\/high-skewer-holder-78-102-cm-for-grilling-surface\/#primaryimage\"},\"image\":{\"@id\":\"https:\/\/elavtuli.ee\/en\/shop\/grills\/grill-accessories\/high-skewer-holder-78-102-cm-for-grilling-surface\/#primaryimage\"},\"thumbnailUrl\":\"https:\/\/elavtuli.ee\/wp-content\/uploads\/2024\/04\/High-rim-on-a-skewer-for-a-grill-plate-1.jpg\",\"datePublished\":\"2026-03-26T12:25:15+00:00\",\"description\":\"K\u00f5rge grillvarraste hoidja on m\u00f5eldud lihavarraste grillimiseks CookKing l\u00f5kkealusel grillpinna peal. Lisaks on v\u00f5imalik seda kasutada woki, panni v\u00f5i p...\",\"breadcrumb\":{\"@id\":\"https:\/\/elavtuli.ee\/en\/shop\/grills\/grill-accessories\/high-skewer-holder-78-102-cm-for-grilling-surface\/#breadcrumb\"},\"inLanguage\":\"en-US\",\"potentialAction\":[{\"@type\":\"ReadAction\",\"target\":[\"https:\/\/elavtuli.ee\/en\/shop\/grills\/grill-accessories\/high-skewer-holder-78-102-cm-for-grilling-surface\/\"]}]},{\"@type\":\"ImageObject\",\"inLanguage\":\"en-US\",\"@id\":\"https:\/\/elavtuli.ee\/en\/shop\/grills\/grill-accessories\/high-skewer-holder-78-102-cm-for-grilling-surface\/#primaryimage\",\"url\":\"https:\/\/elavtuli.ee\/wp-content\/uploads\/2024\/04\/High-rim-on-a-skewer-for-a-grill-plate-1.jpg\",\"contentUrl\":\"https:\/\/elavtuli.ee\/wp-content\/uploads\/2024\/04\/High-rim-on-a-skewer-for-a-grill-plate-1.jpg\",\"width\":2000,\"height\":1400,\"caption\":\"Kookking grillvarraste hoidja k\u00f5rge\"},{\"@type\":\"BreadcrumbList\",\"@id\":\"https:\/\/elavtuli.ee\/en\/shop\/grills\/grill-accessories\/high-skewer-holder-78-102-cm-for-grilling-surface\/#breadcrumb\",\"itemListElement\":[{\"@type\":\"ListItem\",\"position\":1,\"name\":\"Avaleht\",\"item\":\"https:\/\/elavtuli.ee\/en\/\"},{\"@type\":\"ListItem\",\"position\":2,\"name\":\"E-shop\",\"item\":\"https:\/\/elavtuli.ee\/en\/shop\/\"},{\"@type\":\"ListItem\",\"position\":3,\"name\":\"High Skewer Holder 78-102 cm for grilling surface\"}]},{\"@type\":\"WebSite\",\"@id\":\"https:\/\/elavtuli.ee\/en\/#website\",\"url\":\"https:\/\/elavtuli.ee\/en\/\",\"name\":\"Elav Tuli\",\"description\":\"Kvaliteetsed biokaminad Belgiast\",\"publisher\":{\"@id\":\"https:\/\/elavtuli.ee\/en\/#organization\"},\"alternateName\":\"elavtuli\",\"potentialAction\":[{\"@type\":\"SearchAction\",\"target\":{\"@type\":\"EntryPoint\",\"urlTemplate\":\"https:\/\/elavtuli.ee\/en\/?s={search_term_string}\"},\"query-input\":{\"@type\":\"PropertyValueSpecification\",\"valueRequired\":true,\"valueName\":\"search_term_string\"}}],\"inLanguage\":\"en-US\"},{\"@type\":\"Organization\",\"@id\":\"https:\/\/elavtuli.ee\/en\/#organization\",\"name\":\"Elav Tuli\",\"url\":\"https:\/\/elavtuli.ee\/en\/\",\"logo\":{\"@type\":\"ImageObject\",\"inLanguage\":\"en-US\",\"@id\":\"https:\/\/elavtuli.ee\/en\/#\/schema\/logo\/image\/\",\"url\":\"https:\/\/elavtuli.ee\/wp-content\/uploads\/2021\/03\/must_logo.png\",\"contentUrl\":\"https:\/\/elavtuli.ee\/wp-content\/uploads\/2021\/03\/must_logo.png\",\"width\":700,\"height\":700,\"caption\":\"Elav Tuli\"},\"image\":{\"@id\":\"https:\/\/elavtuli.ee\/en\/#\/schema\/logo\/image\/\"},\"sameAs\":[\"https:\/\/www.facebook.com\/elavtuli\/\",\"https:\/\/www.instagram.com\/elavtuli\/\"]}]}<\/script>\n<!-- \/ Yoast SEO plugin. -->","yoast_head_json":{"title":"High Skewer Holder 78-102 cm for grilling surface \u2013 Elav Tuli","description":"K\u00f5rge grillvarraste hoidja on m\u00f5eldud lihavarraste grillimiseks CookKing l\u00f5kkealusel grillpinna peal. Lisaks on v\u00f5imalik seda kasutada woki, panni v\u00f5i p...","robots":{"index":"index","follow":"follow","max-snippet":"max-snippet:-1","max-image-preview":"max-image-preview:large","max-video-preview":"max-video-preview:-1"},"canonical":"https:\/\/elavtuli.ee\/en\/shop\/grills\/grill-accessories\/high-skewer-holder-78-102-cm-for-grilling-surface\/","og_locale":"en_US","og_type":"article","og_title":"High Skewer Holder 78-102 cm for grilling surface \u2013 Elav Tuli","og_description":"K\u00f5rge grillvarraste hoidja on m\u00f5eldud lihavarraste grillimiseks CookKing l\u00f5kkealusel grillpinna peal. Lisaks on v\u00f5imalik seda kasutada woki, panni v\u00f5i p...","og_url":"https:\/\/elavtuli.ee\/en\/shop\/grills\/grill-accessories\/high-skewer-holder-78-102-cm-for-grilling-surface\/","og_site_name":"Elav Tuli","article_publisher":"https:\/\/www.facebook.com\/elavtuli\/","og_image":[{"width":2000,"height":1400,"url":"https:\/\/elavtuli.ee\/wp-content\/uploads\/2024\/04\/High-rim-on-a-skewer-for-a-grill-plate-1.jpg","type":"image\/jpeg"}],"twitter_card":"summary_large_image","twitter_misc":{"Est. reading time":"1 minute"},"schema":{"@context":"https:\/\/schema.org","@graph":[{"@type":"WebPage","@id":"https:\/\/elavtuli.ee\/en\/shop\/grills\/grill-accessories\/high-skewer-holder-78-102-cm-for-grilling-surface\/","url":"https:\/\/elavtuli.ee\/en\/shop\/grills\/grill-accessories\/high-skewer-holder-78-102-cm-for-grilling-surface\/","name":"High Skewer Holder 78-102 cm for grilling surface \u2013 Elav Tuli","isPartOf":{"@id":"https:\/\/elavtuli.ee\/en\/#website"},"primaryImageOfPage":{"@id":"https:\/\/elavtuli.ee\/en\/shop\/grills\/grill-accessories\/high-skewer-holder-78-102-cm-for-grilling-surface\/#primaryimage"},"image":{"@id":"https:\/\/elavtuli.ee\/en\/shop\/grills\/grill-accessories\/high-skewer-holder-78-102-cm-for-grilling-surface\/#primaryimage"},"thumbnailUrl":"https:\/\/elavtuli.ee\/wp-content\/uploads\/2024\/04\/High-rim-on-a-skewer-for-a-grill-plate-1.jpg","datePublished":"2026-03-26T12:25:15+00:00","description":"K\u00f5rge grillvarraste hoidja on m\u00f5eldud lihavarraste grillimiseks CookKing l\u00f5kkealusel grillpinna peal. Lisaks on v\u00f5imalik seda kasutada woki, panni v\u00f5i p...","breadcrumb":{"@id":"https:\/\/elavtuli.ee\/en\/shop\/grills\/grill-accessories\/high-skewer-holder-78-102-cm-for-grilling-surface\/#breadcrumb"},"inLanguage":"en-US","potentialAction":[{"@type":"ReadAction","target":["https:\/\/elavtuli.ee\/en\/shop\/grills\/grill-accessories\/high-skewer-holder-78-102-cm-for-grilling-surface\/"]}]},{"@type":"ImageObject","inLanguage":"en-US","@id":"https:\/\/elavtuli.ee\/en\/shop\/grills\/grill-accessories\/high-skewer-holder-78-102-cm-for-grilling-surface\/#primaryimage","url":"https:\/\/elavtuli.ee\/wp-content\/uploads\/2024\/04\/High-rim-on-a-skewer-for-a-grill-plate-1.jpg","contentUrl":"https:\/\/elavtuli.ee\/wp-content\/uploads\/2024\/04\/High-rim-on-a-skewer-for-a-grill-plate-1.jpg","width":2000,"height":1400,"caption":"Kookking grillvarraste hoidja k\u00f5rge"},{"@type":"BreadcrumbList","@id":"https:\/\/elavtuli.ee\/en\/shop\/grills\/grill-accessories\/high-skewer-holder-78-102-cm-for-grilling-surface\/#breadcrumb","itemListElement":[{"@type":"ListItem","position":1,"name":"Avaleht","item":"https:\/\/elavtuli.ee\/en\/"},{"@type":"ListItem","position":2,"name":"E-shop","item":"https:\/\/elavtuli.ee\/en\/shop\/"},{"@type":"ListItem","position":3,"name":"High Skewer Holder 78-102 cm for grilling surface"}]},{"@type":"WebSite","@id":"https:\/\/elavtuli.ee\/en\/#website","url":"https:\/\/elavtuli.ee\/en\/","name":"Elav Tuli","description":"Kvaliteetsed biokaminad Belgiast","publisher":{"@id":"https:\/\/elavtuli.ee\/en\/#organization"},"alternateName":"elavtuli","potentialAction":[{"@type":"SearchAction","target":{"@type":"EntryPoint","urlTemplate":"https:\/\/elavtuli.ee\/en\/?s={search_term_string}"},"query-input":{"@type":"PropertyValueSpecification","valueRequired":true,"valueName":"search_term_string"}}],"inLanguage":"en-US"},{"@type":"Organization","@id":"https:\/\/elavtuli.ee\/en\/#organization","name":"Elav Tuli","url":"https:\/\/elavtuli.ee\/en\/","logo":{"@type":"ImageObject","inLanguage":"en-US","@id":"https:\/\/elavtuli.ee\/en\/#\/schema\/logo\/image\/","url":"https:\/\/elavtuli.ee\/wp-content\/uploads\/2021\/03\/must_logo.png","contentUrl":"https:\/\/elavtuli.ee\/wp-content\/uploads\/2021\/03\/must_logo.png","width":700,"height":700,"caption":"Elav Tuli"},"image":{"@id":"https:\/\/elavtuli.ee\/en\/#\/schema\/logo\/image\/"},"sameAs":["https:\/\/www.facebook.com\/elavtuli\/","https:\/\/www.instagram.com\/elavtuli\/"]}]}},"_links":{"self":[{"href":"https:\/\/elavtuli.ee\/en\/wp-json\/wp\/v2\/product\/23083","targetHints":{"allow":["GET"]}}],"collection":[{"href":"https:\/\/elavtuli.ee\/en\/wp-json\/wp\/v2\/product"}],"about":[{"href":"https:\/\/elavtuli.ee\/en\/wp-json\/wp\/v2\/types\/product"}],"replies":[{"embeddable":true,"href":"https:\/\/elavtuli.ee\/en\/wp-json\/wp\/v2\/comments?post=23083"}],"wp:featuredmedia":[{"embeddable":true,"href":"https:\/\/elavtuli.ee\/en\/wp-json\/wp\/v2\/media\/20540"}],"wp:attachment":[{"href":"https:\/\/elavtuli.ee\/en\/wp-json\/wp\/v2\/media?parent=23083"}],"wp:term":[{"taxonomy":"product_brand","embeddable":true,"href":"https:\/\/elavtuli.ee\/en\/wp-json\/wp\/v2\/product_brand?post=23083"},{"taxonomy":"product_cat","embeddable":true,"href":"https:\/\/elavtuli.ee\/en\/wp-json\/wp\/v2\/product_cat?post=23083"},{"taxonomy":"product_tag","embeddable":true,"href":"https:\/\/elavtuli.ee\/en\/wp-json\/wp\/v2\/product_tag?post=23083"},{"taxonomy":"woo-feed-brand","embeddable":true,"href":"https:\/\/elavtuli.ee\/en\/wp-json\/wp\/v2\/woo-feed-brand?post=23083"}],"curies":[{"name":"wp","href":"https:\/\/api.w.org\/{rel}","templated":true}]}}