{"id":23151,"date":"2026-03-26T12:25:15","date_gmt":"2026-03-26T12:25:15","guid":{"rendered":""},"modified":"-0001-11-30T00:00:00","modified_gmt":"-0001-11-29T21:00:00","slug":"fire-bowl-fatboy-85-cm-premium-s-gav","status":"publish","type":"product","link":"https:\/\/elavtuli.ee\/en\/shop\/fire-bowls\/fire-bowl-fatboy-85-cm-premium-s-gav\/","title":{"rendered":"Fire Bowl &#8220;Fatboy&#8221; 85 cm premium, deep"},"content":{"rendered":"<h2>Fire Bowl &#8220;Fatboy&#8221; 85 cm premium, deep<\/h2>\n<p>This handcrafted European fire bowl is an ideal solution for those who value safety when lighting a fire. The fire pit can be used for various purposes \u2014 from practical fire lighting to a portable grill, heat source, and stylish light source. The fire bowl is made from thick steel and its unique shape prevents burning logs from scattering in strong wind.<\/p>\n<p>The fire bowl is made from raw steel, so the colour tone may vary from the product colour shown in the photos. This is a natural property of steel and does not affect the functionality of the product.<\/p>\n<p><strong>Made in Europe!<\/strong><\/p>\n<p>If you have any questions, call, <a href=\"https:\/\/elavtuli.ee\/en\/contact\/\">write<\/a>, criticise, pat us on the back \u2013 no reasonable suggestion will go unnoticed.<\/p>\n<p><a href=\"https:\/\/cookking.com\/\">Manufacturer&#8217;s website!<\/a><\/p>\n","protected":false},"excerpt":{"rendered":"<p>Handcrafted European fire bowl &#8220;Fatboy&#8221; 85 cm premium, deep. Ideal for fire lighting, grilling, as a heat source, or stylish light source.<\/p>\n","protected":false},"featured_media":12251,"comment_status":"open","ping_status":"open","template":"","meta":{"_acf_changed":false,"om_disable_all_campaigns":false,"_uf_show_specific_survey":0,"_uf_disable_surveys":false},"product_brand":[],"product_cat":[810],"product_tag":[854,866,851,868,867],"woo-feed-brand":[],"class_list":{"0":"post-23151","1":"product","2":"type-product","3":"status-publish","4":"has-post-thumbnail","6":"product_cat-fire-bowls","7":"product_tag-cookking","8":"product_tag-grill","9":"product_tag-lokkealus","10":"product_tag-tulease","11":"product_tag-tulekauss","13":"first","14":"onbackorder","15":"taxable","16":"shipping-taxable","17":"purchasable","18":"product-type-simple"},"acf":[],"yoast_head":"<!-- This site is optimized with the Yoast SEO plugin v27.2 - https:\/\/yoast.com\/product\/yoast-seo-wordpress\/ -->\n<title>Fire Bowl &quot;Fatboy&quot; 85 cm premium, deep \u2013 Elav Tuli<\/title>\n<meta name=\"description\" content=\"Euroopas k\u00e4sit\u00f6\u00f6na valmistatud l\u00f5kkealus &quot;Fatboy&quot; on ideaalne lahendus k\u00f5igile, kes hindavad tule s\u00fc\u00fctamisel ohutust. Tuleaset on v\u00f5imalik kasutada m...\" \/>\n<meta name=\"robots\" content=\"index, follow, max-snippet:-1, max-image-preview:large, max-video-preview:-1\" \/>\n<link rel=\"canonical\" href=\"https:\/\/elavtuli.ee\/en\/shop\/fire-bowls\/fire-bowl-fatboy-85-cm-premium-s-gav\/\" \/>\n<meta property=\"og:locale\" content=\"en_US\" \/>\n<meta property=\"og:type\" content=\"article\" \/>\n<meta property=\"og:title\" content=\"Fire Bowl &quot;Fatboy&quot; 85 cm premium, deep \u2013 Elav Tuli\" \/>\n<meta property=\"og:description\" content=\"Euroopas k\u00e4sit\u00f6\u00f6na valmistatud l\u00f5kkealus &quot;Fatboy&quot; on ideaalne lahendus k\u00f5igile, kes hindavad tule s\u00fc\u00fctamisel ohutust. Tuleaset on v\u00f5imalik kasutada m...\" \/>\n<meta property=\"og:url\" content=\"https:\/\/elavtuli.ee\/en\/shop\/fire-bowls\/fire-bowl-fatboy-85-cm-premium-s-gav\/\" \/>\n<meta property=\"og:site_name\" content=\"Elav Tuli\" \/>\n<meta property=\"article:publisher\" content=\"https:\/\/www.facebook.com\/elavtuli\/\" \/>\n<meta property=\"og:image\" content=\"https:\/\/elavtuli.ee\/wp-content\/uploads\/2024\/05\/white_fat_boy_fire.jpg\" \/>\n\t<meta property=\"og:image:width\" content=\"2000\" \/>\n\t<meta property=\"og:image:height\" content=\"1873\" \/>\n\t<meta property=\"og:image:type\" content=\"image\/jpeg\" \/>\n<meta name=\"twitter:card\" content=\"summary_large_image\" \/>\n<meta name=\"twitter:label1\" content=\"Est. reading time\" \/>\n\t<meta name=\"twitter:data1\" content=\"1 minute\" \/>\n<script type=\"application\/ld+json\" class=\"yoast-schema-graph\">{\"@context\":\"https:\/\/schema.org\",\"@graph\":[{\"@type\":\"WebPage\",\"@id\":\"https:\/\/elavtuli.ee\/en\/shop\/fire-bowls\/fire-bowl-fatboy-85-cm-premium-s-gav\/\",\"url\":\"https:\/\/elavtuli.ee\/en\/shop\/fire-bowls\/fire-bowl-fatboy-85-cm-premium-s-gav\/\",\"name\":\"Fire Bowl \\\"Fatboy\\\" 85 cm premium, deep \u2013 Elav Tuli\",\"isPartOf\":{\"@id\":\"https:\/\/elavtuli.ee\/en\/#website\"},\"primaryImageOfPage\":{\"@id\":\"https:\/\/elavtuli.ee\/en\/shop\/fire-bowls\/fire-bowl-fatboy-85-cm-premium-s-gav\/#primaryimage\"},\"image\":{\"@id\":\"https:\/\/elavtuli.ee\/en\/shop\/fire-bowls\/fire-bowl-fatboy-85-cm-premium-s-gav\/#primaryimage\"},\"thumbnailUrl\":\"https:\/\/elavtuli.ee\/wp-content\/uploads\/2024\/05\/white_fat_boy_fire.jpg\",\"datePublished\":\"2026-03-26T12:25:15+00:00\",\"description\":\"Euroopas k\u00e4sit\u00f6\u00f6na valmistatud l\u00f5kkealus \\\"Fatboy\\\" on ideaalne lahendus k\u00f5igile, kes hindavad tule s\u00fc\u00fctamisel ohutust. Tuleaset on v\u00f5imalik kasutada m...\",\"breadcrumb\":{\"@id\":\"https:\/\/elavtuli.ee\/en\/shop\/fire-bowls\/fire-bowl-fatboy-85-cm-premium-s-gav\/#breadcrumb\"},\"inLanguage\":\"en-US\",\"potentialAction\":[{\"@type\":\"ReadAction\",\"target\":[\"https:\/\/elavtuli.ee\/en\/shop\/fire-bowls\/fire-bowl-fatboy-85-cm-premium-s-gav\/\"]}]},{\"@type\":\"ImageObject\",\"inLanguage\":\"en-US\",\"@id\":\"https:\/\/elavtuli.ee\/en\/shop\/fire-bowls\/fire-bowl-fatboy-85-cm-premium-s-gav\/#primaryimage\",\"url\":\"https:\/\/elavtuli.ee\/wp-content\/uploads\/2024\/05\/white_fat_boy_fire.jpg\",\"contentUrl\":\"https:\/\/elavtuli.ee\/wp-content\/uploads\/2024\/05\/white_fat_boy_fire.jpg\",\"width\":2000,\"height\":1873,\"caption\":\"white fat boy fire\"},{\"@type\":\"BreadcrumbList\",\"@id\":\"https:\/\/elavtuli.ee\/en\/shop\/fire-bowls\/fire-bowl-fatboy-85-cm-premium-s-gav\/#breadcrumb\",\"itemListElement\":[{\"@type\":\"ListItem\",\"position\":1,\"name\":\"Avaleht\",\"item\":\"https:\/\/elavtuli.ee\/en\/\"},{\"@type\":\"ListItem\",\"position\":2,\"name\":\"E-shop\",\"item\":\"https:\/\/elavtuli.ee\/en\/shop\/\"},{\"@type\":\"ListItem\",\"position\":3,\"name\":\"Fire Bowl \u201cFatboy\u201d 85 cm premium &#8211; s\u00fcgav\"}]},{\"@type\":\"WebSite\",\"@id\":\"https:\/\/elavtuli.ee\/en\/#website\",\"url\":\"https:\/\/elavtuli.ee\/en\/\",\"name\":\"Elav Tuli\",\"description\":\"Kvaliteetsed biokaminad Belgiast\",\"publisher\":{\"@id\":\"https:\/\/elavtuli.ee\/en\/#organization\"},\"alternateName\":\"elavtuli\",\"potentialAction\":[{\"@type\":\"SearchAction\",\"target\":{\"@type\":\"EntryPoint\",\"urlTemplate\":\"https:\/\/elavtuli.ee\/en\/?s={search_term_string}\"},\"query-input\":{\"@type\":\"PropertyValueSpecification\",\"valueRequired\":true,\"valueName\":\"search_term_string\"}}],\"inLanguage\":\"en-US\"},{\"@type\":\"Organization\",\"@id\":\"https:\/\/elavtuli.ee\/en\/#organization\",\"name\":\"Elav Tuli\",\"url\":\"https:\/\/elavtuli.ee\/en\/\",\"logo\":{\"@type\":\"ImageObject\",\"inLanguage\":\"en-US\",\"@id\":\"https:\/\/elavtuli.ee\/en\/#\/schema\/logo\/image\/\",\"url\":\"https:\/\/elavtuli.ee\/wp-content\/uploads\/2021\/03\/must_logo.png\",\"contentUrl\":\"https:\/\/elavtuli.ee\/wp-content\/uploads\/2021\/03\/must_logo.png\",\"width\":700,\"height\":700,\"caption\":\"Elav Tuli\"},\"image\":{\"@id\":\"https:\/\/elavtuli.ee\/en\/#\/schema\/logo\/image\/\"},\"sameAs\":[\"https:\/\/www.facebook.com\/elavtuli\/\",\"https:\/\/www.instagram.com\/elavtuli\/\"]}]}<\/script>\n<!-- \/ Yoast SEO plugin. -->","yoast_head_json":{"title":"Fire Bowl \"Fatboy\" 85 cm premium, deep \u2013 Elav Tuli","description":"Euroopas k\u00e4sit\u00f6\u00f6na valmistatud l\u00f5kkealus \"Fatboy\" on ideaalne lahendus k\u00f5igile, kes hindavad tule s\u00fc\u00fctamisel ohutust. Tuleaset on v\u00f5imalik kasutada m...","robots":{"index":"index","follow":"follow","max-snippet":"max-snippet:-1","max-image-preview":"max-image-preview:large","max-video-preview":"max-video-preview:-1"},"canonical":"https:\/\/elavtuli.ee\/en\/shop\/fire-bowls\/fire-bowl-fatboy-85-cm-premium-s-gav\/","og_locale":"en_US","og_type":"article","og_title":"Fire Bowl \"Fatboy\" 85 cm premium, deep \u2013 Elav Tuli","og_description":"Euroopas k\u00e4sit\u00f6\u00f6na valmistatud l\u00f5kkealus \"Fatboy\" on ideaalne lahendus k\u00f5igile, kes hindavad tule s\u00fc\u00fctamisel ohutust. Tuleaset on v\u00f5imalik kasutada m...","og_url":"https:\/\/elavtuli.ee\/en\/shop\/fire-bowls\/fire-bowl-fatboy-85-cm-premium-s-gav\/","og_site_name":"Elav Tuli","article_publisher":"https:\/\/www.facebook.com\/elavtuli\/","og_image":[{"width":2000,"height":1873,"url":"https:\/\/elavtuli.ee\/wp-content\/uploads\/2024\/05\/white_fat_boy_fire.jpg","type":"image\/jpeg"}],"twitter_card":"summary_large_image","twitter_misc":{"Est. reading time":"1 minute"},"schema":{"@context":"https:\/\/schema.org","@graph":[{"@type":"WebPage","@id":"https:\/\/elavtuli.ee\/en\/shop\/fire-bowls\/fire-bowl-fatboy-85-cm-premium-s-gav\/","url":"https:\/\/elavtuli.ee\/en\/shop\/fire-bowls\/fire-bowl-fatboy-85-cm-premium-s-gav\/","name":"Fire Bowl \"Fatboy\" 85 cm premium, deep \u2013 Elav Tuli","isPartOf":{"@id":"https:\/\/elavtuli.ee\/en\/#website"},"primaryImageOfPage":{"@id":"https:\/\/elavtuli.ee\/en\/shop\/fire-bowls\/fire-bowl-fatboy-85-cm-premium-s-gav\/#primaryimage"},"image":{"@id":"https:\/\/elavtuli.ee\/en\/shop\/fire-bowls\/fire-bowl-fatboy-85-cm-premium-s-gav\/#primaryimage"},"thumbnailUrl":"https:\/\/elavtuli.ee\/wp-content\/uploads\/2024\/05\/white_fat_boy_fire.jpg","datePublished":"2026-03-26T12:25:15+00:00","description":"Euroopas k\u00e4sit\u00f6\u00f6na valmistatud l\u00f5kkealus \"Fatboy\" on ideaalne lahendus k\u00f5igile, kes hindavad tule s\u00fc\u00fctamisel ohutust. Tuleaset on v\u00f5imalik kasutada m...","breadcrumb":{"@id":"https:\/\/elavtuli.ee\/en\/shop\/fire-bowls\/fire-bowl-fatboy-85-cm-premium-s-gav\/#breadcrumb"},"inLanguage":"en-US","potentialAction":[{"@type":"ReadAction","target":["https:\/\/elavtuli.ee\/en\/shop\/fire-bowls\/fire-bowl-fatboy-85-cm-premium-s-gav\/"]}]},{"@type":"ImageObject","inLanguage":"en-US","@id":"https:\/\/elavtuli.ee\/en\/shop\/fire-bowls\/fire-bowl-fatboy-85-cm-premium-s-gav\/#primaryimage","url":"https:\/\/elavtuli.ee\/wp-content\/uploads\/2024\/05\/white_fat_boy_fire.jpg","contentUrl":"https:\/\/elavtuli.ee\/wp-content\/uploads\/2024\/05\/white_fat_boy_fire.jpg","width":2000,"height":1873,"caption":"white fat boy fire"},{"@type":"BreadcrumbList","@id":"https:\/\/elavtuli.ee\/en\/shop\/fire-bowls\/fire-bowl-fatboy-85-cm-premium-s-gav\/#breadcrumb","itemListElement":[{"@type":"ListItem","position":1,"name":"Avaleht","item":"https:\/\/elavtuli.ee\/en\/"},{"@type":"ListItem","position":2,"name":"E-shop","item":"https:\/\/elavtuli.ee\/en\/shop\/"},{"@type":"ListItem","position":3,"name":"Fire Bowl \u201cFatboy\u201d 85 cm premium &#8211; s\u00fcgav"}]},{"@type":"WebSite","@id":"https:\/\/elavtuli.ee\/en\/#website","url":"https:\/\/elavtuli.ee\/en\/","name":"Elav Tuli","description":"Kvaliteetsed biokaminad Belgiast","publisher":{"@id":"https:\/\/elavtuli.ee\/en\/#organization"},"alternateName":"elavtuli","potentialAction":[{"@type":"SearchAction","target":{"@type":"EntryPoint","urlTemplate":"https:\/\/elavtuli.ee\/en\/?s={search_term_string}"},"query-input":{"@type":"PropertyValueSpecification","valueRequired":true,"valueName":"search_term_string"}}],"inLanguage":"en-US"},{"@type":"Organization","@id":"https:\/\/elavtuli.ee\/en\/#organization","name":"Elav Tuli","url":"https:\/\/elavtuli.ee\/en\/","logo":{"@type":"ImageObject","inLanguage":"en-US","@id":"https:\/\/elavtuli.ee\/en\/#\/schema\/logo\/image\/","url":"https:\/\/elavtuli.ee\/wp-content\/uploads\/2021\/03\/must_logo.png","contentUrl":"https:\/\/elavtuli.ee\/wp-content\/uploads\/2021\/03\/must_logo.png","width":700,"height":700,"caption":"Elav Tuli"},"image":{"@id":"https:\/\/elavtuli.ee\/en\/#\/schema\/logo\/image\/"},"sameAs":["https:\/\/www.facebook.com\/elavtuli\/","https:\/\/www.instagram.com\/elavtuli\/"]}]}},"_links":{"self":[{"href":"https:\/\/elavtuli.ee\/en\/wp-json\/wp\/v2\/product\/23151","targetHints":{"allow":["GET"]}}],"collection":[{"href":"https:\/\/elavtuli.ee\/en\/wp-json\/wp\/v2\/product"}],"about":[{"href":"https:\/\/elavtuli.ee\/en\/wp-json\/wp\/v2\/types\/product"}],"replies":[{"embeddable":true,"href":"https:\/\/elavtuli.ee\/en\/wp-json\/wp\/v2\/comments?post=23151"}],"wp:featuredmedia":[{"embeddable":true,"href":"https:\/\/elavtuli.ee\/en\/wp-json\/wp\/v2\/media\/12251"}],"wp:attachment":[{"href":"https:\/\/elavtuli.ee\/en\/wp-json\/wp\/v2\/media?parent=23151"}],"wp:term":[{"taxonomy":"product_brand","embeddable":true,"href":"https:\/\/elavtuli.ee\/en\/wp-json\/wp\/v2\/product_brand?post=23151"},{"taxonomy":"product_cat","embeddable":true,"href":"https:\/\/elavtuli.ee\/en\/wp-json\/wp\/v2\/product_cat?post=23151"},{"taxonomy":"product_tag","embeddable":true,"href":"https:\/\/elavtuli.ee\/en\/wp-json\/wp\/v2\/product_tag?post=23151"},{"taxonomy":"woo-feed-brand","embeddable":true,"href":"https:\/\/elavtuli.ee\/en\/wp-json\/wp\/v2\/woo-feed-brand?post=23151"}],"curies":[{"name":"wp","href":"https:\/\/api.w.org\/{rel}","templated":true}]}}