{"id":23168,"date":"2026-03-26T12:25:15","date_gmt":"2026-03-26T12:25:15","guid":{"rendered":""},"modified":"-0001-11-30T00:00:00","modified_gmt":"-0001-11-29T21:00:00","slug":"womens-reversible-windproof-fleece-nh-groa","status":"publish","type":"product","link":"https:\/\/elavtuli.ee\/en\/shop\/hunting-hiking-clothes\/women\/jackets-women\/womens-reversible-windproof-fleece-nh-groa\/","title":{"rendered":"Women&#8217;s Reversible Windproof Fleece NH &#8220;Groa&#8221;"},"content":{"rendered":"<p>\u201e<strong>Groa<\/strong>\u201d p\u00f6\u00f6ratav naiste jakk hiking, hunting, or other outdoor activities.<\/p>\n<p>Ideal aastaringseks kasutamiseks<\/p>\n<p>\u201cGroa\u201d naiste kahepoolse kamuflaa\u017e jaki \u00fchel pool on Tecl-Wood P\u00f5hjamaade metsadest inspireeritud camo muster, ning teisel pool Tecl-Wood HiVis oran\u017e. \u201eGroa\u201c on funktsionaalne ja quiet jakk, milles on kasutatud ADDVENTEX\u2122 WIND membraani, making jaki m\u00f5lemad pooled water-repellentaks ja tuulekindlaks. \u201eGroa\u201c jaki the design takes into account the feminine figure, with kasutuscomfortableust ja freedom of movement wearing it.<\/p>\n<p>Litsentseeritud TECL-WOOD\u2122 OPTIMA 2 kamuflaa\u017e on arendatud muutmaks sind raskesti n\u00e4htavaks Kesk- ja P\u00f5hja-Euroopa metsades s\u00fcgisel ja talvel. Digitaalne muster h\u00e4gustab inimese siluetti ja teeb su n\u00e4htamatus loomade jaoks.<\/p>\n<p>Litsenseeritud ADDVENTEX\u2122 WIND takistab tuult jakist l\u00e4bi puhumast ja kehatemperatuuri jahutamast. Jaki breathableus on samal ajal suur, takistamaks niiskuse kondenseerumist. Ideal valik k\u00fclma, kuiva ja tuulise ilmaga looduses viibimisel.<\/p>\n<p>OEKO-TEX\u00ae STANDARD 100 certificate ensures kindluse, et toode ja selle koostismaterialid on checked and tested for harmful substances. Toode on seel\u00e4bi inimese tervisele t\u00e4ielikult ohutu kasutada.\u00a0 Sertifikaadi on v\u00e4lja andnud s\u00f5ltumatu OEKO-TEX\u00ae instituut.<\/p>\n<p>K\u00f5igil Northern Hunting jahiriietel ja matkariietel on five-year manufacturer&#8217;s warranty!<\/p>\n<p><strong>Material:<\/strong><\/p>\n<ul>\n<li>100% Pol\u00fcester<\/li>\n<\/ul>\n<p><strong>Funktsionaalsus<\/strong>:<\/p>\n<ul>\n<li>Tuulekindel<\/li>\n<li>Hingav<\/li>\n<li>Vaikne<\/li>\n<li>PFC-vaba DWR<\/li>\n<\/ul>\n<p><a href=\"http:\/\/www.northernhunting.com\">Northern Hunting<\/a> jahi- ja matkariiete m\u00e4rks\u00f5nadeks on:<\/p>\n<ul>\n<li><strong>Funktsionaalsus<\/strong>. Northern Hunting keskendub oma jahi- ja matkariiete loomisel eelk\u00f5ige oma tootekollektsiooni funktsionaalsete omaduste pidevale t\u00e4iustamisele, et vastata maksimaalselt jahimeeste ja matkajate ootustele ja vajadustele.<\/li>\n<li><strong>Innovaatilisus<\/strong>. Jahi- ja matkariiete turul t\u00e4hendab innovaatilisus eelk\u00f5ige loovaid disainilahendusi ning tipptasemel materiale, mis Northern Hunting poolt oskuslikult kokku sobitatuna moodustavad laitmatu terviku.<\/li>\n<li><strong>Vastupidavus<\/strong>. Nii matkajad kui jahimehed seisavad toast v\u00e4lja minnes sageli silmitsi ekstreemsete ilmastikutingimuste ja oludega. Seet\u00f5ttu p\u00f6\u00f6rab ettev\u00f5te suurt t\u00e4helepanu oma funktsionaalsete ja innovaatiliste jahi- ja matkar\u00f5ivaste durableusele. Selle kinnituseks pakub Northern Hunting k\u00f5ikidele oma toodetele\u00a0<strong>5-aastast garantiid<\/strong>.<\/li>\n<li><strong>Taskukohasus<\/strong>. Northern Hunting hunting and outdoor clothing loojad on oma tooted disaininud metsa ja matkarajale, mitte eksklusiivsete butiikide vaateakendele. Seet\u00f5ttu p\u00f6\u00f6ravad nad suurt t\u00e4helepanu materialide hinna-kvaliteedi suhtele, et muuta oma tooted k\u00e4ttesaadavaks igale matkajale ja jahimehele.<\/li>\n<li><strong>T\u00e4iusetaotlus<\/strong>. Northern Hunting on alati p\u00fc\u00fcdnud luua kompromissitult kvaliteetseid jahi- ja matkariideid. Selle eesm\u00e4rgi saavutamiseks on nad v\u00e4ga t\u00e4nulikud mis tahes tagasiside eest, mis aitab neil oma tooteid t\u00e4iustada. Northern Hunting hunting and outdoor clothing maaletoojana vahendab ELAV TULI t\u00e4nutunde ja suurima hea meelega telefonile \u2026 ja meiliaadressile \u2026 saabunud ettepanekud toodete t\u00e4iustamise kohta. Call, <a href=\"https:\/\/elavtuli.ee\/kontakt\/\">write<\/a>, criticise, pat us on the back \u2013 no reasonable suggestion will go unnoticed.<\/li>\n<\/ul>\n","protected":false},"excerpt":{"rendered":"<p>Groa naiste kahepoolse kamuflaa\u017e jaki \u00fchel pool on Tecl-Wood P\u00f5hjamaade metsadest inspireeritud camo muster, ning teisel pool Tecl-Wood HiVis oran\u017e. \u201eGroa\u201c on funktsionaalne ja quiet jakk, milles on kasutatud ADDVENTEX\u2122 WIND membraani, making jaki m\u00f5lemad pooled water-repellentaks ja tuulekindlaks. \u201eGroa\u201c jaki the design takes into account the feminine figure, with kasutuscomfortableust ja freedom of movement wearing it.<\/p>\n","protected":false},"featured_media":13980,"comment_status":"open","ping_status":"open","template":"","meta":{"_acf_changed":false,"om_disable_all_campaigns":false,"_uf_show_specific_survey":0,"_uf_disable_surveys":false},"product_brand":[],"product_cat":[924,923,802,922,925],"product_tag":[857,848,850,849,856,846,845],"woo-feed-brand":[],"class_list":{"0":"post-23168","1":"product","2":"type-product","3":"status-publish","4":"has-post-thumbnail","6":"product_cat-camo-women","7":"product_cat-fleeces-women","8":"product_cat-hunting-hiking-clothes","9":"product_cat-jackets-women","10":"product_cat-women","11":"product_tag-fliis","12":"product_tag-jahiriided","13":"product_tag-kamuflaazriided","14":"product_tag-matkariided","15":"product_tag-northern-hunting","16":"product_tag-northern-hunting-jahijope","17":"product_tag-northern-hunting-matkajope","19":"first","20":"onbackorder","21":"taxable","22":"shipping-taxable","23":"purchasable","24":"product-type-variable","25":"has-default-attributes"},"acf":[],"yoast_head":"<!-- This site is optimized with the Yoast SEO plugin v27.2 - https:\/\/yoast.com\/product\/yoast-seo-wordpress\/ -->\n<title>Women&#039;s Reversible Windproof Fleece NH &quot;Groa&quot; \u2013 Elav Tuli<\/title>\n<meta name=\"description\" content=\"Groa naiste kahepoolse kamuflaa\u017e jaki \u00fchel pool on Tecl-Wood P\u00f5hjamaade metsadest inspireeritud camo muster, ning teisel pool Tecl-Wood HiVis oran\u017e. \u201eG...\" \/>\n<meta name=\"robots\" content=\"index, follow, max-snippet:-1, max-image-preview:large, max-video-preview:-1\" \/>\n<link rel=\"canonical\" href=\"https:\/\/elavtuli.ee\/en\/shop\/hunting-hiking-clothes\/women\/jackets-women\/womens-reversible-windproof-fleece-nh-groa\/\" \/>\n<meta property=\"og:locale\" content=\"en_US\" \/>\n<meta property=\"og:type\" content=\"article\" \/>\n<meta property=\"og:title\" content=\"Women&#039;s Reversible Windproof Fleece NH &quot;Groa&quot; \u2013 Elav Tuli\" \/>\n<meta property=\"og:description\" content=\"Groa naiste kahepoolse kamuflaa\u017e jaki \u00fchel pool on Tecl-Wood P\u00f5hjamaade metsadest inspireeritud camo muster, ning teisel pool Tecl-Wood HiVis oran\u017e. \u201eG...\" \/>\n<meta property=\"og:url\" content=\"https:\/\/elavtuli.ee\/en\/shop\/hunting-hiking-clothes\/women\/jackets-women\/womens-reversible-windproof-fleece-nh-groa\/\" \/>\n<meta property=\"og:site_name\" content=\"Elav Tuli\" \/>\n<meta property=\"article:publisher\" content=\"https:\/\/www.facebook.com\/elavtuli\/\" \/>\n<meta property=\"og:image\" content=\"https:\/\/elavtuli.ee\/wp-content\/uploads\/2024\/06\/603638-OPT2-OR_GROA_camo_Front.jpg\" \/>\n\t<meta property=\"og:image:width\" content=\"1920\" \/>\n\t<meta property=\"og:image:height\" content=\"1920\" \/>\n\t<meta property=\"og:image:type\" content=\"image\/jpeg\" \/>\n<meta name=\"twitter:card\" content=\"summary_large_image\" \/>\n<meta name=\"twitter:label1\" content=\"Est. reading time\" \/>\n\t<meta name=\"twitter:data1\" content=\"2 minutes\" \/>\n<script type=\"application\/ld+json\" class=\"yoast-schema-graph\">{\"@context\":\"https:\/\/schema.org\",\"@graph\":[{\"@type\":\"WebPage\",\"@id\":\"https:\/\/elavtuli.ee\/en\/shop\/hunting-hiking-clothes\/women\/jackets-women\/womens-reversible-windproof-fleece-nh-groa\/\",\"url\":\"https:\/\/elavtuli.ee\/en\/shop\/hunting-hiking-clothes\/women\/jackets-women\/womens-reversible-windproof-fleece-nh-groa\/\",\"name\":\"Women's Reversible Windproof Fleece NH \\\"Groa\\\" \u2013 Elav Tuli\",\"isPartOf\":{\"@id\":\"https:\/\/elavtuli.ee\/en\/#website\"},\"primaryImageOfPage\":{\"@id\":\"https:\/\/elavtuli.ee\/en\/shop\/hunting-hiking-clothes\/women\/jackets-women\/womens-reversible-windproof-fleece-nh-groa\/#primaryimage\"},\"image\":{\"@id\":\"https:\/\/elavtuli.ee\/en\/shop\/hunting-hiking-clothes\/women\/jackets-women\/womens-reversible-windproof-fleece-nh-groa\/#primaryimage\"},\"thumbnailUrl\":\"https:\/\/elavtuli.ee\/wp-content\/uploads\/2024\/06\/603638-OPT2-OR_GROA_camo_Front.jpg\",\"datePublished\":\"2026-03-26T12:25:15+00:00\",\"description\":\"Groa naiste kahepoolse kamuflaa\u017e jaki \u00fchel pool on Tecl-Wood P\u00f5hjamaade metsadest inspireeritud camo muster, ning teisel pool Tecl-Wood HiVis oran\u017e. \u201eG...\",\"breadcrumb\":{\"@id\":\"https:\/\/elavtuli.ee\/en\/shop\/hunting-hiking-clothes\/women\/jackets-women\/womens-reversible-windproof-fleece-nh-groa\/#breadcrumb\"},\"inLanguage\":\"en-US\",\"potentialAction\":[{\"@type\":\"ReadAction\",\"target\":[\"https:\/\/elavtuli.ee\/en\/shop\/hunting-hiking-clothes\/women\/jackets-women\/womens-reversible-windproof-fleece-nh-groa\/\"]}]},{\"@type\":\"ImageObject\",\"inLanguage\":\"en-US\",\"@id\":\"https:\/\/elavtuli.ee\/en\/shop\/hunting-hiking-clothes\/women\/jackets-women\/womens-reversible-windproof-fleece-nh-groa\/#primaryimage\",\"url\":\"https:\/\/elavtuli.ee\/wp-content\/uploads\/2024\/06\/603638-OPT2-OR_GROA_camo_Front.jpg\",\"contentUrl\":\"https:\/\/elavtuli.ee\/wp-content\/uploads\/2024\/06\/603638-OPT2-OR_GROA_camo_Front.jpg\",\"width\":1920,\"height\":1920,\"caption\":\"603638 OPT2 OR GROA camo Front\"},{\"@type\":\"BreadcrumbList\",\"@id\":\"https:\/\/elavtuli.ee\/en\/shop\/hunting-hiking-clothes\/women\/jackets-women\/womens-reversible-windproof-fleece-nh-groa\/#breadcrumb\",\"itemListElement\":[{\"@type\":\"ListItem\",\"position\":1,\"name\":\"Avaleht\",\"item\":\"https:\/\/elavtuli.ee\/en\/\"},{\"@type\":\"ListItem\",\"position\":2,\"name\":\"E-shop\",\"item\":\"https:\/\/elavtuli.ee\/en\/shop\/\"},{\"@type\":\"ListItem\",\"position\":3,\"name\":\"Women&#8217;s Reversible Windproof Fleece NH &#8220;Groa&#8221;\"}]},{\"@type\":\"WebSite\",\"@id\":\"https:\/\/elavtuli.ee\/en\/#website\",\"url\":\"https:\/\/elavtuli.ee\/en\/\",\"name\":\"Elav Tuli\",\"description\":\"Kvaliteetsed biokaminad Belgiast\",\"publisher\":{\"@id\":\"https:\/\/elavtuli.ee\/en\/#organization\"},\"alternateName\":\"elavtuli\",\"potentialAction\":[{\"@type\":\"SearchAction\",\"target\":{\"@type\":\"EntryPoint\",\"urlTemplate\":\"https:\/\/elavtuli.ee\/en\/?s={search_term_string}\"},\"query-input\":{\"@type\":\"PropertyValueSpecification\",\"valueRequired\":true,\"valueName\":\"search_term_string\"}}],\"inLanguage\":\"en-US\"},{\"@type\":\"Organization\",\"@id\":\"https:\/\/elavtuli.ee\/en\/#organization\",\"name\":\"Elav Tuli\",\"url\":\"https:\/\/elavtuli.ee\/en\/\",\"logo\":{\"@type\":\"ImageObject\",\"inLanguage\":\"en-US\",\"@id\":\"https:\/\/elavtuli.ee\/en\/#\/schema\/logo\/image\/\",\"url\":\"https:\/\/elavtuli.ee\/wp-content\/uploads\/2021\/03\/must_logo.png\",\"contentUrl\":\"https:\/\/elavtuli.ee\/wp-content\/uploads\/2021\/03\/must_logo.png\",\"width\":700,\"height\":700,\"caption\":\"Elav Tuli\"},\"image\":{\"@id\":\"https:\/\/elavtuli.ee\/en\/#\/schema\/logo\/image\/\"},\"sameAs\":[\"https:\/\/www.facebook.com\/elavtuli\/\",\"https:\/\/www.instagram.com\/elavtuli\/\"]}]}<\/script>\n<!-- \/ Yoast SEO plugin. -->","yoast_head_json":{"title":"Women's Reversible Windproof Fleece NH \"Groa\" \u2013 Elav Tuli","description":"Groa naiste kahepoolse kamuflaa\u017e jaki \u00fchel pool on Tecl-Wood P\u00f5hjamaade metsadest inspireeritud camo muster, ning teisel pool Tecl-Wood HiVis oran\u017e. \u201eG...","robots":{"index":"index","follow":"follow","max-snippet":"max-snippet:-1","max-image-preview":"max-image-preview:large","max-video-preview":"max-video-preview:-1"},"canonical":"https:\/\/elavtuli.ee\/en\/shop\/hunting-hiking-clothes\/women\/jackets-women\/womens-reversible-windproof-fleece-nh-groa\/","og_locale":"en_US","og_type":"article","og_title":"Women's Reversible Windproof Fleece NH \"Groa\" \u2013 Elav Tuli","og_description":"Groa naiste kahepoolse kamuflaa\u017e jaki \u00fchel pool on Tecl-Wood P\u00f5hjamaade metsadest inspireeritud camo muster, ning teisel pool Tecl-Wood HiVis oran\u017e. \u201eG...","og_url":"https:\/\/elavtuli.ee\/en\/shop\/hunting-hiking-clothes\/women\/jackets-women\/womens-reversible-windproof-fleece-nh-groa\/","og_site_name":"Elav Tuli","article_publisher":"https:\/\/www.facebook.com\/elavtuli\/","og_image":[{"width":1920,"height":1920,"url":"https:\/\/elavtuli.ee\/wp-content\/uploads\/2024\/06\/603638-OPT2-OR_GROA_camo_Front.jpg","type":"image\/jpeg"}],"twitter_card":"summary_large_image","twitter_misc":{"Est. reading time":"2 minutes"},"schema":{"@context":"https:\/\/schema.org","@graph":[{"@type":"WebPage","@id":"https:\/\/elavtuli.ee\/en\/shop\/hunting-hiking-clothes\/women\/jackets-women\/womens-reversible-windproof-fleece-nh-groa\/","url":"https:\/\/elavtuli.ee\/en\/shop\/hunting-hiking-clothes\/women\/jackets-women\/womens-reversible-windproof-fleece-nh-groa\/","name":"Women's Reversible Windproof Fleece NH \"Groa\" \u2013 Elav Tuli","isPartOf":{"@id":"https:\/\/elavtuli.ee\/en\/#website"},"primaryImageOfPage":{"@id":"https:\/\/elavtuli.ee\/en\/shop\/hunting-hiking-clothes\/women\/jackets-women\/womens-reversible-windproof-fleece-nh-groa\/#primaryimage"},"image":{"@id":"https:\/\/elavtuli.ee\/en\/shop\/hunting-hiking-clothes\/women\/jackets-women\/womens-reversible-windproof-fleece-nh-groa\/#primaryimage"},"thumbnailUrl":"https:\/\/elavtuli.ee\/wp-content\/uploads\/2024\/06\/603638-OPT2-OR_GROA_camo_Front.jpg","datePublished":"2026-03-26T12:25:15+00:00","description":"Groa naiste kahepoolse kamuflaa\u017e jaki \u00fchel pool on Tecl-Wood P\u00f5hjamaade metsadest inspireeritud camo muster, ning teisel pool Tecl-Wood HiVis oran\u017e. \u201eG...","breadcrumb":{"@id":"https:\/\/elavtuli.ee\/en\/shop\/hunting-hiking-clothes\/women\/jackets-women\/womens-reversible-windproof-fleece-nh-groa\/#breadcrumb"},"inLanguage":"en-US","potentialAction":[{"@type":"ReadAction","target":["https:\/\/elavtuli.ee\/en\/shop\/hunting-hiking-clothes\/women\/jackets-women\/womens-reversible-windproof-fleece-nh-groa\/"]}]},{"@type":"ImageObject","inLanguage":"en-US","@id":"https:\/\/elavtuli.ee\/en\/shop\/hunting-hiking-clothes\/women\/jackets-women\/womens-reversible-windproof-fleece-nh-groa\/#primaryimage","url":"https:\/\/elavtuli.ee\/wp-content\/uploads\/2024\/06\/603638-OPT2-OR_GROA_camo_Front.jpg","contentUrl":"https:\/\/elavtuli.ee\/wp-content\/uploads\/2024\/06\/603638-OPT2-OR_GROA_camo_Front.jpg","width":1920,"height":1920,"caption":"603638 OPT2 OR GROA camo Front"},{"@type":"BreadcrumbList","@id":"https:\/\/elavtuli.ee\/en\/shop\/hunting-hiking-clothes\/women\/jackets-women\/womens-reversible-windproof-fleece-nh-groa\/#breadcrumb","itemListElement":[{"@type":"ListItem","position":1,"name":"Avaleht","item":"https:\/\/elavtuli.ee\/en\/"},{"@type":"ListItem","position":2,"name":"E-shop","item":"https:\/\/elavtuli.ee\/en\/shop\/"},{"@type":"ListItem","position":3,"name":"Women&#8217;s Reversible Windproof Fleece NH &#8220;Groa&#8221;"}]},{"@type":"WebSite","@id":"https:\/\/elavtuli.ee\/en\/#website","url":"https:\/\/elavtuli.ee\/en\/","name":"Elav Tuli","description":"Kvaliteetsed biokaminad Belgiast","publisher":{"@id":"https:\/\/elavtuli.ee\/en\/#organization"},"alternateName":"elavtuli","potentialAction":[{"@type":"SearchAction","target":{"@type":"EntryPoint","urlTemplate":"https:\/\/elavtuli.ee\/en\/?s={search_term_string}"},"query-input":{"@type":"PropertyValueSpecification","valueRequired":true,"valueName":"search_term_string"}}],"inLanguage":"en-US"},{"@type":"Organization","@id":"https:\/\/elavtuli.ee\/en\/#organization","name":"Elav Tuli","url":"https:\/\/elavtuli.ee\/en\/","logo":{"@type":"ImageObject","inLanguage":"en-US","@id":"https:\/\/elavtuli.ee\/en\/#\/schema\/logo\/image\/","url":"https:\/\/elavtuli.ee\/wp-content\/uploads\/2021\/03\/must_logo.png","contentUrl":"https:\/\/elavtuli.ee\/wp-content\/uploads\/2021\/03\/must_logo.png","width":700,"height":700,"caption":"Elav Tuli"},"image":{"@id":"https:\/\/elavtuli.ee\/en\/#\/schema\/logo\/image\/"},"sameAs":["https:\/\/www.facebook.com\/elavtuli\/","https:\/\/www.instagram.com\/elavtuli\/"]}]}},"_links":{"self":[{"href":"https:\/\/elavtuli.ee\/en\/wp-json\/wp\/v2\/product\/23168","targetHints":{"allow":["GET"]}}],"collection":[{"href":"https:\/\/elavtuli.ee\/en\/wp-json\/wp\/v2\/product"}],"about":[{"href":"https:\/\/elavtuli.ee\/en\/wp-json\/wp\/v2\/types\/product"}],"replies":[{"embeddable":true,"href":"https:\/\/elavtuli.ee\/en\/wp-json\/wp\/v2\/comments?post=23168"}],"wp:featuredmedia":[{"embeddable":true,"href":"https:\/\/elavtuli.ee\/en\/wp-json\/wp\/v2\/media\/13980"}],"wp:attachment":[{"href":"https:\/\/elavtuli.ee\/en\/wp-json\/wp\/v2\/media?parent=23168"}],"wp:term":[{"taxonomy":"product_brand","embeddable":true,"href":"https:\/\/elavtuli.ee\/en\/wp-json\/wp\/v2\/product_brand?post=23168"},{"taxonomy":"product_cat","embeddable":true,"href":"https:\/\/elavtuli.ee\/en\/wp-json\/wp\/v2\/product_cat?post=23168"},{"taxonomy":"product_tag","embeddable":true,"href":"https:\/\/elavtuli.ee\/en\/wp-json\/wp\/v2\/product_tag?post=23168"},{"taxonomy":"woo-feed-brand","embeddable":true,"href":"https:\/\/elavtuli.ee\/en\/wp-json\/wp\/v2\/woo-feed-brand?post=23168"}],"curies":[{"name":"wp","href":"https:\/\/api.w.org\/{rel}","templated":true}]}}