{"id":23171,"date":"2026-03-26T12:25:15","date_gmt":"2026-03-26T12:25:15","guid":{"rendered":""},"modified":"-0001-11-30T00:00:00","modified_gmt":"-0001-11-29T21:00:00","slug":"womens-fleece-northern-hunting-saga-green","status":"publish","type":"product","link":"https:\/\/elavtuli.ee\/en\/shop\/hunting-hiking-clothes\/women\/jackets-women\/womens-fleece-northern-hunting-saga-green\/","title":{"rendered":"Women&#8217;s Fleece Northern Hunting &#8220;Saga&#8221; green"},"content":{"rendered":"<p>&#8220;<strong>Saga<\/strong>&#8221; women&#8217;s fleece for hiking, hunting, or other outdoor activities.<\/p>\n<p>Ideal as a mid-layer in all seasons.<\/p>\n<p>The &#8220;Saga&#8221; women&#8217;s fleece is developed as a warm mid-layer under a hiking jacket. The material is very quiet and stretchy, making this fleece comfortable and pleasant to wear. An additional feature is a large anorak-style chest pocket which, along with two regular pockets, offers the opportunity to carry a lot of equipment. The asymmetrical zip on the side of the fleece adds style and helps avoid the situation where too many zips (e.g. from a jacket and thermal underwear) are aligned with each other. The design of the &#8220;Saga&#8221; fleece takes into account the feminine figure, with ease of use and freedom of movement in mind.<\/p>\n<p>All Northern Hunting hunting and hiking clothing comes with a five-year manufacturer&#8217;s warranty!<\/p>\n","protected":false},"excerpt":{"rendered":"<p>The &#8220;Saga&#8221; green women&#8217;s fleece is developed as a warm mid-layer under a hiking jacket. The material is very quiet and stretchy, making this fleece comfortable to wear. Features a large anorak-style chest pocket and asymmetrical side zip for styling. Designed with the feminine figure in mind.<\/p>\n","protected":false},"featured_media":14063,"comment_status":"open","ping_status":"open","template":"","meta":{"_acf_changed":false,"om_disable_all_campaigns":false,"_uf_show_specific_survey":0,"_uf_disable_surveys":false},"product_brand":[],"product_cat":[923,802,922,925],"product_tag":[857,848,849,856,846,845],"woo-feed-brand":[],"class_list":{"0":"post-23171","1":"product","2":"type-product","3":"status-publish","4":"has-post-thumbnail","6":"product_cat-fleeces-women","7":"product_cat-hunting-hiking-clothes","8":"product_cat-jackets-women","9":"product_cat-women","10":"product_tag-fliis","11":"product_tag-jahiriided","12":"product_tag-matkariided","13":"product_tag-northern-hunting","14":"product_tag-northern-hunting-jahijope","15":"product_tag-northern-hunting-matkajope","17":"first","18":"onbackorder","19":"taxable","20":"shipping-taxable","21":"purchasable","22":"product-type-variable","23":"has-default-attributes"},"acf":[],"yoast_head":"<!-- This site is optimized with the Yoast SEO plugin v27.2 - https:\/\/yoast.com\/product\/yoast-seo-wordpress\/ -->\n<title>Women&#039;s Fleece Northern Hunting &quot;Saga&quot; green \u2013 Elav Tuli<\/title>\n<meta name=\"description\" content=\"Saga roheline naiste fliis on v\u00e4lja t\u00f6\u00f6tatud soojaks keskmiseks kihiks matkajope alla. Materjal on v\u00e4ga vaikne ja veniv, mis teeb selle fliisi mugavaks j...\" \/>\n<meta name=\"robots\" content=\"index, follow, max-snippet:-1, max-image-preview:large, max-video-preview:-1\" \/>\n<link rel=\"canonical\" href=\"https:\/\/elavtuli.ee\/en\/shop\/hunting-hiking-clothes\/women\/jackets-women\/womens-fleece-northern-hunting-saga-green\/\" \/>\n<meta property=\"og:locale\" content=\"en_US\" \/>\n<meta property=\"og:type\" content=\"article\" \/>\n<meta property=\"og:title\" content=\"Women&#039;s Fleece Northern Hunting &quot;Saga&quot; green \u2013 Elav Tuli\" \/>\n<meta property=\"og:description\" content=\"Saga roheline naiste fliis on v\u00e4lja t\u00f6\u00f6tatud soojaks keskmiseks kihiks matkajope alla. Materjal on v\u00e4ga vaikne ja veniv, mis teeb selle fliisi mugavaks j...\" \/>\n<meta property=\"og:url\" content=\"https:\/\/elavtuli.ee\/en\/shop\/hunting-hiking-clothes\/women\/jackets-women\/womens-fleece-northern-hunting-saga-green\/\" \/>\n<meta property=\"og:site_name\" content=\"Elav Tuli\" \/>\n<meta property=\"article:publisher\" content=\"https:\/\/www.facebook.com\/elavtuli\/\" \/>\n<meta property=\"og:image\" content=\"https:\/\/elavtuli.ee\/wp-content\/uploads\/2024\/06\/606276_SAGA_Front.webp\" \/>\n\t<meta property=\"og:image:width\" content=\"1600\" \/>\n\t<meta property=\"og:image:height\" content=\"1600\" \/>\n\t<meta property=\"og:image:type\" content=\"image\/webp\" \/>\n<meta name=\"twitter:card\" content=\"summary_large_image\" \/>\n<meta name=\"twitter:label1\" content=\"Est. reading time\" \/>\n\t<meta name=\"twitter:data1\" content=\"1 minute\" \/>\n<script type=\"application\/ld+json\" class=\"yoast-schema-graph\">{\"@context\":\"https:\/\/schema.org\",\"@graph\":[{\"@type\":\"WebPage\",\"@id\":\"https:\/\/elavtuli.ee\/en\/shop\/hunting-hiking-clothes\/women\/jackets-women\/womens-fleece-northern-hunting-saga-green\/\",\"url\":\"https:\/\/elavtuli.ee\/en\/shop\/hunting-hiking-clothes\/women\/jackets-women\/womens-fleece-northern-hunting-saga-green\/\",\"name\":\"Women's Fleece Northern Hunting \\\"Saga\\\" green \u2013 Elav Tuli\",\"isPartOf\":{\"@id\":\"https:\/\/elavtuli.ee\/en\/#website\"},\"primaryImageOfPage\":{\"@id\":\"https:\/\/elavtuli.ee\/en\/shop\/hunting-hiking-clothes\/women\/jackets-women\/womens-fleece-northern-hunting-saga-green\/#primaryimage\"},\"image\":{\"@id\":\"https:\/\/elavtuli.ee\/en\/shop\/hunting-hiking-clothes\/women\/jackets-women\/womens-fleece-northern-hunting-saga-green\/#primaryimage\"},\"thumbnailUrl\":\"https:\/\/elavtuli.ee\/wp-content\/uploads\/2024\/06\/606276_SAGA_Front.webp\",\"datePublished\":\"2026-03-26T12:25:15+00:00\",\"description\":\"Saga roheline naiste fliis on v\u00e4lja t\u00f6\u00f6tatud soojaks keskmiseks kihiks matkajope alla. Materjal on v\u00e4ga vaikne ja veniv, mis teeb selle fliisi mugavaks j...\",\"breadcrumb\":{\"@id\":\"https:\/\/elavtuli.ee\/en\/shop\/hunting-hiking-clothes\/women\/jackets-women\/womens-fleece-northern-hunting-saga-green\/#breadcrumb\"},\"inLanguage\":\"en-US\",\"potentialAction\":[{\"@type\":\"ReadAction\",\"target\":[\"https:\/\/elavtuli.ee\/en\/shop\/hunting-hiking-clothes\/women\/jackets-women\/womens-fleece-northern-hunting-saga-green\/\"]}]},{\"@type\":\"ImageObject\",\"inLanguage\":\"en-US\",\"@id\":\"https:\/\/elavtuli.ee\/en\/shop\/hunting-hiking-clothes\/women\/jackets-women\/womens-fleece-northern-hunting-saga-green\/#primaryimage\",\"url\":\"https:\/\/elavtuli.ee\/wp-content\/uploads\/2024\/06\/606276_SAGA_Front.webp\",\"contentUrl\":\"https:\/\/elavtuli.ee\/wp-content\/uploads\/2024\/06\/606276_SAGA_Front.webp\",\"width\":1600,\"height\":1600,\"caption\":\"606276 SAGA Front\"},{\"@type\":\"BreadcrumbList\",\"@id\":\"https:\/\/elavtuli.ee\/en\/shop\/hunting-hiking-clothes\/women\/jackets-women\/womens-fleece-northern-hunting-saga-green\/#breadcrumb\",\"itemListElement\":[{\"@type\":\"ListItem\",\"position\":1,\"name\":\"Avaleht\",\"item\":\"https:\/\/elavtuli.ee\/en\/\"},{\"@type\":\"ListItem\",\"position\":2,\"name\":\"E-shop\",\"item\":\"https:\/\/elavtuli.ee\/en\/shop\/\"},{\"@type\":\"ListItem\",\"position\":3,\"name\":\"Women&#8217;s Fleece Northern Hunting &#8220;Saga&#8221; green\"}]},{\"@type\":\"WebSite\",\"@id\":\"https:\/\/elavtuli.ee\/en\/#website\",\"url\":\"https:\/\/elavtuli.ee\/en\/\",\"name\":\"Elav Tuli\",\"description\":\"Kvaliteetsed biokaminad Belgiast\",\"publisher\":{\"@id\":\"https:\/\/elavtuli.ee\/en\/#organization\"},\"alternateName\":\"elavtuli\",\"potentialAction\":[{\"@type\":\"SearchAction\",\"target\":{\"@type\":\"EntryPoint\",\"urlTemplate\":\"https:\/\/elavtuli.ee\/en\/?s={search_term_string}\"},\"query-input\":{\"@type\":\"PropertyValueSpecification\",\"valueRequired\":true,\"valueName\":\"search_term_string\"}}],\"inLanguage\":\"en-US\"},{\"@type\":\"Organization\",\"@id\":\"https:\/\/elavtuli.ee\/en\/#organization\",\"name\":\"Elav Tuli\",\"url\":\"https:\/\/elavtuli.ee\/en\/\",\"logo\":{\"@type\":\"ImageObject\",\"inLanguage\":\"en-US\",\"@id\":\"https:\/\/elavtuli.ee\/en\/#\/schema\/logo\/image\/\",\"url\":\"https:\/\/elavtuli.ee\/wp-content\/uploads\/2021\/03\/must_logo.png\",\"contentUrl\":\"https:\/\/elavtuli.ee\/wp-content\/uploads\/2021\/03\/must_logo.png\",\"width\":700,\"height\":700,\"caption\":\"Elav Tuli\"},\"image\":{\"@id\":\"https:\/\/elavtuli.ee\/en\/#\/schema\/logo\/image\/\"},\"sameAs\":[\"https:\/\/www.facebook.com\/elavtuli\/\",\"https:\/\/www.instagram.com\/elavtuli\/\"]}]}<\/script>\n<!-- \/ Yoast SEO plugin. -->","yoast_head_json":{"title":"Women's Fleece Northern Hunting \"Saga\" green \u2013 Elav Tuli","description":"Saga roheline naiste fliis on v\u00e4lja t\u00f6\u00f6tatud soojaks keskmiseks kihiks matkajope alla. Materjal on v\u00e4ga vaikne ja veniv, mis teeb selle fliisi mugavaks j...","robots":{"index":"index","follow":"follow","max-snippet":"max-snippet:-1","max-image-preview":"max-image-preview:large","max-video-preview":"max-video-preview:-1"},"canonical":"https:\/\/elavtuli.ee\/en\/shop\/hunting-hiking-clothes\/women\/jackets-women\/womens-fleece-northern-hunting-saga-green\/","og_locale":"en_US","og_type":"article","og_title":"Women's Fleece Northern Hunting \"Saga\" green \u2013 Elav Tuli","og_description":"Saga roheline naiste fliis on v\u00e4lja t\u00f6\u00f6tatud soojaks keskmiseks kihiks matkajope alla. Materjal on v\u00e4ga vaikne ja veniv, mis teeb selle fliisi mugavaks j...","og_url":"https:\/\/elavtuli.ee\/en\/shop\/hunting-hiking-clothes\/women\/jackets-women\/womens-fleece-northern-hunting-saga-green\/","og_site_name":"Elav Tuli","article_publisher":"https:\/\/www.facebook.com\/elavtuli\/","og_image":[{"width":1600,"height":1600,"url":"https:\/\/elavtuli.ee\/wp-content\/uploads\/2024\/06\/606276_SAGA_Front.webp","type":"image\/webp"}],"twitter_card":"summary_large_image","twitter_misc":{"Est. reading time":"1 minute"},"schema":{"@context":"https:\/\/schema.org","@graph":[{"@type":"WebPage","@id":"https:\/\/elavtuli.ee\/en\/shop\/hunting-hiking-clothes\/women\/jackets-women\/womens-fleece-northern-hunting-saga-green\/","url":"https:\/\/elavtuli.ee\/en\/shop\/hunting-hiking-clothes\/women\/jackets-women\/womens-fleece-northern-hunting-saga-green\/","name":"Women's Fleece Northern Hunting \"Saga\" green \u2013 Elav Tuli","isPartOf":{"@id":"https:\/\/elavtuli.ee\/en\/#website"},"primaryImageOfPage":{"@id":"https:\/\/elavtuli.ee\/en\/shop\/hunting-hiking-clothes\/women\/jackets-women\/womens-fleece-northern-hunting-saga-green\/#primaryimage"},"image":{"@id":"https:\/\/elavtuli.ee\/en\/shop\/hunting-hiking-clothes\/women\/jackets-women\/womens-fleece-northern-hunting-saga-green\/#primaryimage"},"thumbnailUrl":"https:\/\/elavtuli.ee\/wp-content\/uploads\/2024\/06\/606276_SAGA_Front.webp","datePublished":"2026-03-26T12:25:15+00:00","description":"Saga roheline naiste fliis on v\u00e4lja t\u00f6\u00f6tatud soojaks keskmiseks kihiks matkajope alla. Materjal on v\u00e4ga vaikne ja veniv, mis teeb selle fliisi mugavaks j...","breadcrumb":{"@id":"https:\/\/elavtuli.ee\/en\/shop\/hunting-hiking-clothes\/women\/jackets-women\/womens-fleece-northern-hunting-saga-green\/#breadcrumb"},"inLanguage":"en-US","potentialAction":[{"@type":"ReadAction","target":["https:\/\/elavtuli.ee\/en\/shop\/hunting-hiking-clothes\/women\/jackets-women\/womens-fleece-northern-hunting-saga-green\/"]}]},{"@type":"ImageObject","inLanguage":"en-US","@id":"https:\/\/elavtuli.ee\/en\/shop\/hunting-hiking-clothes\/women\/jackets-women\/womens-fleece-northern-hunting-saga-green\/#primaryimage","url":"https:\/\/elavtuli.ee\/wp-content\/uploads\/2024\/06\/606276_SAGA_Front.webp","contentUrl":"https:\/\/elavtuli.ee\/wp-content\/uploads\/2024\/06\/606276_SAGA_Front.webp","width":1600,"height":1600,"caption":"606276 SAGA Front"},{"@type":"BreadcrumbList","@id":"https:\/\/elavtuli.ee\/en\/shop\/hunting-hiking-clothes\/women\/jackets-women\/womens-fleece-northern-hunting-saga-green\/#breadcrumb","itemListElement":[{"@type":"ListItem","position":1,"name":"Avaleht","item":"https:\/\/elavtuli.ee\/en\/"},{"@type":"ListItem","position":2,"name":"E-shop","item":"https:\/\/elavtuli.ee\/en\/shop\/"},{"@type":"ListItem","position":3,"name":"Women&#8217;s Fleece Northern Hunting &#8220;Saga&#8221; green"}]},{"@type":"WebSite","@id":"https:\/\/elavtuli.ee\/en\/#website","url":"https:\/\/elavtuli.ee\/en\/","name":"Elav Tuli","description":"Kvaliteetsed biokaminad Belgiast","publisher":{"@id":"https:\/\/elavtuli.ee\/en\/#organization"},"alternateName":"elavtuli","potentialAction":[{"@type":"SearchAction","target":{"@type":"EntryPoint","urlTemplate":"https:\/\/elavtuli.ee\/en\/?s={search_term_string}"},"query-input":{"@type":"PropertyValueSpecification","valueRequired":true,"valueName":"search_term_string"}}],"inLanguage":"en-US"},{"@type":"Organization","@id":"https:\/\/elavtuli.ee\/en\/#organization","name":"Elav Tuli","url":"https:\/\/elavtuli.ee\/en\/","logo":{"@type":"ImageObject","inLanguage":"en-US","@id":"https:\/\/elavtuli.ee\/en\/#\/schema\/logo\/image\/","url":"https:\/\/elavtuli.ee\/wp-content\/uploads\/2021\/03\/must_logo.png","contentUrl":"https:\/\/elavtuli.ee\/wp-content\/uploads\/2021\/03\/must_logo.png","width":700,"height":700,"caption":"Elav Tuli"},"image":{"@id":"https:\/\/elavtuli.ee\/en\/#\/schema\/logo\/image\/"},"sameAs":["https:\/\/www.facebook.com\/elavtuli\/","https:\/\/www.instagram.com\/elavtuli\/"]}]}},"_links":{"self":[{"href":"https:\/\/elavtuli.ee\/en\/wp-json\/wp\/v2\/product\/23171","targetHints":{"allow":["GET"]}}],"collection":[{"href":"https:\/\/elavtuli.ee\/en\/wp-json\/wp\/v2\/product"}],"about":[{"href":"https:\/\/elavtuli.ee\/en\/wp-json\/wp\/v2\/types\/product"}],"replies":[{"embeddable":true,"href":"https:\/\/elavtuli.ee\/en\/wp-json\/wp\/v2\/comments?post=23171"}],"wp:featuredmedia":[{"embeddable":true,"href":"https:\/\/elavtuli.ee\/en\/wp-json\/wp\/v2\/media\/14063"}],"wp:attachment":[{"href":"https:\/\/elavtuli.ee\/en\/wp-json\/wp\/v2\/media?parent=23171"}],"wp:term":[{"taxonomy":"product_brand","embeddable":true,"href":"https:\/\/elavtuli.ee\/en\/wp-json\/wp\/v2\/product_brand?post=23171"},{"taxonomy":"product_cat","embeddable":true,"href":"https:\/\/elavtuli.ee\/en\/wp-json\/wp\/v2\/product_cat?post=23171"},{"taxonomy":"product_tag","embeddable":true,"href":"https:\/\/elavtuli.ee\/en\/wp-json\/wp\/v2\/product_tag?post=23171"},{"taxonomy":"woo-feed-brand","embeddable":true,"href":"https:\/\/elavtuli.ee\/en\/wp-json\/wp\/v2\/woo-feed-brand?post=23171"}],"curies":[{"name":"wp","href":"https:\/\/api.w.org\/{rel}","templated":true}]}}