{"id":23184,"date":"2026-03-26T12:25:15","date_gmt":"2026-03-26T12:25:15","guid":{"rendered":""},"modified":"-0001-11-30T00:00:00","modified_gmt":"-0001-11-29T21:00:00","slug":"womens-fleece-base-layer-shirt-nh-revna","status":"publish","type":"product","link":"https:\/\/elavtuli.ee\/en\/shop\/hunting-hiking-clothes\/women\/warm-underwear-women\/womens-fleece-base-layer-shirt-nh-revna\/","title":{"rendered":"Women&#8217;s Fleece Base Layer Shirt NH &#8220;Revna&#8221;"},"content":{"rendered":"<p>&#8220;<strong>Revna<\/strong>&#8221; women&#8217;s fleece base layer shirt for hunting and other outdoor activities.<\/p>\n<p>Ideal as a base layer or second layer in spring and winter.<\/p>\n<p>The &#8220;Revna&#8221; fleece base layer shirt is made from warm and breathable fleece material, making it an excellent base layer shirt for all seasons. The extremely quiet, soft, and stretchy material makes it very comfortable to wear. As a base layer, the &#8220;Revna&#8221; helps maintain a comfortable temperature during physical activity and in more extreme weather conditions. The shirt has thumb holes, a zip, and a zippered chest pocket added. Together with the &#8220;Fenja&#8221; trousers, it forms an ideal base layer set for outdoor conditions. The &#8220;Revna&#8221; is designed with the feminine figure in mind, ensuring ease of use and freedom of movement when wearing it.<\/p>\n<p>All Northern Hunting hunting and hiking clothing comes with a five-year manufacturer&#8217;s warranty!<\/p>\n","protected":false},"excerpt":{"rendered":"<p>The &#8220;Revna&#8221; fleece base layer shirt is made from warm and breathable fleece material, making it an excellent base layer shirt for all seasons. Extremely quiet, soft, and stretchy material makes it very comfortable to wear. Features thumb holes, a zip, and a zippered chest pocket. Combined with &#8220;Fenja&#8221; trousers, it forms an ideal base layer set for outdoor use.<\/p>\n","protected":false},"featured_media":14355,"comment_status":"open","ping_status":"open","template":"","meta":{"_acf_changed":false,"om_disable_all_campaigns":false,"_uf_show_specific_survey":0,"_uf_disable_surveys":false},"product_brand":[],"product_cat":[920,802,918,925],"product_tag":[857,848,849,856,858],"woo-feed-brand":[],"class_list":{"0":"post-23184","1":"product","2":"type-product","3":"status-publish","4":"has-post-thumbnail","6":"product_cat-blouses-shirts-women","7":"product_cat-hunting-hiking-clothes","8":"product_cat-warm-underwear-women","9":"product_cat-women","10":"product_tag-fliis","11":"product_tag-jahiriided","12":"product_tag-matkariided","13":"product_tag-northern-hunting","14":"product_tag-soepesu","16":"first","17":"onbackorder","18":"taxable","19":"shipping-taxable","20":"purchasable","21":"product-type-variable","22":"has-default-attributes"},"acf":[],"yoast_head":"<!-- This site is optimized with the Yoast SEO plugin v27.2 - https:\/\/yoast.com\/product\/yoast-seo-wordpress\/ -->\n<title>Women&#039;s Fleece Base Layer Shirt NH &quot;Revna&quot; \u2013 Elav Tuli<\/title>\n<meta name=\"description\" content=\"Revna fliisist aluss\u00e4rk on valmistatud soojast ja hingavast fliismaterjalist, mis teeb sellest suurep\u00e4rase aluss\u00e4rgi igaks aastaajaks. \u00dclimalt vaikne, pe...\" \/>\n<meta name=\"robots\" content=\"index, follow, max-snippet:-1, max-image-preview:large, max-video-preview:-1\" \/>\n<link rel=\"canonical\" href=\"https:\/\/elavtuli.ee\/en\/shop\/hunting-hiking-clothes\/women\/warm-underwear-women\/womens-fleece-base-layer-shirt-nh-revna\/\" \/>\n<meta property=\"og:locale\" content=\"en_US\" \/>\n<meta property=\"og:type\" content=\"article\" \/>\n<meta property=\"og:title\" content=\"Women&#039;s Fleece Base Layer Shirt NH &quot;Revna&quot; \u2013 Elav Tuli\" \/>\n<meta property=\"og:description\" content=\"Revna fliisist aluss\u00e4rk on valmistatud soojast ja hingavast fliismaterjalist, mis teeb sellest suurep\u00e4rase aluss\u00e4rgi igaks aastaajaks. \u00dclimalt vaikne, pe...\" \/>\n<meta property=\"og:url\" content=\"https:\/\/elavtuli.ee\/en\/shop\/hunting-hiking-clothes\/women\/warm-underwear-women\/womens-fleece-base-layer-shirt-nh-revna\/\" \/>\n<meta property=\"og:site_name\" content=\"Elav Tuli\" \/>\n<meta property=\"article:publisher\" content=\"https:\/\/www.facebook.com\/elavtuli\/\" \/>\n<meta property=\"og:image\" content=\"https:\/\/elavtuli.ee\/wp-content\/uploads\/2024\/06\/Revna_603643_front_1.webp\" \/>\n\t<meta property=\"og:image:width\" content=\"1600\" \/>\n\t<meta property=\"og:image:height\" content=\"1600\" \/>\n\t<meta property=\"og:image:type\" content=\"image\/webp\" \/>\n<meta name=\"twitter:card\" content=\"summary_large_image\" \/>\n<meta name=\"twitter:label1\" content=\"Est. reading time\" \/>\n\t<meta name=\"twitter:data1\" content=\"1 minute\" \/>\n<script type=\"application\/ld+json\" class=\"yoast-schema-graph\">{\"@context\":\"https:\/\/schema.org\",\"@graph\":[{\"@type\":\"WebPage\",\"@id\":\"https:\/\/elavtuli.ee\/en\/shop\/hunting-hiking-clothes\/women\/warm-underwear-women\/womens-fleece-base-layer-shirt-nh-revna\/\",\"url\":\"https:\/\/elavtuli.ee\/en\/shop\/hunting-hiking-clothes\/women\/warm-underwear-women\/womens-fleece-base-layer-shirt-nh-revna\/\",\"name\":\"Women's Fleece Base Layer Shirt NH \\\"Revna\\\" \u2013 Elav Tuli\",\"isPartOf\":{\"@id\":\"https:\/\/elavtuli.ee\/en\/#website\"},\"primaryImageOfPage\":{\"@id\":\"https:\/\/elavtuli.ee\/en\/shop\/hunting-hiking-clothes\/women\/warm-underwear-women\/womens-fleece-base-layer-shirt-nh-revna\/#primaryimage\"},\"image\":{\"@id\":\"https:\/\/elavtuli.ee\/en\/shop\/hunting-hiking-clothes\/women\/warm-underwear-women\/womens-fleece-base-layer-shirt-nh-revna\/#primaryimage\"},\"thumbnailUrl\":\"https:\/\/elavtuli.ee\/wp-content\/uploads\/2024\/06\/Revna_603643_front_1.webp\",\"datePublished\":\"2026-03-26T12:25:15+00:00\",\"description\":\"Revna fliisist aluss\u00e4rk on valmistatud soojast ja hingavast fliismaterjalist, mis teeb sellest suurep\u00e4rase aluss\u00e4rgi igaks aastaajaks. \u00dclimalt vaikne, pe...\",\"breadcrumb\":{\"@id\":\"https:\/\/elavtuli.ee\/en\/shop\/hunting-hiking-clothes\/women\/warm-underwear-women\/womens-fleece-base-layer-shirt-nh-revna\/#breadcrumb\"},\"inLanguage\":\"en-US\",\"potentialAction\":[{\"@type\":\"ReadAction\",\"target\":[\"https:\/\/elavtuli.ee\/en\/shop\/hunting-hiking-clothes\/women\/warm-underwear-women\/womens-fleece-base-layer-shirt-nh-revna\/\"]}]},{\"@type\":\"ImageObject\",\"inLanguage\":\"en-US\",\"@id\":\"https:\/\/elavtuli.ee\/en\/shop\/hunting-hiking-clothes\/women\/warm-underwear-women\/womens-fleece-base-layer-shirt-nh-revna\/#primaryimage\",\"url\":\"https:\/\/elavtuli.ee\/wp-content\/uploads\/2024\/06\/Revna_603643_front_1.webp\",\"contentUrl\":\"https:\/\/elavtuli.ee\/wp-content\/uploads\/2024\/06\/Revna_603643_front_1.webp\",\"width\":1600,\"height\":1600,\"caption\":\"Revna 603643 front 1\"},{\"@type\":\"BreadcrumbList\",\"@id\":\"https:\/\/elavtuli.ee\/en\/shop\/hunting-hiking-clothes\/women\/warm-underwear-women\/womens-fleece-base-layer-shirt-nh-revna\/#breadcrumb\",\"itemListElement\":[{\"@type\":\"ListItem\",\"position\":1,\"name\":\"Avaleht\",\"item\":\"https:\/\/elavtuli.ee\/en\/\"},{\"@type\":\"ListItem\",\"position\":2,\"name\":\"E-shop\",\"item\":\"https:\/\/elavtuli.ee\/en\/shop\/\"},{\"@type\":\"ListItem\",\"position\":3,\"name\":\"Women&#8217;s Fleece Base Layer Shirt NH &#8220;Revna&#8221;\"}]},{\"@type\":\"WebSite\",\"@id\":\"https:\/\/elavtuli.ee\/en\/#website\",\"url\":\"https:\/\/elavtuli.ee\/en\/\",\"name\":\"Elav Tuli\",\"description\":\"Kvaliteetsed biokaminad Belgiast\",\"publisher\":{\"@id\":\"https:\/\/elavtuli.ee\/en\/#organization\"},\"alternateName\":\"elavtuli\",\"potentialAction\":[{\"@type\":\"SearchAction\",\"target\":{\"@type\":\"EntryPoint\",\"urlTemplate\":\"https:\/\/elavtuli.ee\/en\/?s={search_term_string}\"},\"query-input\":{\"@type\":\"PropertyValueSpecification\",\"valueRequired\":true,\"valueName\":\"search_term_string\"}}],\"inLanguage\":\"en-US\"},{\"@type\":\"Organization\",\"@id\":\"https:\/\/elavtuli.ee\/en\/#organization\",\"name\":\"Elav Tuli\",\"url\":\"https:\/\/elavtuli.ee\/en\/\",\"logo\":{\"@type\":\"ImageObject\",\"inLanguage\":\"en-US\",\"@id\":\"https:\/\/elavtuli.ee\/en\/#\/schema\/logo\/image\/\",\"url\":\"https:\/\/elavtuli.ee\/wp-content\/uploads\/2021\/03\/must_logo.png\",\"contentUrl\":\"https:\/\/elavtuli.ee\/wp-content\/uploads\/2021\/03\/must_logo.png\",\"width\":700,\"height\":700,\"caption\":\"Elav Tuli\"},\"image\":{\"@id\":\"https:\/\/elavtuli.ee\/en\/#\/schema\/logo\/image\/\"},\"sameAs\":[\"https:\/\/www.facebook.com\/elavtuli\/\",\"https:\/\/www.instagram.com\/elavtuli\/\"]}]}<\/script>\n<!-- \/ Yoast SEO plugin. -->","yoast_head_json":{"title":"Women's Fleece Base Layer Shirt NH \"Revna\" \u2013 Elav Tuli","description":"Revna fliisist aluss\u00e4rk on valmistatud soojast ja hingavast fliismaterjalist, mis teeb sellest suurep\u00e4rase aluss\u00e4rgi igaks aastaajaks. \u00dclimalt vaikne, pe...","robots":{"index":"index","follow":"follow","max-snippet":"max-snippet:-1","max-image-preview":"max-image-preview:large","max-video-preview":"max-video-preview:-1"},"canonical":"https:\/\/elavtuli.ee\/en\/shop\/hunting-hiking-clothes\/women\/warm-underwear-women\/womens-fleece-base-layer-shirt-nh-revna\/","og_locale":"en_US","og_type":"article","og_title":"Women's Fleece Base Layer Shirt NH \"Revna\" \u2013 Elav Tuli","og_description":"Revna fliisist aluss\u00e4rk on valmistatud soojast ja hingavast fliismaterjalist, mis teeb sellest suurep\u00e4rase aluss\u00e4rgi igaks aastaajaks. \u00dclimalt vaikne, pe...","og_url":"https:\/\/elavtuli.ee\/en\/shop\/hunting-hiking-clothes\/women\/warm-underwear-women\/womens-fleece-base-layer-shirt-nh-revna\/","og_site_name":"Elav Tuli","article_publisher":"https:\/\/www.facebook.com\/elavtuli\/","og_image":[{"width":1600,"height":1600,"url":"https:\/\/elavtuli.ee\/wp-content\/uploads\/2024\/06\/Revna_603643_front_1.webp","type":"image\/webp"}],"twitter_card":"summary_large_image","twitter_misc":{"Est. reading time":"1 minute"},"schema":{"@context":"https:\/\/schema.org","@graph":[{"@type":"WebPage","@id":"https:\/\/elavtuli.ee\/en\/shop\/hunting-hiking-clothes\/women\/warm-underwear-women\/womens-fleece-base-layer-shirt-nh-revna\/","url":"https:\/\/elavtuli.ee\/en\/shop\/hunting-hiking-clothes\/women\/warm-underwear-women\/womens-fleece-base-layer-shirt-nh-revna\/","name":"Women's Fleece Base Layer Shirt NH \"Revna\" \u2013 Elav Tuli","isPartOf":{"@id":"https:\/\/elavtuli.ee\/en\/#website"},"primaryImageOfPage":{"@id":"https:\/\/elavtuli.ee\/en\/shop\/hunting-hiking-clothes\/women\/warm-underwear-women\/womens-fleece-base-layer-shirt-nh-revna\/#primaryimage"},"image":{"@id":"https:\/\/elavtuli.ee\/en\/shop\/hunting-hiking-clothes\/women\/warm-underwear-women\/womens-fleece-base-layer-shirt-nh-revna\/#primaryimage"},"thumbnailUrl":"https:\/\/elavtuli.ee\/wp-content\/uploads\/2024\/06\/Revna_603643_front_1.webp","datePublished":"2026-03-26T12:25:15+00:00","description":"Revna fliisist aluss\u00e4rk on valmistatud soojast ja hingavast fliismaterjalist, mis teeb sellest suurep\u00e4rase aluss\u00e4rgi igaks aastaajaks. \u00dclimalt vaikne, pe...","breadcrumb":{"@id":"https:\/\/elavtuli.ee\/en\/shop\/hunting-hiking-clothes\/women\/warm-underwear-women\/womens-fleece-base-layer-shirt-nh-revna\/#breadcrumb"},"inLanguage":"en-US","potentialAction":[{"@type":"ReadAction","target":["https:\/\/elavtuli.ee\/en\/shop\/hunting-hiking-clothes\/women\/warm-underwear-women\/womens-fleece-base-layer-shirt-nh-revna\/"]}]},{"@type":"ImageObject","inLanguage":"en-US","@id":"https:\/\/elavtuli.ee\/en\/shop\/hunting-hiking-clothes\/women\/warm-underwear-women\/womens-fleece-base-layer-shirt-nh-revna\/#primaryimage","url":"https:\/\/elavtuli.ee\/wp-content\/uploads\/2024\/06\/Revna_603643_front_1.webp","contentUrl":"https:\/\/elavtuli.ee\/wp-content\/uploads\/2024\/06\/Revna_603643_front_1.webp","width":1600,"height":1600,"caption":"Revna 603643 front 1"},{"@type":"BreadcrumbList","@id":"https:\/\/elavtuli.ee\/en\/shop\/hunting-hiking-clothes\/women\/warm-underwear-women\/womens-fleece-base-layer-shirt-nh-revna\/#breadcrumb","itemListElement":[{"@type":"ListItem","position":1,"name":"Avaleht","item":"https:\/\/elavtuli.ee\/en\/"},{"@type":"ListItem","position":2,"name":"E-shop","item":"https:\/\/elavtuli.ee\/en\/shop\/"},{"@type":"ListItem","position":3,"name":"Women&#8217;s Fleece Base Layer Shirt NH &#8220;Revna&#8221;"}]},{"@type":"WebSite","@id":"https:\/\/elavtuli.ee\/en\/#website","url":"https:\/\/elavtuli.ee\/en\/","name":"Elav Tuli","description":"Kvaliteetsed biokaminad Belgiast","publisher":{"@id":"https:\/\/elavtuli.ee\/en\/#organization"},"alternateName":"elavtuli","potentialAction":[{"@type":"SearchAction","target":{"@type":"EntryPoint","urlTemplate":"https:\/\/elavtuli.ee\/en\/?s={search_term_string}"},"query-input":{"@type":"PropertyValueSpecification","valueRequired":true,"valueName":"search_term_string"}}],"inLanguage":"en-US"},{"@type":"Organization","@id":"https:\/\/elavtuli.ee\/en\/#organization","name":"Elav Tuli","url":"https:\/\/elavtuli.ee\/en\/","logo":{"@type":"ImageObject","inLanguage":"en-US","@id":"https:\/\/elavtuli.ee\/en\/#\/schema\/logo\/image\/","url":"https:\/\/elavtuli.ee\/wp-content\/uploads\/2021\/03\/must_logo.png","contentUrl":"https:\/\/elavtuli.ee\/wp-content\/uploads\/2021\/03\/must_logo.png","width":700,"height":700,"caption":"Elav Tuli"},"image":{"@id":"https:\/\/elavtuli.ee\/en\/#\/schema\/logo\/image\/"},"sameAs":["https:\/\/www.facebook.com\/elavtuli\/","https:\/\/www.instagram.com\/elavtuli\/"]}]}},"_links":{"self":[{"href":"https:\/\/elavtuli.ee\/en\/wp-json\/wp\/v2\/product\/23184","targetHints":{"allow":["GET"]}}],"collection":[{"href":"https:\/\/elavtuli.ee\/en\/wp-json\/wp\/v2\/product"}],"about":[{"href":"https:\/\/elavtuli.ee\/en\/wp-json\/wp\/v2\/types\/product"}],"replies":[{"embeddable":true,"href":"https:\/\/elavtuli.ee\/en\/wp-json\/wp\/v2\/comments?post=23184"}],"wp:featuredmedia":[{"embeddable":true,"href":"https:\/\/elavtuli.ee\/en\/wp-json\/wp\/v2\/media\/14355"}],"wp:attachment":[{"href":"https:\/\/elavtuli.ee\/en\/wp-json\/wp\/v2\/media?parent=23184"}],"wp:term":[{"taxonomy":"product_brand","embeddable":true,"href":"https:\/\/elavtuli.ee\/en\/wp-json\/wp\/v2\/product_brand?post=23184"},{"taxonomy":"product_cat","embeddable":true,"href":"https:\/\/elavtuli.ee\/en\/wp-json\/wp\/v2\/product_cat?post=23184"},{"taxonomy":"product_tag","embeddable":true,"href":"https:\/\/elavtuli.ee\/en\/wp-json\/wp\/v2\/product_tag?post=23184"},{"taxonomy":"woo-feed-brand","embeddable":true,"href":"https:\/\/elavtuli.ee\/en\/wp-json\/wp\/v2\/woo-feed-brand?post=23184"}],"curies":[{"name":"wp","href":"https:\/\/api.w.org\/{rel}","templated":true}]}}