{"id":23185,"date":"2026-03-26T12:25:15","date_gmt":"2026-03-26T12:25:15","guid":{"rendered":""},"modified":"-0001-11-30T00:00:00","modified_gmt":"-0001-11-29T21:00:00","slug":"womens-hiking-trousers-nh-toka-valdis","status":"publish","type":"product","link":"https:\/\/elavtuli.ee\/en\/shop\/sale\/sale-hunting-clothes\/womens-hiking-trousers-nh-toka-valdis\/","title":{"rendered":"Women&#8217;s Hiking Trousers NH &#8220;Toka Valdis&#8221;"},"content":{"rendered":"<p>\u201c<strong>Toka Valdis<\/strong>\u201d naiste hunting trousers hiking, hunting, or other outdoor activities.<\/p>\n<p>Ideal tuulise ja vihmase ilmaga in nature.<\/p>\n<p>\u201cToka Valdis\u201d naiste hiking trousers is designed ja toodetud using unikaalset ADDVENTEX\u2122 tuule- ja veekindlat membraani, mis is produced 75% ulatuses taaskasutatud (PET) pol\u00fcestrist. Kangas on \u00fclimalt durable ja quiet ja samal ajal breathable. Matkap\u00fckstel on hulgaliselt mahukaid pockets ja ventileerimisavad. \u201eToka Valdis\u201c matkap\u00fckste the design takes into account the feminine figure, with kasutuscomfortableust ja freedom of movement wearing it.<\/p>\n<p>ADDVENTEX\u2122 ECO 10.20 litsentseeritud membraanil on veeh\u00fclgavus 10000 mm ruutmeetri kohta ja breathableus 20000g ruutmeetri kohta p\u00e4evas. Eriti just suur breathableus teeb selle membraani \u00fclimalt funktsionaalseks suure aktiivsuse ja ekstreemse ilma korral. ADDVENTEX tegutseb j\u00e4tkusuutlikult, v\u00e4hemalt 75% materialist on taaskasutatud, j\u00e4ttes minimaalse \u00f6koloogilise jalaj\u00e4lje.<\/p>\n<p>K\u00f5igil Northern Hunting jahiriietel ja matkariietel on five-year manufacturer&#8217;s warranty!<\/p>\n<p><strong>Materialid<\/strong>:<\/p>\n<ul>\n<li>92% Pol\u00fcester<\/li>\n<li>8% Spandex<\/li>\n<\/ul>\n<p><strong>Funktsionaalsus<\/strong>:<\/p>\n<ul>\n<li>Hingav<\/li>\n<li>Vaikne<\/li>\n<li>Ventileeritav<\/li>\n<li>Veekindel<\/li>\n<li>Tuulekindel<\/li>\n<li>Taaskasutus<\/li>\n<li>PFC-vaba DWR<\/li>\n<\/ul>\n<p><a href=\"http:\/\/www.northernhunting.com\/\">Northern Hunting<\/a>\u00a0jahi- ja matkariiete m\u00e4rks\u00f5nadeks on:<\/p>\n<ul>\n<li><strong>Funktsionaalsus<\/strong>. Northern Hunting keskendub oma jahi- ja matkariiete loomisel eelk\u00f5ige oma tootekollektsiooni funktsionaalsete omaduste pidevale t\u00e4iustamisele, et vastata maksimaalselt jahimeeste ja matkajate ootustele ja vajadustele.<\/li>\n<li><strong>Innovaatilisus<\/strong>. Jahi- ja matkariiete turul t\u00e4hendab innovaatilisus eelk\u00f5ige loovaid disainilahendusi ning tipptasemel materiale, mis Northern Hunting poolt oskuslikult kokku sobitatuna moodustavad laitmatu terviku.<\/li>\n<li><strong>Vastupidavus<\/strong>. Nii matkajad kui jahimehed seisavad toast v\u00e4lja minnes sageli silmitsi ekstreemsete ilmastikutingimuste ja oludega. Seet\u00f5ttu p\u00f6\u00f6rab ettev\u00f5te suurt t\u00e4helepanu oma funktsionaalsete ja innovaatiliste jahi- ja matkar\u00f5ivaste durableusele. Selle kinnituseks pakub Northern Hunting k\u00f5ikidele oma toodetele\u00a0<strong>5-aastast garantiid<\/strong>.<\/li>\n<li><strong>Taskukohasus<\/strong>. Northern Hunting hunting and outdoor clothing loojad on oma tooted disaininud metsa ja matkarajale, mitte eksklusiivsete butiikide vaateakendele. Seet\u00f5ttu p\u00f6\u00f6ravad nad suurt t\u00e4helepanu materialide hinna-kvaliteedi suhtele, et muuta oma tooted k\u00e4ttesaadavaks igale matkajale ja jahimehele.<\/li>\n<li><strong>T\u00e4iusetaotlus<\/strong>. Northern Hunting on alati p\u00fc\u00fcdnud luua kompromissitult kvaliteetseid jahi- ja matkariideid. Selle eesm\u00e4rgi saavutamiseks on nad v\u00e4ga t\u00e4nulikud mis tahes tagasiside eest, mis aitab neil oma tooteid t\u00e4iustada. Northern Hunting hunting and outdoor clothing maaletoojana vahendab ELAV TULI t\u00e4nutunde ja suurima hea meelega telefonile \u2026 ja meiliaadressile \u2026 saabunud ettepanekud toodete t\u00e4iustamise kohta. Call,\u00a0<a href=\"https:\/\/elavtuli.ee\/kontakt\/\">write<\/a>, criticise, pat us on the back \u2013 no reasonable suggestion will go unnoticed.<\/li>\n<\/ul>\n<p>&nbsp;<\/p>\n","protected":false},"excerpt":{"rendered":"<p>\u201cToka Valdis\u201d naiste hiking trousers is designed ja toodetud using unikaalset ADDVENTEX\u2122 tuule- ja veekindlat membraani, mis is produced 75% ulatuses taaskasutatud (PET) pol\u00fcestrist. Kangas on \u00fclimalt durable ja quiet ja samal ajal breathable. Matkap\u00fckstel on hulgaliselt mahukaid pockets ja ventileerimisavad. \u201eToka Valdis\u201c matkap\u00fckste the design takes into account the feminine figure, with kasutuscomfortableust ja freedom of movement wearing it.<\/p>\n","protected":false},"featured_media":14567,"comment_status":"open","ping_status":"open","template":"","meta":{"_acf_changed":false,"om_disable_all_campaigns":false,"_uf_show_specific_survey":0,"_uf_disable_surveys":false},"product_brand":[],"product_cat":[802,919,2199,2200,925],"product_tag":[847,848,844,849,856],"woo-feed-brand":[],"class_list":{"0":"post-23185","1":"product","2":"type-product","3":"status-publish","4":"has-post-thumbnail","6":"product_cat-hunting-hiking-clothes","7":"product_cat-women-trousers","8":"product_cat-sale","9":"product_cat-sale-hunting-clothes","10":"product_cat-women","11":"product_tag-jahipuksid","12":"product_tag-jahiriided","13":"product_tag-matkapuksid","14":"product_tag-matkariided","15":"product_tag-northern-hunting","17":"first","18":"instock","19":"taxable","20":"shipping-taxable","21":"purchasable","22":"product-type-variable","23":"has-default-attributes"},"acf":[],"yoast_head":"<!-- This site is optimized with the Yoast SEO plugin v27.2 - https:\/\/yoast.com\/product\/yoast-seo-wordpress\/ -->\n<title>Women&#039;s Hiking Trousers NH &quot;Toka Valdis&quot; \u2013 Elav Tuli<\/title>\n<meta name=\"description\" content=\"\u201cToka Valdis\u201d naiste matkap\u00fcksid on disainitud ja toodetud kasutades unikaalset ADDVENTEX\u2122 tuule- ja veekindlat membraani, mis on toodetud 75% ulatuse...\" \/>\n<meta name=\"robots\" content=\"index, follow, max-snippet:-1, max-image-preview:large, max-video-preview:-1\" \/>\n<link rel=\"canonical\" href=\"https:\/\/elavtuli.ee\/en\/shop\/sale\/sale-hunting-clothes\/womens-hiking-trousers-nh-toka-valdis\/\" \/>\n<meta property=\"og:locale\" content=\"en_US\" \/>\n<meta property=\"og:type\" content=\"article\" \/>\n<meta property=\"og:title\" content=\"Women&#039;s Hiking Trousers NH &quot;Toka Valdis&quot; \u2013 Elav Tuli\" \/>\n<meta property=\"og:description\" content=\"\u201cToka Valdis\u201d naiste matkap\u00fcksid on disainitud ja toodetud kasutades unikaalset ADDVENTEX\u2122 tuule- ja veekindlat membraani, mis on toodetud 75% ulatuse...\" \/>\n<meta property=\"og:url\" content=\"https:\/\/elavtuli.ee\/en\/shop\/sale\/sale-hunting-clothes\/womens-hiking-trousers-nh-toka-valdis\/\" \/>\n<meta property=\"og:site_name\" content=\"Elav Tuli\" \/>\n<meta property=\"article:publisher\" content=\"https:\/\/www.facebook.com\/elavtuli\/\" \/>\n<meta property=\"og:image\" content=\"https:\/\/elavtuli.ee\/wp-content\/uploads\/2024\/07\/605635_TOKA-VALDIS-REGULAR_GREEN_1.jpeg\" \/>\n\t<meta property=\"og:image:width\" content=\"519\" \/>\n\t<meta property=\"og:image:height\" content=\"1600\" \/>\n\t<meta property=\"og:image:type\" content=\"image\/jpeg\" \/>\n<meta name=\"twitter:card\" content=\"summary_large_image\" \/>\n<meta name=\"twitter:label1\" content=\"Est. reading time\" \/>\n\t<meta name=\"twitter:data1\" content=\"2 minutes\" \/>\n<script type=\"application\/ld+json\" class=\"yoast-schema-graph\">{\"@context\":\"https:\/\/schema.org\",\"@graph\":[{\"@type\":\"WebPage\",\"@id\":\"https:\/\/elavtuli.ee\/en\/shop\/sale\/sale-hunting-clothes\/womens-hiking-trousers-nh-toka-valdis\/\",\"url\":\"https:\/\/elavtuli.ee\/en\/shop\/sale\/sale-hunting-clothes\/womens-hiking-trousers-nh-toka-valdis\/\",\"name\":\"Women's Hiking Trousers NH \\\"Toka Valdis\\\" \u2013 Elav Tuli\",\"isPartOf\":{\"@id\":\"https:\/\/elavtuli.ee\/en\/#website\"},\"primaryImageOfPage\":{\"@id\":\"https:\/\/elavtuli.ee\/en\/shop\/sale\/sale-hunting-clothes\/womens-hiking-trousers-nh-toka-valdis\/#primaryimage\"},\"image\":{\"@id\":\"https:\/\/elavtuli.ee\/en\/shop\/sale\/sale-hunting-clothes\/womens-hiking-trousers-nh-toka-valdis\/#primaryimage\"},\"thumbnailUrl\":\"https:\/\/elavtuli.ee\/wp-content\/uploads\/2024\/07\/605635_TOKA-VALDIS-REGULAR_GREEN_1.jpeg\",\"datePublished\":\"2026-03-26T12:25:15+00:00\",\"description\":\"\u201cToka Valdis\u201d naiste matkap\u00fcksid on disainitud ja toodetud kasutades unikaalset ADDVENTEX\u2122 tuule- ja veekindlat membraani, mis on toodetud 75% ulatuse...\",\"breadcrumb\":{\"@id\":\"https:\/\/elavtuli.ee\/en\/shop\/sale\/sale-hunting-clothes\/womens-hiking-trousers-nh-toka-valdis\/#breadcrumb\"},\"inLanguage\":\"en-US\",\"potentialAction\":[{\"@type\":\"ReadAction\",\"target\":[\"https:\/\/elavtuli.ee\/en\/shop\/sale\/sale-hunting-clothes\/womens-hiking-trousers-nh-toka-valdis\/\"]}]},{\"@type\":\"ImageObject\",\"inLanguage\":\"en-US\",\"@id\":\"https:\/\/elavtuli.ee\/en\/shop\/sale\/sale-hunting-clothes\/womens-hiking-trousers-nh-toka-valdis\/#primaryimage\",\"url\":\"https:\/\/elavtuli.ee\/wp-content\/uploads\/2024\/07\/605635_TOKA-VALDIS-REGULAR_GREEN_1.jpeg\",\"contentUrl\":\"https:\/\/elavtuli.ee\/wp-content\/uploads\/2024\/07\/605635_TOKA-VALDIS-REGULAR_GREEN_1.jpeg\",\"width\":519,\"height\":1600,\"caption\":\"605635 TOKA VALDIS REGULAR GREEN 1\"},{\"@type\":\"BreadcrumbList\",\"@id\":\"https:\/\/elavtuli.ee\/en\/shop\/sale\/sale-hunting-clothes\/womens-hiking-trousers-nh-toka-valdis\/#breadcrumb\",\"itemListElement\":[{\"@type\":\"ListItem\",\"position\":1,\"name\":\"Avaleht\",\"item\":\"https:\/\/elavtuli.ee\/en\/\"},{\"@type\":\"ListItem\",\"position\":2,\"name\":\"E-shop\",\"item\":\"https:\/\/elavtuli.ee\/en\/shop\/\"},{\"@type\":\"ListItem\",\"position\":3,\"name\":\"Women&#8217;s Hiking Trousers NH &#8220;Toka Valdis&#8221;\"}]},{\"@type\":\"WebSite\",\"@id\":\"https:\/\/elavtuli.ee\/en\/#website\",\"url\":\"https:\/\/elavtuli.ee\/en\/\",\"name\":\"Elav Tuli\",\"description\":\"Kvaliteetsed biokaminad Belgiast\",\"publisher\":{\"@id\":\"https:\/\/elavtuli.ee\/en\/#organization\"},\"alternateName\":\"elavtuli\",\"potentialAction\":[{\"@type\":\"SearchAction\",\"target\":{\"@type\":\"EntryPoint\",\"urlTemplate\":\"https:\/\/elavtuli.ee\/en\/?s={search_term_string}\"},\"query-input\":{\"@type\":\"PropertyValueSpecification\",\"valueRequired\":true,\"valueName\":\"search_term_string\"}}],\"inLanguage\":\"en-US\"},{\"@type\":\"Organization\",\"@id\":\"https:\/\/elavtuli.ee\/en\/#organization\",\"name\":\"Elav Tuli\",\"url\":\"https:\/\/elavtuli.ee\/en\/\",\"logo\":{\"@type\":\"ImageObject\",\"inLanguage\":\"en-US\",\"@id\":\"https:\/\/elavtuli.ee\/en\/#\/schema\/logo\/image\/\",\"url\":\"https:\/\/elavtuli.ee\/wp-content\/uploads\/2021\/03\/must_logo.png\",\"contentUrl\":\"https:\/\/elavtuli.ee\/wp-content\/uploads\/2021\/03\/must_logo.png\",\"width\":700,\"height\":700,\"caption\":\"Elav Tuli\"},\"image\":{\"@id\":\"https:\/\/elavtuli.ee\/en\/#\/schema\/logo\/image\/\"},\"sameAs\":[\"https:\/\/www.facebook.com\/elavtuli\/\",\"https:\/\/www.instagram.com\/elavtuli\/\"]}]}<\/script>\n<!-- \/ Yoast SEO plugin. -->","yoast_head_json":{"title":"Women's Hiking Trousers NH \"Toka Valdis\" \u2013 Elav Tuli","description":"\u201cToka Valdis\u201d naiste matkap\u00fcksid on disainitud ja toodetud kasutades unikaalset ADDVENTEX\u2122 tuule- ja veekindlat membraani, mis on toodetud 75% ulatuse...","robots":{"index":"index","follow":"follow","max-snippet":"max-snippet:-1","max-image-preview":"max-image-preview:large","max-video-preview":"max-video-preview:-1"},"canonical":"https:\/\/elavtuli.ee\/en\/shop\/sale\/sale-hunting-clothes\/womens-hiking-trousers-nh-toka-valdis\/","og_locale":"en_US","og_type":"article","og_title":"Women's Hiking Trousers NH \"Toka Valdis\" \u2013 Elav Tuli","og_description":"\u201cToka Valdis\u201d naiste matkap\u00fcksid on disainitud ja toodetud kasutades unikaalset ADDVENTEX\u2122 tuule- ja veekindlat membraani, mis on toodetud 75% ulatuse...","og_url":"https:\/\/elavtuli.ee\/en\/shop\/sale\/sale-hunting-clothes\/womens-hiking-trousers-nh-toka-valdis\/","og_site_name":"Elav Tuli","article_publisher":"https:\/\/www.facebook.com\/elavtuli\/","og_image":[{"width":519,"height":1600,"url":"https:\/\/elavtuli.ee\/wp-content\/uploads\/2024\/07\/605635_TOKA-VALDIS-REGULAR_GREEN_1.jpeg","type":"image\/jpeg"}],"twitter_card":"summary_large_image","twitter_misc":{"Est. reading time":"2 minutes"},"schema":{"@context":"https:\/\/schema.org","@graph":[{"@type":"WebPage","@id":"https:\/\/elavtuli.ee\/en\/shop\/sale\/sale-hunting-clothes\/womens-hiking-trousers-nh-toka-valdis\/","url":"https:\/\/elavtuli.ee\/en\/shop\/sale\/sale-hunting-clothes\/womens-hiking-trousers-nh-toka-valdis\/","name":"Women's Hiking Trousers NH \"Toka Valdis\" \u2013 Elav Tuli","isPartOf":{"@id":"https:\/\/elavtuli.ee\/en\/#website"},"primaryImageOfPage":{"@id":"https:\/\/elavtuli.ee\/en\/shop\/sale\/sale-hunting-clothes\/womens-hiking-trousers-nh-toka-valdis\/#primaryimage"},"image":{"@id":"https:\/\/elavtuli.ee\/en\/shop\/sale\/sale-hunting-clothes\/womens-hiking-trousers-nh-toka-valdis\/#primaryimage"},"thumbnailUrl":"https:\/\/elavtuli.ee\/wp-content\/uploads\/2024\/07\/605635_TOKA-VALDIS-REGULAR_GREEN_1.jpeg","datePublished":"2026-03-26T12:25:15+00:00","description":"\u201cToka Valdis\u201d naiste matkap\u00fcksid on disainitud ja toodetud kasutades unikaalset ADDVENTEX\u2122 tuule- ja veekindlat membraani, mis on toodetud 75% ulatuse...","breadcrumb":{"@id":"https:\/\/elavtuli.ee\/en\/shop\/sale\/sale-hunting-clothes\/womens-hiking-trousers-nh-toka-valdis\/#breadcrumb"},"inLanguage":"en-US","potentialAction":[{"@type":"ReadAction","target":["https:\/\/elavtuli.ee\/en\/shop\/sale\/sale-hunting-clothes\/womens-hiking-trousers-nh-toka-valdis\/"]}]},{"@type":"ImageObject","inLanguage":"en-US","@id":"https:\/\/elavtuli.ee\/en\/shop\/sale\/sale-hunting-clothes\/womens-hiking-trousers-nh-toka-valdis\/#primaryimage","url":"https:\/\/elavtuli.ee\/wp-content\/uploads\/2024\/07\/605635_TOKA-VALDIS-REGULAR_GREEN_1.jpeg","contentUrl":"https:\/\/elavtuli.ee\/wp-content\/uploads\/2024\/07\/605635_TOKA-VALDIS-REGULAR_GREEN_1.jpeg","width":519,"height":1600,"caption":"605635 TOKA VALDIS REGULAR GREEN 1"},{"@type":"BreadcrumbList","@id":"https:\/\/elavtuli.ee\/en\/shop\/sale\/sale-hunting-clothes\/womens-hiking-trousers-nh-toka-valdis\/#breadcrumb","itemListElement":[{"@type":"ListItem","position":1,"name":"Avaleht","item":"https:\/\/elavtuli.ee\/en\/"},{"@type":"ListItem","position":2,"name":"E-shop","item":"https:\/\/elavtuli.ee\/en\/shop\/"},{"@type":"ListItem","position":3,"name":"Women&#8217;s Hiking Trousers NH &#8220;Toka Valdis&#8221;"}]},{"@type":"WebSite","@id":"https:\/\/elavtuli.ee\/en\/#website","url":"https:\/\/elavtuli.ee\/en\/","name":"Elav Tuli","description":"Kvaliteetsed biokaminad Belgiast","publisher":{"@id":"https:\/\/elavtuli.ee\/en\/#organization"},"alternateName":"elavtuli","potentialAction":[{"@type":"SearchAction","target":{"@type":"EntryPoint","urlTemplate":"https:\/\/elavtuli.ee\/en\/?s={search_term_string}"},"query-input":{"@type":"PropertyValueSpecification","valueRequired":true,"valueName":"search_term_string"}}],"inLanguage":"en-US"},{"@type":"Organization","@id":"https:\/\/elavtuli.ee\/en\/#organization","name":"Elav Tuli","url":"https:\/\/elavtuli.ee\/en\/","logo":{"@type":"ImageObject","inLanguage":"en-US","@id":"https:\/\/elavtuli.ee\/en\/#\/schema\/logo\/image\/","url":"https:\/\/elavtuli.ee\/wp-content\/uploads\/2021\/03\/must_logo.png","contentUrl":"https:\/\/elavtuli.ee\/wp-content\/uploads\/2021\/03\/must_logo.png","width":700,"height":700,"caption":"Elav Tuli"},"image":{"@id":"https:\/\/elavtuli.ee\/en\/#\/schema\/logo\/image\/"},"sameAs":["https:\/\/www.facebook.com\/elavtuli\/","https:\/\/www.instagram.com\/elavtuli\/"]}]}},"_links":{"self":[{"href":"https:\/\/elavtuli.ee\/en\/wp-json\/wp\/v2\/product\/23185","targetHints":{"allow":["GET"]}}],"collection":[{"href":"https:\/\/elavtuli.ee\/en\/wp-json\/wp\/v2\/product"}],"about":[{"href":"https:\/\/elavtuli.ee\/en\/wp-json\/wp\/v2\/types\/product"}],"replies":[{"embeddable":true,"href":"https:\/\/elavtuli.ee\/en\/wp-json\/wp\/v2\/comments?post=23185"}],"wp:featuredmedia":[{"embeddable":true,"href":"https:\/\/elavtuli.ee\/en\/wp-json\/wp\/v2\/media\/14567"}],"wp:attachment":[{"href":"https:\/\/elavtuli.ee\/en\/wp-json\/wp\/v2\/media?parent=23185"}],"wp:term":[{"taxonomy":"product_brand","embeddable":true,"href":"https:\/\/elavtuli.ee\/en\/wp-json\/wp\/v2\/product_brand?post=23185"},{"taxonomy":"product_cat","embeddable":true,"href":"https:\/\/elavtuli.ee\/en\/wp-json\/wp\/v2\/product_cat?post=23185"},{"taxonomy":"product_tag","embeddable":true,"href":"https:\/\/elavtuli.ee\/en\/wp-json\/wp\/v2\/product_tag?post=23185"},{"taxonomy":"woo-feed-brand","embeddable":true,"href":"https:\/\/elavtuli.ee\/en\/wp-json\/wp\/v2\/woo-feed-brand?post=23185"}],"curies":[{"name":"wp","href":"https:\/\/api.w.org\/{rel}","templated":true}]}}