{"id":23186,"date":"2026-03-26T12:25:15","date_gmt":"2026-03-26T12:25:15","guid":{"rendered":""},"modified":"-0001-11-30T00:00:00","modified_gmt":"-0001-11-29T21:00:00","slug":"knife-brisa-bigmuk-curly-birch-k-epidemega","status":"publish","type":"product","link":"https:\/\/elavtuli.ee\/en\/shop\/knives\/hunting-knive\/brisa-bigmuk-en\/knife-brisa-bigmuk-curly-birch-k-epidemega\/","title":{"rendered":"Knife Brisa Bigmuk Curly Birch Handle"},"content":{"rendered":"<p><strong>Brisa Bigmuk<\/strong><\/p>\n<p>Introducing the latest innovative Brisa knife \u2014 the BIGMUK. From the very start, the goal was to create a knife that could handle every task that might come up at a campsite.<\/p>\n<p>When developing both the blade and the handle, two different purposes were kept in mind. The slightly heavier tip gives the knife more power when chopping through larger objects, and the finger guard at the back of the handle helps ensure a secure grip. When holding the knife close to the blade, it is easy to carve or make controlled and very precise cuts.<\/p>\n<table style=\"height: 216px\" width=\"342\">\n<tbody>\n<tr>\n<td width=\"82\">Blade length:<\/td>\n<td width=\"131\">240 mm<\/td>\n<\/tr>\n<tr>\n<td width=\"82\">Blade width:<\/td>\n<td width=\"131\">30-48 mm<\/td>\n<\/tr>\n<tr>\n<td width=\"82\">Blade thickness:<\/td>\n<td width=\"131\">4 mm<\/td>\n<\/tr>\n<tr>\n<td width=\"82\">Overall length:<\/td>\n<td width=\"131\">400 mm<\/td>\n<\/tr>\n<tr>\n<td width=\"82\">Steel:<\/td>\n<td width=\"131\">80cRv2 Carbon steel<\/td>\n<\/tr>\n<tr>\n<td width=\"82\">Handle:<\/td>\n<td width=\"131\">Stabilised curly birch<\/td>\n<\/tr>\n<\/tbody>\n<\/table>\n<p><strong>The Brisa Story<\/strong><\/p>\n<p>The Brisa adventure begins with two people who share a common love for craftsmanship and the rugged, unparalleled beauty of Finnish nature. One man is focused and goal-oriented, like the blade of a knife; the other is calm and methodical, like the protective sheath of a knife.<\/p>\n<p>The story unfolds at a perfectly balanced point where Finnish nature and Finnish craftsmanship meet. One is famous for its endless interconnected network of lakes, and the other encompasses a long tradition of knife-making. What begins with a hard piece of steel to make a good pair of hiking skates deepens into true expertise in materials and the perfection of craftsmanship. These friends could never have imagined that their interest in skating would take them so much further than just the search for good ice.<\/p>\n<p>Trapper, the very first Brisa knife, appeared in the late 90s and remains an international success story to this day, thanks to its unbeatable combination of intelligent design, durable materials, and Finnish craftsmanship. It has set a high bar for all subsequent models, ensuring that you can always rely on a Brisa knife.<\/p>\n<p>From the days when blades clattered on ice, Brisa has grown from a friendship into a global community. Brisa has become the primary supplier of quality materials, expert advice, and thoughtful design. Experienced craftspeople and enthusiasts in the Brisa community constantly inspire us to take our products to the next level. Together, we form the Brisa legacy, preserving quality and the value of craftsmanship for future generations.<\/p>\n<div class=\"video-container\"><iframe title=\"Brisa Legacy\" width=\"640\" height=\"360\" src=\"https:\/\/www.youtube.com\/embed\/OjJfZTpnbCY?feature=oembed&#038;enablejsapi=1&#038;origin=https:\/\/elavtuli.ee\" frameborder=\"0\" allow=\"accelerometer; autoplay; clipboard-write; encrypted-media; gyroscope; picture-in-picture; web-share\" referrerpolicy=\"strict-origin-when-cross-origin\" allowfullscreen><\/iframe><\/div>\n<p>As the importer of <a href=\"http:\/\/www.brisa.fi\">Brisa<\/a> knives, ELAV TULI gratefully and with great pleasure forwards suggestions for product improvements received by phone and email. Call, <a href=\"https:\/\/elavtuli.ee\/en\/contact\/\">write<\/a>, criticise, pat us on the back \u2013 no reasonable suggestion will go unnoticed.<\/p>\n","protected":false},"excerpt":{"rendered":"<p>The Brisa Bigmuk outdoor knife will not fail in any task it encounters. The slightly heavier tip gives the knife more power when chopping, and the finger guard on the handle ensures a secure grip. Holding the knife close to the blade allows for easy carving or making very precise cuts.<\/p>\n","protected":false},"featured_media":17807,"comment_status":"open","ping_status":"open","template":"","meta":{"_acf_changed":false,"om_disable_all_campaigns":false,"_uf_show_specific_survey":0,"_uf_disable_surveys":false},"product_brand":[],"product_cat":[2002,2001,1947],"product_tag":[2032,2034,2033],"woo-feed-brand":[],"class_list":{"0":"post-23186","1":"product","2":"type-product","3":"status-publish","4":"has-post-thumbnail","6":"product_cat-brisa-bigmuk-en","7":"product_cat-hunting-knive","8":"product_cat-knives","9":"product_tag-brisa","10":"product_tag-matkanuga","11":"product_tag-pussnuga","13":"first","14":"onbackorder","15":"taxable","16":"shipping-taxable","17":"purchasable","18":"product-type-simple"},"acf":[],"yoast_head":"<!-- This site is optimized with the Yoast SEO plugin v27.2 - https:\/\/yoast.com\/product\/yoast-seo-wordpress\/ -->\n<title>Knife Brisa Bigmuk Curly Birch Handle \u2013 Elav Tuli<\/title>\n<meta name=\"description\" content=\"Brisa Bigmuk matkanuga ei j\u00e4\u00e4 h\u00e4tta \u00fcheski \u00fclesandes, mis ta teele satub. Pisut raskem ots annab noale rohkem j\u00f5udu suuremaid asju l\u00e4bi raiudes ja k\u00e4...\" \/>\n<meta name=\"robots\" content=\"index, follow, max-snippet:-1, max-image-preview:large, max-video-preview:-1\" \/>\n<link rel=\"canonical\" href=\"https:\/\/elavtuli.ee\/en\/shop\/knives\/hunting-knive\/brisa-bigmuk-en\/knife-brisa-bigmuk-curly-birch-k-epidemega\/\" \/>\n<meta property=\"og:locale\" content=\"en_US\" \/>\n<meta property=\"og:type\" content=\"article\" \/>\n<meta property=\"og:title\" content=\"Knife Brisa Bigmuk Curly Birch Handle \u2013 Elav Tuli\" \/>\n<meta property=\"og:description\" content=\"Brisa Bigmuk matkanuga ei j\u00e4\u00e4 h\u00e4tta \u00fcheski \u00fclesandes, mis ta teele satub. Pisut raskem ots annab noale rohkem j\u00f5udu suuremaid asju l\u00e4bi raiudes ja k\u00e4...\" \/>\n<meta property=\"og:url\" content=\"https:\/\/elavtuli.ee\/en\/shop\/knives\/hunting-knive\/brisa-bigmuk-en\/knife-brisa-bigmuk-curly-birch-k-epidemega\/\" \/>\n<meta property=\"og:site_name\" content=\"Elav Tuli\" \/>\n<meta property=\"article:publisher\" content=\"https:\/\/www.facebook.com\/elavtuli\/\" \/>\n<meta property=\"og:image\" content=\"https:\/\/elavtuli.ee\/wp-content\/uploads\/2024\/08\/bri_1413-2.jpg\" \/>\n\t<meta property=\"og:image:width\" content=\"760\" \/>\n\t<meta property=\"og:image:height\" content=\"450\" \/>\n\t<meta property=\"og:image:type\" content=\"image\/jpeg\" \/>\n<meta name=\"twitter:card\" content=\"summary_large_image\" \/>\n<meta name=\"twitter:label1\" content=\"Est. reading time\" \/>\n\t<meta name=\"twitter:data1\" content=\"2 minutes\" \/>\n<script type=\"application\/ld+json\" class=\"yoast-schema-graph\">{\"@context\":\"https:\/\/schema.org\",\"@graph\":[{\"@type\":\"WebPage\",\"@id\":\"https:\/\/elavtuli.ee\/en\/shop\/knives\/hunting-knive\/brisa-bigmuk-en\/knife-brisa-bigmuk-curly-birch-k-epidemega\/\",\"url\":\"https:\/\/elavtuli.ee\/en\/shop\/knives\/hunting-knive\/brisa-bigmuk-en\/knife-brisa-bigmuk-curly-birch-k-epidemega\/\",\"name\":\"Knife Brisa Bigmuk Curly Birch Handle \u2013 Elav Tuli\",\"isPartOf\":{\"@id\":\"https:\/\/elavtuli.ee\/en\/#website\"},\"primaryImageOfPage\":{\"@id\":\"https:\/\/elavtuli.ee\/en\/shop\/knives\/hunting-knive\/brisa-bigmuk-en\/knife-brisa-bigmuk-curly-birch-k-epidemega\/#primaryimage\"},\"image\":{\"@id\":\"https:\/\/elavtuli.ee\/en\/shop\/knives\/hunting-knive\/brisa-bigmuk-en\/knife-brisa-bigmuk-curly-birch-k-epidemega\/#primaryimage\"},\"thumbnailUrl\":\"https:\/\/elavtuli.ee\/wp-content\/uploads\/2024\/08\/bri_1413-2.jpg\",\"datePublished\":\"2026-03-26T12:25:15+00:00\",\"description\":\"Brisa Bigmuk matkanuga ei j\u00e4\u00e4 h\u00e4tta \u00fcheski \u00fclesandes, mis ta teele satub. Pisut raskem ots annab noale rohkem j\u00f5udu suuremaid asju l\u00e4bi raiudes ja k\u00e4...\",\"breadcrumb\":{\"@id\":\"https:\/\/elavtuli.ee\/en\/shop\/knives\/hunting-knive\/brisa-bigmuk-en\/knife-brisa-bigmuk-curly-birch-k-epidemega\/#breadcrumb\"},\"inLanguage\":\"en-US\",\"potentialAction\":[{\"@type\":\"ReadAction\",\"target\":[\"https:\/\/elavtuli.ee\/en\/shop\/knives\/hunting-knive\/brisa-bigmuk-en\/knife-brisa-bigmuk-curly-birch-k-epidemega\/\"]}]},{\"@type\":\"ImageObject\",\"inLanguage\":\"en-US\",\"@id\":\"https:\/\/elavtuli.ee\/en\/shop\/knives\/hunting-knive\/brisa-bigmuk-en\/knife-brisa-bigmuk-curly-birch-k-epidemega\/#primaryimage\",\"url\":\"https:\/\/elavtuli.ee\/wp-content\/uploads\/2024\/08\/bri_1413-2.jpg\",\"contentUrl\":\"https:\/\/elavtuli.ee\/wp-content\/uploads\/2024\/08\/bri_1413-2.jpg\",\"width\":760,\"height\":450,\"caption\":\"bri 1413 2\"},{\"@type\":\"BreadcrumbList\",\"@id\":\"https:\/\/elavtuli.ee\/en\/shop\/knives\/hunting-knive\/brisa-bigmuk-en\/knife-brisa-bigmuk-curly-birch-k-epidemega\/#breadcrumb\",\"itemListElement\":[{\"@type\":\"ListItem\",\"position\":1,\"name\":\"Avaleht\",\"item\":\"https:\/\/elavtuli.ee\/en\/\"},{\"@type\":\"ListItem\",\"position\":2,\"name\":\"E-shop\",\"item\":\"https:\/\/elavtuli.ee\/en\/shop\/\"},{\"@type\":\"ListItem\",\"position\":3,\"name\":\"Knife Brisa Bigmuk Curly Birch k\u00e4epidemega\"}]},{\"@type\":\"WebSite\",\"@id\":\"https:\/\/elavtuli.ee\/en\/#website\",\"url\":\"https:\/\/elavtuli.ee\/en\/\",\"name\":\"Elav Tuli\",\"description\":\"Kvaliteetsed biokaminad Belgiast\",\"publisher\":{\"@id\":\"https:\/\/elavtuli.ee\/en\/#organization\"},\"alternateName\":\"elavtuli\",\"potentialAction\":[{\"@type\":\"SearchAction\",\"target\":{\"@type\":\"EntryPoint\",\"urlTemplate\":\"https:\/\/elavtuli.ee\/en\/?s={search_term_string}\"},\"query-input\":{\"@type\":\"PropertyValueSpecification\",\"valueRequired\":true,\"valueName\":\"search_term_string\"}}],\"inLanguage\":\"en-US\"},{\"@type\":\"Organization\",\"@id\":\"https:\/\/elavtuli.ee\/en\/#organization\",\"name\":\"Elav Tuli\",\"url\":\"https:\/\/elavtuli.ee\/en\/\",\"logo\":{\"@type\":\"ImageObject\",\"inLanguage\":\"en-US\",\"@id\":\"https:\/\/elavtuli.ee\/en\/#\/schema\/logo\/image\/\",\"url\":\"https:\/\/elavtuli.ee\/wp-content\/uploads\/2021\/03\/must_logo.png\",\"contentUrl\":\"https:\/\/elavtuli.ee\/wp-content\/uploads\/2021\/03\/must_logo.png\",\"width\":700,\"height\":700,\"caption\":\"Elav Tuli\"},\"image\":{\"@id\":\"https:\/\/elavtuli.ee\/en\/#\/schema\/logo\/image\/\"},\"sameAs\":[\"https:\/\/www.facebook.com\/elavtuli\/\",\"https:\/\/www.instagram.com\/elavtuli\/\"]}]}<\/script>\n<!-- \/ Yoast SEO plugin. -->","yoast_head_json":{"title":"Knife Brisa Bigmuk Curly Birch Handle \u2013 Elav Tuli","description":"Brisa Bigmuk matkanuga ei j\u00e4\u00e4 h\u00e4tta \u00fcheski \u00fclesandes, mis ta teele satub. Pisut raskem ots annab noale rohkem j\u00f5udu suuremaid asju l\u00e4bi raiudes ja k\u00e4...","robots":{"index":"index","follow":"follow","max-snippet":"max-snippet:-1","max-image-preview":"max-image-preview:large","max-video-preview":"max-video-preview:-1"},"canonical":"https:\/\/elavtuli.ee\/en\/shop\/knives\/hunting-knive\/brisa-bigmuk-en\/knife-brisa-bigmuk-curly-birch-k-epidemega\/","og_locale":"en_US","og_type":"article","og_title":"Knife Brisa Bigmuk Curly Birch Handle \u2013 Elav Tuli","og_description":"Brisa Bigmuk matkanuga ei j\u00e4\u00e4 h\u00e4tta \u00fcheski \u00fclesandes, mis ta teele satub. Pisut raskem ots annab noale rohkem j\u00f5udu suuremaid asju l\u00e4bi raiudes ja k\u00e4...","og_url":"https:\/\/elavtuli.ee\/en\/shop\/knives\/hunting-knive\/brisa-bigmuk-en\/knife-brisa-bigmuk-curly-birch-k-epidemega\/","og_site_name":"Elav Tuli","article_publisher":"https:\/\/www.facebook.com\/elavtuli\/","og_image":[{"width":760,"height":450,"url":"https:\/\/elavtuli.ee\/wp-content\/uploads\/2024\/08\/bri_1413-2.jpg","type":"image\/jpeg"}],"twitter_card":"summary_large_image","twitter_misc":{"Est. reading time":"2 minutes"},"schema":{"@context":"https:\/\/schema.org","@graph":[{"@type":"WebPage","@id":"https:\/\/elavtuli.ee\/en\/shop\/knives\/hunting-knive\/brisa-bigmuk-en\/knife-brisa-bigmuk-curly-birch-k-epidemega\/","url":"https:\/\/elavtuli.ee\/en\/shop\/knives\/hunting-knive\/brisa-bigmuk-en\/knife-brisa-bigmuk-curly-birch-k-epidemega\/","name":"Knife Brisa Bigmuk Curly Birch Handle \u2013 Elav Tuli","isPartOf":{"@id":"https:\/\/elavtuli.ee\/en\/#website"},"primaryImageOfPage":{"@id":"https:\/\/elavtuli.ee\/en\/shop\/knives\/hunting-knive\/brisa-bigmuk-en\/knife-brisa-bigmuk-curly-birch-k-epidemega\/#primaryimage"},"image":{"@id":"https:\/\/elavtuli.ee\/en\/shop\/knives\/hunting-knive\/brisa-bigmuk-en\/knife-brisa-bigmuk-curly-birch-k-epidemega\/#primaryimage"},"thumbnailUrl":"https:\/\/elavtuli.ee\/wp-content\/uploads\/2024\/08\/bri_1413-2.jpg","datePublished":"2026-03-26T12:25:15+00:00","description":"Brisa Bigmuk matkanuga ei j\u00e4\u00e4 h\u00e4tta \u00fcheski \u00fclesandes, mis ta teele satub. Pisut raskem ots annab noale rohkem j\u00f5udu suuremaid asju l\u00e4bi raiudes ja k\u00e4...","breadcrumb":{"@id":"https:\/\/elavtuli.ee\/en\/shop\/knives\/hunting-knive\/brisa-bigmuk-en\/knife-brisa-bigmuk-curly-birch-k-epidemega\/#breadcrumb"},"inLanguage":"en-US","potentialAction":[{"@type":"ReadAction","target":["https:\/\/elavtuli.ee\/en\/shop\/knives\/hunting-knive\/brisa-bigmuk-en\/knife-brisa-bigmuk-curly-birch-k-epidemega\/"]}]},{"@type":"ImageObject","inLanguage":"en-US","@id":"https:\/\/elavtuli.ee\/en\/shop\/knives\/hunting-knive\/brisa-bigmuk-en\/knife-brisa-bigmuk-curly-birch-k-epidemega\/#primaryimage","url":"https:\/\/elavtuli.ee\/wp-content\/uploads\/2024\/08\/bri_1413-2.jpg","contentUrl":"https:\/\/elavtuli.ee\/wp-content\/uploads\/2024\/08\/bri_1413-2.jpg","width":760,"height":450,"caption":"bri 1413 2"},{"@type":"BreadcrumbList","@id":"https:\/\/elavtuli.ee\/en\/shop\/knives\/hunting-knive\/brisa-bigmuk-en\/knife-brisa-bigmuk-curly-birch-k-epidemega\/#breadcrumb","itemListElement":[{"@type":"ListItem","position":1,"name":"Avaleht","item":"https:\/\/elavtuli.ee\/en\/"},{"@type":"ListItem","position":2,"name":"E-shop","item":"https:\/\/elavtuli.ee\/en\/shop\/"},{"@type":"ListItem","position":3,"name":"Knife Brisa Bigmuk Curly Birch k\u00e4epidemega"}]},{"@type":"WebSite","@id":"https:\/\/elavtuli.ee\/en\/#website","url":"https:\/\/elavtuli.ee\/en\/","name":"Elav Tuli","description":"Kvaliteetsed biokaminad Belgiast","publisher":{"@id":"https:\/\/elavtuli.ee\/en\/#organization"},"alternateName":"elavtuli","potentialAction":[{"@type":"SearchAction","target":{"@type":"EntryPoint","urlTemplate":"https:\/\/elavtuli.ee\/en\/?s={search_term_string}"},"query-input":{"@type":"PropertyValueSpecification","valueRequired":true,"valueName":"search_term_string"}}],"inLanguage":"en-US"},{"@type":"Organization","@id":"https:\/\/elavtuli.ee\/en\/#organization","name":"Elav Tuli","url":"https:\/\/elavtuli.ee\/en\/","logo":{"@type":"ImageObject","inLanguage":"en-US","@id":"https:\/\/elavtuli.ee\/en\/#\/schema\/logo\/image\/","url":"https:\/\/elavtuli.ee\/wp-content\/uploads\/2021\/03\/must_logo.png","contentUrl":"https:\/\/elavtuli.ee\/wp-content\/uploads\/2021\/03\/must_logo.png","width":700,"height":700,"caption":"Elav Tuli"},"image":{"@id":"https:\/\/elavtuli.ee\/en\/#\/schema\/logo\/image\/"},"sameAs":["https:\/\/www.facebook.com\/elavtuli\/","https:\/\/www.instagram.com\/elavtuli\/"]}]}},"_links":{"self":[{"href":"https:\/\/elavtuli.ee\/en\/wp-json\/wp\/v2\/product\/23186","targetHints":{"allow":["GET"]}}],"collection":[{"href":"https:\/\/elavtuli.ee\/en\/wp-json\/wp\/v2\/product"}],"about":[{"href":"https:\/\/elavtuli.ee\/en\/wp-json\/wp\/v2\/types\/product"}],"replies":[{"embeddable":true,"href":"https:\/\/elavtuli.ee\/en\/wp-json\/wp\/v2\/comments?post=23186"}],"wp:featuredmedia":[{"embeddable":true,"href":"https:\/\/elavtuli.ee\/en\/wp-json\/wp\/v2\/media\/17807"}],"wp:attachment":[{"href":"https:\/\/elavtuli.ee\/en\/wp-json\/wp\/v2\/media?parent=23186"}],"wp:term":[{"taxonomy":"product_brand","embeddable":true,"href":"https:\/\/elavtuli.ee\/en\/wp-json\/wp\/v2\/product_brand?post=23186"},{"taxonomy":"product_cat","embeddable":true,"href":"https:\/\/elavtuli.ee\/en\/wp-json\/wp\/v2\/product_cat?post=23186"},{"taxonomy":"product_tag","embeddable":true,"href":"https:\/\/elavtuli.ee\/en\/wp-json\/wp\/v2\/product_tag?post=23186"},{"taxonomy":"woo-feed-brand","embeddable":true,"href":"https:\/\/elavtuli.ee\/en\/wp-json\/wp\/v2\/woo-feed-brand?post=23186"}],"curies":[{"name":"wp","href":"https:\/\/api.w.org\/{rel}","templated":true}]}}