{"id":23218,"date":"2026-03-26T12:25:15","date_gmt":"2026-03-26T12:25:15","guid":{"rendered":""},"modified":"-0001-11-30T00:00:00","modified_gmt":"-0001-11-29T21:00:00","slug":"outdoor-knife-brisa-nessmuk-125-black-micarta","status":"publish","type":"product","link":"https:\/\/elavtuli.ee\/en\/shop\/knives\/hunting-knive\/brisa-nessmuk-en\/outdoor-knife-brisa-nessmuk-125-black-micarta\/","title":{"rendered":"Outdoor Knife Brisa Nessmuk 125 Black Micarta"},"content":{"rendered":"<p><strong>Brisa Nessmuk 125<\/strong><\/p>\n<p>When developing the Nessmuk knife, modern looks and ease of use were combined with all the features of the original George Washington Sears knife. The Nessmuk is an excellent tool for skinning game, slicing tomatoes in the kitchen, and for splitting and chopping smaller pieces of wood. Using this knife will reveal the capabilities of 80CrV2 carbon steel.<\/p>\n<table width=\"342\">\n<tbody>\n<tr>\n<td width=\"129\">Blade length:<\/td>\n<td width=\"207\">125 mm<\/td>\n<\/tr>\n<tr>\n<td width=\"129\">Blade width:<\/td>\n<td width=\"207\">26-35 mm<\/td>\n<\/tr>\n<tr>\n<td width=\"129\">Blade thickness:<\/td>\n<td width=\"207\">3.5 mm<\/td>\n<\/tr>\n<tr>\n<td width=\"129\">Overall length:<\/td>\n<td width=\"207\">235 mm<\/td>\n<\/tr>\n<tr>\n<td width=\"129\">Steel:<\/td>\n<td width=\"207\">Carbon steel 80CrV2<\/td>\n<\/tr>\n<tr>\n<td width=\"129\">Handle:<\/td>\n<td width=\"207\">Must Micarta<\/td>\n<\/tr>\n<\/tbody>\n<\/table>\n<p><strong>The Brisa Story<\/strong><\/p>\n<p>The Brisa adventure begins with two people who share a common love for craftsmanship and the rugged, unparalleled beauty of Finnish nature. One man is focused and goal-oriented, like the blade of a knife; the other is calm and methodical, like the protective sheath of a knife.<\/p>\n<p>The story unfolds at a perfectly balanced point where Finnish nature and Finnish craftsmanship meet. One is famous for its endless interconnected network of lakes, and the other encompasses a long tradition of knife-making. What begins with a hard piece of steel to make a good pair of hiking skates deepens into true expertise in materials and the perfection of craftsmanship. These friends could never have imagined that their interest in skating would take them so much further than just the search for good ice.<\/p>\n<p>Trapper, the very first Brisa knife, appeared in the late 90s and remains an international success story to this day, thanks to its unbeatable combination of intelligent design, durable materials, and Finnish craftsmanship. It has set a high bar for all subsequent models, ensuring that you can always rely on a Brisa knife.<\/p>\n<p>From the days when blades clattered on ice, Brisa has grown from a friendship into a global community. Brisa has become the primary supplier of quality materials, expert advice, and thoughtful design. Experienced craftspeople and enthusiasts in the Brisa community constantly inspire us to take our products to the next level. Together, we form the Brisa legacy, preserving quality and the value of craftsmanship for future generations.<\/p>\n<div class=\"video-container\"><iframe title=\"Brisa Legacy\" width=\"640\" height=\"360\" src=\"https:\/\/www.youtube.com\/embed\/OjJfZTpnbCY?feature=oembed&#038;enablejsapi=1&#038;origin=https:\/\/elavtuli.ee\" frameborder=\"0\" allow=\"accelerometer; autoplay; clipboard-write; encrypted-media; gyroscope; picture-in-picture; web-share\" referrerpolicy=\"strict-origin-when-cross-origin\" allowfullscreen><\/iframe><\/div>\n<p>As the importer of <a href=\"http:\/\/www.brisa.fi\">Brisa<\/a> knives, ELAV TULI gratefully and with great pleasure forwards suggestions for product improvements received by phone and email. Call, <a href=\"https:\/\/elavtuli.ee\/en\/contact\/\">write<\/a>, criticise, pat us on the back \u2013 no reasonable suggestion will go unnoticed.<\/p>\n","protected":false},"excerpt":{"rendered":"<p>The Nessmuk 125 combines modern looks and usability with all the features of the original George Washington Sears knife. Excellent for skinning game, kitchen work, or splitting wood. Showcases the capabilities of 80CrV2 carbon steel.<\/p>\n","protected":false},"featured_media":18800,"comment_status":"open","ping_status":"open","template":"","meta":{"_acf_changed":false,"om_disable_all_campaigns":false,"_uf_show_specific_survey":0,"_uf_disable_surveys":false},"product_brand":[],"product_cat":[2018,2001,1947],"product_tag":[2032,2034,2033],"woo-feed-brand":[],"class_list":{"0":"post-23218","1":"product","2":"type-product","3":"status-publish","4":"has-post-thumbnail","6":"product_cat-brisa-nessmuk-en","7":"product_cat-hunting-knive","8":"product_cat-knives","9":"product_tag-brisa","10":"product_tag-matkanuga","11":"product_tag-pussnuga","13":"first","14":"onbackorder","15":"taxable","16":"shipping-taxable","17":"purchasable","18":"product-type-variable","19":"has-default-attributes"},"acf":[],"yoast_head":"<!-- This site is optimized with the Yoast SEO plugin v27.2 - https:\/\/yoast.com\/product\/yoast-seo-wordpress\/ -->\n<title>Outdoor Knife Brisa Nessmuk 125 Black Micarta \u2013 Elav Tuli<\/title>\n<meta name=\"description\" content=\"Nessmuk nuga v\u00e4lja t\u00f6\u00f6dates pandi kokku moodne v\u00e4limus ja kasutusmugavus ning k\u00f5ik omadused, mis olid originaalsel George Washington Searsi noal. Nessmu...\" \/>\n<meta name=\"robots\" content=\"index, follow, max-snippet:-1, max-image-preview:large, max-video-preview:-1\" \/>\n<link rel=\"canonical\" href=\"https:\/\/elavtuli.ee\/en\/shop\/knives\/hunting-knive\/brisa-nessmuk-en\/outdoor-knife-brisa-nessmuk-125-black-micarta\/\" \/>\n<meta property=\"og:locale\" content=\"en_US\" \/>\n<meta property=\"og:type\" content=\"article\" \/>\n<meta property=\"og:title\" content=\"Outdoor Knife Brisa Nessmuk 125 Black Micarta \u2013 Elav Tuli\" \/>\n<meta property=\"og:description\" content=\"Nessmuk nuga v\u00e4lja t\u00f6\u00f6dates pandi kokku moodne v\u00e4limus ja kasutusmugavus ning k\u00f5ik omadused, mis olid originaalsel George Washington Searsi noal. Nessmu...\" \/>\n<meta property=\"og:url\" content=\"https:\/\/elavtuli.ee\/en\/shop\/knives\/hunting-knive\/brisa-nessmuk-en\/outdoor-knife-brisa-nessmuk-125-black-micarta\/\" \/>\n<meta property=\"og:site_name\" content=\"Elav Tuli\" \/>\n<meta property=\"article:publisher\" content=\"https:\/\/www.facebook.com\/elavtuli\/\" \/>\n<meta property=\"og:image\" content=\"https:\/\/elavtuli.ee\/wp-content\/uploads\/2024\/08\/32095_3_-1.png\" \/>\n\t<meta property=\"og:image:width\" content=\"760\" \/>\n\t<meta property=\"og:image:height\" content=\"450\" \/>\n\t<meta property=\"og:image:type\" content=\"image\/png\" \/>\n<meta name=\"twitter:card\" content=\"summary_large_image\" \/>\n<meta name=\"twitter:label1\" content=\"Est. reading time\" \/>\n\t<meta name=\"twitter:data1\" content=\"2 minutes\" \/>\n<script type=\"application\/ld+json\" class=\"yoast-schema-graph\">{\"@context\":\"https:\/\/schema.org\",\"@graph\":[{\"@type\":\"WebPage\",\"@id\":\"https:\/\/elavtuli.ee\/en\/shop\/knives\/hunting-knive\/brisa-nessmuk-en\/outdoor-knife-brisa-nessmuk-125-black-micarta\/\",\"url\":\"https:\/\/elavtuli.ee\/en\/shop\/knives\/hunting-knive\/brisa-nessmuk-en\/outdoor-knife-brisa-nessmuk-125-black-micarta\/\",\"name\":\"Outdoor Knife Brisa Nessmuk 125 Black Micarta \u2013 Elav Tuli\",\"isPartOf\":{\"@id\":\"https:\/\/elavtuli.ee\/en\/#website\"},\"primaryImageOfPage\":{\"@id\":\"https:\/\/elavtuli.ee\/en\/shop\/knives\/hunting-knive\/brisa-nessmuk-en\/outdoor-knife-brisa-nessmuk-125-black-micarta\/#primaryimage\"},\"image\":{\"@id\":\"https:\/\/elavtuli.ee\/en\/shop\/knives\/hunting-knive\/brisa-nessmuk-en\/outdoor-knife-brisa-nessmuk-125-black-micarta\/#primaryimage\"},\"thumbnailUrl\":\"https:\/\/elavtuli.ee\/wp-content\/uploads\/2024\/08\/32095_3_-1.png\",\"datePublished\":\"2026-03-26T12:25:15+00:00\",\"description\":\"Nessmuk nuga v\u00e4lja t\u00f6\u00f6dates pandi kokku moodne v\u00e4limus ja kasutusmugavus ning k\u00f5ik omadused, mis olid originaalsel George Washington Searsi noal. Nessmu...\",\"breadcrumb\":{\"@id\":\"https:\/\/elavtuli.ee\/en\/shop\/knives\/hunting-knive\/brisa-nessmuk-en\/outdoor-knife-brisa-nessmuk-125-black-micarta\/#breadcrumb\"},\"inLanguage\":\"en-US\",\"potentialAction\":[{\"@type\":\"ReadAction\",\"target\":[\"https:\/\/elavtuli.ee\/en\/shop\/knives\/hunting-knive\/brisa-nessmuk-en\/outdoor-knife-brisa-nessmuk-125-black-micarta\/\"]}]},{\"@type\":\"ImageObject\",\"inLanguage\":\"en-US\",\"@id\":\"https:\/\/elavtuli.ee\/en\/shop\/knives\/hunting-knive\/brisa-nessmuk-en\/outdoor-knife-brisa-nessmuk-125-black-micarta\/#primaryimage\",\"url\":\"https:\/\/elavtuli.ee\/wp-content\/uploads\/2024\/08\/32095_3_-1.png\",\"contentUrl\":\"https:\/\/elavtuli.ee\/wp-content\/uploads\/2024\/08\/32095_3_-1.png\",\"width\":760,\"height\":450,\"caption\":\"32095 3 1\"},{\"@type\":\"BreadcrumbList\",\"@id\":\"https:\/\/elavtuli.ee\/en\/shop\/knives\/hunting-knive\/brisa-nessmuk-en\/outdoor-knife-brisa-nessmuk-125-black-micarta\/#breadcrumb\",\"itemListElement\":[{\"@type\":\"ListItem\",\"position\":1,\"name\":\"Avaleht\",\"item\":\"https:\/\/elavtuli.ee\/en\/\"},{\"@type\":\"ListItem\",\"position\":2,\"name\":\"E-shop\",\"item\":\"https:\/\/elavtuli.ee\/en\/shop\/\"},{\"@type\":\"ListItem\",\"position\":3,\"name\":\"Outdoor Knife Brisa Nessmuk 125 Black Micarta\"}]},{\"@type\":\"WebSite\",\"@id\":\"https:\/\/elavtuli.ee\/en\/#website\",\"url\":\"https:\/\/elavtuli.ee\/en\/\",\"name\":\"Elav Tuli\",\"description\":\"Kvaliteetsed biokaminad Belgiast\",\"publisher\":{\"@id\":\"https:\/\/elavtuli.ee\/en\/#organization\"},\"alternateName\":\"elavtuli\",\"potentialAction\":[{\"@type\":\"SearchAction\",\"target\":{\"@type\":\"EntryPoint\",\"urlTemplate\":\"https:\/\/elavtuli.ee\/en\/?s={search_term_string}\"},\"query-input\":{\"@type\":\"PropertyValueSpecification\",\"valueRequired\":true,\"valueName\":\"search_term_string\"}}],\"inLanguage\":\"en-US\"},{\"@type\":\"Organization\",\"@id\":\"https:\/\/elavtuli.ee\/en\/#organization\",\"name\":\"Elav Tuli\",\"url\":\"https:\/\/elavtuli.ee\/en\/\",\"logo\":{\"@type\":\"ImageObject\",\"inLanguage\":\"en-US\",\"@id\":\"https:\/\/elavtuli.ee\/en\/#\/schema\/logo\/image\/\",\"url\":\"https:\/\/elavtuli.ee\/wp-content\/uploads\/2021\/03\/must_logo.png\",\"contentUrl\":\"https:\/\/elavtuli.ee\/wp-content\/uploads\/2021\/03\/must_logo.png\",\"width\":700,\"height\":700,\"caption\":\"Elav Tuli\"},\"image\":{\"@id\":\"https:\/\/elavtuli.ee\/en\/#\/schema\/logo\/image\/\"},\"sameAs\":[\"https:\/\/www.facebook.com\/elavtuli\/\",\"https:\/\/www.instagram.com\/elavtuli\/\"]}]}<\/script>\n<!-- \/ Yoast SEO plugin. -->","yoast_head_json":{"title":"Outdoor Knife Brisa Nessmuk 125 Black Micarta \u2013 Elav Tuli","description":"Nessmuk nuga v\u00e4lja t\u00f6\u00f6dates pandi kokku moodne v\u00e4limus ja kasutusmugavus ning k\u00f5ik omadused, mis olid originaalsel George Washington Searsi noal. Nessmu...","robots":{"index":"index","follow":"follow","max-snippet":"max-snippet:-1","max-image-preview":"max-image-preview:large","max-video-preview":"max-video-preview:-1"},"canonical":"https:\/\/elavtuli.ee\/en\/shop\/knives\/hunting-knive\/brisa-nessmuk-en\/outdoor-knife-brisa-nessmuk-125-black-micarta\/","og_locale":"en_US","og_type":"article","og_title":"Outdoor Knife Brisa Nessmuk 125 Black Micarta \u2013 Elav Tuli","og_description":"Nessmuk nuga v\u00e4lja t\u00f6\u00f6dates pandi kokku moodne v\u00e4limus ja kasutusmugavus ning k\u00f5ik omadused, mis olid originaalsel George Washington Searsi noal. Nessmu...","og_url":"https:\/\/elavtuli.ee\/en\/shop\/knives\/hunting-knive\/brisa-nessmuk-en\/outdoor-knife-brisa-nessmuk-125-black-micarta\/","og_site_name":"Elav Tuli","article_publisher":"https:\/\/www.facebook.com\/elavtuli\/","og_image":[{"width":760,"height":450,"url":"https:\/\/elavtuli.ee\/wp-content\/uploads\/2024\/08\/32095_3_-1.png","type":"image\/png"}],"twitter_card":"summary_large_image","twitter_misc":{"Est. reading time":"2 minutes"},"schema":{"@context":"https:\/\/schema.org","@graph":[{"@type":"WebPage","@id":"https:\/\/elavtuli.ee\/en\/shop\/knives\/hunting-knive\/brisa-nessmuk-en\/outdoor-knife-brisa-nessmuk-125-black-micarta\/","url":"https:\/\/elavtuli.ee\/en\/shop\/knives\/hunting-knive\/brisa-nessmuk-en\/outdoor-knife-brisa-nessmuk-125-black-micarta\/","name":"Outdoor Knife Brisa Nessmuk 125 Black Micarta \u2013 Elav Tuli","isPartOf":{"@id":"https:\/\/elavtuli.ee\/en\/#website"},"primaryImageOfPage":{"@id":"https:\/\/elavtuli.ee\/en\/shop\/knives\/hunting-knive\/brisa-nessmuk-en\/outdoor-knife-brisa-nessmuk-125-black-micarta\/#primaryimage"},"image":{"@id":"https:\/\/elavtuli.ee\/en\/shop\/knives\/hunting-knive\/brisa-nessmuk-en\/outdoor-knife-brisa-nessmuk-125-black-micarta\/#primaryimage"},"thumbnailUrl":"https:\/\/elavtuli.ee\/wp-content\/uploads\/2024\/08\/32095_3_-1.png","datePublished":"2026-03-26T12:25:15+00:00","description":"Nessmuk nuga v\u00e4lja t\u00f6\u00f6dates pandi kokku moodne v\u00e4limus ja kasutusmugavus ning k\u00f5ik omadused, mis olid originaalsel George Washington Searsi noal. Nessmu...","breadcrumb":{"@id":"https:\/\/elavtuli.ee\/en\/shop\/knives\/hunting-knive\/brisa-nessmuk-en\/outdoor-knife-brisa-nessmuk-125-black-micarta\/#breadcrumb"},"inLanguage":"en-US","potentialAction":[{"@type":"ReadAction","target":["https:\/\/elavtuli.ee\/en\/shop\/knives\/hunting-knive\/brisa-nessmuk-en\/outdoor-knife-brisa-nessmuk-125-black-micarta\/"]}]},{"@type":"ImageObject","inLanguage":"en-US","@id":"https:\/\/elavtuli.ee\/en\/shop\/knives\/hunting-knive\/brisa-nessmuk-en\/outdoor-knife-brisa-nessmuk-125-black-micarta\/#primaryimage","url":"https:\/\/elavtuli.ee\/wp-content\/uploads\/2024\/08\/32095_3_-1.png","contentUrl":"https:\/\/elavtuli.ee\/wp-content\/uploads\/2024\/08\/32095_3_-1.png","width":760,"height":450,"caption":"32095 3 1"},{"@type":"BreadcrumbList","@id":"https:\/\/elavtuli.ee\/en\/shop\/knives\/hunting-knive\/brisa-nessmuk-en\/outdoor-knife-brisa-nessmuk-125-black-micarta\/#breadcrumb","itemListElement":[{"@type":"ListItem","position":1,"name":"Avaleht","item":"https:\/\/elavtuli.ee\/en\/"},{"@type":"ListItem","position":2,"name":"E-shop","item":"https:\/\/elavtuli.ee\/en\/shop\/"},{"@type":"ListItem","position":3,"name":"Outdoor Knife Brisa Nessmuk 125 Black Micarta"}]},{"@type":"WebSite","@id":"https:\/\/elavtuli.ee\/en\/#website","url":"https:\/\/elavtuli.ee\/en\/","name":"Elav Tuli","description":"Kvaliteetsed biokaminad Belgiast","publisher":{"@id":"https:\/\/elavtuli.ee\/en\/#organization"},"alternateName":"elavtuli","potentialAction":[{"@type":"SearchAction","target":{"@type":"EntryPoint","urlTemplate":"https:\/\/elavtuli.ee\/en\/?s={search_term_string}"},"query-input":{"@type":"PropertyValueSpecification","valueRequired":true,"valueName":"search_term_string"}}],"inLanguage":"en-US"},{"@type":"Organization","@id":"https:\/\/elavtuli.ee\/en\/#organization","name":"Elav Tuli","url":"https:\/\/elavtuli.ee\/en\/","logo":{"@type":"ImageObject","inLanguage":"en-US","@id":"https:\/\/elavtuli.ee\/en\/#\/schema\/logo\/image\/","url":"https:\/\/elavtuli.ee\/wp-content\/uploads\/2021\/03\/must_logo.png","contentUrl":"https:\/\/elavtuli.ee\/wp-content\/uploads\/2021\/03\/must_logo.png","width":700,"height":700,"caption":"Elav Tuli"},"image":{"@id":"https:\/\/elavtuli.ee\/en\/#\/schema\/logo\/image\/"},"sameAs":["https:\/\/www.facebook.com\/elavtuli\/","https:\/\/www.instagram.com\/elavtuli\/"]}]}},"_links":{"self":[{"href":"https:\/\/elavtuli.ee\/en\/wp-json\/wp\/v2\/product\/23218","targetHints":{"allow":["GET"]}}],"collection":[{"href":"https:\/\/elavtuli.ee\/en\/wp-json\/wp\/v2\/product"}],"about":[{"href":"https:\/\/elavtuli.ee\/en\/wp-json\/wp\/v2\/types\/product"}],"replies":[{"embeddable":true,"href":"https:\/\/elavtuli.ee\/en\/wp-json\/wp\/v2\/comments?post=23218"}],"wp:featuredmedia":[{"embeddable":true,"href":"https:\/\/elavtuli.ee\/en\/wp-json\/wp\/v2\/media\/18800"}],"wp:attachment":[{"href":"https:\/\/elavtuli.ee\/en\/wp-json\/wp\/v2\/media?parent=23218"}],"wp:term":[{"taxonomy":"product_brand","embeddable":true,"href":"https:\/\/elavtuli.ee\/en\/wp-json\/wp\/v2\/product_brand?post=23218"},{"taxonomy":"product_cat","embeddable":true,"href":"https:\/\/elavtuli.ee\/en\/wp-json\/wp\/v2\/product_cat?post=23218"},{"taxonomy":"product_tag","embeddable":true,"href":"https:\/\/elavtuli.ee\/en\/wp-json\/wp\/v2\/product_tag?post=23218"},{"taxonomy":"woo-feed-brand","embeddable":true,"href":"https:\/\/elavtuli.ee\/en\/wp-json\/wp\/v2\/woo-feed-brand?post=23218"}],"curies":[{"name":"wp","href":"https:\/\/api.w.org\/{rel}","templated":true}]}}