{"id":23227,"date":"2026-03-26T12:25:15","date_gmt":"2026-03-26T12:25:15","guid":{"rendered":""},"modified":"-0001-11-30T00:00:00","modified_gmt":"-0001-11-29T21:00:00","slug":"outdoor-knife-brisa-pk70fx-bocote-scandi","status":"publish","type":"product","link":"https:\/\/elavtuli.ee\/en\/shop\/knives\/hunting-knive\/brisa-pk70fx-en\/outdoor-knife-brisa-pk70fx-bocote-scandi\/","title":{"rendered":"Outdoor Knife Brisa Pk70Fx Bocote Scandi"},"content":{"rendered":"<p><strong>Brisa Pk70Fx<\/strong><\/p>\n<p>The Pk70Fx is a versatile knife designed with simplicity and practicality in mind. Intended for everyday carry and smaller tasks, it is your unassuming yet reliable companion everywhere. Its 12C27 stainless steel construction is durable and corrosion-resistant. With its minimalist and discreet design, it fits comfortably in a pocket or hiking bag. Whether you want to open packages, cut snacks, or do anything else everyday \u2014 the Pk70Fx handles it brilliantly.<\/p>\n<table width=\"342\">\n<tbody>\n<tr>\n<td width=\"129\">Blade length:<\/td>\n<td width=\"207\">70 mm<\/td>\n<\/tr>\n<tr>\n<td width=\"129\">Blade width:<\/td>\n<td width=\"207\">20 mm<\/td>\n<\/tr>\n<tr>\n<td width=\"129\">Blade thickness:<\/td>\n<td width=\"207\">3 mm<\/td>\n<\/tr>\n<tr>\n<td width=\"129\">Overall length:<\/td>\n<td width=\"207\">160 mm<\/td>\n<\/tr>\n<tr>\n<td width=\"129\">Steel:<\/td>\n<td width=\"207\">Stainless steel 12C27<\/td>\n<\/tr>\n<\/tbody>\n<\/table>\n<p><strong>The Brisa Story<\/strong><\/p>\n<p>The Brisa adventure begins with two people who share a common love for craftsmanship and the rugged, unparalleled beauty of Finnish nature. One man is focused and goal-oriented, like the blade of a knife; the other is calm and methodical, like the protective sheath of a knife.<\/p>\n<p>The story unfolds at a perfectly balanced point where Finnish nature and Finnish craftsmanship meet. One is famous for its endless interconnected network of lakes, and the other encompasses a long tradition of knife-making. What begins with a hard piece of steel to make a good pair of hiking skates deepens into true expertise in materials and the perfection of craftsmanship. These friends could never have imagined that their interest in skating would take them so much further than just the search for good ice.<\/p>\n<p>Trapper, the very first Brisa knife, appeared in the late 90s and remains an international success story to this day, thanks to its unbeatable combination of intelligent design, durable materials, and Finnish craftsmanship. It has set a high bar for all subsequent models, ensuring that you can always rely on a Brisa knife.<\/p>\n<p>From the days when blades clattered on ice, Brisa has grown from a friendship into a global community. Brisa has become the primary supplier of quality materials, expert advice, and thoughtful design. Experienced craftspeople and enthusiasts in the Brisa community constantly inspire us to take our products to the next level. Together, we form the Brisa legacy, preserving quality and the value of craftsmanship for future generations.<\/p>\n<div class=\"video-container\"><iframe title=\"Brisa Legacy\" width=\"640\" height=\"360\" src=\"https:\/\/www.youtube.com\/embed\/OjJfZTpnbCY?feature=oembed&#038;enablejsapi=1&#038;origin=https:\/\/elavtuli.ee\" frameborder=\"0\" allow=\"accelerometer; autoplay; clipboard-write; encrypted-media; gyroscope; picture-in-picture; web-share\" referrerpolicy=\"strict-origin-when-cross-origin\" allowfullscreen><\/iframe><\/div>\n<p>As the importer of <a href=\"http:\/\/www.brisa.fi\">Brisa<\/a> knives, ELAV TULI gratefully and with great pleasure forwards suggestions for product improvements received by phone and email. Call, <a href=\"https:\/\/elavtuli.ee\/en\/contact\/\">write<\/a>, criticise, pat us on the back \u2013 no reasonable suggestion will go unnoticed.<\/p>\n","protected":false},"excerpt":{"rendered":"<p>The Pk70Fx is a versatile everyday carry knife designed with simplicity and practicality in mind. 12C27 stainless steel, minimalist design, fits comfortably in a pocket or hiking bag. Handles all everyday tasks brilliantly.<\/p>\n","protected":false},"featured_media":19012,"comment_status":"open","ping_status":"open","template":"","meta":{"_acf_changed":false,"om_disable_all_campaigns":false,"_uf_show_specific_survey":0,"_uf_disable_surveys":false},"product_brand":[],"product_cat":[2015,2001,1947],"product_tag":[2032,2034,2033],"woo-feed-brand":[],"class_list":{"0":"post-23227","1":"product","2":"type-product","3":"status-publish","4":"has-post-thumbnail","6":"product_cat-brisa-pk70fx-en","7":"product_cat-hunting-knive","8":"product_cat-knives","9":"product_tag-brisa","10":"product_tag-matkanuga","11":"product_tag-pussnuga","13":"first","14":"onbackorder","15":"taxable","16":"shipping-taxable","17":"purchasable","18":"product-type-simple"},"acf":[],"yoast_head":"<!-- This site is optimized with the Yoast SEO plugin v27.2 - https:\/\/yoast.com\/product\/yoast-seo-wordpress\/ -->\n<title>Outdoor Knife Brisa Pk70Fx Bocote Scandi \u2013 Elav Tuli<\/title>\n<meta name=\"description\" content=\"Pk70Fx on universaalne nuga, mis disainitud lihtsust ja praktilisust silmas pidades. M\u00f5elduna igap\u00e4evaseks kandmiseks ja v\u00e4iksemateks \u00fclesanneteks, on se...\" \/>\n<meta name=\"robots\" content=\"index, follow, max-snippet:-1, max-image-preview:large, max-video-preview:-1\" \/>\n<link rel=\"canonical\" href=\"https:\/\/elavtuli.ee\/en\/shop\/knives\/hunting-knive\/brisa-pk70fx-en\/outdoor-knife-brisa-pk70fx-bocote-scandi\/\" \/>\n<meta property=\"og:locale\" content=\"en_US\" \/>\n<meta property=\"og:type\" content=\"article\" \/>\n<meta property=\"og:title\" content=\"Outdoor Knife Brisa Pk70Fx Bocote Scandi \u2013 Elav Tuli\" \/>\n<meta property=\"og:description\" content=\"Pk70Fx on universaalne nuga, mis disainitud lihtsust ja praktilisust silmas pidades. M\u00f5elduna igap\u00e4evaseks kandmiseks ja v\u00e4iksemateks \u00fclesanneteks, on se...\" \/>\n<meta property=\"og:url\" content=\"https:\/\/elavtuli.ee\/en\/shop\/knives\/hunting-knive\/brisa-pk70fx-en\/outdoor-knife-brisa-pk70fx-bocote-scandi\/\" \/>\n<meta property=\"og:site_name\" content=\"Elav Tuli\" \/>\n<meta property=\"article:publisher\" content=\"https:\/\/www.facebook.com\/elavtuli\/\" \/>\n<meta property=\"og:image\" content=\"https:\/\/elavtuli.ee\/wp-content\/uploads\/2024\/08\/66682_1_-1-1.jpg\" \/>\n\t<meta property=\"og:image:width\" content=\"760\" \/>\n\t<meta property=\"og:image:height\" content=\"450\" \/>\n\t<meta property=\"og:image:type\" content=\"image\/jpeg\" \/>\n<meta name=\"twitter:card\" content=\"summary_large_image\" \/>\n<meta name=\"twitter:label1\" content=\"Est. reading time\" \/>\n\t<meta name=\"twitter:data1\" content=\"2 minutes\" \/>\n<script type=\"application\/ld+json\" class=\"yoast-schema-graph\">{\"@context\":\"https:\/\/schema.org\",\"@graph\":[{\"@type\":\"WebPage\",\"@id\":\"https:\/\/elavtuli.ee\/en\/shop\/knives\/hunting-knive\/brisa-pk70fx-en\/outdoor-knife-brisa-pk70fx-bocote-scandi\/\",\"url\":\"https:\/\/elavtuli.ee\/en\/shop\/knives\/hunting-knive\/brisa-pk70fx-en\/outdoor-knife-brisa-pk70fx-bocote-scandi\/\",\"name\":\"Outdoor Knife Brisa Pk70Fx Bocote Scandi \u2013 Elav Tuli\",\"isPartOf\":{\"@id\":\"https:\/\/elavtuli.ee\/en\/#website\"},\"primaryImageOfPage\":{\"@id\":\"https:\/\/elavtuli.ee\/en\/shop\/knives\/hunting-knive\/brisa-pk70fx-en\/outdoor-knife-brisa-pk70fx-bocote-scandi\/#primaryimage\"},\"image\":{\"@id\":\"https:\/\/elavtuli.ee\/en\/shop\/knives\/hunting-knive\/brisa-pk70fx-en\/outdoor-knife-brisa-pk70fx-bocote-scandi\/#primaryimage\"},\"thumbnailUrl\":\"https:\/\/elavtuli.ee\/wp-content\/uploads\/2024\/08\/66682_1_-1-1.jpg\",\"datePublished\":\"2026-03-26T12:25:15+00:00\",\"description\":\"Pk70Fx on universaalne nuga, mis disainitud lihtsust ja praktilisust silmas pidades. M\u00f5elduna igap\u00e4evaseks kandmiseks ja v\u00e4iksemateks \u00fclesanneteks, on se...\",\"breadcrumb\":{\"@id\":\"https:\/\/elavtuli.ee\/en\/shop\/knives\/hunting-knive\/brisa-pk70fx-en\/outdoor-knife-brisa-pk70fx-bocote-scandi\/#breadcrumb\"},\"inLanguage\":\"en-US\",\"potentialAction\":[{\"@type\":\"ReadAction\",\"target\":[\"https:\/\/elavtuli.ee\/en\/shop\/knives\/hunting-knive\/brisa-pk70fx-en\/outdoor-knife-brisa-pk70fx-bocote-scandi\/\"]}]},{\"@type\":\"ImageObject\",\"inLanguage\":\"en-US\",\"@id\":\"https:\/\/elavtuli.ee\/en\/shop\/knives\/hunting-knive\/brisa-pk70fx-en\/outdoor-knife-brisa-pk70fx-bocote-scandi\/#primaryimage\",\"url\":\"https:\/\/elavtuli.ee\/wp-content\/uploads\/2024\/08\/66682_1_-1-1.jpg\",\"contentUrl\":\"https:\/\/elavtuli.ee\/wp-content\/uploads\/2024\/08\/66682_1_-1-1.jpg\",\"width\":760,\"height\":450,\"caption\":\"66682 1 1 1\"},{\"@type\":\"BreadcrumbList\",\"@id\":\"https:\/\/elavtuli.ee\/en\/shop\/knives\/hunting-knive\/brisa-pk70fx-en\/outdoor-knife-brisa-pk70fx-bocote-scandi\/#breadcrumb\",\"itemListElement\":[{\"@type\":\"ListItem\",\"position\":1,\"name\":\"Avaleht\",\"item\":\"https:\/\/elavtuli.ee\/en\/\"},{\"@type\":\"ListItem\",\"position\":2,\"name\":\"E-shop\",\"item\":\"https:\/\/elavtuli.ee\/en\/shop\/\"},{\"@type\":\"ListItem\",\"position\":3,\"name\":\"Outdoor Knife Brisa Pk70Fx Bocote Scandi\"}]},{\"@type\":\"WebSite\",\"@id\":\"https:\/\/elavtuli.ee\/en\/#website\",\"url\":\"https:\/\/elavtuli.ee\/en\/\",\"name\":\"Elav Tuli\",\"description\":\"Kvaliteetsed biokaminad Belgiast\",\"publisher\":{\"@id\":\"https:\/\/elavtuli.ee\/en\/#organization\"},\"alternateName\":\"elavtuli\",\"potentialAction\":[{\"@type\":\"SearchAction\",\"target\":{\"@type\":\"EntryPoint\",\"urlTemplate\":\"https:\/\/elavtuli.ee\/en\/?s={search_term_string}\"},\"query-input\":{\"@type\":\"PropertyValueSpecification\",\"valueRequired\":true,\"valueName\":\"search_term_string\"}}],\"inLanguage\":\"en-US\"},{\"@type\":\"Organization\",\"@id\":\"https:\/\/elavtuli.ee\/en\/#organization\",\"name\":\"Elav Tuli\",\"url\":\"https:\/\/elavtuli.ee\/en\/\",\"logo\":{\"@type\":\"ImageObject\",\"inLanguage\":\"en-US\",\"@id\":\"https:\/\/elavtuli.ee\/en\/#\/schema\/logo\/image\/\",\"url\":\"https:\/\/elavtuli.ee\/wp-content\/uploads\/2021\/03\/must_logo.png\",\"contentUrl\":\"https:\/\/elavtuli.ee\/wp-content\/uploads\/2021\/03\/must_logo.png\",\"width\":700,\"height\":700,\"caption\":\"Elav Tuli\"},\"image\":{\"@id\":\"https:\/\/elavtuli.ee\/en\/#\/schema\/logo\/image\/\"},\"sameAs\":[\"https:\/\/www.facebook.com\/elavtuli\/\",\"https:\/\/www.instagram.com\/elavtuli\/\"]}]}<\/script>\n<!-- \/ Yoast SEO plugin. -->","yoast_head_json":{"title":"Outdoor Knife Brisa Pk70Fx Bocote Scandi \u2013 Elav Tuli","description":"Pk70Fx on universaalne nuga, mis disainitud lihtsust ja praktilisust silmas pidades. M\u00f5elduna igap\u00e4evaseks kandmiseks ja v\u00e4iksemateks \u00fclesanneteks, on se...","robots":{"index":"index","follow":"follow","max-snippet":"max-snippet:-1","max-image-preview":"max-image-preview:large","max-video-preview":"max-video-preview:-1"},"canonical":"https:\/\/elavtuli.ee\/en\/shop\/knives\/hunting-knive\/brisa-pk70fx-en\/outdoor-knife-brisa-pk70fx-bocote-scandi\/","og_locale":"en_US","og_type":"article","og_title":"Outdoor Knife Brisa Pk70Fx Bocote Scandi \u2013 Elav Tuli","og_description":"Pk70Fx on universaalne nuga, mis disainitud lihtsust ja praktilisust silmas pidades. M\u00f5elduna igap\u00e4evaseks kandmiseks ja v\u00e4iksemateks \u00fclesanneteks, on se...","og_url":"https:\/\/elavtuli.ee\/en\/shop\/knives\/hunting-knive\/brisa-pk70fx-en\/outdoor-knife-brisa-pk70fx-bocote-scandi\/","og_site_name":"Elav Tuli","article_publisher":"https:\/\/www.facebook.com\/elavtuli\/","og_image":[{"width":760,"height":450,"url":"https:\/\/elavtuli.ee\/wp-content\/uploads\/2024\/08\/66682_1_-1-1.jpg","type":"image\/jpeg"}],"twitter_card":"summary_large_image","twitter_misc":{"Est. reading time":"2 minutes"},"schema":{"@context":"https:\/\/schema.org","@graph":[{"@type":"WebPage","@id":"https:\/\/elavtuli.ee\/en\/shop\/knives\/hunting-knive\/brisa-pk70fx-en\/outdoor-knife-brisa-pk70fx-bocote-scandi\/","url":"https:\/\/elavtuli.ee\/en\/shop\/knives\/hunting-knive\/brisa-pk70fx-en\/outdoor-knife-brisa-pk70fx-bocote-scandi\/","name":"Outdoor Knife Brisa Pk70Fx Bocote Scandi \u2013 Elav Tuli","isPartOf":{"@id":"https:\/\/elavtuli.ee\/en\/#website"},"primaryImageOfPage":{"@id":"https:\/\/elavtuli.ee\/en\/shop\/knives\/hunting-knive\/brisa-pk70fx-en\/outdoor-knife-brisa-pk70fx-bocote-scandi\/#primaryimage"},"image":{"@id":"https:\/\/elavtuli.ee\/en\/shop\/knives\/hunting-knive\/brisa-pk70fx-en\/outdoor-knife-brisa-pk70fx-bocote-scandi\/#primaryimage"},"thumbnailUrl":"https:\/\/elavtuli.ee\/wp-content\/uploads\/2024\/08\/66682_1_-1-1.jpg","datePublished":"2026-03-26T12:25:15+00:00","description":"Pk70Fx on universaalne nuga, mis disainitud lihtsust ja praktilisust silmas pidades. M\u00f5elduna igap\u00e4evaseks kandmiseks ja v\u00e4iksemateks \u00fclesanneteks, on se...","breadcrumb":{"@id":"https:\/\/elavtuli.ee\/en\/shop\/knives\/hunting-knive\/brisa-pk70fx-en\/outdoor-knife-brisa-pk70fx-bocote-scandi\/#breadcrumb"},"inLanguage":"en-US","potentialAction":[{"@type":"ReadAction","target":["https:\/\/elavtuli.ee\/en\/shop\/knives\/hunting-knive\/brisa-pk70fx-en\/outdoor-knife-brisa-pk70fx-bocote-scandi\/"]}]},{"@type":"ImageObject","inLanguage":"en-US","@id":"https:\/\/elavtuli.ee\/en\/shop\/knives\/hunting-knive\/brisa-pk70fx-en\/outdoor-knife-brisa-pk70fx-bocote-scandi\/#primaryimage","url":"https:\/\/elavtuli.ee\/wp-content\/uploads\/2024\/08\/66682_1_-1-1.jpg","contentUrl":"https:\/\/elavtuli.ee\/wp-content\/uploads\/2024\/08\/66682_1_-1-1.jpg","width":760,"height":450,"caption":"66682 1 1 1"},{"@type":"BreadcrumbList","@id":"https:\/\/elavtuli.ee\/en\/shop\/knives\/hunting-knive\/brisa-pk70fx-en\/outdoor-knife-brisa-pk70fx-bocote-scandi\/#breadcrumb","itemListElement":[{"@type":"ListItem","position":1,"name":"Avaleht","item":"https:\/\/elavtuli.ee\/en\/"},{"@type":"ListItem","position":2,"name":"E-shop","item":"https:\/\/elavtuli.ee\/en\/shop\/"},{"@type":"ListItem","position":3,"name":"Outdoor Knife Brisa Pk70Fx Bocote Scandi"}]},{"@type":"WebSite","@id":"https:\/\/elavtuli.ee\/en\/#website","url":"https:\/\/elavtuli.ee\/en\/","name":"Elav Tuli","description":"Kvaliteetsed biokaminad Belgiast","publisher":{"@id":"https:\/\/elavtuli.ee\/en\/#organization"},"alternateName":"elavtuli","potentialAction":[{"@type":"SearchAction","target":{"@type":"EntryPoint","urlTemplate":"https:\/\/elavtuli.ee\/en\/?s={search_term_string}"},"query-input":{"@type":"PropertyValueSpecification","valueRequired":true,"valueName":"search_term_string"}}],"inLanguage":"en-US"},{"@type":"Organization","@id":"https:\/\/elavtuli.ee\/en\/#organization","name":"Elav Tuli","url":"https:\/\/elavtuli.ee\/en\/","logo":{"@type":"ImageObject","inLanguage":"en-US","@id":"https:\/\/elavtuli.ee\/en\/#\/schema\/logo\/image\/","url":"https:\/\/elavtuli.ee\/wp-content\/uploads\/2021\/03\/must_logo.png","contentUrl":"https:\/\/elavtuli.ee\/wp-content\/uploads\/2021\/03\/must_logo.png","width":700,"height":700,"caption":"Elav Tuli"},"image":{"@id":"https:\/\/elavtuli.ee\/en\/#\/schema\/logo\/image\/"},"sameAs":["https:\/\/www.facebook.com\/elavtuli\/","https:\/\/www.instagram.com\/elavtuli\/"]}]}},"_links":{"self":[{"href":"https:\/\/elavtuli.ee\/en\/wp-json\/wp\/v2\/product\/23227","targetHints":{"allow":["GET"]}}],"collection":[{"href":"https:\/\/elavtuli.ee\/en\/wp-json\/wp\/v2\/product"}],"about":[{"href":"https:\/\/elavtuli.ee\/en\/wp-json\/wp\/v2\/types\/product"}],"replies":[{"embeddable":true,"href":"https:\/\/elavtuli.ee\/en\/wp-json\/wp\/v2\/comments?post=23227"}],"wp:featuredmedia":[{"embeddable":true,"href":"https:\/\/elavtuli.ee\/en\/wp-json\/wp\/v2\/media\/19012"}],"wp:attachment":[{"href":"https:\/\/elavtuli.ee\/en\/wp-json\/wp\/v2\/media?parent=23227"}],"wp:term":[{"taxonomy":"product_brand","embeddable":true,"href":"https:\/\/elavtuli.ee\/en\/wp-json\/wp\/v2\/product_brand?post=23227"},{"taxonomy":"product_cat","embeddable":true,"href":"https:\/\/elavtuli.ee\/en\/wp-json\/wp\/v2\/product_cat?post=23227"},{"taxonomy":"product_tag","embeddable":true,"href":"https:\/\/elavtuli.ee\/en\/wp-json\/wp\/v2\/product_tag?post=23227"},{"taxonomy":"woo-feed-brand","embeddable":true,"href":"https:\/\/elavtuli.ee\/en\/wp-json\/wp\/v2\/woo-feed-brand?post=23227"}],"curies":[{"name":"wp","href":"https:\/\/api.w.org\/{rel}","templated":true}]}}