{"id":23257,"date":"2026-03-26T12:25:15","date_gmt":"2026-03-26T12:25:15","guid":{"rendered":""},"modified":"-0001-11-30T00:00:00","modified_gmt":"-0001-11-29T21:00:00","slug":"womens-shorts-nh-eike-light-dark-green","status":"publish","type":"product","link":"https:\/\/elavtuli.ee\/en\/shop\/hunting-hiking-clothes\/women\/women-trousers\/womens-shorts-nh-eike-light-dark-green\/","title":{"rendered":"Women&#8217;s Shorts NH &#8220;Eike Light&#8221; dark green"},"content":{"rendered":"<p>&#8220;<strong>Eike Light<\/strong>&#8221; women&#8217;s shorts for hiking, hunting, or other outdoor activities.<\/p>\n<p>Ideal for warm weather in nature.<\/p>\n<p>The &#8220;Eike Light&#8221; shorts are excellent lightweight and functional shorts for hunting and outdoor activities. Designed with comfort and freedom of movement in mind, these shorts are ideal for spring and summer. The light and stretchy fabric allows free movement, while practical pockets ensure that your equipment is always within easy reach.<\/p>\n<p>All Northern Hunting hunting and hiking clothing comes with a five-year manufacturer&#8217;s warranty!<\/p>\n","protected":false},"excerpt":{"rendered":"<p>The &#8220;Eike Light&#8221; shorts are excellent lightweight and functional shorts for hunting and outdoor activities. Designed with comfort and freedom of movement in mind, these shorts are ideal for spring and summer. The light and stretchy fabric allows free movement, while practical pockets keep your gear within easy reach.<\/p>\n","protected":false},"featured_media":20970,"comment_status":"open","ping_status":"open","template":"","meta":{"_acf_changed":false,"om_disable_all_campaigns":false,"_uf_show_specific_survey":0,"_uf_disable_surveys":false},"product_brand":[],"product_cat":[802,919,925],"product_tag":[847,848,844,849,856],"woo-feed-brand":[],"class_list":{"0":"post-23257","1":"product","2":"type-product","3":"status-publish","4":"has-post-thumbnail","6":"product_cat-hunting-hiking-clothes","7":"product_cat-women-trousers","8":"product_cat-women","9":"product_tag-jahipuksid","10":"product_tag-jahiriided","11":"product_tag-matkapuksid","12":"product_tag-matkariided","13":"product_tag-northern-hunting","15":"first","16":"onbackorder","17":"taxable","18":"shipping-taxable","19":"purchasable","20":"product-type-variable","21":"has-default-attributes"},"acf":[],"yoast_head":"<!-- This site is optimized with the Yoast SEO plugin v27.2 - https:\/\/yoast.com\/product\/yoast-seo-wordpress\/ -->\n<title>Women&#039;s Shorts NH &quot;Eike Light&quot; dark green \u2013 Elav Tuli<\/title>\n<meta name=\"description\" content=\"&quot;Eike Light&quot; l\u00fchikesed p\u00fcksid on suurep\u00e4rased kerged ja funktsionaalsed l\u00fchikesed p\u00fcksid jahiks ja v\u00e4listegevusteks. Disainitud mugavust ja liikumisvab...\" \/>\n<meta name=\"robots\" content=\"index, follow, max-snippet:-1, max-image-preview:large, max-video-preview:-1\" \/>\n<link rel=\"canonical\" href=\"https:\/\/elavtuli.ee\/en\/shop\/hunting-hiking-clothes\/women\/women-trousers\/womens-shorts-nh-eike-light-dark-green\/\" \/>\n<meta property=\"og:locale\" content=\"en_US\" \/>\n<meta property=\"og:type\" content=\"article\" \/>\n<meta property=\"og:title\" content=\"Women&#039;s Shorts NH &quot;Eike Light&quot; dark green \u2013 Elav Tuli\" \/>\n<meta property=\"og:description\" content=\"&quot;Eike Light&quot; l\u00fchikesed p\u00fcksid on suurep\u00e4rased kerged ja funktsionaalsed l\u00fchikesed p\u00fcksid jahiks ja v\u00e4listegevusteks. Disainitud mugavust ja liikumisvab...\" \/>\n<meta property=\"og:url\" content=\"https:\/\/elavtuli.ee\/en\/shop\/hunting-hiking-clothes\/women\/women-trousers\/womens-shorts-nh-eike-light-dark-green\/\" \/>\n<meta property=\"og:site_name\" content=\"Elav Tuli\" \/>\n<meta property=\"article:publisher\" content=\"https:\/\/www.facebook.com\/elavtuli\/\" \/>\n<meta property=\"og:image\" content=\"https:\/\/elavtuli.ee\/wp-content\/uploads\/2025\/03\/607822-DG_EIKE-LIGHT_Front.jpg\" \/>\n\t<meta property=\"og:image:width\" content=\"1920\" \/>\n\t<meta property=\"og:image:height\" content=\"1920\" \/>\n\t<meta property=\"og:image:type\" content=\"image\/jpeg\" \/>\n<meta name=\"twitter:card\" content=\"summary_large_image\" \/>\n<script type=\"application\/ld+json\" class=\"yoast-schema-graph\">{\"@context\":\"https:\/\/schema.org\",\"@graph\":[{\"@type\":\"WebPage\",\"@id\":\"https:\/\/elavtuli.ee\/en\/shop\/hunting-hiking-clothes\/women\/women-trousers\/womens-shorts-nh-eike-light-dark-green\/\",\"url\":\"https:\/\/elavtuli.ee\/en\/shop\/hunting-hiking-clothes\/women\/women-trousers\/womens-shorts-nh-eike-light-dark-green\/\",\"name\":\"Women's Shorts NH \\\"Eike Light\\\" dark green \u2013 Elav Tuli\",\"isPartOf\":{\"@id\":\"https:\/\/elavtuli.ee\/en\/#website\"},\"primaryImageOfPage\":{\"@id\":\"https:\/\/elavtuli.ee\/en\/shop\/hunting-hiking-clothes\/women\/women-trousers\/womens-shorts-nh-eike-light-dark-green\/#primaryimage\"},\"image\":{\"@id\":\"https:\/\/elavtuli.ee\/en\/shop\/hunting-hiking-clothes\/women\/women-trousers\/womens-shorts-nh-eike-light-dark-green\/#primaryimage\"},\"thumbnailUrl\":\"https:\/\/elavtuli.ee\/wp-content\/uploads\/2025\/03\/607822-DG_EIKE-LIGHT_Front.jpg\",\"datePublished\":\"2026-03-26T12:25:15+00:00\",\"description\":\"\\\"Eike Light\\\" l\u00fchikesed p\u00fcksid on suurep\u00e4rased kerged ja funktsionaalsed l\u00fchikesed p\u00fcksid jahiks ja v\u00e4listegevusteks. Disainitud mugavust ja liikumisvab...\",\"breadcrumb\":{\"@id\":\"https:\/\/elavtuli.ee\/en\/shop\/hunting-hiking-clothes\/women\/women-trousers\/womens-shorts-nh-eike-light-dark-green\/#breadcrumb\"},\"inLanguage\":\"en-US\",\"potentialAction\":[{\"@type\":\"ReadAction\",\"target\":[\"https:\/\/elavtuli.ee\/en\/shop\/hunting-hiking-clothes\/women\/women-trousers\/womens-shorts-nh-eike-light-dark-green\/\"]}]},{\"@type\":\"ImageObject\",\"inLanguage\":\"en-US\",\"@id\":\"https:\/\/elavtuli.ee\/en\/shop\/hunting-hiking-clothes\/women\/women-trousers\/womens-shorts-nh-eike-light-dark-green\/#primaryimage\",\"url\":\"https:\/\/elavtuli.ee\/wp-content\/uploads\/2025\/03\/607822-DG_EIKE-LIGHT_Front.jpg\",\"contentUrl\":\"https:\/\/elavtuli.ee\/wp-content\/uploads\/2025\/03\/607822-DG_EIKE-LIGHT_Front.jpg\",\"width\":1920,\"height\":1920,\"caption\":\"Northern Hunting Eike Light naiste l\u00fchikesed matkap\u00fcksid\"},{\"@type\":\"BreadcrumbList\",\"@id\":\"https:\/\/elavtuli.ee\/en\/shop\/hunting-hiking-clothes\/women\/women-trousers\/womens-shorts-nh-eike-light-dark-green\/#breadcrumb\",\"itemListElement\":[{\"@type\":\"ListItem\",\"position\":1,\"name\":\"Avaleht\",\"item\":\"https:\/\/elavtuli.ee\/en\/\"},{\"@type\":\"ListItem\",\"position\":2,\"name\":\"E-shop\",\"item\":\"https:\/\/elavtuli.ee\/en\/shop\/\"},{\"@type\":\"ListItem\",\"position\":3,\"name\":\"Women&#8217;s Shorts NH &#8220;Eike Light&#8221; dark green\"}]},{\"@type\":\"WebSite\",\"@id\":\"https:\/\/elavtuli.ee\/en\/#website\",\"url\":\"https:\/\/elavtuli.ee\/en\/\",\"name\":\"Elav Tuli\",\"description\":\"Kvaliteetsed biokaminad Belgiast\",\"publisher\":{\"@id\":\"https:\/\/elavtuli.ee\/en\/#organization\"},\"alternateName\":\"elavtuli\",\"potentialAction\":[{\"@type\":\"SearchAction\",\"target\":{\"@type\":\"EntryPoint\",\"urlTemplate\":\"https:\/\/elavtuli.ee\/en\/?s={search_term_string}\"},\"query-input\":{\"@type\":\"PropertyValueSpecification\",\"valueRequired\":true,\"valueName\":\"search_term_string\"}}],\"inLanguage\":\"en-US\"},{\"@type\":\"Organization\",\"@id\":\"https:\/\/elavtuli.ee\/en\/#organization\",\"name\":\"Elav Tuli\",\"url\":\"https:\/\/elavtuli.ee\/en\/\",\"logo\":{\"@type\":\"ImageObject\",\"inLanguage\":\"en-US\",\"@id\":\"https:\/\/elavtuli.ee\/en\/#\/schema\/logo\/image\/\",\"url\":\"https:\/\/elavtuli.ee\/wp-content\/uploads\/2021\/03\/must_logo.png\",\"contentUrl\":\"https:\/\/elavtuli.ee\/wp-content\/uploads\/2021\/03\/must_logo.png\",\"width\":700,\"height\":700,\"caption\":\"Elav Tuli\"},\"image\":{\"@id\":\"https:\/\/elavtuli.ee\/en\/#\/schema\/logo\/image\/\"},\"sameAs\":[\"https:\/\/www.facebook.com\/elavtuli\/\",\"https:\/\/www.instagram.com\/elavtuli\/\"]}]}<\/script>\n<!-- \/ Yoast SEO plugin. -->","yoast_head_json":{"title":"Women's Shorts NH \"Eike Light\" dark green \u2013 Elav Tuli","description":"\"Eike Light\" l\u00fchikesed p\u00fcksid on suurep\u00e4rased kerged ja funktsionaalsed l\u00fchikesed p\u00fcksid jahiks ja v\u00e4listegevusteks. Disainitud mugavust ja liikumisvab...","robots":{"index":"index","follow":"follow","max-snippet":"max-snippet:-1","max-image-preview":"max-image-preview:large","max-video-preview":"max-video-preview:-1"},"canonical":"https:\/\/elavtuli.ee\/en\/shop\/hunting-hiking-clothes\/women\/women-trousers\/womens-shorts-nh-eike-light-dark-green\/","og_locale":"en_US","og_type":"article","og_title":"Women's Shorts NH \"Eike Light\" dark green \u2013 Elav Tuli","og_description":"\"Eike Light\" l\u00fchikesed p\u00fcksid on suurep\u00e4rased kerged ja funktsionaalsed l\u00fchikesed p\u00fcksid jahiks ja v\u00e4listegevusteks. Disainitud mugavust ja liikumisvab...","og_url":"https:\/\/elavtuli.ee\/en\/shop\/hunting-hiking-clothes\/women\/women-trousers\/womens-shorts-nh-eike-light-dark-green\/","og_site_name":"Elav Tuli","article_publisher":"https:\/\/www.facebook.com\/elavtuli\/","og_image":[{"width":1920,"height":1920,"url":"https:\/\/elavtuli.ee\/wp-content\/uploads\/2025\/03\/607822-DG_EIKE-LIGHT_Front.jpg","type":"image\/jpeg"}],"twitter_card":"summary_large_image","schema":{"@context":"https:\/\/schema.org","@graph":[{"@type":"WebPage","@id":"https:\/\/elavtuli.ee\/en\/shop\/hunting-hiking-clothes\/women\/women-trousers\/womens-shorts-nh-eike-light-dark-green\/","url":"https:\/\/elavtuli.ee\/en\/shop\/hunting-hiking-clothes\/women\/women-trousers\/womens-shorts-nh-eike-light-dark-green\/","name":"Women's Shorts NH \"Eike Light\" dark green \u2013 Elav Tuli","isPartOf":{"@id":"https:\/\/elavtuli.ee\/en\/#website"},"primaryImageOfPage":{"@id":"https:\/\/elavtuli.ee\/en\/shop\/hunting-hiking-clothes\/women\/women-trousers\/womens-shorts-nh-eike-light-dark-green\/#primaryimage"},"image":{"@id":"https:\/\/elavtuli.ee\/en\/shop\/hunting-hiking-clothes\/women\/women-trousers\/womens-shorts-nh-eike-light-dark-green\/#primaryimage"},"thumbnailUrl":"https:\/\/elavtuli.ee\/wp-content\/uploads\/2025\/03\/607822-DG_EIKE-LIGHT_Front.jpg","datePublished":"2026-03-26T12:25:15+00:00","description":"\"Eike Light\" l\u00fchikesed p\u00fcksid on suurep\u00e4rased kerged ja funktsionaalsed l\u00fchikesed p\u00fcksid jahiks ja v\u00e4listegevusteks. Disainitud mugavust ja liikumisvab...","breadcrumb":{"@id":"https:\/\/elavtuli.ee\/en\/shop\/hunting-hiking-clothes\/women\/women-trousers\/womens-shorts-nh-eike-light-dark-green\/#breadcrumb"},"inLanguage":"en-US","potentialAction":[{"@type":"ReadAction","target":["https:\/\/elavtuli.ee\/en\/shop\/hunting-hiking-clothes\/women\/women-trousers\/womens-shorts-nh-eike-light-dark-green\/"]}]},{"@type":"ImageObject","inLanguage":"en-US","@id":"https:\/\/elavtuli.ee\/en\/shop\/hunting-hiking-clothes\/women\/women-trousers\/womens-shorts-nh-eike-light-dark-green\/#primaryimage","url":"https:\/\/elavtuli.ee\/wp-content\/uploads\/2025\/03\/607822-DG_EIKE-LIGHT_Front.jpg","contentUrl":"https:\/\/elavtuli.ee\/wp-content\/uploads\/2025\/03\/607822-DG_EIKE-LIGHT_Front.jpg","width":1920,"height":1920,"caption":"Northern Hunting Eike Light naiste l\u00fchikesed matkap\u00fcksid"},{"@type":"BreadcrumbList","@id":"https:\/\/elavtuli.ee\/en\/shop\/hunting-hiking-clothes\/women\/women-trousers\/womens-shorts-nh-eike-light-dark-green\/#breadcrumb","itemListElement":[{"@type":"ListItem","position":1,"name":"Avaleht","item":"https:\/\/elavtuli.ee\/en\/"},{"@type":"ListItem","position":2,"name":"E-shop","item":"https:\/\/elavtuli.ee\/en\/shop\/"},{"@type":"ListItem","position":3,"name":"Women&#8217;s Shorts NH &#8220;Eike Light&#8221; dark green"}]},{"@type":"WebSite","@id":"https:\/\/elavtuli.ee\/en\/#website","url":"https:\/\/elavtuli.ee\/en\/","name":"Elav Tuli","description":"Kvaliteetsed biokaminad Belgiast","publisher":{"@id":"https:\/\/elavtuli.ee\/en\/#organization"},"alternateName":"elavtuli","potentialAction":[{"@type":"SearchAction","target":{"@type":"EntryPoint","urlTemplate":"https:\/\/elavtuli.ee\/en\/?s={search_term_string}"},"query-input":{"@type":"PropertyValueSpecification","valueRequired":true,"valueName":"search_term_string"}}],"inLanguage":"en-US"},{"@type":"Organization","@id":"https:\/\/elavtuli.ee\/en\/#organization","name":"Elav Tuli","url":"https:\/\/elavtuli.ee\/en\/","logo":{"@type":"ImageObject","inLanguage":"en-US","@id":"https:\/\/elavtuli.ee\/en\/#\/schema\/logo\/image\/","url":"https:\/\/elavtuli.ee\/wp-content\/uploads\/2021\/03\/must_logo.png","contentUrl":"https:\/\/elavtuli.ee\/wp-content\/uploads\/2021\/03\/must_logo.png","width":700,"height":700,"caption":"Elav Tuli"},"image":{"@id":"https:\/\/elavtuli.ee\/en\/#\/schema\/logo\/image\/"},"sameAs":["https:\/\/www.facebook.com\/elavtuli\/","https:\/\/www.instagram.com\/elavtuli\/"]}]}},"_links":{"self":[{"href":"https:\/\/elavtuli.ee\/en\/wp-json\/wp\/v2\/product\/23257","targetHints":{"allow":["GET"]}}],"collection":[{"href":"https:\/\/elavtuli.ee\/en\/wp-json\/wp\/v2\/product"}],"about":[{"href":"https:\/\/elavtuli.ee\/en\/wp-json\/wp\/v2\/types\/product"}],"replies":[{"embeddable":true,"href":"https:\/\/elavtuli.ee\/en\/wp-json\/wp\/v2\/comments?post=23257"}],"wp:featuredmedia":[{"embeddable":true,"href":"https:\/\/elavtuli.ee\/en\/wp-json\/wp\/v2\/media\/20970"}],"wp:attachment":[{"href":"https:\/\/elavtuli.ee\/en\/wp-json\/wp\/v2\/media?parent=23257"}],"wp:term":[{"taxonomy":"product_brand","embeddable":true,"href":"https:\/\/elavtuli.ee\/en\/wp-json\/wp\/v2\/product_brand?post=23257"},{"taxonomy":"product_cat","embeddable":true,"href":"https:\/\/elavtuli.ee\/en\/wp-json\/wp\/v2\/product_cat?post=23257"},{"taxonomy":"product_tag","embeddable":true,"href":"https:\/\/elavtuli.ee\/en\/wp-json\/wp\/v2\/product_tag?post=23257"},{"taxonomy":"woo-feed-brand","embeddable":true,"href":"https:\/\/elavtuli.ee\/en\/wp-json\/wp\/v2\/woo-feed-brand?post=23257"}],"curies":[{"name":"wp","href":"https:\/\/api.w.org\/{rel}","templated":true}]}}