{"id":23258,"date":"2026-03-26T12:25:15","date_gmt":"2026-03-26T12:25:15","guid":{"rendered":""},"modified":"-0001-11-30T00:00:00","modified_gmt":"-0001-11-29T21:00:00","slug":"womens-hiking-shirt-northern-hunting-svala","status":"publish","type":"product","link":"https:\/\/elavtuli.ee\/en\/shop\/hunting-hiking-clothes\/women\/blouses-shirts-women\/womens-hiking-shirt-northern-hunting-svala\/","title":{"rendered":"Women&#8217;s Hiking Shirt Northern Hunting &#8220;Svala&#8221;"},"content":{"rendered":"<p><strong>&#8220;Svala&#8221;<\/strong> is a green checked women&#8217;s hunting shirt that combines classic style and modern functionality. The shirt is made from organic cotton and woven with four-way stretch, providing maximum freedom of movement \u2014 ideal for active hunting and outdoor activities. The especially soft fabric is comfortable against the skin, and the excellent durability makes the &#8220;Svala&#8221; shirt a reliable mid-layer under a hunting jacket in colder months. The design is completed by a practical chest pocket, adding comfort, functionality, and durability \u2014 a shirt created for the active female hunter.<\/p>\n<p>All Northern Hunting hunting and hiking clothing comes with a five-year manufacturer&#8217;s warranty!<\/p>\n","protected":false},"excerpt":{"rendered":"<p>The &#8220;Svala&#8221; is a green checked women&#8217;s hunting shirt combining classic style and modern functionality. Made from organic cotton with four-way stretch for maximum freedom of movement. The extra-soft fabric is comfortable against the skin. Features a practical chest pocket.<\/p>\n","protected":false},"featured_media":21435,"comment_status":"open","ping_status":"open","template":"","meta":{"_acf_changed":false,"om_disable_all_campaigns":false,"_uf_show_specific_survey":0,"_uf_disable_surveys":false},"product_brand":[],"product_cat":[920,802,2198,925],"product_tag":[848,849,856],"woo-feed-brand":[],"class_list":{"0":"post-23258","1":"product","2":"type-product","3":"status-publish","4":"has-post-thumbnail","6":"product_cat-blouses-shirts-women","7":"product_cat-hunting-hiking-clothes","8":"product_cat-new-arrivals-women","9":"product_cat-women","10":"product_tag-jahiriided","11":"product_tag-matkariided","12":"product_tag-northern-hunting","14":"first","15":"onbackorder","16":"taxable","17":"shipping-taxable","18":"purchasable","19":"product-type-variable","20":"has-default-attributes"},"acf":[],"yoast_head":"<!-- This site is optimized with the Yoast SEO plugin v27.2 - https:\/\/yoast.com\/product\/yoast-seo-wordpress\/ -->\n<title>Women&#039;s Hiking Shirt Northern Hunting &quot;Svala&quot; \u2013 Elav Tuli<\/title>\n<meta name=\"description\" content=\"\u201eSvala\u201c on roheline ruuduline naiste jahi\u00ads\u00e4rk, mis \u00fchendab klassikalise stiili ja kaasaegse funktsionaalsuse. S\u00e4rk on valmistatud orgaanilisest puuv...\" \/>\n<meta name=\"robots\" content=\"index, follow, max-snippet:-1, max-image-preview:large, max-video-preview:-1\" \/>\n<link rel=\"canonical\" href=\"https:\/\/elavtuli.ee\/en\/shop\/hunting-hiking-clothes\/women\/blouses-shirts-women\/womens-hiking-shirt-northern-hunting-svala\/\" \/>\n<meta property=\"og:locale\" content=\"en_US\" \/>\n<meta property=\"og:type\" content=\"article\" \/>\n<meta property=\"og:title\" content=\"Women&#039;s Hiking Shirt Northern Hunting &quot;Svala&quot; \u2013 Elav Tuli\" \/>\n<meta property=\"og:description\" content=\"\u201eSvala\u201c on roheline ruuduline naiste jahi\u00ads\u00e4rk, mis \u00fchendab klassikalise stiili ja kaasaegse funktsionaalsuse. S\u00e4rk on valmistatud orgaanilisest puuv...\" \/>\n<meta property=\"og:url\" content=\"https:\/\/elavtuli.ee\/en\/shop\/hunting-hiking-clothes\/women\/blouses-shirts-women\/womens-hiking-shirt-northern-hunting-svala\/\" \/>\n<meta property=\"og:site_name\" content=\"Elav Tuli\" \/>\n<meta property=\"article:publisher\" content=\"https:\/\/www.facebook.com\/elavtuli\/\" \/>\n<meta property=\"og:image\" content=\"https:\/\/elavtuli.ee\/wp-content\/uploads\/2025\/10\/607974-GR_SVALA_Front-1.webp\" \/>\n\t<meta property=\"og:image:width\" content=\"1200\" \/>\n\t<meta property=\"og:image:height\" content=\"1200\" \/>\n\t<meta property=\"og:image:type\" content=\"image\/webp\" \/>\n<meta name=\"twitter:card\" content=\"summary_large_image\" \/>\n<meta name=\"twitter:label1\" content=\"Est. reading time\" \/>\n\t<meta name=\"twitter:data1\" content=\"1 minute\" \/>\n<script type=\"application\/ld+json\" class=\"yoast-schema-graph\">{\"@context\":\"https:\/\/schema.org\",\"@graph\":[{\"@type\":\"WebPage\",\"@id\":\"https:\/\/elavtuli.ee\/en\/shop\/hunting-hiking-clothes\/women\/blouses-shirts-women\/womens-hiking-shirt-northern-hunting-svala\/\",\"url\":\"https:\/\/elavtuli.ee\/en\/shop\/hunting-hiking-clothes\/women\/blouses-shirts-women\/womens-hiking-shirt-northern-hunting-svala\/\",\"name\":\"Women's Hiking Shirt Northern Hunting \\\"Svala\\\" \u2013 Elav Tuli\",\"isPartOf\":{\"@id\":\"https:\/\/elavtuli.ee\/en\/#website\"},\"primaryImageOfPage\":{\"@id\":\"https:\/\/elavtuli.ee\/en\/shop\/hunting-hiking-clothes\/women\/blouses-shirts-women\/womens-hiking-shirt-northern-hunting-svala\/#primaryimage\"},\"image\":{\"@id\":\"https:\/\/elavtuli.ee\/en\/shop\/hunting-hiking-clothes\/women\/blouses-shirts-women\/womens-hiking-shirt-northern-hunting-svala\/#primaryimage\"},\"thumbnailUrl\":\"https:\/\/elavtuli.ee\/wp-content\/uploads\/2025\/10\/607974-GR_SVALA_Front-1.webp\",\"datePublished\":\"2026-03-26T12:25:15+00:00\",\"description\":\"\u201eSvala\u201c on roheline ruuduline naiste jahi\u00ads\u00e4rk, mis \u00fchendab klassikalise stiili ja kaasaegse funktsionaalsuse. S\u00e4rk on valmistatud orgaanilisest puuv...\",\"breadcrumb\":{\"@id\":\"https:\/\/elavtuli.ee\/en\/shop\/hunting-hiking-clothes\/women\/blouses-shirts-women\/womens-hiking-shirt-northern-hunting-svala\/#breadcrumb\"},\"inLanguage\":\"en-US\",\"potentialAction\":[{\"@type\":\"ReadAction\",\"target\":[\"https:\/\/elavtuli.ee\/en\/shop\/hunting-hiking-clothes\/women\/blouses-shirts-women\/womens-hiking-shirt-northern-hunting-svala\/\"]}]},{\"@type\":\"ImageObject\",\"inLanguage\":\"en-US\",\"@id\":\"https:\/\/elavtuli.ee\/en\/shop\/hunting-hiking-clothes\/women\/blouses-shirts-women\/womens-hiking-shirt-northern-hunting-svala\/#primaryimage\",\"url\":\"https:\/\/elavtuli.ee\/wp-content\/uploads\/2025\/10\/607974-GR_SVALA_Front-1.webp\",\"contentUrl\":\"https:\/\/elavtuli.ee\/wp-content\/uploads\/2025\/10\/607974-GR_SVALA_Front-1.webp\",\"width\":1200,\"height\":1200,\"caption\":\"Naiste jahis\u00e4rk Northern Hunting Svala\"},{\"@type\":\"BreadcrumbList\",\"@id\":\"https:\/\/elavtuli.ee\/en\/shop\/hunting-hiking-clothes\/women\/blouses-shirts-women\/womens-hiking-shirt-northern-hunting-svala\/#breadcrumb\",\"itemListElement\":[{\"@type\":\"ListItem\",\"position\":1,\"name\":\"Avaleht\",\"item\":\"https:\/\/elavtuli.ee\/en\/\"},{\"@type\":\"ListItem\",\"position\":2,\"name\":\"E-shop\",\"item\":\"https:\/\/elavtuli.ee\/en\/shop\/\"},{\"@type\":\"ListItem\",\"position\":3,\"name\":\"Women&#8217;s Hiking Shirt Northern Hunting &#8220;Svala&#8221;\"}]},{\"@type\":\"WebSite\",\"@id\":\"https:\/\/elavtuli.ee\/en\/#website\",\"url\":\"https:\/\/elavtuli.ee\/en\/\",\"name\":\"Elav Tuli\",\"description\":\"Kvaliteetsed biokaminad Belgiast\",\"publisher\":{\"@id\":\"https:\/\/elavtuli.ee\/en\/#organization\"},\"alternateName\":\"elavtuli\",\"potentialAction\":[{\"@type\":\"SearchAction\",\"target\":{\"@type\":\"EntryPoint\",\"urlTemplate\":\"https:\/\/elavtuli.ee\/en\/?s={search_term_string}\"},\"query-input\":{\"@type\":\"PropertyValueSpecification\",\"valueRequired\":true,\"valueName\":\"search_term_string\"}}],\"inLanguage\":\"en-US\"},{\"@type\":\"Organization\",\"@id\":\"https:\/\/elavtuli.ee\/en\/#organization\",\"name\":\"Elav Tuli\",\"url\":\"https:\/\/elavtuli.ee\/en\/\",\"logo\":{\"@type\":\"ImageObject\",\"inLanguage\":\"en-US\",\"@id\":\"https:\/\/elavtuli.ee\/en\/#\/schema\/logo\/image\/\",\"url\":\"https:\/\/elavtuli.ee\/wp-content\/uploads\/2021\/03\/must_logo.png\",\"contentUrl\":\"https:\/\/elavtuli.ee\/wp-content\/uploads\/2021\/03\/must_logo.png\",\"width\":700,\"height\":700,\"caption\":\"Elav Tuli\"},\"image\":{\"@id\":\"https:\/\/elavtuli.ee\/en\/#\/schema\/logo\/image\/\"},\"sameAs\":[\"https:\/\/www.facebook.com\/elavtuli\/\",\"https:\/\/www.instagram.com\/elavtuli\/\"]}]}<\/script>\n<!-- \/ Yoast SEO plugin. -->","yoast_head_json":{"title":"Women's Hiking Shirt Northern Hunting \"Svala\" \u2013 Elav Tuli","description":"\u201eSvala\u201c on roheline ruuduline naiste jahi\u00ads\u00e4rk, mis \u00fchendab klassikalise stiili ja kaasaegse funktsionaalsuse. S\u00e4rk on valmistatud orgaanilisest puuv...","robots":{"index":"index","follow":"follow","max-snippet":"max-snippet:-1","max-image-preview":"max-image-preview:large","max-video-preview":"max-video-preview:-1"},"canonical":"https:\/\/elavtuli.ee\/en\/shop\/hunting-hiking-clothes\/women\/blouses-shirts-women\/womens-hiking-shirt-northern-hunting-svala\/","og_locale":"en_US","og_type":"article","og_title":"Women's Hiking Shirt Northern Hunting \"Svala\" \u2013 Elav Tuli","og_description":"\u201eSvala\u201c on roheline ruuduline naiste jahi\u00ads\u00e4rk, mis \u00fchendab klassikalise stiili ja kaasaegse funktsionaalsuse. S\u00e4rk on valmistatud orgaanilisest puuv...","og_url":"https:\/\/elavtuli.ee\/en\/shop\/hunting-hiking-clothes\/women\/blouses-shirts-women\/womens-hiking-shirt-northern-hunting-svala\/","og_site_name":"Elav Tuli","article_publisher":"https:\/\/www.facebook.com\/elavtuli\/","og_image":[{"width":1200,"height":1200,"url":"https:\/\/elavtuli.ee\/wp-content\/uploads\/2025\/10\/607974-GR_SVALA_Front-1.webp","type":"image\/webp"}],"twitter_card":"summary_large_image","twitter_misc":{"Est. reading time":"1 minute"},"schema":{"@context":"https:\/\/schema.org","@graph":[{"@type":"WebPage","@id":"https:\/\/elavtuli.ee\/en\/shop\/hunting-hiking-clothes\/women\/blouses-shirts-women\/womens-hiking-shirt-northern-hunting-svala\/","url":"https:\/\/elavtuli.ee\/en\/shop\/hunting-hiking-clothes\/women\/blouses-shirts-women\/womens-hiking-shirt-northern-hunting-svala\/","name":"Women's Hiking Shirt Northern Hunting \"Svala\" \u2013 Elav Tuli","isPartOf":{"@id":"https:\/\/elavtuli.ee\/en\/#website"},"primaryImageOfPage":{"@id":"https:\/\/elavtuli.ee\/en\/shop\/hunting-hiking-clothes\/women\/blouses-shirts-women\/womens-hiking-shirt-northern-hunting-svala\/#primaryimage"},"image":{"@id":"https:\/\/elavtuli.ee\/en\/shop\/hunting-hiking-clothes\/women\/blouses-shirts-women\/womens-hiking-shirt-northern-hunting-svala\/#primaryimage"},"thumbnailUrl":"https:\/\/elavtuli.ee\/wp-content\/uploads\/2025\/10\/607974-GR_SVALA_Front-1.webp","datePublished":"2026-03-26T12:25:15+00:00","description":"\u201eSvala\u201c on roheline ruuduline naiste jahi\u00ads\u00e4rk, mis \u00fchendab klassikalise stiili ja kaasaegse funktsionaalsuse. S\u00e4rk on valmistatud orgaanilisest puuv...","breadcrumb":{"@id":"https:\/\/elavtuli.ee\/en\/shop\/hunting-hiking-clothes\/women\/blouses-shirts-women\/womens-hiking-shirt-northern-hunting-svala\/#breadcrumb"},"inLanguage":"en-US","potentialAction":[{"@type":"ReadAction","target":["https:\/\/elavtuli.ee\/en\/shop\/hunting-hiking-clothes\/women\/blouses-shirts-women\/womens-hiking-shirt-northern-hunting-svala\/"]}]},{"@type":"ImageObject","inLanguage":"en-US","@id":"https:\/\/elavtuli.ee\/en\/shop\/hunting-hiking-clothes\/women\/blouses-shirts-women\/womens-hiking-shirt-northern-hunting-svala\/#primaryimage","url":"https:\/\/elavtuli.ee\/wp-content\/uploads\/2025\/10\/607974-GR_SVALA_Front-1.webp","contentUrl":"https:\/\/elavtuli.ee\/wp-content\/uploads\/2025\/10\/607974-GR_SVALA_Front-1.webp","width":1200,"height":1200,"caption":"Naiste jahis\u00e4rk Northern Hunting Svala"},{"@type":"BreadcrumbList","@id":"https:\/\/elavtuli.ee\/en\/shop\/hunting-hiking-clothes\/women\/blouses-shirts-women\/womens-hiking-shirt-northern-hunting-svala\/#breadcrumb","itemListElement":[{"@type":"ListItem","position":1,"name":"Avaleht","item":"https:\/\/elavtuli.ee\/en\/"},{"@type":"ListItem","position":2,"name":"E-shop","item":"https:\/\/elavtuli.ee\/en\/shop\/"},{"@type":"ListItem","position":3,"name":"Women&#8217;s Hiking Shirt Northern Hunting &#8220;Svala&#8221;"}]},{"@type":"WebSite","@id":"https:\/\/elavtuli.ee\/en\/#website","url":"https:\/\/elavtuli.ee\/en\/","name":"Elav Tuli","description":"Kvaliteetsed biokaminad Belgiast","publisher":{"@id":"https:\/\/elavtuli.ee\/en\/#organization"},"alternateName":"elavtuli","potentialAction":[{"@type":"SearchAction","target":{"@type":"EntryPoint","urlTemplate":"https:\/\/elavtuli.ee\/en\/?s={search_term_string}"},"query-input":{"@type":"PropertyValueSpecification","valueRequired":true,"valueName":"search_term_string"}}],"inLanguage":"en-US"},{"@type":"Organization","@id":"https:\/\/elavtuli.ee\/en\/#organization","name":"Elav Tuli","url":"https:\/\/elavtuli.ee\/en\/","logo":{"@type":"ImageObject","inLanguage":"en-US","@id":"https:\/\/elavtuli.ee\/en\/#\/schema\/logo\/image\/","url":"https:\/\/elavtuli.ee\/wp-content\/uploads\/2021\/03\/must_logo.png","contentUrl":"https:\/\/elavtuli.ee\/wp-content\/uploads\/2021\/03\/must_logo.png","width":700,"height":700,"caption":"Elav Tuli"},"image":{"@id":"https:\/\/elavtuli.ee\/en\/#\/schema\/logo\/image\/"},"sameAs":["https:\/\/www.facebook.com\/elavtuli\/","https:\/\/www.instagram.com\/elavtuli\/"]}]}},"_links":{"self":[{"href":"https:\/\/elavtuli.ee\/en\/wp-json\/wp\/v2\/product\/23258","targetHints":{"allow":["GET"]}}],"collection":[{"href":"https:\/\/elavtuli.ee\/en\/wp-json\/wp\/v2\/product"}],"about":[{"href":"https:\/\/elavtuli.ee\/en\/wp-json\/wp\/v2\/types\/product"}],"replies":[{"embeddable":true,"href":"https:\/\/elavtuli.ee\/en\/wp-json\/wp\/v2\/comments?post=23258"}],"wp:featuredmedia":[{"embeddable":true,"href":"https:\/\/elavtuli.ee\/en\/wp-json\/wp\/v2\/media\/21435"}],"wp:attachment":[{"href":"https:\/\/elavtuli.ee\/en\/wp-json\/wp\/v2\/media?parent=23258"}],"wp:term":[{"taxonomy":"product_brand","embeddable":true,"href":"https:\/\/elavtuli.ee\/en\/wp-json\/wp\/v2\/product_brand?post=23258"},{"taxonomy":"product_cat","embeddable":true,"href":"https:\/\/elavtuli.ee\/en\/wp-json\/wp\/v2\/product_cat?post=23258"},{"taxonomy":"product_tag","embeddable":true,"href":"https:\/\/elavtuli.ee\/en\/wp-json\/wp\/v2\/product_tag?post=23258"},{"taxonomy":"woo-feed-brand","embeddable":true,"href":"https:\/\/elavtuli.ee\/en\/wp-json\/wp\/v2\/woo-feed-brand?post=23258"}],"curies":[{"name":"wp","href":"https:\/\/api.w.org\/{rel}","templated":true}]}}