{"id":4786,"date":"2020-06-26T11:48:35","date_gmt":"2020-06-26T11:48:35","guid":{"rendered":"http:\/\/woo.elavtuli.ee\/pood\/uncategorized\/valetta-2\/"},"modified":"2025-12-02T09:46:43","modified_gmt":"2025-12-02T07:46:43","slug":"valetta-2","status":"publish","type":"product","link":"https:\/\/elavtuli.ee\/en\/shop\/sale\/sale-bioethanol\/valetta-2\/","title":{"rendered":"Valetta Small"},"content":{"rendered":"<h2>Details<\/h2>\n<div class=\"std\">\n<div class=\"collapse-group\">\n<p><strong><em>It&#8217;s a green product<\/em><\/strong><\/p>\n<p>No chimney! No gas! No smoke! This fireplace uses bio-ethanol fuel to provide refined warmth and bring the joy of a real flame into your living space. Bio-ethanol burns clean and it is non-toxic. It releases small amounts of carbon dioxide and water vapor, similar to a candle.<\/p>\n<p><strong><em>Very easy to install &amp; to use<\/em><\/strong><\/p>\n<p>This is a free standing table fireplace that can be placed on the table or any stable surface.<\/p>\n<p>The Valetta is made of high quality powder coated steel, includes two pieces of tempered glass for a greater sense of security and 4 felt pads to protect your surfaces.<\/p>\n<p>Like all other Bio-Blaze\u00ae products, the Valetta is equipped with a high quality brushed stainless steel burner that will bring you an elegant and relaxing flame.<\/p>\n<p>The flame is easily extinguished by simply the enclosed extinguisher<\/p>\n<p>All accessories are provided with this unit including a funnel, long lighter and manual.<\/p>\n<p>&nbsp;<\/p>\n<p>Before using any of the Bio-Blaze \u00ae products, please first refer to the\u00a0<a href=\"http:\/\/www.elavtuli.ee\/wp-content\/uploads\/2020\/09\/Manual_Valetta.pdf\">instruction manual<\/a>.<\/p>\n<\/div>\n<\/div>\n","protected":false},"excerpt":{"rendered":"<div class=\"short-description\">\n<div class=\"std\">The refined and distinguished design of the Valetta will embellish and bring the ambiance of a fire to any room. Ideal for small spaces, this unit can be placed on any stable surface, indoor or outdoor. The simple and elegant design will provide the purity of the flame. You can enjoy the flame of a modern fireplace by positioning the Valetta wherever you desire.<\/div>\n<\/div>\n","protected":false},"featured_media":3773,"comment_status":"closed","ping_status":"closed","template":"","meta":{"_acf_changed":false,"om_disable_all_campaigns":false,"_uf_show_specific_survey":0,"_uf_disable_surveys":false},"product_brand":[],"product_cat":[2199,2201],"product_tag":[841],"woo-feed-brand":[],"class_list":{"0":"post-4786","1":"product","2":"type-product","3":"status-publish","4":"has-post-thumbnail","6":"product_cat-sale","7":"product_cat-sale-bioethanol","8":"product_tag-biokamin","10":"first","11":"instock","12":"sale","13":"taxable","14":"shipping-taxable","15":"purchasable","16":"product-type-variable","17":"has-default-attributes"},"acf":[],"yoast_head":"<!-- This site is optimized with the Yoast SEO plugin v27.2 - https:\/\/yoast.com\/product\/yoast-seo-wordpress\/ -->\n<title>Valetta Small \u2013 Elav Tuli<\/title>\n<meta name=\"description\" content=\"Peen ja v\u00e4ljapaistev biokamin Valetta kaunistab oma leegiga iga ruumi. Selle v\u00f5ib asetada kindlale pinnale - tuppa v\u00f5i v\u00e4litingimustesse. Lihtne ja elega...\" \/>\n<meta name=\"robots\" content=\"index, follow, max-snippet:-1, max-image-preview:large, max-video-preview:-1\" \/>\n<link rel=\"canonical\" href=\"https:\/\/elavtuli.ee\/en\/shop\/sale\/sale-bioethanol\/valetta-2\/\" \/>\n<meta property=\"og:locale\" content=\"en_US\" \/>\n<meta property=\"og:type\" content=\"article\" \/>\n<meta property=\"og:title\" content=\"Valetta Small \u2013 Elav Tuli\" \/>\n<meta property=\"og:description\" content=\"The refined and distinguished design of the Valetta will embellish and bring the ambiance of a fire to any room. Ideal for small spaces, this unit can be placed on any stable surface, indoor or outdoor. The simple and elegant design will provide the purity of the flame. You can enjoy the flame of a modern fireplace by positioning the Valetta wherever you desire.\" \/>\n<meta property=\"og:url\" content=\"https:\/\/elavtuli.ee\/en\/shop\/sale\/sale-bioethanol\/valetta-2\/\" \/>\n<meta property=\"og:site_name\" content=\"Elav Tuli\" \/>\n<meta property=\"article:publisher\" content=\"https:\/\/www.facebook.com\/elavtuli\/\" \/>\n<meta property=\"article:modified_time\" content=\"2025-12-02T07:46:43+00:00\" \/>\n<meta property=\"og:image\" content=\"https:\/\/elavtuli.ee\/wp-content\/uploads\/2020\/07\/valetta_white_2.jpg\" \/>\n\t<meta property=\"og:image:width\" content=\"800\" \/>\n\t<meta property=\"og:image:height\" content=\"579\" \/>\n\t<meta property=\"og:image:type\" content=\"image\/jpeg\" \/>\n<meta name=\"twitter:card\" content=\"summary_large_image\" \/>\n<meta name=\"twitter:label1\" content=\"Est. reading time\" \/>\n\t<meta name=\"twitter:data1\" content=\"1 minute\" \/>\n<script type=\"application\/ld+json\" class=\"yoast-schema-graph\">{\"@context\":\"https:\/\/schema.org\",\"@graph\":[{\"@type\":\"WebPage\",\"@id\":\"https:\/\/elavtuli.ee\/en\/shop\/sale\/sale-bioethanol\/valetta-2\/\",\"url\":\"https:\/\/elavtuli.ee\/en\/shop\/sale\/sale-bioethanol\/valetta-2\/\",\"name\":\"Valetta Small \u2013 Elav Tuli\",\"isPartOf\":{\"@id\":\"https:\/\/elavtuli.ee\/en\/#website\"},\"primaryImageOfPage\":{\"@id\":\"https:\/\/elavtuli.ee\/en\/shop\/sale\/sale-bioethanol\/valetta-2\/#primaryimage\"},\"image\":{\"@id\":\"https:\/\/elavtuli.ee\/en\/shop\/sale\/sale-bioethanol\/valetta-2\/#primaryimage\"},\"thumbnailUrl\":\"https:\/\/elavtuli.ee\/wp-content\/uploads\/2020\/07\/valetta_white_2.jpg\",\"datePublished\":\"2020-06-26T11:48:35+00:00\",\"dateModified\":\"2025-12-02T07:46:43+00:00\",\"description\":\"The refined and distinguished design of the Valetta will embellish and bring the ambiance of a fire to any room. Ideal for small spaces, this unit can be placed on any stable surface, indoor or outdoor. The simple and elegant design will provide the purity of the flame. You can enjoy the flame of a modern fireplace by positioning the Valetta wherever you desire.\",\"breadcrumb\":{\"@id\":\"https:\/\/elavtuli.ee\/en\/shop\/sale\/sale-bioethanol\/valetta-2\/#breadcrumb\"},\"inLanguage\":\"en-US\",\"potentialAction\":[{\"@type\":\"ReadAction\",\"target\":[\"https:\/\/elavtuli.ee\/en\/shop\/sale\/sale-bioethanol\/valetta-2\/\"]}]},{\"@type\":\"ImageObject\",\"inLanguage\":\"en-US\",\"@id\":\"https:\/\/elavtuli.ee\/en\/shop\/sale\/sale-bioethanol\/valetta-2\/#primaryimage\",\"url\":\"https:\/\/elavtuli.ee\/wp-content\/uploads\/2020\/07\/valetta_white_2.jpg\",\"contentUrl\":\"https:\/\/elavtuli.ee\/wp-content\/uploads\/2020\/07\/valetta_white_2.jpg\",\"width\":800,\"height\":579,\"caption\":\"valetta white 2\"},{\"@type\":\"BreadcrumbList\",\"@id\":\"https:\/\/elavtuli.ee\/en\/shop\/sale\/sale-bioethanol\/valetta-2\/#breadcrumb\",\"itemListElement\":[{\"@type\":\"ListItem\",\"position\":1,\"name\":\"Avaleht\",\"item\":\"https:\/\/elavtuli.ee\/en\/\"},{\"@type\":\"ListItem\",\"position\":2,\"name\":\"E-shop\",\"item\":\"https:\/\/elavtuli.ee\/en\/shop\/\"},{\"@type\":\"ListItem\",\"position\":3,\"name\":\"Valetta Small\"}]},{\"@type\":\"WebSite\",\"@id\":\"https:\/\/elavtuli.ee\/en\/#website\",\"url\":\"https:\/\/elavtuli.ee\/en\/\",\"name\":\"Elav Tuli\",\"description\":\"Kvaliteetsed biokaminad Belgiast\",\"publisher\":{\"@id\":\"https:\/\/elavtuli.ee\/en\/#organization\"},\"alternateName\":\"elavtuli\",\"potentialAction\":[{\"@type\":\"SearchAction\",\"target\":{\"@type\":\"EntryPoint\",\"urlTemplate\":\"https:\/\/elavtuli.ee\/en\/?s={search_term_string}\"},\"query-input\":{\"@type\":\"PropertyValueSpecification\",\"valueRequired\":true,\"valueName\":\"search_term_string\"}}],\"inLanguage\":\"en-US\"},{\"@type\":\"Organization\",\"@id\":\"https:\/\/elavtuli.ee\/en\/#organization\",\"name\":\"Elav Tuli\",\"url\":\"https:\/\/elavtuli.ee\/en\/\",\"logo\":{\"@type\":\"ImageObject\",\"inLanguage\":\"en-US\",\"@id\":\"https:\/\/elavtuli.ee\/en\/#\/schema\/logo\/image\/\",\"url\":\"https:\/\/elavtuli.ee\/wp-content\/uploads\/2021\/03\/must_logo.png\",\"contentUrl\":\"https:\/\/elavtuli.ee\/wp-content\/uploads\/2021\/03\/must_logo.png\",\"width\":700,\"height\":700,\"caption\":\"Elav Tuli\"},\"image\":{\"@id\":\"https:\/\/elavtuli.ee\/en\/#\/schema\/logo\/image\/\"},\"sameAs\":[\"https:\/\/www.facebook.com\/elavtuli\/\",\"https:\/\/www.instagram.com\/elavtuli\/\"]}]}<\/script>\n<!-- \/ Yoast SEO plugin. -->","yoast_head_json":{"title":"Valetta Small \u2013 Elav Tuli","description":"Peen ja v\u00e4ljapaistev biokamin Valetta kaunistab oma leegiga iga ruumi. Selle v\u00f5ib asetada kindlale pinnale - tuppa v\u00f5i v\u00e4litingimustesse. Lihtne ja elega...","robots":{"index":"index","follow":"follow","max-snippet":"max-snippet:-1","max-image-preview":"max-image-preview:large","max-video-preview":"max-video-preview:-1"},"canonical":"https:\/\/elavtuli.ee\/en\/shop\/sale\/sale-bioethanol\/valetta-2\/","og_locale":"en_US","og_type":"article","og_title":"Valetta Small \u2013 Elav Tuli","og_description":"The refined and distinguished design of the Valetta will embellish and bring the ambiance of a fire to any room. Ideal for small spaces, this unit can be placed on any stable surface, indoor or outdoor. The simple and elegant design will provide the purity of the flame. You can enjoy the flame of a modern fireplace by positioning the Valetta wherever you desire.","og_url":"https:\/\/elavtuli.ee\/en\/shop\/sale\/sale-bioethanol\/valetta-2\/","og_site_name":"Elav Tuli","article_publisher":"https:\/\/www.facebook.com\/elavtuli\/","article_modified_time":"2025-12-02T07:46:43+00:00","og_image":[{"width":800,"height":579,"url":"https:\/\/elavtuli.ee\/wp-content\/uploads\/2020\/07\/valetta_white_2.jpg","type":"image\/jpeg"}],"twitter_card":"summary_large_image","twitter_misc":{"Est. reading time":"1 minute"},"schema":{"@context":"https:\/\/schema.org","@graph":[{"@type":"WebPage","@id":"https:\/\/elavtuli.ee\/en\/shop\/sale\/sale-bioethanol\/valetta-2\/","url":"https:\/\/elavtuli.ee\/en\/shop\/sale\/sale-bioethanol\/valetta-2\/","name":"Valetta Small \u2013 Elav Tuli","isPartOf":{"@id":"https:\/\/elavtuli.ee\/en\/#website"},"primaryImageOfPage":{"@id":"https:\/\/elavtuli.ee\/en\/shop\/sale\/sale-bioethanol\/valetta-2\/#primaryimage"},"image":{"@id":"https:\/\/elavtuli.ee\/en\/shop\/sale\/sale-bioethanol\/valetta-2\/#primaryimage"},"thumbnailUrl":"https:\/\/elavtuli.ee\/wp-content\/uploads\/2020\/07\/valetta_white_2.jpg","datePublished":"2020-06-26T11:48:35+00:00","dateModified":"2025-12-02T07:46:43+00:00","description":"The refined and distinguished design of the Valetta will embellish and bring the ambiance of a fire to any room. Ideal for small spaces, this unit can be placed on any stable surface, indoor or outdoor. The simple and elegant design will provide the purity of the flame. You can enjoy the flame of a modern fireplace by positioning the Valetta wherever you desire.","breadcrumb":{"@id":"https:\/\/elavtuli.ee\/en\/shop\/sale\/sale-bioethanol\/valetta-2\/#breadcrumb"},"inLanguage":"en-US","potentialAction":[{"@type":"ReadAction","target":["https:\/\/elavtuli.ee\/en\/shop\/sale\/sale-bioethanol\/valetta-2\/"]}]},{"@type":"ImageObject","inLanguage":"en-US","@id":"https:\/\/elavtuli.ee\/en\/shop\/sale\/sale-bioethanol\/valetta-2\/#primaryimage","url":"https:\/\/elavtuli.ee\/wp-content\/uploads\/2020\/07\/valetta_white_2.jpg","contentUrl":"https:\/\/elavtuli.ee\/wp-content\/uploads\/2020\/07\/valetta_white_2.jpg","width":800,"height":579,"caption":"valetta white 2"},{"@type":"BreadcrumbList","@id":"https:\/\/elavtuli.ee\/en\/shop\/sale\/sale-bioethanol\/valetta-2\/#breadcrumb","itemListElement":[{"@type":"ListItem","position":1,"name":"Avaleht","item":"https:\/\/elavtuli.ee\/en\/"},{"@type":"ListItem","position":2,"name":"E-shop","item":"https:\/\/elavtuli.ee\/en\/shop\/"},{"@type":"ListItem","position":3,"name":"Valetta Small"}]},{"@type":"WebSite","@id":"https:\/\/elavtuli.ee\/en\/#website","url":"https:\/\/elavtuli.ee\/en\/","name":"Elav Tuli","description":"Kvaliteetsed biokaminad Belgiast","publisher":{"@id":"https:\/\/elavtuli.ee\/en\/#organization"},"alternateName":"elavtuli","potentialAction":[{"@type":"SearchAction","target":{"@type":"EntryPoint","urlTemplate":"https:\/\/elavtuli.ee\/en\/?s={search_term_string}"},"query-input":{"@type":"PropertyValueSpecification","valueRequired":true,"valueName":"search_term_string"}}],"inLanguage":"en-US"},{"@type":"Organization","@id":"https:\/\/elavtuli.ee\/en\/#organization","name":"Elav Tuli","url":"https:\/\/elavtuli.ee\/en\/","logo":{"@type":"ImageObject","inLanguage":"en-US","@id":"https:\/\/elavtuli.ee\/en\/#\/schema\/logo\/image\/","url":"https:\/\/elavtuli.ee\/wp-content\/uploads\/2021\/03\/must_logo.png","contentUrl":"https:\/\/elavtuli.ee\/wp-content\/uploads\/2021\/03\/must_logo.png","width":700,"height":700,"caption":"Elav Tuli"},"image":{"@id":"https:\/\/elavtuli.ee\/en\/#\/schema\/logo\/image\/"},"sameAs":["https:\/\/www.facebook.com\/elavtuli\/","https:\/\/www.instagram.com\/elavtuli\/"]}]}},"_links":{"self":[{"href":"https:\/\/elavtuli.ee\/en\/wp-json\/wp\/v2\/product\/4786","targetHints":{"allow":["GET"]}}],"collection":[{"href":"https:\/\/elavtuli.ee\/en\/wp-json\/wp\/v2\/product"}],"about":[{"href":"https:\/\/elavtuli.ee\/en\/wp-json\/wp\/v2\/types\/product"}],"replies":[{"embeddable":true,"href":"https:\/\/elavtuli.ee\/en\/wp-json\/wp\/v2\/comments?post=4786"}],"wp:featuredmedia":[{"embeddable":true,"href":"https:\/\/elavtuli.ee\/en\/wp-json\/wp\/v2\/media\/3773"}],"wp:attachment":[{"href":"https:\/\/elavtuli.ee\/en\/wp-json\/wp\/v2\/media?parent=4786"}],"wp:term":[{"taxonomy":"product_brand","embeddable":true,"href":"https:\/\/elavtuli.ee\/en\/wp-json\/wp\/v2\/product_brand?post=4786"},{"taxonomy":"product_cat","embeddable":true,"href":"https:\/\/elavtuli.ee\/en\/wp-json\/wp\/v2\/product_cat?post=4786"},{"taxonomy":"product_tag","embeddable":true,"href":"https:\/\/elavtuli.ee\/en\/wp-json\/wp\/v2\/product_tag?post=4786"},{"taxonomy":"woo-feed-brand","embeddable":true,"href":"https:\/\/elavtuli.ee\/en\/wp-json\/wp\/v2\/woo-feed-brand?post=4786"}],"curies":[{"name":"wp","href":"https:\/\/api.w.org\/{rel}","templated":true}]}}