{"id":5007,"date":"2020-06-26T15:04:06","date_gmt":"2020-06-26T12:04:06","guid":{"rendered":"http:\/\/woo.elavtuli.ee\/pood\/uncategorized\/bioethanol-1l\/"},"modified":"2025-12-02T09:46:27","modified_gmt":"2025-12-02T07:46:27","slug":"bioethanol-1l","status":"publish","type":"product","link":"https:\/\/elavtuli.ee\/en\/shop\/bioethanol\/bioethanol-1l\/","title":{"rendered":"Bioethanol 1L"},"content":{"rendered":"<h2>Details<\/h2>\n<div class=\"std\">\n<div class=\"collapse-group\">\n<p>Bio-ethanol is a renewable energy source made from the fermentation of sugars or starches derived from sugar beets, beetroot, and any sugar or starch that alcoholic beverages can be made from. Ethanol is used to fuel bio-ethanol fireplaces. As they do not require a chimney and are flue less, bio-ethanol fireplaces are often a \u201cgreen\u201d alternative in new home building and and fantastic option in apartments without a flue.<\/p>\n<p><strong><em>It&#8217;s a green product<\/em><\/strong><\/p>\n<p>No chimney! No gas! No smoke! This fireplace uses bio-ethanol fuel to provide you refined warmth and bring you the joy of a real flame in your living space. Bio-ethanol burns clean and it is non-toxic. It releases very little carbon dioxide and water vapor very similar to a candle.<\/p>\n<\/div>\n<\/div>\n","protected":false},"excerpt":{"rendered":"<p>Bio-ethanol is a renewable energy source made from the fermentation of sugars or starches derived from sugar beets, beetroot, and any sugar or starch that alcoholic beverages can be made from. Ethanol is used to fuel bio-ethanol fireplaces.<\/p>\n","protected":false},"featured_media":3397,"comment_status":"closed","ping_status":"closed","template":"","meta":{"_acf_changed":false,"om_disable_all_campaigns":false,"_uf_show_specific_survey":0,"_uf_disable_surveys":false},"product_brand":[],"product_cat":[211,2199],"product_tag":[841],"woo-feed-brand":[],"class_list":{"0":"post-5007","1":"product","2":"type-product","3":"status-publish","4":"has-post-thumbnail","6":"product_cat-bioethanol","7":"product_cat-sale","8":"product_tag-biokamin","10":"first","11":"instock","12":"featured","13":"taxable","14":"shipping-taxable","15":"purchasable","16":"product-type-simple"},"acf":[],"yoast_head":"<!-- This site is optimized with the Yoast SEO plugin v27.2 - https:\/\/yoast.com\/product\/yoast-seo-wordpress\/ -->\n<title>Bioethanol 1L \u2013 Elav Tuli<\/title>\n<meta name=\"description\" content=\"Biokamina k\u00fctuseks on\u00a0keskkonnas\u00f5bralik\u00a0bioetanool, mille tooraineks on t\u00e4ielikult taastuv biomass. Kui sugugi mitte v\u00e4het\u00e4htsad, keskkonnaalased argu...\" \/>\n<meta name=\"robots\" content=\"index, follow, max-snippet:-1, max-image-preview:large, max-video-preview:-1\" \/>\n<link rel=\"canonical\" href=\"https:\/\/elavtuli.ee\/en\/shop\/bioethanol\/bioethanol-1l\/\" \/>\n<meta property=\"og:locale\" content=\"en_US\" \/>\n<meta property=\"og:type\" content=\"article\" \/>\n<meta property=\"og:title\" content=\"Bioethanol 1L \u2013 Elav Tuli\" \/>\n<meta property=\"og:description\" content=\"Bio-ethanol is a renewable energy source made from the fermentation of sugars or starches derived from sugar beets, beetroot, and any sugar or starch that alcoholic beverages can be made from. Ethanol is used to fuel bio-ethanol fireplaces.\" \/>\n<meta property=\"og:url\" content=\"https:\/\/elavtuli.ee\/en\/shop\/bioethanol\/bioethanol-1l\/\" \/>\n<meta property=\"og:site_name\" content=\"Elav Tuli\" \/>\n<meta property=\"article:publisher\" content=\"https:\/\/www.facebook.com\/elavtuli\/\" \/>\n<meta property=\"article:modified_time\" content=\"2025-12-02T07:46:27+00:00\" \/>\n<meta property=\"og:image\" content=\"https:\/\/elavtuli.ee\/wp-content\/uploads\/2020\/07\/bioethanol_3-e1768908944383.jpg\" \/>\n\t<meta property=\"og:image:width\" content=\"357\" \/>\n\t<meta property=\"og:image:height\" content=\"300\" \/>\n\t<meta property=\"og:image:type\" content=\"image\/jpeg\" \/>\n<meta name=\"twitter:card\" content=\"summary_large_image\" \/>\n<meta name=\"twitter:label1\" content=\"Est. reading time\" \/>\n\t<meta name=\"twitter:data1\" content=\"1 minute\" \/>\n<script type=\"application\/ld+json\" class=\"yoast-schema-graph\">{\"@context\":\"https:\/\/schema.org\",\"@graph\":[{\"@type\":\"WebPage\",\"@id\":\"https:\/\/elavtuli.ee\/en\/shop\/bioethanol\/bioethanol-1l\/\",\"url\":\"https:\/\/elavtuli.ee\/en\/shop\/bioethanol\/bioethanol-1l\/\",\"name\":\"Bioethanol 1L \u2013 Elav Tuli\",\"isPartOf\":{\"@id\":\"https:\/\/elavtuli.ee\/en\/#website\"},\"primaryImageOfPage\":{\"@id\":\"https:\/\/elavtuli.ee\/en\/shop\/bioethanol\/bioethanol-1l\/#primaryimage\"},\"image\":{\"@id\":\"https:\/\/elavtuli.ee\/en\/shop\/bioethanol\/bioethanol-1l\/#primaryimage\"},\"thumbnailUrl\":\"https:\/\/elavtuli.ee\/wp-content\/uploads\/2020\/07\/bioethanol_3-e1768908944383.jpg\",\"datePublished\":\"2020-06-26T12:04:06+00:00\",\"dateModified\":\"2025-12-02T07:46:27+00:00\",\"description\":\"Bio-ethanol is a renewable energy source made from the fermentation of sugars or starches derived from sugar beets, beetroot, and any sugar or starch that alcoholic beverages can be made from. Ethanol is used to fuel bio-ethanol fireplaces.\",\"breadcrumb\":{\"@id\":\"https:\/\/elavtuli.ee\/en\/shop\/bioethanol\/bioethanol-1l\/#breadcrumb\"},\"inLanguage\":\"en-US\",\"potentialAction\":[{\"@type\":\"ReadAction\",\"target\":[\"https:\/\/elavtuli.ee\/en\/shop\/bioethanol\/bioethanol-1l\/\"]}]},{\"@type\":\"ImageObject\",\"inLanguage\":\"en-US\",\"@id\":\"https:\/\/elavtuli.ee\/en\/shop\/bioethanol\/bioethanol-1l\/#primaryimage\",\"url\":\"https:\/\/elavtuli.ee\/wp-content\/uploads\/2020\/07\/bioethanol_3-e1768908944383.jpg\",\"contentUrl\":\"https:\/\/elavtuli.ee\/wp-content\/uploads\/2020\/07\/bioethanol_3-e1768908944383.jpg\",\"width\":256,\"height\":215,\"caption\":\"bioethanol 3 e1768908944383\"},{\"@type\":\"BreadcrumbList\",\"@id\":\"https:\/\/elavtuli.ee\/en\/shop\/bioethanol\/bioethanol-1l\/#breadcrumb\",\"itemListElement\":[{\"@type\":\"ListItem\",\"position\":1,\"name\":\"Avaleht\",\"item\":\"https:\/\/elavtuli.ee\/en\/\"},{\"@type\":\"ListItem\",\"position\":2,\"name\":\"E-shop\",\"item\":\"https:\/\/elavtuli.ee\/en\/shop\/\"},{\"@type\":\"ListItem\",\"position\":3,\"name\":\"Bioethanol 1L\"}]},{\"@type\":\"WebSite\",\"@id\":\"https:\/\/elavtuli.ee\/en\/#website\",\"url\":\"https:\/\/elavtuli.ee\/en\/\",\"name\":\"Elav Tuli\",\"description\":\"Kvaliteetsed biokaminad Belgiast\",\"publisher\":{\"@id\":\"https:\/\/elavtuli.ee\/en\/#organization\"},\"alternateName\":\"elavtuli\",\"potentialAction\":[{\"@type\":\"SearchAction\",\"target\":{\"@type\":\"EntryPoint\",\"urlTemplate\":\"https:\/\/elavtuli.ee\/en\/?s={search_term_string}\"},\"query-input\":{\"@type\":\"PropertyValueSpecification\",\"valueRequired\":true,\"valueName\":\"search_term_string\"}}],\"inLanguage\":\"en-US\"},{\"@type\":\"Organization\",\"@id\":\"https:\/\/elavtuli.ee\/en\/#organization\",\"name\":\"Elav Tuli\",\"url\":\"https:\/\/elavtuli.ee\/en\/\",\"logo\":{\"@type\":\"ImageObject\",\"inLanguage\":\"en-US\",\"@id\":\"https:\/\/elavtuli.ee\/en\/#\/schema\/logo\/image\/\",\"url\":\"https:\/\/elavtuli.ee\/wp-content\/uploads\/2021\/03\/must_logo.png\",\"contentUrl\":\"https:\/\/elavtuli.ee\/wp-content\/uploads\/2021\/03\/must_logo.png\",\"width\":700,\"height\":700,\"caption\":\"Elav Tuli\"},\"image\":{\"@id\":\"https:\/\/elavtuli.ee\/en\/#\/schema\/logo\/image\/\"},\"sameAs\":[\"https:\/\/www.facebook.com\/elavtuli\/\",\"https:\/\/www.instagram.com\/elavtuli\/\"]}]}<\/script>\n<!-- \/ Yoast SEO plugin. -->","yoast_head_json":{"title":"Bioethanol 1L \u2013 Elav Tuli","description":"Biokamina k\u00fctuseks on\u00a0keskkonnas\u00f5bralik\u00a0bioetanool, mille tooraineks on t\u00e4ielikult taastuv biomass. Kui sugugi mitte v\u00e4het\u00e4htsad, keskkonnaalased argu...","robots":{"index":"index","follow":"follow","max-snippet":"max-snippet:-1","max-image-preview":"max-image-preview:large","max-video-preview":"max-video-preview:-1"},"canonical":"https:\/\/elavtuli.ee\/en\/shop\/bioethanol\/bioethanol-1l\/","og_locale":"en_US","og_type":"article","og_title":"Bioethanol 1L \u2013 Elav Tuli","og_description":"Bio-ethanol is a renewable energy source made from the fermentation of sugars or starches derived from sugar beets, beetroot, and any sugar or starch that alcoholic beverages can be made from. Ethanol is used to fuel bio-ethanol fireplaces.","og_url":"https:\/\/elavtuli.ee\/en\/shop\/bioethanol\/bioethanol-1l\/","og_site_name":"Elav Tuli","article_publisher":"https:\/\/www.facebook.com\/elavtuli\/","article_modified_time":"2025-12-02T07:46:27+00:00","og_image":[{"width":357,"height":300,"url":"https:\/\/elavtuli.ee\/wp-content\/uploads\/2020\/07\/bioethanol_3-e1768908944383.jpg","type":"image\/jpeg"}],"twitter_card":"summary_large_image","twitter_misc":{"Est. reading time":"1 minute"},"schema":{"@context":"https:\/\/schema.org","@graph":[{"@type":"WebPage","@id":"https:\/\/elavtuli.ee\/en\/shop\/bioethanol\/bioethanol-1l\/","url":"https:\/\/elavtuli.ee\/en\/shop\/bioethanol\/bioethanol-1l\/","name":"Bioethanol 1L \u2013 Elav Tuli","isPartOf":{"@id":"https:\/\/elavtuli.ee\/en\/#website"},"primaryImageOfPage":{"@id":"https:\/\/elavtuli.ee\/en\/shop\/bioethanol\/bioethanol-1l\/#primaryimage"},"image":{"@id":"https:\/\/elavtuli.ee\/en\/shop\/bioethanol\/bioethanol-1l\/#primaryimage"},"thumbnailUrl":"https:\/\/elavtuli.ee\/wp-content\/uploads\/2020\/07\/bioethanol_3-e1768908944383.jpg","datePublished":"2020-06-26T12:04:06+00:00","dateModified":"2025-12-02T07:46:27+00:00","description":"Bio-ethanol is a renewable energy source made from the fermentation of sugars or starches derived from sugar beets, beetroot, and any sugar or starch that alcoholic beverages can be made from. Ethanol is used to fuel bio-ethanol fireplaces.","breadcrumb":{"@id":"https:\/\/elavtuli.ee\/en\/shop\/bioethanol\/bioethanol-1l\/#breadcrumb"},"inLanguage":"en-US","potentialAction":[{"@type":"ReadAction","target":["https:\/\/elavtuli.ee\/en\/shop\/bioethanol\/bioethanol-1l\/"]}]},{"@type":"ImageObject","inLanguage":"en-US","@id":"https:\/\/elavtuli.ee\/en\/shop\/bioethanol\/bioethanol-1l\/#primaryimage","url":"https:\/\/elavtuli.ee\/wp-content\/uploads\/2020\/07\/bioethanol_3-e1768908944383.jpg","contentUrl":"https:\/\/elavtuli.ee\/wp-content\/uploads\/2020\/07\/bioethanol_3-e1768908944383.jpg","width":256,"height":215,"caption":"bioethanol 3 e1768908944383"},{"@type":"BreadcrumbList","@id":"https:\/\/elavtuli.ee\/en\/shop\/bioethanol\/bioethanol-1l\/#breadcrumb","itemListElement":[{"@type":"ListItem","position":1,"name":"Avaleht","item":"https:\/\/elavtuli.ee\/en\/"},{"@type":"ListItem","position":2,"name":"E-shop","item":"https:\/\/elavtuli.ee\/en\/shop\/"},{"@type":"ListItem","position":3,"name":"Bioethanol 1L"}]},{"@type":"WebSite","@id":"https:\/\/elavtuli.ee\/en\/#website","url":"https:\/\/elavtuli.ee\/en\/","name":"Elav Tuli","description":"Kvaliteetsed biokaminad Belgiast","publisher":{"@id":"https:\/\/elavtuli.ee\/en\/#organization"},"alternateName":"elavtuli","potentialAction":[{"@type":"SearchAction","target":{"@type":"EntryPoint","urlTemplate":"https:\/\/elavtuli.ee\/en\/?s={search_term_string}"},"query-input":{"@type":"PropertyValueSpecification","valueRequired":true,"valueName":"search_term_string"}}],"inLanguage":"en-US"},{"@type":"Organization","@id":"https:\/\/elavtuli.ee\/en\/#organization","name":"Elav Tuli","url":"https:\/\/elavtuli.ee\/en\/","logo":{"@type":"ImageObject","inLanguage":"en-US","@id":"https:\/\/elavtuli.ee\/en\/#\/schema\/logo\/image\/","url":"https:\/\/elavtuli.ee\/wp-content\/uploads\/2021\/03\/must_logo.png","contentUrl":"https:\/\/elavtuli.ee\/wp-content\/uploads\/2021\/03\/must_logo.png","width":700,"height":700,"caption":"Elav Tuli"},"image":{"@id":"https:\/\/elavtuli.ee\/en\/#\/schema\/logo\/image\/"},"sameAs":["https:\/\/www.facebook.com\/elavtuli\/","https:\/\/www.instagram.com\/elavtuli\/"]}]}},"_links":{"self":[{"href":"https:\/\/elavtuli.ee\/en\/wp-json\/wp\/v2\/product\/5007","targetHints":{"allow":["GET"]}}],"collection":[{"href":"https:\/\/elavtuli.ee\/en\/wp-json\/wp\/v2\/product"}],"about":[{"href":"https:\/\/elavtuli.ee\/en\/wp-json\/wp\/v2\/types\/product"}],"replies":[{"embeddable":true,"href":"https:\/\/elavtuli.ee\/en\/wp-json\/wp\/v2\/comments?post=5007"}],"wp:featuredmedia":[{"embeddable":true,"href":"https:\/\/elavtuli.ee\/en\/wp-json\/wp\/v2\/media\/3397"}],"wp:attachment":[{"href":"https:\/\/elavtuli.ee\/en\/wp-json\/wp\/v2\/media?parent=5007"}],"wp:term":[{"taxonomy":"product_brand","embeddable":true,"href":"https:\/\/elavtuli.ee\/en\/wp-json\/wp\/v2\/product_brand?post=5007"},{"taxonomy":"product_cat","embeddable":true,"href":"https:\/\/elavtuli.ee\/en\/wp-json\/wp\/v2\/product_cat?post=5007"},{"taxonomy":"product_tag","embeddable":true,"href":"https:\/\/elavtuli.ee\/en\/wp-json\/wp\/v2\/product_tag?post=5007"},{"taxonomy":"woo-feed-brand","embeddable":true,"href":"https:\/\/elavtuli.ee\/en\/wp-json\/wp\/v2\/woo-feed-brand?post=5007"}],"curies":[{"name":"wp","href":"https:\/\/api.w.org\/{rel}","templated":true}]}}